{"id":1849,"date":"2020-06-20T12:41:39","date_gmt":"2020-06-20T10:41:39","guid":{"rendered":"https:\/\/ent2d.ac-bordeaux.fr\/disciplines\/musique\/?page_id=1849"},"modified":"2020-06-20T13:50:16","modified_gmt":"2020-06-20T11:50:16","slug":"fete-de-la-musique","status":"publish","type":"page","link":"https:\/\/ent2d.ac-bordeaux.fr\/disciplines\/musique\/fete-de-la-musique\/","title":{"rendered":"F\u00eate de la Musique"},"content":{"rendered":"<hr \/>\n<h3 class=\"justif\"><span style=\"color: #99173c\"><a href=\"https:\/\/ent2d.ac-bordeaux.fr\/disciplines\/musique\/wp-content\/uploads\/sites\/32\/2020\/06\/fete_musique_2020.png\" target=\"_blank\" rel=\"noopener noreferrer\"><img loading=\"lazy\" decoding=\"async\" class=\"alignright wp-image-1840 size-medium\" src=\"https:\/\/ent2d.ac-bordeaux.fr\/disciplines\/musique\/wp-content\/uploads\/sites\/32\/2020\/06\/fete_musique_2020v-300x202.png\" alt=\"\" width=\"300\" height=\"202\" srcset=\"https:\/\/ent2d.ac-bordeaux.fr\/disciplines\/musique\/wp-content\/uploads\/sites\/32\/2020\/06\/fete_musique_2020v-300x202.png 300w, https:\/\/ent2d.ac-bordeaux.fr\/disciplines\/musique\/wp-content\/uploads\/sites\/32\/2020\/06\/fete_musique_2020v.png 400w\" sizes=\"auto, (max-width: 300px) 100vw, 300px\" \/><\/a>2020 : Une f\u00eate de la musique pas comme les autres!<br \/>\n<\/span><\/h3>\n<p class=\"justif\">Cependant, si les grandes manifestations musicales pr\u00e9vues sont pour la plupart emp\u00each\u00e9es. la c\u00e9l\u00e9bration demeure et, \u00e0 l&rsquo;\u00e9chelle local ou nationale, plusieurs actions ont \u00e9t\u00e9 ou seront men\u00e9es pour faire de cette journ\u00e9e un moment in\u00e9dit de rassemblement et de partage. Quelques exemples en sont propos\u00e9s ci-dessous :<\/p>\n<h5>Sur le <a href=\"https:\/\/ecoleenchoeur.tumblr.com\/\" target=\"_blank\" rel=\"noopener noreferrer\">site \u00ab\u00c9cole en ch\u0153ur\u00bb<\/a><\/h5>\n<ul>\n<li>En collaboration avec la DELCOM et M. Vincent Maestracci, IGESR, les vid\u00e9os des acad\u00e9mies t\u00e9moignant des productions des \u00e9l\u00e8ves et des professeurs pendant le confinement sont mises en valeur \u00e0 l\u2019\u00e9chelon national dans le cadre du Festival \u00ab Ecole en choeur \u00bb<\/li>\n<\/ul>\n<h5>Sur le <a href=\"http:\/\/www.ac-bordeaux.fr\/cid131256\/fete-de-la-musique.html\" target=\"_blank\" rel=\"noopener noreferrer\">site de la DAAC<\/a> &#8211; \u00c9ducation \u00e0 l&rsquo;Action Culturelle :<\/h5>\n<ul>\n<li>Une page consacr\u00e9e aux vid\u00e9os d\u00e9pos\u00e9es sur notre site disciplinaire, t\u00e9moignant de l&rsquo;engagement des professeurs et leurs \u00e9l\u00e8ves et de leur attachement \u00e0 r\u00e9aliser des traces sensibles des concerts et spectacles initialement pr\u00e9vus et tous d\u00e9programm\u00e9s en raison de la crise sanitaire.<\/li>\n<\/ul>\n<h5>Sur le <a href=\"https:\/\/www.mmspa.fr\/actu\" target=\"_blank\" rel=\"noopener noreferrer\">site MMSPA (page Actu)<\/a><\/h5>\n<ul>\n<li>L&rsquo;organisation d&rsquo;une action autour du chant choral, avec une invitation faite aux choristes volontaires pour chanter \u00e0 distance une chanson extraite du r\u00e9pertoire choral de l&rsquo;ann\u00e9e.\n<ul>\n<li>Premier rendez-vous le dimanche 21 juin \u00e0 11h pour les \u00e9l\u00e8ves de Jazz&rsquo;in School<\/li>\n<li>Deuxi\u00e8me rendez-vous le dimanche 21 juin \u00e0 11h30 pour les \u00e9l\u00e8ves de Jazz&rsquo;in Coll\u00e8ge<\/li>\n<\/ul>\n<\/li>\n<\/ul>\n<h5>Sur youtube<\/h5>\n<ul>\n<li>Une participation toute musicale du coll\u00e8ge des IA-IPR d&rsquo;EM2C<\/li>\n<\/ul>\n<table>\n<tbody>\n<tr>\n<td width=\"30%\"><a href=\"https:\/\/youtu.be\/a2lpMnd9XjA\" target=\"_blank\" rel=\"noopener noreferrer\"><img loading=\"lazy\" decoding=\"async\" class=\"alignright wp-image-1859 size-medium\" src=\"https:\/\/ent2d.ac-bordeaux.fr\/disciplines\/musique\/wp-content\/uploads\/sites\/32\/2020\/06\/get-lucky-300x169.jpg\" alt=\"\" width=\"300\" height=\"169\" \/><\/a><\/td>\n<td width=\"70%\">\n<h4><em>Get Lucky<\/em>, de Daft Punk<\/h4>\n<h5>Quand les professeurs d&rsquo;\u00c9ducation Musicale et Chant Choral inspirent les IA-IPR de leur discipline : un exemple rare de p\u00e9dagogie&#8230; remontante!<\/h5>\n<p class=\"justif\">Une reprise parfaitement orchestr\u00e9e du c\u00e9l\u00e8bre tube du duo parisien, qui nous r\u00e9jouit dans ce montage au cordeau. Ne boudons pas notre plaisir en allant retrouver cette vid\u00e9o sur <a href=\"https:\/\/youtu.be\/a2lpMnd9XjA\" target=\"_blank\" rel=\"noopener noreferrer\">youtube<\/a>.<\/p>\n<\/td>\n<\/tr>\n<\/tbody>\n<\/table>\n<p>&nbsp;<\/p>\n","protected":false},"excerpt":{"rendered":"<p>2020 : Une f\u00eate de la musique pas comme les autres! <\/p>\n<p class=\"justif\">Cependant, si les grandes manifestations musicales pr\u00e9vues sont pour la plupart emp\u00each\u00e9es. la c\u00e9l\u00e9bration demeure et, \u00e0 l&rsquo;\u00e9chelle local ou nationale, plusieurs actions ont \u00e9t\u00e9 ou seront men\u00e9es pour faire de cette journ\u00e9e un moment in\u00e9dit de rassemblement et de partage. Quelques exemples &hellip; <\/p>\n<p><a class=\"more-link block-button\" href=\"https:\/\/ent2d.ac-bordeaux.fr\/disciplines\/musique\/fete-de-la-musique\/\">Lire la Suite &raquo;<\/a><\/p>\n","protected":false},"author":178,"featured_media":0,"parent":0,"menu_order":0,"comment_status":"closed","ping_status":"closed","template":"","meta":{"footnotes":""},"class_list":["post-1849","page","type-page","status-publish","hentry","nodate"],"_links":{"self":[{"href":"https:\/\/ent2d.ac-bordeaux.fr\/disciplines\/musique\/wp-json\/wp\/v2\/pages\/1849","targetHints":{"allow":["GET"]}}],"collection":[{"href":"https:\/\/ent2d.ac-bordeaux.fr\/disciplines\/musique\/wp-json\/wp\/v2\/pages"}],"about":[{"href":"https:\/\/ent2d.ac-bordeaux.fr\/disciplines\/musique\/wp-json\/wp\/v2\/types\/page"}],"author":[{"embeddable":true,"href":"https:\/\/ent2d.ac-bordeaux.fr\/disciplines\/musique\/wp-json\/wp\/v2\/users\/178"}],"replies":[{"embeddable":true,"href":"https:\/\/ent2d.ac-bordeaux.fr\/disciplines\/musique\/wp-json\/wp\/v2\/comments?post=1849"}],"version-history":[{"count":12,"href":"https:\/\/ent2d.ac-bordeaux.fr\/disciplines\/musique\/wp-json\/wp\/v2\/pages\/1849\/revisions"}],"predecessor-version":[{"id":1862,"href":"https:\/\/ent2d.ac-bordeaux.fr\/disciplines\/musique\/wp-json\/wp\/v2\/pages\/1849\/revisions\/1862"}],"wp:attachment":[{"href":"https:\/\/ent2d.ac-bordeaux.fr\/disciplines\/musique\/wp-json\/wp\/v2\/media?parent=1849"}],"curies":[{"name":"wp","href":"https:\/\/api.w.org\/{rel}","templated":true}]}}