{"id":1616,"date":"2020-05-08T12:59:52","date_gmt":"2020-05-08T10:59:52","guid":{"rendered":"https:\/\/ent2d.ac-bordeaux.fr\/disciplines\/musique\/?page_id=1616"},"modified":"2023-09-17T16:21:36","modified_gmt":"2023-09-17T14:21:36","slug":"productionsdeleves","status":"publish","type":"page","link":"https:\/\/ent2d.ac-bordeaux.fr\/disciplines\/musique\/continuite-pedagogique\/productionsdeleves\/","title":{"rendered":"Productions d&rsquo;\u00e9l\u00e8ves"},"content":{"rendered":"<h2><strong>De beaux exemples de pratiques musicales partag\u00e9es.<\/strong><\/h2>\n<p>&nbsp;<\/p>\n<hr \/>\n<p><a><span class=\"surligne\">2022-2023<\/span><\/a> \/ <a href=\"https:\/\/ent2d.ac-bordeaux.fr\/disciplines\/musique\/?page_id=3100&amp;preview=true\" target=\"_blank\" rel=\"noopener\">2020-2021<\/a> \/ <a href=\"https:\/\/ent2d.ac-bordeaux.fr\/disciplines\/musique\/continuite-pedagogique\/concerts-en-confinement\/concerts-19-20\/\">2019-2020<\/a><\/p>\n<hr \/>\n<h3><span class=\"surligne\">Nouveau :<\/span> \u00ab\u00a0Pas normal panorama\u00a0\u00bb<\/h3>\n<p class=\"Justif\"><a href=\"https:\/\/www.youtube.com\/watch?v=1ilagIRoTY4\" target=\"_blank\" rel=\"noopener\"><img loading=\"lazy\" decoding=\"async\" class=\"alignleft wp-image-3300\" src=\"https:\/\/ent2d.ac-bordeaux.fr\/disciplines\/musique\/wp-content\/uploads\/sites\/32\/2023\/09\/Pas-normal-panorama-300x212.jpg\" alt=\"\" width=\"249\" height=\"176\" srcset=\"https:\/\/ent2d.ac-bordeaux.fr\/disciplines\/musique\/wp-content\/uploads\/sites\/32\/2023\/09\/Pas-normal-panorama-300x212.jpg 300w, https:\/\/ent2d.ac-bordeaux.fr\/disciplines\/musique\/wp-content\/uploads\/sites\/32\/2023\/09\/Pas-normal-panorama-768x543.jpg 768w, https:\/\/ent2d.ac-bordeaux.fr\/disciplines\/musique\/wp-content\/uploads\/sites\/32\/2023\/09\/Pas-normal-panorama.jpg 842w\" sizes=\"auto, (max-width: 249px) 100vw, 249px\" \/><\/a>Ce<a href=\"https:\/\/www.youtube.com\/watch?v=1ilagIRoTY4\" target=\"_blank\" rel=\"noopener\"> teaser<\/a> r\u00e9alis\u00e9 par les \u00e9l\u00e8ves de la chorale du coll\u00e8ge Henri de Navarre de Coutras (33) est le clip de pr\u00e9sentation de la com\u00e9die musicale \u00ab\u00a0Les invisibles\u00a0\u00bb cr\u00e9\u00e9e en juin 2022. Retrouvez l&rsquo;enti\u00e8re captation de <a href=\"https:\/\/ent2d.ac-bordeaux.fr\/disciplines\/musique\/actualites-departementales\/dept33\/\" target=\"_blank\" rel=\"noopener\">cette com\u00e9die musicale<\/a> compos\u00e9e par Mme HUBER et M. KHAYAT.<\/p>\n<p>&nbsp;<\/p>\n<h3><\/h3>\n<h3><\/h3>\n<h3><\/h3>\n<p>&nbsp;<\/p>\n<p>&nbsp;<\/p>\n<p>&nbsp;<\/p>\n<h3 data-wp-editing=\"1\"><span class=\"surligne\">Nouveau :<\/span> \u00ab\u00a0Les mains noires\u00a0\u00bb<a href=\"https:\/\/www.youtube.com\/watch?v=_GDDcRxfuZ8\" target=\"_blank\" rel=\"noopener\"><img loading=\"lazy\" decoding=\"async\" class=\"alignright wp-image-3308\" src=\"https:\/\/ent2d.ac-bordeaux.fr\/disciplines\/musique\/wp-content\/uploads\/sites\/32\/2023\/09\/Les-mains-noires-300x212.jpg\" alt=\"\" width=\"250\" height=\"177\" srcset=\"https:\/\/ent2d.ac-bordeaux.fr\/disciplines\/musique\/wp-content\/uploads\/sites\/32\/2023\/09\/Les-mains-noires-300x212.jpg 300w, https:\/\/ent2d.ac-bordeaux.fr\/disciplines\/musique\/wp-content\/uploads\/sites\/32\/2023\/09\/Les-mains-noires-768x543.jpg 768w, https:\/\/ent2d.ac-bordeaux.fr\/disciplines\/musique\/wp-content\/uploads\/sites\/32\/2023\/09\/Les-mains-noires.jpg 842w\" sizes=\"auto, (max-width: 250px) 100vw, 250px\" \/><\/a><\/h3>\n<p class=\"Justif\">Cette ann\u00e9e, les \u00e9l\u00e8ves de la chorale de Coutras ont travaill\u00e9 sur le format \u00ab\u00a0clip\u00a0\u00bb afin d&rsquo;avoir un outil de communication sur leur travail sur sc\u00e8ne men\u00e9 deux ans auparavant. Mme HUBER et M. KHAYAT (musiques et paroles) vous proposent de d\u00e9couvrir ce <a href=\"https:\/\/www.youtube.com\/watch?v=_GDDcRxfuZ8\" target=\"_blank\" rel=\"noopener\">clip<\/a> qui suscitera probablement l&rsquo;envie d&rsquo;aller visionner la com\u00e9die musicale enti\u00e8re \u00ab\u00a0<a href=\"https:\/\/ent2d.ac-bordeaux.fr\/disciplines\/musique\/actualites-departementales\/dept33\/\" target=\"_blank\" rel=\"noopener\">M\u00e9lankholia<\/a>\u00ab\u00a0.<\/p>\n<p>&nbsp;<\/p>\n<h3><\/h3>\n<p>&nbsp;<\/p>\n<h3><span class=\"surligne\">Nouveau :<\/span> \u00ab\u00a0R\u00eave \u00e0 nouveau\u00a0\u00bb<a href=\"https:\/\/www.youtube.com\/watch?v=sg9Vso8wwj0\" target=\"_blank\" rel=\"noopener\"><img loading=\"lazy\" decoding=\"async\" class=\"wp-image-3283 alignleft\" src=\"https:\/\/ent2d.ac-bordeaux.fr\/disciplines\/musique\/wp-content\/uploads\/sites\/32\/2023\/09\/Un-re\u0302ve-a\u0300-nouveau-300x170.png\" alt=\"\" width=\"346\" height=\"196\" srcset=\"https:\/\/ent2d.ac-bordeaux.fr\/disciplines\/musique\/wp-content\/uploads\/sites\/32\/2023\/09\/Un-re\u0302ve-a\u0300-nouveau-300x170.png 300w, https:\/\/ent2d.ac-bordeaux.fr\/disciplines\/musique\/wp-content\/uploads\/sites\/32\/2023\/09\/Un-re\u0302ve-a\u0300-nouveau-768x435.png 768w, https:\/\/ent2d.ac-bordeaux.fr\/disciplines\/musique\/wp-content\/uploads\/sites\/32\/2023\/09\/Un-re\u0302ve-a\u0300-nouveau.png 1024w\" sizes=\"auto, (max-width: 346px) 100vw, 346px\" \/><\/a><\/h3>\n<p class=\"justif\">Dans le cadre de la convention \u00e9ducative \u00ab\u00a0De la page blanche \u00e0 la sc\u00e8ne\u00a0\u00bb, les \u00e9l\u00e8ves de la classe de 3\u00e8me CHAM du Coll\u00e8ge Anatole France \u00e0 Villeneuve-sur-Lot ont particip\u00e9 activement \u00e0 un atelier d&rsquo;\u00e9criture de chansons en compagnie de l&rsquo;artiste Ben Ricour et de leurs professeurs Sophie et Nicolas Dalla-Verde. Ils ont jou\u00e9 un r\u00f4le essentiel dans toutes les phases de ce projet, en tant qu&rsquo;auteurs, compositeurs, interpr\u00e8tes (tant vocaux qu&rsquo;instrumentaux), et ont ensuite eu l&rsquo;opportunit\u00e9 de monter sur sc\u00e8ne pour un concert aux c\u00f4t\u00e9s de l&rsquo;artiste. Le point final de cette exp\u00e9rience a \u00e9t\u00e9 l&rsquo;enregistrement en studio au Centre Culturel de Villeneuve, qui a donn\u00e9 naissance au <a href=\"https:\/\/www.youtube.com\/watch?v=sg9Vso8wwj0\" target=\"_blank\" rel=\"noopener\">clip de la chanson intitul\u00e9e \u00ab\u00a0R\u00eave \u00e0 nouveau\u00a0\u00bb<\/a>.<\/p>\n<h3>\u00ab\u00a0Earth Song\u00a0\u00bb<\/h3>\n<p class=\"justif\"><a href=\"https:\/\/www.youtube.com\/watch?v=Kmye0yyB2WY\" target=\"_blank\" rel=\"noopener\"><img loading=\"lazy\" decoding=\"async\" class=\"alignleft wp-image-3261\" src=\"https:\/\/ent2d.ac-bordeaux.fr\/disciplines\/musique\/wp-content\/uploads\/sites\/32\/2023\/06\/Earth-Song2-300x212.jpg\" alt=\"\" width=\"393\" height=\"278\" srcset=\"https:\/\/ent2d.ac-bordeaux.fr\/disciplines\/musique\/wp-content\/uploads\/sites\/32\/2023\/06\/Earth-Song2-300x212.jpg 300w, https:\/\/ent2d.ac-bordeaux.fr\/disciplines\/musique\/wp-content\/uploads\/sites\/32\/2023\/06\/Earth-Song2-768x543.jpg 768w, https:\/\/ent2d.ac-bordeaux.fr\/disciplines\/musique\/wp-content\/uploads\/sites\/32\/2023\/06\/Earth-Song2.jpg 842w\" sizes=\"auto, (max-width: 393px) 100vw, 393px\" \/><\/a>\u00ab La plan\u00e8te ne nous appartient pas mais son avenir est entre nos mains \u00bb. Sensibles \u00e0 la protection de notre plan\u00e8te, tel est le message qu\u2019ont voulu faire passer les 170 \u00e9l\u00e8ves engag\u00e9s dans l&rsquo;enseignement facultatif choral des coll\u00e8ges publics d\u2019Errobi de Cambo les Bains, J. Rostand de Biarritz et du Pays de Bidache.<\/p>\n<p class=\"justif\">Guid\u00e9s par leurs professeures d\u2019\u00e9ducation musicale, Mme Myriam Couloumiers, Mme Isabelle Castillon et Mme Ana\u00efs Darguy, ils ont choisi la chanson \u00ab Earth Song \u00bb de M. Jackson parmi un r\u00e9pertoire propos\u00e9 par les enseignantes.<\/p>\n<p class=\"justif\">D\u00e9couvrez ce <a href=\"https:\/\/www.youtube.com\/watch?v=Kmye0yyB2WY\" target=\"_blank\" rel=\"noopener\">clip<\/a> tourn\u00e9 au ch\u00e2teau de Bidache, lieu magnifique du patrimoine basque, dans lequel les \u00e9l\u00e8ves interpr\u00e8tent cette chanson arrang\u00e9e \u00e0 2 et 3 voix, ponctu\u00e9e par l\u2019intervention de solistes issus des diff\u00e9rents \u00e9tablissements.<\/p>\n<p>F\u00e9licitations aux \u00e9l\u00e8ves et \u00e0 leurs professeures !<\/p>\n<h3>\u00ab\u00a0Si on en parle !\u00a0\u00bb<\/h3>\n<h4><em>\u00ab\u00a0Si on parle&#8230;\u00a0\u00bb \u00a0toujours en parler pour casser les in\u00e9galit\u00e9s<\/em><\/h4>\n<h4><em><a href=\"https:\/\/www.youtube.com\/watch?v=zyncJhZDWzs\" target=\"_blank\" rel=\"noopener\"><img loading=\"lazy\" decoding=\"async\" class=\"alignright wp-image-3106 size-medium\" title=\"Clip &quot;Si on en parle&quot;\" src=\"https:\/\/ent2d.ac-bordeaux.fr\/disciplines\/musique\/wp-content\/uploads\/sites\/32\/2023\/04\/Si-on-en-parle-300x169.jpg\" alt=\"\" width=\"300\" height=\"169\" srcset=\"https:\/\/ent2d.ac-bordeaux.fr\/disciplines\/musique\/wp-content\/uploads\/sites\/32\/2023\/04\/Si-on-en-parle-300x169.jpg 300w, https:\/\/ent2d.ac-bordeaux.fr\/disciplines\/musique\/wp-content\/uploads\/sites\/32\/2023\/04\/Si-on-en-parle-768x431.jpg 768w, https:\/\/ent2d.ac-bordeaux.fr\/disciplines\/musique\/wp-content\/uploads\/sites\/32\/2023\/04\/Si-on-en-parle.jpg 1024w\" sizes=\"auto, (max-width: 300px) 100vw, 300px\" \/><\/a><\/em><\/h4>\n<p class=\"justif\">Retour sur ce sujet si important qu\u2019est l\u2019\u00e9galit\u00e9 filles\/gar\u00e7ons. Qui de mieux plac\u00e9s que les \u00e9l\u00e8ves eux-m\u00eames pour en parler\u2026 pour l\u2019\u00e9voquer en chanson.<\/p>\n<p class=\"justif\">D\u00e9couvrez <a href=\"https:\/\/www.youtube.com\/watch?v=zyncJhZDWzs\" target=\"_blank\" rel=\"noopener\">cette tr\u00e8s belle production<\/a> de 17 \u00e9l\u00e8ves de 4\u00e8me du coll\u00e8ge Auguste Blanqui de Bordeaux qui ont compos\u00e9 cette chanson lors du mois de l\u2019\u00e9galit\u00e9 filles\/gar\u00e7ons, aid\u00e9s de leur professeure Mme Claire Gaucherand et de l\u2019artiste Bastien Lanza.<\/p>\n<p>Prise de son et montage du clip : Paul Magne.<\/p>\n","protected":false},"excerpt":{"rendered":"<h2>De beaux exemples de pratiques musicales partag\u00e9es.<\/h2>\n<p>&nbsp;<\/p>\n<p>2022-2023 \/ 2020-2021 \/ 2019-2020<\/p>\n<p> Nouveau : \u00ab\u00a0Pas normal panorama\u00a0\u00bb <\/p>\n<p class=\"Justif\">Ce teaser r\u00e9alis\u00e9 par les \u00e9l\u00e8ves de la chorale du coll\u00e8ge Henri de Navarre de Coutras (33) est le clip de pr\u00e9sentation de la com\u00e9die musicale \u00ab\u00a0Les invisibles\u00a0\u00bb cr\u00e9\u00e9e en juin 2022. Retrouvez l&rsquo;enti\u00e8re captation de &hellip; <\/p>\n<p><a class=\"more-link block-button\" href=\"https:\/\/ent2d.ac-bordeaux.fr\/disciplines\/musique\/continuite-pedagogique\/productionsdeleves\/\">Lire la Suite &raquo;<\/a><\/p>\n","protected":false},"author":178,"featured_media":0,"parent":1406,"menu_order":3,"comment_status":"closed","ping_status":"closed","template":"","meta":{"footnotes":""},"class_list":["post-1616","page","type-page","status-publish","hentry","nodate"],"_links":{"self":[{"href":"https:\/\/ent2d.ac-bordeaux.fr\/disciplines\/musique\/wp-json\/wp\/v2\/pages\/1616","targetHints":{"allow":["GET"]}}],"collection":[{"href":"https:\/\/ent2d.ac-bordeaux.fr\/disciplines\/musique\/wp-json\/wp\/v2\/pages"}],"about":[{"href":"https:\/\/ent2d.ac-bordeaux.fr\/disciplines\/musique\/wp-json\/wp\/v2\/types\/page"}],"author":[{"embeddable":true,"href":"https:\/\/ent2d.ac-bordeaux.fr\/disciplines\/musique\/wp-json\/wp\/v2\/users\/178"}],"replies":[{"embeddable":true,"href":"https:\/\/ent2d.ac-bordeaux.fr\/disciplines\/musique\/wp-json\/wp\/v2\/comments?post=1616"}],"version-history":[{"count":255,"href":"https:\/\/ent2d.ac-bordeaux.fr\/disciplines\/musique\/wp-json\/wp\/v2\/pages\/1616\/revisions"}],"predecessor-version":[{"id":3326,"href":"https:\/\/ent2d.ac-bordeaux.fr\/disciplines\/musique\/wp-json\/wp\/v2\/pages\/1616\/revisions\/3326"}],"up":[{"embeddable":true,"href":"https:\/\/ent2d.ac-bordeaux.fr\/disciplines\/musique\/wp-json\/wp\/v2\/pages\/1406"}],"wp:attachment":[{"href":"https:\/\/ent2d.ac-bordeaux.fr\/disciplines\/musique\/wp-json\/wp\/v2\/media?parent=1616"}],"curies":[{"name":"wp","href":"https:\/\/api.w.org\/{rel}","templated":true}]}}