{"id":145,"date":"2017-05-02T12:11:42","date_gmt":"2017-05-02T10:11:42","guid":{"rendered":"https:\/\/ent2d.ac-bordeaux.fr\/disciplines\/musique\/?page_id=145"},"modified":"2023-12-10T20:03:20","modified_gmt":"2023-12-10T19:03:20","slug":"chorale-documents","status":"publish","type":"page","link":"https:\/\/ent2d.ac-bordeaux.fr\/disciplines\/musique\/chant-choral\/chorale-documents\/","title":{"rendered":"Infos pratiques et documents"},"content":{"rendered":"<h2><strong><i>MON CHER GUSTAVE<\/i>, \u0153uvre de Lise BOREL<br \/>\n<\/strong><\/h2>\n<p><img loading=\"lazy\" decoding=\"async\" class=\"alignleft wp-image-3365\" src=\"https:\/\/ent2d.ac-bordeaux.fr\/disciplines\/musique\/wp-content\/uploads\/sites\/32\/2023\/12\/Capture-de\u0301cran-2023-12-10-a\u0300-16.48.05-300x188.png\" alt=\"\" width=\"259\" height=\"162\" srcset=\"https:\/\/ent2d.ac-bordeaux.fr\/disciplines\/musique\/wp-content\/uploads\/sites\/32\/2023\/12\/Capture-de\u0301cran-2023-12-10-a\u0300-16.48.05-300x188.png 300w, https:\/\/ent2d.ac-bordeaux.fr\/disciplines\/musique\/wp-content\/uploads\/sites\/32\/2023\/12\/Capture-de\u0301cran-2023-12-10-a\u0300-16.48.05-768x480.png 768w, https:\/\/ent2d.ac-bordeaux.fr\/disciplines\/musique\/wp-content\/uploads\/sites\/32\/2023\/12\/Capture-de\u0301cran-2023-12-10-a\u0300-16.48.05-1536x960.png 1536w, https:\/\/ent2d.ac-bordeaux.fr\/disciplines\/musique\/wp-content\/uploads\/sites\/32\/2023\/12\/Capture-de\u0301cran-2023-12-10-a\u0300-16.48.05-2048x1280.png 2048w, https:\/\/ent2d.ac-bordeaux.fr\/disciplines\/musique\/wp-content\/uploads\/sites\/32\/2023\/12\/Capture-de\u0301cran-2023-12-10-a\u0300-16.48.05.png 1024w\" sizes=\"auto, (max-width: 259px) 100vw, 259px\" \/><\/p>\n<p class=\"justif\">Voici les liens permettant d&rsquo;acc\u00e9der aux ressources cr\u00e9\u00e9es dans le cadre du projet du Ch\u0153ur d&rsquo;adolescents de l&rsquo;\u00e9ducation nationale (CAEN) et de l&rsquo;\u0153uvre de Lise BOREL, intitul\u00e9e \u00ab\u00a0Mon Cher Gustave\u00a0\u00bb, pr\u00e9sent\u00e9e lors du concert\/cr\u00e9ation du mardi 7 novembre dernier \u00e0 la Maison de la Radio et de la Musique :<\/p>\n<ul>\n<li><a href=\"https:\/\/vox.radiofrance.fr\/ressource\/vox-box-30-mon-cher-gustave\" target=\"_blank\" rel=\"noopener\">Ressources<\/a> sur Radio France.<\/li>\n<li><a href=\"https:\/\/padlet.com\/mathias_charton76190\/mon-cher-gustave-61l7zmm0eo32b8gy\" target=\"_blank\" rel=\"noopener\">Padlet<\/a> de M. Charton, IA-IPR et Pr\u00e9sident de la FNCS.<\/li>\n<li>Le <a href=\"https:\/\/www.youtube.com\/watch?v=qZDzyGjoevc\" target=\"_blank\" rel=\"noopener\">concert<\/a> qui a lieu \u00e0 la maison de la Radio et de la Musique.<\/li>\n<li>Un <a href=\"https:\/\/www.youtube.com\/watch?v=cozIUKB8hdE\" target=\"_blank\" rel=\"noopener\">documentaire<\/a> sur le CAEN \u00e0 l&rsquo;institut de France<\/li>\n<\/ul>\n<p>&nbsp;<\/p>\n<hr \/>\n<h2><strong>A D A G E &#8211; Inscriptions 2021-2022<\/strong><\/h2>\n<p class=\"justif\">La campagne de recensement des projets 2021-2022 sur la plateforme <a href=\"https:\/\/www.ac-bordeaux.fr\/adage-121683\" target=\"_blank\" rel=\"noopener noreferrer\"><strong>A D A G E<\/strong><\/a> (Application D\u00e9di\u00e9e \u00c0 la G\u00e9n\u00e9ralisation de l&rsquo;\u00c9ducation artistique et culturelle) est ouverte du 17 mai au 24 juin 2021. Voici la proc\u00e9dure \u00e0 suivre pour recenser les \u00e9l\u00e8ves des chorales dans l&rsquo;application (information propos\u00e9e par \u00c9ric Boisumeau\u00a0 &#8211; Conseiller acad\u00e9mique aux arts et \u00e0 la culture en charge de la musique, du patrimoine, de l&rsquo;architecture et des mus\u00e9es)\u00a0 :<\/p>\n<h5>Site du rectorat <a href=\"https:\/\/www.ac-bordeaux.fr\/\" target=\"_blank\" rel=\"noopener noreferrer\" data-saferedirecturl=\"https:\/\/www.google.com\/url?q=https:\/\/www.ac-bordeaux.fr\/&amp;source=gmail&amp;ust=1616425934556000&amp;usg=AFQjCNFNIaaKvJ8Fh-TZ5GP-90S-2_FMBw\">https:\/\/www.ac-bordeaux.fr\/<\/a> \/ onglet Acc\u00e8s rapides (en haut \u00e0 droite) \/ ARENA dans menu d\u00e9roulant<\/h5>\n<ul>\n<li>Dans l&rsquo;Onglet Scolarit\u00e9 du 1er degr\u00e9 cliquer (\u00e0 droite) sur \u00ab\u00a0Adage\u00a0\u00bb, puis dans le menu du haut de l&rsquo;application sur \u00ab\u00a0Monter son projet\u00a0\u00bb.<\/li>\n<li>Dans la zone des projets 2021-2022 : Cliquer sur le bouton \u00ab\u00a0+ cr\u00e9er un nouveau projet\u00a0\u00bb<\/li>\n<li>renseigner au fur et \u00e0 mesure les six \u00e9tapes propos\u00e9es.<\/li>\n<\/ul>\n<p>&nbsp;<\/p>\n<hr \/>\n<h2><strong>Stage Enseignement facultatif de chant choral &#8211; F\u00e9vrier 2019<\/strong><\/h2>\n<p class=\"justif\">En t\u00e9l\u00e9chargement ci-dessous : Les documents compl\u00e9mentaires \u00e0 la matin\u00e9e du stage, propos\u00e9s par notre coll\u00e8gue Alexandra Gjocaj autour du compte rendu vivant du stage consacr\u00e9 aux pratiques vocales (Abbaye de Royaumont, &#8211; Val d&rsquo;Oise) : les exercices autour des pratiques vocales et la partition du canon <em>Under this Stone<\/em> de Purcell, dans un <a href=\"https:\/\/ent2d.ac-bordeaux.fr\/disciplines\/musique\/wp-content\/uploads\/sites\/32\/2019\/02\/stage-inter-academique-chant-choral.zip\" target=\"_blank\" rel=\"noopener noreferrer\">dossier zipp\u00e9<\/a>.<\/p>\n<p>&nbsp;<\/p>\n<hr \/>\n<table>\n<tbody>\n<tr>\n<td><a href=\"https:\/\/ent2d.ac-bordeaux.fr\/disciplines\/musique\/wp-content\/uploads\/sites\/32\/2019\/06\/ChantAquit_livret_2019_web.pdf\" target=\"_blank\" rel=\"noopener noreferrer\"><img loading=\"lazy\" decoding=\"async\" class=\"alignright size-full wp-image-1166\" src=\"https:\/\/ent2d.ac-bordeaux.fr\/disciplines\/musique\/wp-content\/uploads\/sites\/32\/2019\/06\/chante_aquitaine_2019.png\" alt=\"\" width=\"200\" height=\"281\" \/><\/a><\/td>\n<td>\n<h2><strong>La plaquette Chante-Aquitaine 2019<\/strong><\/h2>\n<p class=\"justif\">Toutes les informations sur les concerts de la saison 2019 sont \u00e0 retrouver dans la plaquette de la F\u00e9d\u00e9ration Chante-Aquitaine, <a href=\"https:\/\/ent2d.ac-bordeaux.fr\/disciplines\/musique\/wp-content\/uploads\/sites\/32\/2019\/06\/ChantAquit_livret_2019_web.pdf\" target=\"_blank\" rel=\"noopener noreferrer\">ChantAquit_livret_2019_web<\/a> (version num\u00e9rique).<\/p>\n<\/td>\n<\/tr>\n<\/tbody>\n<\/table>\n<h5><strong>\u25ba L&rsquo;\u00c9ditorial de M. Le Recteur<\/strong><\/h5>\n<p class=\"justif\">Au fronton de la politique \u00e9ducative ambitieuse et volontariste de notre acad\u00e9mie, l\u2019\u00e9ducation artistique et culturelle demeure l\u2019une de nos priorit\u00e9s \u00e9ducatives : l\u2019objectif fix\u00e9 est que 100% des enfants soient touch\u00e9s par la pratique artistique, la fr\u00e9quentation des \u0153uvres et des lieux de culture, la rencontre avec les artistes et l\u2019acquisition de connaissances dans le champ des arts et de la culture.<\/p>\n<p class=\"justif\">Signe de l\u2019attachement du ministre de l\u2019\u00c9ducation nationale aux chorales scolaires et \u00e0 leur d\u00e9veloppement, la derni\u00e8re rentr\u00e9e scolaire a \u00e9t\u00e9 marqu\u00e9e par l\u2019op\u00e9ration \u00ab Rentr\u00e9e en musique \u00bb et par la cr\u00e9ation d\u2019un enseignement facultatif de chant choral en coll\u00e8ge. Pris en compte pour l\u2019obtention du Dipl\u00f4me national du brevet (DNB), ce nouvel enseignement renforce le statut des chorales existantes et ouvre des perspectives d\u2019avenir prometteuses dont chaque coll\u00e8ge est vivement invit\u00e9 \u00e0 se saisir.<\/p>\n<p class=\"justif\">Ce printemps 2019 ne manque pas de mettre \u00e0 l\u2019honneur les chorales scolaires avec le festival annuel \u00ab \u00c9cole en ch\u0153ur \u00bb, op\u00e9ration qui favorise et d\u00e9veloppe le rayonnement de l\u2019\u00e9ducation musicale et du chant choral au sein de l\u2019institution scolaire. Les prestations de qualit\u00e9 que donnent nos \u00e9l\u00e8ves sur l\u2019ensemble du territoire acad\u00e9mique portent des valeurs de partage, de respect d\u2019autrui et de solidarit\u00e9 dont nous pouvons \u00eatre fiers.<\/p>\n<p class=\"justif\">Partenaire et op\u00e9rateur du parcours acad\u00e9mique \u00ab Chante-Aquitaine \u00bb propos\u00e9 par la D\u00e9l\u00e9gation acad\u00e9mique \u00e0 l\u2019action culturelle (DAAC) du rectorat, la f\u00e9d\u00e9ration CHANTE-AQUITAINE contribue largement \u00e0 ce dynamisme en f\u00e9d\u00e9rant notamment les associations de d\u00e9veloppement du chant choral des cinq d\u00e9partements aquitains. Gr\u00e2ce \u00e0 l\u2019action au plus pr\u00e8s du terrain de ces associations, ce sont plus de 20000 \u00e9coliers, coll\u00e9giens et lyc\u00e9ens qui cette ann\u00e9e donnent corps au Festival Chante-Aquitaine \u00e0 travers une soixantaine de concerts et spectacles inter-\u00e9tablissements et inter-degr\u00e9s. Sous la conduite de leurs professeurs d\u2019\u00c9ducation musicale et chant choral, ils donneront \u00e0 nouveau le meilleur d\u2019eux-m\u00eames en interpr\u00e9tant des r\u00e9pertoires originaux et diversifi\u00e9s faisant la part belle \u00e0 la cr\u00e9ation musicale, en connexion avec d\u2019autres modes d\u2019expression artistique.<\/p>\n<p class=\"justif\">Aboutissement du travail musical men\u00e9 au fil de l\u2019ann\u00e9e scolaire, la prestation publique renforce la motivation des \u00e9l\u00e8ves dans le cadre d\u2019une p\u00e9dagogie de projet qui prend en compte mixit\u00e9 et diversit\u00e9 de la population scolaire. Ce rayonnement des chorales scolaires repose d\u2019abord sur la comp\u00e9tence et l\u2019engagement des professeurs d\u2019\u00c9ducation musicale et chant choral dont le constant investissement se doit d\u2019\u00eatre soulign\u00e9. La grande vitalit\u00e9 du chant choral scolaire dans l\u2019acad\u00e9mie de Bordeaux doit \u00e9galement beaucoup \u00e0 l\u2019importante mobilisation de nombreux acteurs partenaires autour de nos \u00e9l\u00e8ves et de la DAAC du rectorat : Direction r\u00e9gionale des affaires culturelles (DRAC) Nouvelle Aquitaine, collectivit\u00e9s territoriales, r\u00e9seau Canop\u00e9, professionnels du spectacle vivant, partenaires culturels, chefs d\u2019\u00e9tablissement et communaut\u00e9s \u00e9ducatives.<\/p>\n<p class=\"justif\">C\u2019est la mise en synergie de ces comp\u00e9tences et de ces talents vari\u00e9s qui cr\u00e9e la pr\u00e9cieuse dynamique territoriale qu\u2019il nous appartient de soutenir et de p\u00e9renniser au b\u00e9n\u00e9fice d\u2019une ambitieuse formation g\u00e9n\u00e9rale, artistique et citoyenne pour tous nos \u00e9l\u00e8ves, source d\u2019\u00e9motions partag\u00e9es, d\u2019enrichissement culturel et de r\u00e9ussite.<\/p>\n<p class=\"justif\">Afin de relever ce d\u00e9fi en \u00e9quipe, je sais pouvoir compter sur tous, vous renouvelle toute ma confiance et adresse \u00e0 chacune et \u00e0 chacun de chaleureux remerciements.<\/p>\n<p>&nbsp;<\/p>\n<p>Olivier DUGRIP<br \/>\nRecteur de la r\u00e9gion acad\u00e9mique Nouvelle-Aquitaine<br \/>\nRecteur de l\u2019acad\u00e9mie de Bordeaux<\/p>\n<p><span style=\"color: #808080\">(\u00e0 suivre : l&rsquo;\u00e9ditorial de M. Jean-Marie Caniard, IA, IPR, en page 2)<\/span><br \/>\n<!--nextpage--><\/p>\n<h5><strong>\u25ba L&rsquo;\u00c9ditorial de M. Jean-Marie Caniard, IA-IPR<\/strong><\/h5>\n<p class=\"justif\">Fortement encourag\u00e9es et soutenues par Monsieur le Recteur d\u2019acad\u00e9mie, les pratiques musicales collectives \u00e0 l\u2019\u00e9cole, au coll\u00e8ge et au lyc\u00e9e contribuent \u00e0 l\u2019int\u00e9gration des \u00e9l\u00e8ves et \u00e0 leur r\u00e9ussite scolaire. Parce qu\u2019elles enrichissent la perception du r\u00e9el et suscitent des \u00e9motions esth\u00e9tiques, elles ouvrent l\u2019esprit \u00e0 la diversit\u00e9 des situations humaines. En d\u00e9veloppant le sentiment de confiance en soi, mais aussi en l\u2019autre, le plaisir de travailler ensemble \u00e0 relever un d\u00e9fi commun et le go\u00fbt du d\u00e9passement de soi, pratiques vocales et instrumentales contribuent au bien-\u00eatre de chacun \u00e0 l\u2019\u00c9cole, au b\u00e9n\u00e9fice d\u2019un climat scolaire serein et propice \u00e0 l\u2019\u00e9ducation citoyenne de tous.<\/p>\n<p class=\"justif\">\u00c0 compter du 1<sup>er<\/sup> septembre dernier, la chorale du coll\u00e8ge est devenue \u2013 par arr\u00eat\u00e9 paru au Journal Officiel &#8211; l\u2019enseignement facultatif du chant choral, d\u00e9sormais dot\u00e9 d\u2019un programme d\u2019enseignement. Les quatre finalit\u00e9s de ce programme permettent de mesurer les apports \u00e9ducatifs de la pratique chorale :<\/p>\n<ul>\n<li>\u00c9laborer, chanter, interpr\u00e9ter un projet musical collectif en concert<\/li>\n<li>Investir l\u2019espace sc\u00e9nique<\/li>\n<li>\u00c9couter pour chanter<\/li>\n<li>Ma\u00eetriser le geste vocal<\/li>\n<\/ul>\n<p class=\"justif\">Les comp\u00e9tences construites par les choristes sont \u00e9valu\u00e9es ; leur degr\u00e9 de ma\u00eetrise par chacun donne lieu \u00e0 la possibilit\u00e9 de points bonus pour l\u2019obtention du Dipl\u00f4me national du brevet (DNB).<\/p>\n<p class=\"justif\">D\u00e9j\u00e0 au c\u0153ur de l\u2019enseignement hebdomadaire de l\u2019\u00e9ducation musicale, les pratiques vocales trouvent dans la chorale de l\u2019\u00e9tablissement un prolongement visant la r\u00e9alisation d\u2019un projet ambitieux qui mobilise des r\u00e9pertoires souvent exigeants, au b\u00e9n\u00e9fice de la formation du jugement, du go\u00fbt et de la sensibilit\u00e9.Structurant souvent la dimension artistique du projet d\u2019\u00e9tablissement, le chant choral est depuis longtemps un enseignement compl\u00e9mentaire de l\u2019\u00e9ducation musicale et ouvert \u00e0 tous les \u00e9l\u00e8ves souhaitant vivre de l\u2019int\u00e9rieur une exp\u00e9rience artistique de haute tenue.<\/p>\n<p class=\"justif\">Sous la conduite experte des professeurs d\u2019\u00c9ducation musicale et chant choral, concerts et spectacles sont l\u2019aboutissement de d\u00e9couvertes musicales et d\u2019exp\u00e9riences sensibles inscrites dans la dur\u00e9e et la r\u00e9gularit\u00e9 des enseignements dispens\u00e9s.<\/p>\n<p class=\"justif\">Vecteurs d\u2019une dynamique territoriale f\u00e9d\u00e9ratrice qui rapproche les parents de l\u2019\u00c9cole, les prestations publiques s\u2019inscrivent dans une action \u00e9ducative qui doit beaucoup au rayonnement des associations d\u00e9partementales de d\u00e9veloppement des pratiques musicales collectives et de la F\u00e9d\u00e9ration Chante-Aquitaine qui les f\u00e9d\u00e8re.<\/p>\n<p class=\"justif\">Je tiens \u00e0 f\u00e9liciter et \u00e0 remercier tous les acteurs impliqu\u00e9s, notamment les professeurs d\u2019\u00c9ducation musicale et chant choral, les artistes et les professionnels de la culture qui accompagnent les \u00e9l\u00e8ves ; tous conjuguent leurs qualit\u00e9s professionnelles et leurs valeurs aupr\u00e8s de ces derniers, afin de donner \u00e0 chacun les meilleures chances d\u2019\u00e9panouissement personnel et de r\u00e9ussite scolaire.<\/p>\n<p class=\"justif\">Autorit\u00e9s acad\u00e9miques et D\u00e9l\u00e9gation acad\u00e9mique \u00e0 l\u2019action culturelle (DAAC) du rectorat, chefs d\u2019\u00e9tablissement et \u00e9quipes \u00e9ducatives, partenaires institutionnels et collectivit\u00e9s territoriales, artistes associ\u00e9s et parents ont raison de penser que cette aventure musicale est collectivement unique et pr\u00e9cieuse.<\/p>\n<p class=\"justif\">En effet, l\u2019\u00e9v\u00e8nement que constitue aujourd\u2019hui la rencontre des enfants et adolescents sur sc\u00e8ne avec un public est un jalon marquant du parcours d\u2019\u00e9ducation artistique et culturelle des \u00e9l\u00e8ves sous les feux de la rampe, mais aussi de celui des camarades dans la salle.<\/p>\n<p class=\"justif\">\u00c0 coup s\u00fbr, lors de chaque pr\u00e9sentation \u00e0 un public tiers d\u2019un travail abouti et artistiquement revendiqu\u00e9 dans les \u00e9crins que sont les salles de concerts investies, nous allons nous rendre compte ensemble \u00e0 quel point ce qu\u2019affirme la F\u00e9d\u00e9ration nationale des chorales scolaires (FNCS) dans son logo est juste : \u00ab Nos \u00e9l\u00e8ves ont du ch\u0153ur !<\/p>\n<p>Jean-Marie CANIARD<br \/>\nInspecteur d\u2019acad\u00e9mie &#8211; Inspecteur p\u00e9dagogique r\u00e9gional<br \/>\n\u00c9ducation musicale et chant choral<br \/>\nSecr\u00e9taire de la FNCS<\/p>\n<p>&nbsp;<\/p>\n","protected":false},"excerpt":{"rendered":"<h2>MON CHER GUSTAVE, \u0153uvre de Lise BOREL <\/h2>\n<\/p>\n<p class=\"justif\">Voici les liens permettant d&rsquo;acc\u00e9der aux ressources cr\u00e9\u00e9es dans le cadre du projet du Ch\u0153ur d&rsquo;adolescents de l&rsquo;\u00e9ducation nationale (CAEN) et de l&rsquo;\u0153uvre de Lise BOREL, intitul\u00e9e \u00ab\u00a0Mon Cher Gustave\u00a0\u00bb, pr\u00e9sent\u00e9e lors du concert\/cr\u00e9ation du mardi 7 novembre dernier \u00e0 la Maison de la Radio &hellip; <\/p>\n<p><a class=\"more-link block-button\" href=\"https:\/\/ent2d.ac-bordeaux.fr\/disciplines\/musique\/chant-choral\/chorale-documents\/\">Lire la Suite &raquo;<\/a><\/p>\n","protected":false},"author":178,"featured_media":0,"parent":35,"menu_order":2,"comment_status":"closed","ping_status":"closed","template":"","meta":{"footnotes":""},"class_list":["post-145","page","type-page","status-publish","hentry","nodate"],"_links":{"self":[{"href":"https:\/\/ent2d.ac-bordeaux.fr\/disciplines\/musique\/wp-json\/wp\/v2\/pages\/145","targetHints":{"allow":["GET"]}}],"collection":[{"href":"https:\/\/ent2d.ac-bordeaux.fr\/disciplines\/musique\/wp-json\/wp\/v2\/pages"}],"about":[{"href":"https:\/\/ent2d.ac-bordeaux.fr\/disciplines\/musique\/wp-json\/wp\/v2\/types\/page"}],"author":[{"embeddable":true,"href":"https:\/\/ent2d.ac-bordeaux.fr\/disciplines\/musique\/wp-json\/wp\/v2\/users\/178"}],"replies":[{"embeddable":true,"href":"https:\/\/ent2d.ac-bordeaux.fr\/disciplines\/musique\/wp-json\/wp\/v2\/comments?post=145"}],"version-history":[{"count":50,"href":"https:\/\/ent2d.ac-bordeaux.fr\/disciplines\/musique\/wp-json\/wp\/v2\/pages\/145\/revisions"}],"predecessor-version":[{"id":3375,"href":"https:\/\/ent2d.ac-bordeaux.fr\/disciplines\/musique\/wp-json\/wp\/v2\/pages\/145\/revisions\/3375"}],"up":[{"embeddable":true,"href":"https:\/\/ent2d.ac-bordeaux.fr\/disciplines\/musique\/wp-json\/wp\/v2\/pages\/35"}],"wp:attachment":[{"href":"https:\/\/ent2d.ac-bordeaux.fr\/disciplines\/musique\/wp-json\/wp\/v2\/media?parent=145"}],"curies":[{"name":"wp","href":"https:\/\/api.w.org\/{rel}","templated":true}]}}