{"id":143,"date":"2017-05-02T12:10:25","date_gmt":"2017-05-02T10:10:25","guid":{"rendered":"https:\/\/ent2d.ac-bordeaux.fr\/disciplines\/musique\/?page_id=143"},"modified":"2020-06-05T21:08:15","modified_gmt":"2020-06-05T19:08:15","slug":"chorale-repertoires","status":"publish","type":"page","link":"https:\/\/ent2d.ac-bordeaux.fr\/disciplines\/musique\/chant-choral\/chorale-repertoires\/","title":{"rendered":"R\u00e9pertoires"},"content":{"rendered":"<hr \/>\n<h1><strong>Les programmes de l&rsquo;ann\u00e9e 2017-2018<\/strong><\/h1>\n<h5><strong>\u25ba La Plaquette Chante-Aquitaine<br \/>\n<\/strong><\/h5>\n<ul>\n<li class=\"justif\"><em>\u00c0 retrouver et t\u00e9l\u00e9charger sur la <a href=\"http:\/\/www.ac-bordeaux.fr\/cid131260\/plan-chorale.html\" target=\"_blank\" rel=\"noopener noreferrer\">page de la DAAC<\/a> d\u00e9di\u00e9e au \u00ab\u00a0plan choral\u00a0\u00bb.<\/em><\/li>\n<\/ul>\n<p>&nbsp;<\/p>\n<hr \/>\n<h2><strong>Des concerts cl\u00e9s en main<\/strong><\/h2>\n<p class=\"justif\"><em>Tous ces concerts sont \u00e9dit\u00e9s (partitions de ch\u0153ur, accompagnement instrumental, play-back et enregistrement du spectacle). Contacter les professeurs coordonnateurs par m\u00e9l (voir page des <a href=\"https:\/\/ent2d.ac-bordeaux.fr\/disciplines\/musique\/chant-choral\/chorale-associations\/\" target=\"_blank\" rel=\"noopener noreferrer\">Associations D\u00e9partementales<\/a>) pour obtenir des renseignements. D&rsquo;autres propositions de r\u00e9pertoires sont \u00e9galement disponibles sur le site de la <a href=\"http:\/\/www.fncs.fr\/\" target=\"_blank\" rel=\"noopener noreferrer\">FNCS (F\u00e9d\u00e9ration Nationale des Chorales Scolaires)<\/a><\/em>.<\/p>\n<p>&nbsp;<\/p>\n<table>\n<tbody>\n<tr>\n<td>Myst\u00e8re sur L&rsquo;Empire : une enqu\u00eate polici\u00e8re interactive (spectacle musical de R\u00e9mi Mass\u00e9)<\/td>\n<td>contact : R\u00e9mi Mass\u00e9<\/td>\n<\/tr>\n<tr>\n<td class=\"justif\">Jazz in coll\u00e8ge ; Suite Gainsbourg ; S&rsquo;il suffisait d&rsquo;aimer ; 80 jours d&rsquo;un tour du monde&#8230;<\/td>\n<td>contact : \u00c9ric Boisumeau<\/td>\n<\/tr>\n<tr>\n<td class=\"justif\">Hommage \u00e0 Aznavour ; Latino soy ; Quand le jazz est l\u00e0 ; La musique fait son cin\u00e9ma ; Missa criolla ; \u00c7a c&rsquo;est Paris ! ;<br \/>\nLes Mis\u00e9rables ; J&rsquo;ai la m\u00e9moire qui flanche ; Salut les copains ; Chansons d&rsquo;amour ; Si on chantait&#8230;<\/td>\n<td>contact : J\u00e9r\u00f4me Gose<\/td>\n<\/tr>\n<tr>\n<td class=\"justif\">Paroles sans histoire ; West Side Story (adaptation de la com\u00e9die musicale de L\u00e9onard Bernstein)&#8230;<\/td>\n<td>contact : Marc Bouny<\/td>\n<\/tr>\n<tr>\n<td class=\"justif\">Des lendemains qui chantent ; Medley D. Balavoine et L. Foly ; Les groupies d&rsquo;un pianiste ; Mal de terre (autour de l&rsquo;\u00e9cologie) ;<br \/>\nCl\u00e9s de vie (hommage \u00e0 Stevie Wonder)&#8230;<\/td>\n<td>contact : Jean-Claude Boudet<\/td>\n<\/tr>\n<tr>\n<td class=\"justif\">Let Hit Be ; Jazz&rsquo;in coll\u00e8ge 2001 ; Besta soinu ; Cin\u00e9 Jazz ; Soleil au Z\u00e9nith ; Com\u00e9dies Story ; Couleur Gainsbourg ;<br \/>\nJazz&rsquo;in coll\u00e8ge : les 15 ans ; Celui qui chante ; A\u00efcha, Marie, John&#8230; et les autres ; Itoiz cantatuz ; De ville en ville ; Ces ann\u00e9es-l\u00e0 ;<br \/>\nJazz&rsquo;in coll\u00e8ge : les 20 ans ; Il \u00e9tait une fois ; Partir ; Un autre monde ; Marco Polo ; Hommage \u00e0 Balavoine&#8230;<\/td>\n<td>contact : Isabelle\u00a0Maneveau<\/td>\n<\/tr>\n<\/tbody>\n<\/table>\n","protected":false},"excerpt":{"rendered":"<p>Les programmes de l&rsquo;ann\u00e9e 2017-2018 <\/p>\n<h5>\u25ba La Plaquette Chante-Aquitaine <\/h5>\n<ul>\n<li class=\"justif\">\u00c0 retrouver et t\u00e9l\u00e9charger sur la page de la DAAC d\u00e9di\u00e9e au \u00ab\u00a0plan choral\u00a0\u00bb.<\/li>\n<\/ul>\n<p>&nbsp;<\/p>\n<h2>Des concerts cl\u00e9s en main<\/h2>\n<p class=\"justif\">Tous ces concerts sont \u00e9dit\u00e9s (partitions de ch\u0153ur, accompagnement instrumental, play-back et enregistrement du spectacle). Contacter les professeurs coordonnateurs par m\u00e9l &hellip; <\/p>\n<p><a class=\"more-link block-button\" href=\"https:\/\/ent2d.ac-bordeaux.fr\/disciplines\/musique\/chant-choral\/chorale-repertoires\/\">Lire la Suite &raquo;<\/a><\/p>\n","protected":false},"author":178,"featured_media":0,"parent":35,"menu_order":5,"comment_status":"closed","ping_status":"closed","template":"","meta":{"footnotes":""},"class_list":["post-143","page","type-page","status-publish","hentry","nodate"],"_links":{"self":[{"href":"https:\/\/ent2d.ac-bordeaux.fr\/disciplines\/musique\/wp-json\/wp\/v2\/pages\/143","targetHints":{"allow":["GET"]}}],"collection":[{"href":"https:\/\/ent2d.ac-bordeaux.fr\/disciplines\/musique\/wp-json\/wp\/v2\/pages"}],"about":[{"href":"https:\/\/ent2d.ac-bordeaux.fr\/disciplines\/musique\/wp-json\/wp\/v2\/types\/page"}],"author":[{"embeddable":true,"href":"https:\/\/ent2d.ac-bordeaux.fr\/disciplines\/musique\/wp-json\/wp\/v2\/users\/178"}],"replies":[{"embeddable":true,"href":"https:\/\/ent2d.ac-bordeaux.fr\/disciplines\/musique\/wp-json\/wp\/v2\/comments?post=143"}],"version-history":[{"count":19,"href":"https:\/\/ent2d.ac-bordeaux.fr\/disciplines\/musique\/wp-json\/wp\/v2\/pages\/143\/revisions"}],"predecessor-version":[{"id":1800,"href":"https:\/\/ent2d.ac-bordeaux.fr\/disciplines\/musique\/wp-json\/wp\/v2\/pages\/143\/revisions\/1800"}],"up":[{"embeddable":true,"href":"https:\/\/ent2d.ac-bordeaux.fr\/disciplines\/musique\/wp-json\/wp\/v2\/pages\/35"}],"wp:attachment":[{"href":"https:\/\/ent2d.ac-bordeaux.fr\/disciplines\/musique\/wp-json\/wp\/v2\/media?parent=143"}],"curies":[{"name":"wp","href":"https:\/\/api.w.org\/{rel}","templated":true}]}}