{"id":137,"date":"2017-05-02T12:04:27","date_gmt":"2017-05-02T10:04:27","guid":{"rendered":"https:\/\/ent2d.ac-bordeaux.fr\/disciplines\/musique\/?page_id=137"},"modified":"2020-06-05T21:10:56","modified_gmt":"2020-06-05T19:10:56","slug":"chorale-federation","status":"publish","type":"page","link":"https:\/\/ent2d.ac-bordeaux.fr\/disciplines\/musique\/chant-choral\/chorale-federation\/","title":{"rendered":"F\u00e9d\u00e9ration Chante Aquitaine"},"content":{"rendered":"<hr \/>\n<h2><strong>Coordonn\u00e9es<\/strong><\/h2>\n<p>Pr\u00e9sident : Jean-Claude Bouchardie<\/p>\n<p>Secr\u00e9taire : \u00c9ric Boisumeau<\/p>\n<p>Si\u00e8ge social : <em>Rectorat de Bordeaux &#8211; D\u00e9l\u00e9gation acad\u00e9mique aux arts et \u00e0 la culture &#8211; DAAC\u00a0 &#8211; CS 81499 &#8211; 33060 Bordeaux Cedex<br \/>\n<\/em><\/p>\n<h2><strong>Ses missions<\/strong><\/h2>\n<p class=\"justif\">Affili\u00e9e \u00e0 la F\u00e9d\u00e9ration Nationale des Chorales Scolaires, agr\u00e9\u00e9e par le Minist\u00e8re de l&rsquo;\u00c9ducation Nationale, l&rsquo;association CHANTE AQUITAINE s&rsquo;est donn\u00e9 pour but le d\u00e9veloppement des pratiques musicales collectives en milieu scolaire et l&rsquo;organisation de rencontres de chorales. Elle permet une mutualisation des ressources \u00e0 l&rsquo;\u00e9chelon acad\u00e9mique et constitue un interlocuteur pour les institutions r\u00e9gionales. Elle f\u00e9d\u00e8re l&rsquo;ensemble des associations qui \u0153uvrent pour le rayonnement du chant choral en milieu scolaire. Ses principes fondateurs sont ceux du service public d&rsquo;\u00e9ducation (la\u00efcit\u00e9, solidarit\u00e9, \u00e9galit\u00e9 des chances pour tous les \u00e9l\u00e8ves) et de toute structure associative. La mise en commun des exp\u00e9riences et des ressources, le d\u00e9veloppement d&rsquo;un esprit d&rsquo;entraide et de solidarit\u00e9 constituent les bases d&rsquo;une d\u00e9ontologie, qui soude les membres de l&rsquo;association et d\u00e9termine le sens de son action.<\/p>\n<p class=\"justif\">Dans le respect de la politique acad\u00e9mique d\u00e9finie par le Recteur et de l&rsquo;autonomie des \u00e9tablissements, conform\u00e9ment \u00e0 leurs statuts, la F\u00e9d\u00e9ration CHANTE AQUITAINE et l&rsquo;ensemble des associations adh\u00e9rentes se sont fix\u00e9s des objectifs communs :<\/p>\n<ul>\n<li class=\"justif\"><strong>Permettre \u00e0 tous les \u00e9l\u00e8ves, sans distinction ni s\u00e9lection particuli\u00e8re<\/strong>, d&rsquo;acc\u00e9der \u00e0 des pratiques artistiques de qualit\u00e9.<\/li>\n<li class=\"justif\">Favoriser la <strong>mise en \u0153uvre de manifestations inter-\u00e9tablissements<\/strong>, en aidant aussi bien des projets regroupant deux ou trois \u00e9tablissements que des projets d&rsquo;envergure d\u00e9partementale.<\/li>\n<li class=\"justif\">D\u00e9velopper les <strong>liaisons inter-cycles<\/strong> en faisant collaborer des enseignants et des \u00e9tablissements du premier et du second degr\u00e9.<\/li>\n<li class=\"justif\">Favoriser l&rsquo;<strong>ouverture des \u00e9tablissements sur leur environnement culturel<\/strong>.<\/li>\n<li class=\"justif\">D\u00e9velopper un <strong>r\u00e9seau de professeurs-ressources<\/strong> pour dynamiser les \u00e9quipes, initier et coordonner les projets.<\/li>\n<li class=\"justif\"><strong>Concevoir, r\u00e9aliser<\/strong> et mettre \u00e0 la disposition des enseignants participant aux rencontres du mat\u00e9riel p\u00e9dagogique et musical.<\/li>\n<li class=\"justif\">Repr\u00e9senter les \u00e9tablissements dans les n\u00e9gociations avec les divers partenaires , constituer une <strong>structure facilitatrice pour l&rsquo;organisation des spectacles<\/strong>.<\/li>\n<\/ul>\n<p class=\"justif\">Pour conna\u00eetre les associations d\u00e9partementales adh\u00e9rentes de Chante Aquitaine <a href=\"https:\/\/ent2d.ac-bordeaux.fr\/disciplines\/musique\/chant-choral\/chorale-associations\/\" target=\"_blank\" rel=\"noopener noreferrer\">cliquer ici<\/a>.<\/p>\n","protected":false},"excerpt":{"rendered":"<h2>Coordonn\u00e9es<\/h2>\n<p>Pr\u00e9sident : Jean-Claude Bouchardie<\/p>\n<p>Secr\u00e9taire : \u00c9ric Boisumeau<\/p>\n<p>Si\u00e8ge social : Rectorat de Bordeaux &#8211; D\u00e9l\u00e9gation acad\u00e9mique aux arts et \u00e0 la culture &#8211; DAAC\u00a0 &#8211; CS 81499 &#8211; 33060 Bordeaux Cedex <\/p>\n<h2>Ses missions<\/h2>\n<p class=\"justif\">Affili\u00e9e \u00e0 la F\u00e9d\u00e9ration Nationale des Chorales Scolaires, agr\u00e9\u00e9e par le Minist\u00e8re de l&rsquo;\u00c9ducation Nationale, l&rsquo;association CHANTE AQUITAINE &hellip; <\/p>\n<p><a class=\"more-link block-button\" href=\"https:\/\/ent2d.ac-bordeaux.fr\/disciplines\/musique\/chant-choral\/chorale-federation\/\">Lire la Suite &raquo;<\/a><\/p>\n","protected":false},"author":178,"featured_media":0,"parent":35,"menu_order":3,"comment_status":"closed","ping_status":"closed","template":"","meta":{"footnotes":""},"class_list":["post-137","page","type-page","status-publish","hentry","nodate"],"_links":{"self":[{"href":"https:\/\/ent2d.ac-bordeaux.fr\/disciplines\/musique\/wp-json\/wp\/v2\/pages\/137","targetHints":{"allow":["GET"]}}],"collection":[{"href":"https:\/\/ent2d.ac-bordeaux.fr\/disciplines\/musique\/wp-json\/wp\/v2\/pages"}],"about":[{"href":"https:\/\/ent2d.ac-bordeaux.fr\/disciplines\/musique\/wp-json\/wp\/v2\/types\/page"}],"author":[{"embeddable":true,"href":"https:\/\/ent2d.ac-bordeaux.fr\/disciplines\/musique\/wp-json\/wp\/v2\/users\/178"}],"replies":[{"embeddable":true,"href":"https:\/\/ent2d.ac-bordeaux.fr\/disciplines\/musique\/wp-json\/wp\/v2\/comments?post=137"}],"version-history":[{"count":12,"href":"https:\/\/ent2d.ac-bordeaux.fr\/disciplines\/musique\/wp-json\/wp\/v2\/pages\/137\/revisions"}],"predecessor-version":[{"id":1161,"href":"https:\/\/ent2d.ac-bordeaux.fr\/disciplines\/musique\/wp-json\/wp\/v2\/pages\/137\/revisions\/1161"}],"up":[{"embeddable":true,"href":"https:\/\/ent2d.ac-bordeaux.fr\/disciplines\/musique\/wp-json\/wp\/v2\/pages\/35"}],"wp:attachment":[{"href":"https:\/\/ent2d.ac-bordeaux.fr\/disciplines\/musique\/wp-json\/wp\/v2\/media?parent=137"}],"curies":[{"name":"wp","href":"https:\/\/api.w.org\/{rel}","templated":true}]}}