{"id":1366,"date":"2020-02-02T18:29:24","date_gmt":"2020-02-02T17:29:24","guid":{"rendered":"https:\/\/ent2d.ac-bordeaux.fr\/disciplines\/musique\/?page_id=1366"},"modified":"2025-03-10T07:23:17","modified_gmt":"2025-03-10T06:23:17","slug":"enseignements-musique-lycees","status":"publish","type":"page","link":"https:\/\/ent2d.ac-bordeaux.fr\/disciplines\/musique\/lycee\/enseignements-musique-lycees\/","title":{"rendered":"Pr\u00e9sentation des enseignements de la musique dans les Lyc\u00e9es de l&rsquo;Acad\u00e9mie"},"content":{"rendered":"<p>&nbsp;<\/p>\n<h2><strong>Les enseignements de la musique dans les lyc\u00e9es &#8211; Ann\u00e9e scolaire 2025-2026<\/strong><\/h2>\n<p class=\"justif\">Toutes les infos sur les offres disponibles en enseignement facultatif, de sp\u00e9cialit\u00e9, ou S2TMD dans notre acad\u00e9mie. Visiter les liens pour acc\u00e9der \u00e0 des renseignements compl\u00e9mentaires sur les options, les \u00e9tablissements, o\u00f9 pour t\u00e9l\u00e9charger des documents de pr\u00e9sentation.<\/p>\n<h4>\u25a0 Informations sur les sites nationaux<\/h4>\n<ul>\n<li><a href=\"http:\/\/www.horizons21.fr\/\" target=\"_blank\" rel=\"noopener noreferrer\">Horizons 21<\/a><\/li>\n<li><a href=\"https:\/\/eduscol.education.fr\/632\/lycee-general\" target=\"_blank\" rel=\"noopener noreferrer\">Eduscol &#8211; Bac G\u00e9n\u00e9ral<\/a><\/li>\n<li><a href=\"https:\/\/eduscol.education.fr\/635\/lycee-technologique\" target=\"_blank\" rel=\"noopener noreferrer\">Eduscol &#8211; Bac Technologique<\/a><\/li>\n<\/ul>\n<h4>\u25a0 Gironde<\/h4>\n<h5>\u25ba <a href=\"http:\/\/camillejullian.com\/\" target=\"_blank\" rel=\"noopener noreferrer\">Lyc\u00e9e Camille Jullian<\/a> &#8211; Bordeaux<\/h5>\n<h5><img loading=\"lazy\" decoding=\"async\" class=\"alignleft wp-image-3829 \" src=\"https:\/\/ent2d.ac-bordeaux.fr\/disciplines\/musique\/wp-content\/uploads\/sites\/32\/2025\/02\/Screenshot_20250116-1108221-298x300.png\" alt=\"\" width=\"161\" height=\"162\" srcset=\"https:\/\/ent2d.ac-bordeaux.fr\/disciplines\/musique\/wp-content\/uploads\/sites\/32\/2025\/02\/Screenshot_20250116-1108221-298x300.png 298w, https:\/\/ent2d.ac-bordeaux.fr\/disciplines\/musique\/wp-content\/uploads\/sites\/32\/2025\/02\/Screenshot_20250116-1108221-150x150.png 150w, https:\/\/ent2d.ac-bordeaux.fr\/disciplines\/musique\/wp-content\/uploads\/sites\/32\/2025\/02\/Screenshot_20250116-1108221-768x772.png 768w, https:\/\/ent2d.ac-bordeaux.fr\/disciplines\/musique\/wp-content\/uploads\/sites\/32\/2025\/02\/Screenshot_20250116-1108221.png 987w\" sizes=\"auto, (max-width: 161px) 100vw, 161px\" \/><\/h5>\n<ul>\n<li>\n<p class=\"justif\"><a href=\"https:\/\/ent2d.ac-bordeaux.fr\/disciplines\/musique\/wp-content\/uploads\/sites\/32\/2024\/02\/option_musique_2024.pdf\" target=\"_blank\" rel=\"noopener\">Enseignement optionnel de la musique<\/a> (de la seconde \u00e0 la terminale) -&gt; non d\u00e9rogatoire. Retrouvez le <a href=\"https:\/\/drive.google.com\/file\/d\/1njCH7PL8Hi6UMw9IrOVwV4wkfEY8cNok\/view?usp=drive_link\" target=\"_blank\" rel=\"noopener\">flyers<\/a> de cette ann\u00e9e.<\/p>\n<\/li>\n<li>\n<p class=\"justif\">Sp\u00e9cialit\u00e9 \u00ab\u00a0musique\u00a0\u00bb \u00e0 partir de la premi\u00e8re -&gt; d\u00e9rogatoire \u00e0 partir de la premi\u00e8re. Retrouvez le <a href=\"https:\/\/drive.google.com\/file\/d\/1njCH7PL8Hi6UMw9IrOVwV4wkfEY8cNok\/view?usp=drive_link\" target=\"_blank\" rel=\"noopener\">flyers<\/a> de cette ann\u00e9e.<\/p>\n<\/li>\n<li>\n<p class=\"justif\"><a href=\"http:\/\/camillejullian.com\/spip.php?rubrique65\" target=\"_blank\" rel=\"noopener noreferrer\">Seconde g\u00e9n\u00e9rale avec option technologique \u00ab\u00a0S2TMD\u00a0\u00bb<\/a> (anciennement nomm\u00e9e \u00ab\u00a0TMD\u00a0\u00bb) est d\u00e9rogatoire. \u00c0 l&rsquo;issue de cette ann\u00e9e de seconde, l&rsquo;\u00e9l\u00e8ve peut faire le choix de poursuivre en premi\u00e8re S2TMD ou s&rsquo;orienter vers une premi\u00e8re g\u00e9n\u00e9rale (avec, pourquoi pas une sp\u00e9cialit\u00e9 musique!). Un.e \u00e9l\u00e8ve qui est d\u00e9j\u00e0 en seconde g\u00e9n\u00e9rale, peut candidater pour entrer en premi\u00e8re S2TMD (\u00e9galement d\u00e9rogatoire). Les \u00e9l\u00e8ves de l&rsquo;ensemble de l&rsquo;acad\u00e9mie peuvent postuler sur ce dispositif, le lyc\u00e9e Camille Jullian \u00e9tant le seul lyc\u00e9e \u00e0 le proposer. Ils sont prioritaires pour obtenir une place \u00e0 l&rsquo;internat.<\/p>\n<\/li>\n<\/ul>\n<p class=\"justif\">Quels instruments, quel niveau ? Il est possible d&rsquo;entrer en fili\u00e8re S2TMD dans le cursus de la formation \u00ab\u00a0classique\u00a0\u00bb du conservatoire avec un niveau minimum correspondant \u00e0 une fin de second cycle. \u00c0 ce jour, il n&rsquo;y a pas d&rsquo;ouverture en \u00ab\u00a0musiques actuelles et en jazz\u00a0\u00bb. Les \u00e9l\u00e8ves sont \u00e9galement accueillis en chant lyrique et en parcours cr\u00e9ation\/intervention (MAO) d\u00e8s la seconde.<\/p>\n<p class=\"justif\">Retrouvez le <a href=\"https:\/\/drive.google.com\/file\/d\/1q-MaUoBESfjdr8qc8nzFdB5QKdkOTL8E\/view?usp=drive_link\" target=\"_blank\" rel=\"noopener\">flyers<\/a> de cette ann\u00e9e. \u00c0 venir, les fiches de candidatures Danse et Musique. Vous pourrez \u00e9galement suivre toute l&rsquo;actualit\u00e9 en suivant ce <a href=\"https:\/\/www.facebook.com\/tmdbordeaux\" target=\"_blank\" rel=\"noopener\">lien<\/a>.<\/p>\n<p><u><strong>Quelques dates importantes :<\/strong><\/u><\/p>\n<ul>\n<li>R\u00e9union d&rsquo;information le samedi 8 f\u00e9vrier 2025 : Lyc\u00e9e Camille Jullian 9h30-12h (Salle Berlioz), Conservatoire \u00e0 Rayonnement R\u00e9gional de Bordeaux 14h-15h30.<\/li>\n<li>ATTENTION : <b><u><strong>cette ann\u00e9e les inscriptions se d\u00e9rouleront en ligne du 8 F\u00e9vrier au 3 Mars 2025 sur le site du CRR<\/strong><\/u><\/b><\/li>\n<li>Cl\u00f4ture des candidatures :<strong> le lundi 3 mars 2025<\/strong><\/li>\n<li>Test d&rsquo;entr\u00e9e et entretiens : <strong>du 31 mars au 10 avril 2025.<\/strong><\/li>\n<\/ul>\n<h5 style=\"text-align: center\"><strong>JOURN\u00c9E PORTES OUVERTES DU LYC\u00c9E CAMILLE JULLIAN : SAMEDI 15 F\u00c9VRIER 2025<\/strong><\/h5>\n<p>&nbsp;<\/p>\n<h4>\u25a0 Pyr\u00e9n\u00e9es atlantiques<\/h4>\n<h5>\u25ba <a href=\"https:\/\/www.lyceecassinbayonne.fr\/\" target=\"_blank\" rel=\"noopener noreferrer\">Lyc\u00e9e Ren\u00e9 Cassin<\/a> &#8211; Bayonne<strong><br \/>\n<\/strong><\/h5>\n<ul>\n<li>Enseignement optionnel de la musique (de la seconde \u00e0 la terminale) -&gt; non d\u00e9rogatoire<\/li>\n<li>Sp\u00e9cialit\u00e9 \u00ab\u00a0musique\u00a0\u00bb \u00e0 partir de la premi\u00e8re -&gt; d\u00e9rogatoire \u00e0 partir de la premi\u00e8re<\/li>\n<li>Visuel de pr\u00e9sentation \u00e0 retrouver sur <a href=\"https:\/\/youtu.be\/2I7D-Zs1LHA\" target=\"_blank\" rel=\"noopener noreferrer\">youtube<\/a>.<\/li>\n<li>Plaquette de pr\u00e9sentation \u00e0 <a href=\"https:\/\/ent2d.ac-bordeaux.fr\/disciplines\/musique\/wp-content\/uploads\/sites\/32\/2024\/02\/Plaquette-presentation-musique-Lycee-Cassin-Bayonne-deroulant.pdf\" target=\"_blank\" rel=\"noopener\">t\u00e9l\u00e9charger<\/a>.<\/li>\n<\/ul>\n<h5 style=\"text-align: center\"><strong>JOURN\u00c9E PORTES OUVERTES DU LYC\u00c9E REN\u00c9 CASSIN : SAMEDI 15 F\u00c9VRIER 2025 (9H-13H)<\/strong><\/h5>\n<h5>\u25ba <a href=\"http:\/\/www.cyberlycee.fr\/barthou\/site\/\" target=\"_blank\" rel=\"noopener noreferrer\">Lyc\u00e9e Louis Barthou<\/a> &#8211; Pau<strong><br \/>\n<\/strong><\/h5>\n<ul>\n<li>La page d\u00e9di\u00e9e sur le <a href=\"https:\/\/www.lyceelouisbarthou.fr\/informations;search=33162781\/c\/0\/i\/78691947\/l-enseignement-de-la-musique-lycee-louis-barthou-a-pau#article\" target=\"_blank\" rel=\"noopener noreferrer\">site du lyc\u00e9e<\/a>.<\/li>\n<li><a href=\"https:\/\/ent2d.ac-bordeaux.fr\/disciplines\/musique\/wp-content\/uploads\/sites\/32\/2024\/02\/Flyer-option-musique-L.Barthou.pdf\" target=\"_blank\" rel=\"noopener\">Enseignement optionnel de la musique<\/a>\u00a0(plaquette de pr\u00e9sentation, de la seconde \u00e0 la terminale) -&gt; non d\u00e9rogatoire<\/li>\n<li>Visuel de pr\u00e9sentation \u00e0 retrouver sur <a href=\"https:\/\/youtu.be\/BLwvR_rc24k\" target=\"_blank\" rel=\"noopener noreferrer\">youtube<\/a>, compl\u00e9t\u00e9 par une<a href=\"https:\/\/www.lyceelouisbarthou.fr\/web-tv\/c\/0\/i\/43830800\/comedie-musicale-des-eleves-des-options-musique-et-chorales\" target=\"_blank\" rel=\"noopener noreferrer\"> vid\u00e9o consacr\u00e9e au projet choral<\/a>.<\/li>\n<\/ul>\n<h5><strong>JOURN\u00c9E PORTES OUVERTES DU LYC\u00c9E LOUIS BARTHOU : SAMEDI 22 MARS 2025 (9H-12H)<\/strong><\/h5>\n","protected":false},"excerpt":{"rendered":"<p>&nbsp;<\/p>\n<h2>Les enseignements de la musique dans les lyc\u00e9es &#8211; Ann\u00e9e scolaire 2025-2026<\/h2>\n<p class=\"justif\">Toutes les infos sur les offres disponibles en enseignement facultatif, de sp\u00e9cialit\u00e9, ou S2TMD dans notre acad\u00e9mie. Visiter les liens pour acc\u00e9der \u00e0 des renseignements compl\u00e9mentaires sur les options, les \u00e9tablissements, o\u00f9 pour t\u00e9l\u00e9charger des documents de pr\u00e9sentation.<\/p>\n<p> \u25a0 Informations sur &hellip; <\/p>\n<p><a class=\"more-link block-button\" href=\"https:\/\/ent2d.ac-bordeaux.fr\/disciplines\/musique\/lycee\/enseignements-musique-lycees\/\">Lire la Suite &raquo;<\/a><\/p>\n","protected":false},"author":178,"featured_media":0,"parent":50,"menu_order":2,"comment_status":"closed","ping_status":"closed","template":"","meta":{"footnotes":""},"class_list":["post-1366","page","type-page","status-publish","hentry","nodate"],"_links":{"self":[{"href":"https:\/\/ent2d.ac-bordeaux.fr\/disciplines\/musique\/wp-json\/wp\/v2\/pages\/1366","targetHints":{"allow":["GET"]}}],"collection":[{"href":"https:\/\/ent2d.ac-bordeaux.fr\/disciplines\/musique\/wp-json\/wp\/v2\/pages"}],"about":[{"href":"https:\/\/ent2d.ac-bordeaux.fr\/disciplines\/musique\/wp-json\/wp\/v2\/types\/page"}],"author":[{"embeddable":true,"href":"https:\/\/ent2d.ac-bordeaux.fr\/disciplines\/musique\/wp-json\/wp\/v2\/users\/178"}],"replies":[{"embeddable":true,"href":"https:\/\/ent2d.ac-bordeaux.fr\/disciplines\/musique\/wp-json\/wp\/v2\/comments?post=1366"}],"version-history":[{"count":82,"href":"https:\/\/ent2d.ac-bordeaux.fr\/disciplines\/musique\/wp-json\/wp\/v2\/pages\/1366\/revisions"}],"predecessor-version":[{"id":3855,"href":"https:\/\/ent2d.ac-bordeaux.fr\/disciplines\/musique\/wp-json\/wp\/v2\/pages\/1366\/revisions\/3855"}],"up":[{"embeddable":true,"href":"https:\/\/ent2d.ac-bordeaux.fr\/disciplines\/musique\/wp-json\/wp\/v2\/pages\/50"}],"wp:attachment":[{"href":"https:\/\/ent2d.ac-bordeaux.fr\/disciplines\/musique\/wp-json\/wp\/v2\/media?parent=1366"}],"curies":[{"name":"wp","href":"https:\/\/api.w.org\/{rel}","templated":true}]}}