{"id":135,"date":"2017-05-02T12:01:29","date_gmt":"2017-05-02T10:01:29","guid":{"rendered":"https:\/\/ent2d.ac-bordeaux.fr\/disciplines\/musique\/?page_id=135"},"modified":"2023-05-10T22:50:44","modified_gmt":"2023-05-10T20:50:44","slug":"action-culturelle","status":"publish","type":"page","link":"https:\/\/ent2d.ac-bordeaux.fr\/disciplines\/musique\/infos\/action-culturelle\/","title":{"rendered":"Action culturelle"},"content":{"rendered":"<h2><strong>Appels \u00e0 projets ann\u00e9e 2023-24<\/strong><\/h2>\n<p>La session d&rsquo;inscriptions aux projets 2023-24 est ouverte jusqu&rsquo;au 16 juin 2023. Elles s&rsquo;effectuent via l&rsquo;application <a href=\"https:\/\/www.ac-bordeaux.fr\/adage-121683\" target=\"_blank\" rel=\"noopener\">ADAGE<\/a>. Toutes les informations sont disponibles sur le <a href=\"https:\/\/www.ac-bordeaux.fr\/offre-culturelle-dans-le-cadre-de-l-appel-a-projets-adage-2023-2024-129011\" target=\"_blank\" rel=\"noopener\">site acad\u00e9mique<\/a>.<\/p>\n<p>Pour cette ann\u00e9e, ADAGE 5.0 offre la possibilit\u00e9 d&rsquo;un multi-campagne :<\/p>\n<ul>\n<li>Projet hors dispositifs avec demande de financements<\/li>\n<li>Actions acad\u00e9miques<\/li>\n<li>Ateliers de pratique artistique (APA) \/ Atelier Scientifique ou Technique (AST)<\/li>\n<li>Test de compagne<\/li>\n<\/ul>\n<p class=\"justif\"><strong>\u25ba \u00a0Vous pourrez trouver toutes les offres disciplinaires dans le menu d\u00e9roulant auquel vous acc\u00e8derez en cliquant sur \u00ab\u00a0Titre du projet\u00a0\u00bb. Voici ces offres avec la fiche :<\/strong><\/p>\n<p>&nbsp;<\/p>\n<table style=\"height: 754px\" width=\"578\">\n<tbody>\n<tr>\n<td>\n<h5 style=\"text-align: center\">Musique<\/h5>\n<\/td>\n<td>\n<h5 style=\"text-align: center\"><a href=\"https:\/\/ent2d.ac-bordeaux.fr\/disciplines\/musique\/wp-content\/uploads\/sites\/32\/2023\/05\/egalit-filles-gar-ons-bougeons-sans-bouger-51167.pdf\" target=\"_blank\" rel=\"noopener\">\u00c9galit\u00e9 filles gar\u00e7ons : \u00ab\u00a0Bougeons sans bouger\u00a0\u00bb<\/a><\/h5>\n<\/td>\n<\/tr>\n<tr>\n<td>\n<h5 style=\"text-align: center\">Musique<\/h5>\n<\/td>\n<td>\n<h5 style=\"text-align: center\"><a href=\"https:\/\/ent2d.ac-bordeaux.fr\/disciplines\/musique\/wp-content\/uploads\/sites\/32\/2023\/05\/le-kiosque-pygmalion-51335.pdf\" target=\"_blank\" rel=\"noopener\">Le Kiosque Pygmalion<\/a><\/h5>\n<\/td>\n<\/tr>\n<tr>\n<td>\n<h5 style=\"text-align: center\">Musique<\/h5>\n<\/td>\n<td>\n<h5 style=\"text-align: center\"><a href=\"https:\/\/ent2d.ac-bordeaux.fr\/disciplines\/musique\/wp-content\/uploads\/sites\/32\/2023\/05\/polifonia-concert-t-t-51104.pdf\" target=\"_blank\" rel=\"noopener\">Polifonia \u00ab\u00a0Concert t\u00f4t\u00a0\u00bb<\/a><\/h5>\n<\/td>\n<\/tr>\n<tr>\n<td>\n<h5 style=\"text-align: center\">Musique<\/h5>\n<\/td>\n<td>\n<h5 style=\"text-align: center\"><a href=\"https:\/\/ent2d.ac-bordeaux.fr\/disciplines\/musique\/wp-content\/uploads\/sites\/32\/2023\/05\/polifonia-en-catalogue-51101.pdf\" target=\"_blank\" rel=\"noopener\">Polifonia en catalogue<\/a><\/h5>\n<\/td>\n<\/tr>\n<tr>\n<td>\n<h5 style=\"text-align: center\">Musique<\/h5>\n<\/td>\n<td>\n<h5 style=\"text-align: center\"><a href=\"https:\/\/ent2d.ac-bordeaux.fr\/disciplines\/musique\/wp-content\/uploads\/sites\/32\/2023\/05\/polifonia-allez-au-concert-51368.pdf\" target=\"_blank\" rel=\"noopener\">Polifonia \u00ab\u00a0Allez au concert\u00a0\u00bb<\/a><\/h5>\n<\/td>\n<\/tr>\n<tr>\n<td>\n<h5 style=\"text-align: center\">Musique<\/h5>\n<\/td>\n<td>\n<h5 style=\"text-align: center\"><a href=\"https:\/\/ent2d.ac-bordeaux.fr\/disciplines\/musique\/wp-content\/uploads\/sites\/32\/2023\/05\/eufonia-en-escale-2023-51362.pdf\" target=\"_blank\" rel=\"noopener\">EUFONIA en ESCALE 2023<\/a><\/h5>\n<\/td>\n<\/tr>\n<tr>\n<td>\n<h5 style=\"text-align: center\">Musique<\/h5>\n<\/td>\n<td>\n<h5 style=\"text-align: center\"><a href=\"https:\/\/ent2d.ac-bordeaux.fr\/disciplines\/musique\/wp-content\/uploads\/sites\/32\/2023\/05\/78-minutes-avec-l-orchestre-symphonique-de-gironde-51338.pdf\" target=\"_blank\" rel=\"noopener\">78 minutes avec l&rsquo;Orchestre symphonique de Gironde<\/a><\/h5>\n<\/td>\n<\/tr>\n<tr>\n<td>\n<h5 style=\"text-align: center\">Musique, Arts visuels<\/h5>\n<\/td>\n<td>\n<h5 style=\"text-align: center\"><a href=\"https:\/\/ent2d.ac-bordeaux.fr\/disciplines\/musique\/wp-content\/uploads\/sites\/32\/2023\/05\/a-la-rencontre-de-la-cr-ation-contemporaine-51356.pdf\" target=\"_blank\" rel=\"noopener\">\u00c0 la rencontre de la cr\u00e9ation contemporaine<\/a><\/h5>\n<\/td>\n<\/tr>\n<tr>\n<td>\n<h5 style=\"text-align: center\">Musique Lyrique, Arts Vivants, Patrimoine<\/h5>\n<\/td>\n<td>\n<h5 style=\"text-align: center\"><a href=\"https:\/\/ent2d.ac-bordeaux.fr\/disciplines\/musique\/wp-content\/uploads\/sites\/32\/2023\/05\/a-la-rencontre-de-l-op-ra-et-du-grand-th-tre-51353.pdf\" target=\"_blank\" rel=\"noopener\">\u00c0 la rencontre de l&rsquo;op\u00e9ra et du Grand Th\u00e9\u00e2tre<\/a><\/h5>\n<\/td>\n<\/tr>\n<tr>\n<td>\n<h5 style=\"text-align: center\">Musique, Arts de la sc\u00e8ne<\/h5>\n<\/td>\n<td>\n<h5 style=\"text-align: center\"><a href=\"https:\/\/ent2d.ac-bordeaux.fr\/disciplines\/musique\/wp-content\/uploads\/sites\/32\/2023\/05\/a-la-d-couverte-des-arts-de-la-sc-ne-musique-51359.pdf\" target=\"_blank\" rel=\"noopener\">\u00c0 la d\u00e9couverte des arts de la sc\u00e8ne : musique<\/a><\/h5>\n<\/td>\n<\/tr>\n<tr>\n<td>\n<h5 style=\"text-align: center\">Musique<\/h5>\n<\/td>\n<td>\n<h5 style=\"text-align: center\"><a href=\"https:\/\/ent2d.ac-bordeaux.fr\/disciplines\/musique\/wp-content\/uploads\/sites\/32\/2023\/05\/autour-de-la-chanson-des-mots-et-des-rythmes-51350.pdf\" target=\"_blank\" rel=\"noopener\">Autour de la chanson, des mots et des rythmes<\/a><\/h5>\n<\/td>\n<\/tr>\n<tr>\n<td>\n<h5 style=\"text-align: center\">Musique, Arts de la Sc\u00e8ne<\/h5>\n<\/td>\n<td>\n<h5 style=\"text-align: center\"><a href=\"https:\/\/ent2d.ac-bordeaux.fr\/disciplines\/musique\/wp-content\/uploads\/sites\/32\/2023\/05\/concert-avec-la-musique-des-forces-a-riennes-51347.pdf\" target=\"_blank\" rel=\"noopener\">Concert avec la musique des forces a\u00e9riennes<\/a><\/h5>\n<\/td>\n<\/tr>\n<tr>\n<td>\n<h5 style=\"text-align: center\">Musique<\/h5>\n<\/td>\n<td>\n<h5 style=\"text-align: center\"><a href=\"https:\/\/ent2d.ac-bordeaux.fr\/disciplines\/musique\/wp-content\/uploads\/sites\/32\/2023\/05\/a-la-rencontre-de-l-onba-et-de-l-auditorium-51365.pdf\" target=\"_blank\" rel=\"noopener\">\u00c0 la rencontre de l&rsquo;ONBA et de l&rsquo;Auditorium<\/a><\/h5>\n<\/td>\n<\/tr>\n<\/tbody>\n<\/table>\n<p>&nbsp;<\/p>\n<p><strong>\u25ba \u00a0Pour une demande ou un renouvellement\u00a0<\/strong><b>d&rsquo;ailier, il faut aller dans \u00a0: \u00ab\u00a0Ateliers de pratique artistique (APA) \/ Atelier Scientifique ou Technologique (AST)<\/b><\/p>\n<p><strong>\u25ba \u00a0Pour les rencontres chorales (il n&rsquo;y a pas de budget \u00e0 remplir), le projet fait partie d&rsquo;une campagne particuli\u00e8re ; \u00ab\u00a0<\/strong><b>Rencontres chorales\u00a0\u00bb.<\/b><\/p>\n<p><strong>\u25ba \u00a0Pour les musiques actuelles, le projet fait partie d&rsquo;une autre campagne particuli\u00e8re : \u00ab\u00a0\u00c0 la d\u00e9couverte des musiques actuelles\u00a0\u00bb.<\/strong><\/p>\n<p>&nbsp;<\/p>\n<hr \/>\n<h2><strong>Appels \u00e0 projets ann\u00e9e 2022-23<\/strong><\/h2>\n<p class=\"justif\">L&rsquo;appel \u00e0 projets pour l&rsquo;ann\u00e9e 2022-23 est d\u00e9sormais en ligne. Les inscriptions sont ouvertes jusqu&rsquo;15 juin 2022 et se font sur Adage via le portail <a href=\"https:\/\/portailrh.ac-bordeaux.fr\/login\/ct_logon_mixte.jsp?CT_ORIG_URL=%2Farena%2Fpages%2Faccueill.jsf\" target=\"_blank\" rel=\"noopener\">Arena<\/a><\/p>\n<p class=\"justif\">Retrouvez ci-dessous les liens pour acc\u00e9der aux diff\u00e9rentes offres :<\/p>\n<p class=\"justif\"><strong>\u25ba Les ateliers : <a href=\"https:\/\/www.ac-bordeaux.fr\/ateliers-artistiques-ou-scientifiques-121833\" target=\"_blank\" rel=\"noopener\">Ateliers artistiques ou scientifiques | Acad\u00e9mie de Bordeaux (ac-bordeaux.fr)<\/a><\/strong><\/p>\n<p><strong>\u25ba Les r\u00e9sidences \u00ab\u00a0un\u00a0<\/strong><b>artiste, un scientifique dans la classe\u00a0\u00bb : <a href=\"https:\/\/www.ac-bordeaux.fr\/residence-un-artiste-un-scientifique-dans-la-classe-121828\" target=\"_blank\" rel=\"noopener\">R\u00e9sidence : Un artiste, un scientifique dans la classe | Acad\u00e9mie de Bordeaux (ac-bordeaux.fr)<\/a><\/b><\/p>\n<p><strong>\u25ba Les propositions acad\u00e9miques <em>(inscription via l&rsquo;application <a href=\"https:\/\/www.ac-bordeaux.fr\/adage-121683\" target=\"_blank\" rel=\"noopener\">ADAGE<\/a>)<\/em><\/strong><\/p>\n<h5><span style=\"color: #ff0000\"><strong>Attention \u00e0 bien indiquer le titre de l&rsquo;action lorsque vous l&rsquo;inscrivez dans ADAGE sous la forme\u00a0: \u00ab\u00a0DAAC\u00a0&#8211; titre de l&rsquo;action en minuscule<\/strong><\/span><span style=\"color: #ff0000\"><strong>\u00ab\u00a0.<\/strong><\/span><\/h5>\n<p>&nbsp;<\/p>\n<table style=\"height: 754px\" width=\"578\">\n<tbody>\n<tr>\n<td>\n<h5 style=\"text-align: center\">Musique<\/h5>\n<\/td>\n<td>\n<h5 style=\"text-align: center\"><a href=\"https:\/\/ent2d.ac-bordeaux.fr\/disciplines\/musique\/wp-content\/uploads\/sites\/32\/2022\/05\/dispositif-musiques-actuelles-38372.pdf\" target=\"_blank\" rel=\"noopener\">Dispositif : Musiques Actuelles<\/a><\/h5>\n<\/td>\n<\/tr>\n<tr>\n<td>\n<h5 style=\"text-align: center\">Musique<\/h5>\n<\/td>\n<td>\n<h5 style=\"text-align: center\"><a href=\"https:\/\/ent2d.ac-bordeaux.fr\/disciplines\/musique\/wp-content\/uploads\/sites\/32\/2022\/05\/dispositif-rencontres-chorales-38375-1.pdf\" target=\"_blank\" rel=\"noopener\">Dispositif : Rencontres chorales<\/a><\/h5>\n<\/td>\n<\/tr>\n<tr>\n<td>\n<h5 style=\"text-align: center\">Musique<\/h5>\n<\/td>\n<td>\n<h5 style=\"text-align: center\"><a href=\"https:\/\/ent2d.ac-bordeaux.fr\/disciplines\/musique\/wp-content\/uploads\/sites\/32\/2022\/05\/daac-bordeaux-le-kiosque-pygmalion-38348.pdf\" target=\"_blank\" rel=\"noopener\">DAAC Bordeaux : Le kiosque Pygmalion<\/a><\/h5>\n<\/td>\n<\/tr>\n<tr>\n<td>\n<h5 style=\"text-align: center\">Musique<\/h5>\n<\/td>\n<td>\n<h5 style=\"text-align: center\"><a href=\"https:\/\/ent2d.ac-bordeaux.fr\/disciplines\/musique\/wp-content\/uploads\/sites\/32\/2022\/05\/daac-bordeaux-les-caprices-de-marianne-r-p-titions-ouvertes-38300.pdf\" target=\"_blank\" rel=\"noopener\">DAAC Bordeaux : Les Caprices de Marianne, R\u00e9p\u00e9titions ouvertes<\/a><\/h5>\n<\/td>\n<\/tr>\n<tr>\n<td>\n<h5 style=\"text-align: center\">Musique<\/h5>\n<\/td>\n<td>\n<h5 style=\"text-align: center\"><a href=\"https:\/\/ent2d.ac-bordeaux.fr\/disciplines\/musique\/wp-content\/uploads\/sites\/32\/2022\/05\/daac-bordeaux-polifonia-allez-au-concert-38339.pdf\" target=\"_blank\" rel=\"noopener\">DAAC Bordeaux : Polifonia \u00ab\u00a0Allez au concert\u00a0\u00bb<\/a><\/h5>\n<\/td>\n<\/tr>\n<tr>\n<td>\n<h5 style=\"text-align: center\">Musique<\/h5>\n<\/td>\n<td>\n<h5 style=\"text-align: center\"><a href=\"https:\/\/ent2d.ac-bordeaux.fr\/disciplines\/musique\/wp-content\/uploads\/sites\/32\/2022\/05\/daac-bordeaux-polifonia-en-catalogue-38342.pdf\" target=\"_blank\" rel=\"noopener\">DAAC Bordeaux : Polifonia en catalogue<\/a><\/h5>\n<\/td>\n<\/tr>\n<tr>\n<td>\n<h5 style=\"text-align: center\">Musique<\/h5>\n<\/td>\n<td>\n<h5 style=\"text-align: center\"><a href=\"https:\/\/ent2d.ac-bordeaux.fr\/disciplines\/musique\/wp-content\/uploads\/sites\/32\/2022\/05\/daac-bordeaux-polifonia-concert-t-t-38345.pdf\" target=\"_blank\" rel=\"noopener\">DAAC Bordeaux : Polifonia \u00ab\u00a0Concert t\u00f4t\u00a0\u00bb<\/a><\/h5>\n<\/td>\n<\/tr>\n<tr>\n<td>\n<h5 style=\"text-align: center\">Musique<\/h5>\n<\/td>\n<td>\n<h5 style=\"text-align: center\"><a href=\"https:\/\/ent2d.ac-bordeaux.fr\/disciplines\/musique\/wp-content\/uploads\/sites\/32\/2022\/05\/daac-bordeaux-78-minutes-avec-l-orchestre-symphonique-de-gironde-38303.pdf\" target=\"_blank\" rel=\"noopener\">DAAC Bordeaux : 78 minutes avec l&rsquo;Orchestre Symphonique de Gironde<\/a><\/h5>\n<\/td>\n<\/tr>\n<tr>\n<td>\n<h5 style=\"text-align: center\">Musique, Arts visuels<\/h5>\n<\/td>\n<td>\n<h5 style=\"text-align: center\">\u00c0 la rencontre de la cr\u00e9ation contemporaine<\/h5>\n<\/td>\n<\/tr>\n<tr>\n<td>\n<h5 style=\"text-align: center\">Musique Lyrique, Arts Vivants, Patrimoine<\/h5>\n<\/td>\n<td>\n<h5 style=\"text-align: center\"><a href=\"https:\/\/ent2d.ac-bordeaux.fr\/disciplines\/musique\/wp-content\/uploads\/sites\/32\/2022\/05\/daac-bordeaux-a-la-rencontre-de-l-op-ra-et-du-grand-th-tre-38324.docx\" target=\"_blank\" rel=\"noopener\">DAAC Bordeaux : \u00c0 la rencontre de l&rsquo;op\u00e9ra et du Grand Th\u00e9\u00e2tre<\/a><\/h5>\n<\/td>\n<\/tr>\n<tr>\n<td>\n<h5 style=\"text-align: center\">Musique, Danse, Art lyrique, Patrimoine<\/h5>\n<\/td>\n<td>\n<h5 style=\"text-align: center\"><a href=\"https:\/\/ent2d.ac-bordeaux.fr\/disciplines\/musique\/wp-content\/uploads\/sites\/32\/2022\/05\/a-la-rencontre-des-m-tiers-d-art-des-ateliers-de-l-op-ra-national-de-bordeaux-38330.pdf\" target=\"_blank\" rel=\"noopener\">DAAC Bordeaux : \u00c0 la rencontre des m\u00e9tiers d&rsquo;art des ateliers de l&rsquo;Op\u00e9ra National de Bordeaux<\/a><\/h5>\n<\/td>\n<\/tr>\n<tr>\n<td>\n<h5 style=\"text-align: center\">Musique, Arts de la Sc\u00e8ne<\/h5>\n<\/td>\n<td>\n<h5 style=\"text-align: center\"><a href=\"https:\/\/ent2d.ac-bordeaux.fr\/disciplines\/musique\/wp-content\/uploads\/sites\/32\/2022\/05\/daac-bordeaux-autour-de-la-chanson-des-mots-et-des-rythmes-38333.pdf\" target=\"_blank\" rel=\"noopener\">DAAC Bordeaux : Autour de la chanson, des mots et des rythmes<\/a><\/h5>\n<\/td>\n<\/tr>\n<tr>\n<td>\n<h5 style=\"text-align: center\">Musique, Arts de la Sc\u00e8ne<\/h5>\n<\/td>\n<td>\n<h5 style=\"text-align: center\"><a href=\"https:\/\/ent2d.ac-bordeaux.fr\/disciplines\/musique\/wp-content\/uploads\/sites\/32\/2022\/05\/daac-bordeaux-concerts-p-dagogiques-avec-la-musique-des-forces-a-riennes-38336.pdf\">DAAC Bordeaux : Concerts p\u00e9dagogiques avec la musique des forces a\u00e9riennes<\/a><\/h5>\n<\/td>\n<\/tr>\n<tr>\n<td>\n<h5 style=\"text-align: center\">Musique, Arts de la Sc\u00e8ne<\/h5>\n<\/td>\n<td>\n<h5 style=\"text-align: center\"><a href=\"https:\/\/ent2d.ac-bordeaux.fr\/disciplines\/musique\/wp-content\/uploads\/sites\/32\/2022\/05\/daac-concerts-p-dagogiques-avec-la-musique-des-forces-a-riennes-23735.pdf\" target=\"_blank\" rel=\"noopener\">DAAC &#8211; Concerts p\u00e9dagogiques avec la musique des forces a\u00e9riennes<\/a><\/h5>\n<\/td>\n<\/tr>\n<tr>\n<td>\n<h5 style=\"text-align: center\">Musique, Arts Vivants, Patrimoine<\/h5>\n<\/td>\n<td>\n<h5 style=\"text-align: center\"><a href=\"https:\/\/ent2d.ac-bordeaux.fr\/disciplines\/musique\/wp-content\/uploads\/sites\/32\/2022\/05\/daac-a-la-rencontre-de-l-orchestre-onba-et-de-l-auditorium-de-bordeaux-23738.pdf\" target=\"_blank\" rel=\"noopener\">DAAC &#8211; \u00c0 la rencontre de l&rsquo;Orchestre : ONBA et de l&rsquo;Auditorium de Bordeaux<\/a><\/h5>\n<\/td>\n<\/tr>\n<\/tbody>\n<\/table>\n<h5><strong>Vous pourrez \u00e9galement trouver des des actions EAC et citoyennet\u00e9 en lien avec la musique<\/strong><\/h5>\n<p>&nbsp;<\/p>\n<table style=\"height: 142px\" width=\"571\">\n<tbody>\n<tr>\n<td>\n<h5 style=\"text-align: center\">Histoire, Musique, Citoyennet\u00e9<\/h5>\n<\/td>\n<td>\n<h5 style=\"text-align: center\"><a href=\"https:\/\/ent2d.ac-bordeaux.fr\/disciplines\/musique\/wp-content\/uploads\/sites\/32\/2022\/05\/daac-bordeaux-le-chant-d-action-se-souvenir-et-s-engager-nos-h-ros-de-guerre-en-chanson-38288.pdf\" target=\"_blank\" rel=\"noopener\">DAAC Bordeaux : Le chant d&rsquo;action, se souvenir et s&rsquo;engager. Nos h\u00e9ros de guerre en chanson<\/a><\/h5>\n<\/td>\n<\/tr>\n<tr>\n<td>\n<h5 style=\"text-align: center\">Histoire, Musique, Citoyennet\u00e9, Danse<\/h5>\n<\/td>\n<td>\n<h5 style=\"text-align: center\"><a href=\"https:\/\/ent2d.ac-bordeaux.fr\/disciplines\/musique\/wp-content\/uploads\/sites\/32\/2022\/05\/daac-bordeaux-sur-les-traces-de-l-esclavage-libre-de-couleur-38294.pdf\" target=\"_blank\" rel=\"noopener\">DAAC Bordeaux : Sur les traces de l&rsquo;esclavage, libre de couleur<\/a><\/h5>\n<\/td>\n<\/tr>\n<tr>\n<td>\n<h5 style=\"text-align: center\">Histoire, Musique, Citoyennet\u00e9<\/h5>\n<\/td>\n<td>\n<h5 style=\"text-align: center\"><a href=\"https:\/\/ent2d.ac-bordeaux.fr\/disciplines\/musique\/wp-content\/uploads\/sites\/32\/2022\/05\/daac-bordeaux-comm-morons-ensemble-38279.pdf\" target=\"_blank\" rel=\"noopener\">DAAC Bordeaux : Comm\u00e9morons ensemble !<\/a><\/h5>\n<\/td>\n<\/tr>\n<tr>\n<td>\n<h5 style=\"text-align: center\">Histoire, Musique, Arts, Citoyennet\u00e9<\/h5>\n<\/td>\n<td>\n<h5 style=\"text-align: center\"><a href=\"https:\/\/ent2d.ac-bordeaux.fr\/disciplines\/musique\/wp-content\/uploads\/sites\/32\/2022\/05\/daac-d-ici-et-d-ailleurs-exil-et-migrations-38534.pdf\" target=\"_blank\" rel=\"noopener\">DAAC : D&rsquo;ici et d&rsquo;ailleurs, exil et migrations<\/a><\/h5>\n<\/td>\n<\/tr>\n<tr>\n<td>\n<h5 style=\"text-align: center\">Histoire, Musique, Arts, Citoyennet\u00e9<\/h5>\n<\/td>\n<td>\n<h5 style=\"text-align: center\"><a href=\"https:\/\/ent2d.ac-bordeaux.fr\/disciplines\/musique\/wp-content\/uploads\/sites\/32\/2022\/05\/daac-bordeaux-m-moires-de-l-immigration-38291.pdf\" target=\"_blank\" rel=\"noopener\">DAAC Bordeaux : M\u00e9moires de l&rsquo;immigration<\/a><\/h5>\n<\/td>\n<\/tr>\n<tr>\n<td>\n<h5 style=\"text-align: center\">Citoyennet\u00e9<\/h5>\n<\/td>\n<td>\n<h5 style=\"text-align: center\"><a href=\"https:\/\/ent2d.ac-bordeaux.fr\/disciplines\/musique\/wp-content\/uploads\/sites\/32\/2022\/05\/daac-bordeaux-patrimoine-culturel-mission-port-de-la-lune-la-commission-passe-l-action-38297.pdf\" target=\"_blank\" rel=\"noopener\">DAAC : Bordeaux Patrimoine Culturel Mission Port de la Lune, la commission passe \u00e0 l&rsquo;action<\/a><\/h5>\n<\/td>\n<\/tr>\n<\/tbody>\n<\/table>\n<p>&nbsp;<\/p>\n<p><strong>\u25ba Les offres culturelles des partenaires : <a href=\"https:\/\/www.ac-bordeaux.fr\/offre-culturelle-2022-des-partenaires-123499\" target=\"_blank\" rel=\"noopener\">Offre culturelle 2022 des partenaires | Acad\u00e9mie de Bordeaux (ac-bordeaux.fr)<\/a><\/strong><\/p>\n<h2><strong>L&rsquo;Action Culturelle<\/strong><\/h2>\n<h5><strong>\u25ba La D\u00e9l\u00e9gation Acad\u00e9mique \u00e0 l&rsquo;\u00e9ducation Artistique et Culturelle<\/strong><\/h5>\n<p>Vous pouvez suivre les informations de la DAAC, en suivant ce lien :<br \/>\n<a href=\"http:\/\/www.ac-bordeaux.fr\/pid31028\/education-artistique-et-culturelle.html\" target=\"_blank\" rel=\"noopener noreferrer\">Page de la DAAC<\/a> sur le site de l&rsquo;Acad\u00e9mie de Bordeaux.<\/p>\n<h5><strong>\u25ba Le Conseiller Acad\u00e9mique musique<\/strong><\/h5>\n<p class=\"justif\">\u00c9ric Boisumeau est le conseiller acad\u00e9mique pour les arts et la culture, en charge de la musique aupr\u00e8s de la DAAC. Il se tient \u00e0 votre disposition pour tout renseignement concernant l\u2019ensemble des actions men\u00e9es.<\/p>\n<p>Contact :<\/p>\n<ul>\n<li class=\"justif\">Par t\u00e9l\u00e9phone : 05 57 57 35 90 \/ 06 85 82 86 06<\/li>\n<li class=\"justif\">Par courriel : eric.boisumeau#ac-bordeaux.fr <span style=\"color: #808080\">(Pour contacter \u00c9ric Boisumeau : copiez l&rsquo;adresse de messagerie et remplacez le # par un @ -protection contre les robots moissonneurs-)<\/span>.<\/li>\n<\/ul>\n<h5><strong>\u25ba Le Parcours d&rsquo;\u00c9ducation Artistique et Culturelle (PEAC)<\/strong><\/h5>\n<p class=\"justif\">Le PEAC vise \u00e0 articuler dans une coh\u00e9rence renforc\u00e9e les enseignements -et en particulier les enseignements artistiques obligatoires \u2013 et les projets et actions \u00e0 caract\u00e8re culturel conduits dans le cadre de la politique de l\u2019\u00e9tablissement. Il doit permettre \u00e0 chaque \u00e9l\u00e8ve de construire tout au long de sa scolarit\u00e9 obligatoire, un \u00abparcours \u00bb lui permettant de rencontrer des \u0153uvres, d\u2019en comprendre le sens et d\u2019en appr\u00e9hender le contexte.<br \/>\nCes parcours s\u2019enrichissent des partenariats avec des artistes ou structures culturelles, mais aussi bien \u00e9videmment des pratiques mises en \u0153uvre dans le cadre des enseignements artistiques obligatoires. Je rappelle que, conform\u00e9ment au texte r\u00e8glementaire, ces actions qui enrichissent et prolongent l\u2019enseignement doivent \u00eatre organis\u00e9es dans le respect des programmes en vigueur, et en veillant \u00e0 la n\u00e9cessaire continuit\u00e9 p\u00e9dagogique, indispensable \u00e0 tout apprentissage.<br \/>\nDes parcours sont propos\u00e9s par la DAAC. Co-construits avec les partenaires, ils ont fait l\u2019objet d\u2019une validation p\u00e9dagogique. Des stages sont \u00e9galement organis\u00e9s en lien avec ces parcours. Les fiches-action sont disponibles sur le blog de la DAAC (ci-dessus).<\/p>\n","protected":false},"excerpt":{"rendered":"<h2>Appels \u00e0 projets ann\u00e9e 2023-24<\/h2>\n<p>La session d&rsquo;inscriptions aux projets 2023-24 est ouverte jusqu&rsquo;au 16 juin 2023. Elles s&rsquo;effectuent via l&rsquo;application ADAGE. Toutes les informations sont disponibles sur le site acad\u00e9mique.<\/p>\n<p>Pour cette ann\u00e9e, ADAGE 5.0 offre la possibilit\u00e9 d&rsquo;un multi-campagne :<\/p>\n<ul>\n<li>Projet hors dispositifs avec demande de financements<\/li>\n<li>Actions acad\u00e9miques<\/li>\n<li>Ateliers de pratique &hellip;\n<p><a class=\"more-link block-button\" href=\"https:\/\/ent2d.ac-bordeaux.fr\/disciplines\/musique\/infos\/action-culturelle\/\">Lire la Suite &raquo;<\/a><\/p>\n<\/li>\n<\/ul>\n","protected":false},"author":178,"featured_media":0,"parent":33,"menu_order":5,"comment_status":"closed","ping_status":"closed","template":"","meta":{"footnotes":""},"class_list":["post-135","page","type-page","status-publish","hentry","nodate"],"_links":{"self":[{"href":"https:\/\/ent2d.ac-bordeaux.fr\/disciplines\/musique\/wp-json\/wp\/v2\/pages\/135","targetHints":{"allow":["GET"]}}],"collection":[{"href":"https:\/\/ent2d.ac-bordeaux.fr\/disciplines\/musique\/wp-json\/wp\/v2\/pages"}],"about":[{"href":"https:\/\/ent2d.ac-bordeaux.fr\/disciplines\/musique\/wp-json\/wp\/v2\/types\/page"}],"author":[{"embeddable":true,"href":"https:\/\/ent2d.ac-bordeaux.fr\/disciplines\/musique\/wp-json\/wp\/v2\/users\/178"}],"replies":[{"embeddable":true,"href":"https:\/\/ent2d.ac-bordeaux.fr\/disciplines\/musique\/wp-json\/wp\/v2\/comments?post=135"}],"version-history":[{"count":65,"href":"https:\/\/ent2d.ac-bordeaux.fr\/disciplines\/musique\/wp-json\/wp\/v2\/pages\/135\/revisions"}],"predecessor-version":[{"id":3234,"href":"https:\/\/ent2d.ac-bordeaux.fr\/disciplines\/musique\/wp-json\/wp\/v2\/pages\/135\/revisions\/3234"}],"up":[{"embeddable":true,"href":"https:\/\/ent2d.ac-bordeaux.fr\/disciplines\/musique\/wp-json\/wp\/v2\/pages\/33"}],"wp:attachment":[{"href":"https:\/\/ent2d.ac-bordeaux.fr\/disciplines\/musique\/wp-json\/wp\/v2\/media?parent=135"}],"curies":[{"name":"wp","href":"https:\/\/api.w.org\/{rel}","templated":true}]}}