{"id":1290,"date":"2019-12-07T19:13:44","date_gmt":"2019-12-07T18:13:44","guid":{"rendered":"https:\/\/ent2d.ac-bordeaux.fr\/disciplines\/musique\/?page_id=1290"},"modified":"2020-06-05T20:59:15","modified_gmt":"2020-06-05T18:59:15","slug":"edd-leducation-au-developpement-durable","status":"publish","type":"page","link":"https:\/\/ent2d.ac-bordeaux.fr\/disciplines\/musique\/college\/edd-leducation-au-developpement-durable\/","title":{"rendered":"EDD &#8211; L&rsquo;\u00c9ducation au D\u00e9veloppement Durable"},"content":{"rendered":"<hr \/>\n<h2><strong>L&rsquo;\u00c9ducation au D\u00e9veloppement Durable sur Eduscol<\/strong><\/h2>\n<p class=\"justif\">Le d\u00e9veloppement durable est un des d\u00e9fis majeurs du 21\u00e8me si\u00e8cle. Avec la loi de refondation de l&rsquo;\u00e9cole de 2013, cet enseignement transversal fait son entr\u00e9e dans le code de l&rsquo;\u00e9ducation et touche toutes les disciplines, de la maternelle au baccalaur\u00e9at. Acc\u00e9der \u00e0 la <a href=\"https:\/\/www.education.gouv.fr\/cid205\/l-education-au-developpement-durable.html\" target=\"_blank\" rel=\"noopener noreferrer\">page EDD sur Eduscol<\/a>.<\/p>\n<h2><strong>Petits contes des lagunes, un exemple d&rsquo;EDD<\/strong><\/h2>\n<h5 class=\"western\"><strong>\u25ba Pr\u00e9sentation du projet<br \/>\n<\/strong><\/h5>\n<p class=\"justif\">Suscit\u00e9s par la direction de l&rsquo;Environnement du D\u00e9partement des Landes, Les <em>Petits contes des lagunes<\/em> sont le fruit d&rsquo;un travail interdisciplinaire dans lequel il s&rsquo;agissait de \u00ab\u00a0<em>m\u00ealer l&rsquo;environnement \u00e0 la culture et \u00e0 l&rsquo;\u00e9ducation en proposant un projet qui fasse \u00e9crire et illustrer des contes sur les lagunes dans le cadre d&rsquo;un projet \u00e9ducatif\u00a0\u00bb <\/em>(extrait de l&rsquo;avant-propos du recueil, Tome II).<\/p>\n<p class=\"justif\">Plusieurs \u00e9coles \u00e9l\u00e9mentaires et coll\u00e8ges ont r\u00e9pondu \u00e0 cet appel et ont particip\u00e9 \u00e0 l&rsquo;\u00e9laboration de ce recueil.<\/p>\n<ul>\n<li><a href=\"https:\/\/ent2d.ac-bordeaux.fr\/disciplines\/musique\/wp-content\/uploads\/sites\/32\/2019\/12\/2017-RecueilContesLagunesT2.pdf\" target=\"_blank\" rel=\"noopener noreferrer\">T\u00e9l\u00e9charger le livret<\/a><\/li>\n<li class=\"justif\"><a href=\"https:\/\/ent2d.ac-bordeaux.fr\/mediacad\/pr\/media\/display\/page\/1\/sort\/date\/m\/19110\" target=\"_blank\" rel=\"noopener noreferrer\">Visionner le documentaire du CD 40<\/a> sur la restitution de l&rsquo;ouvrage aux \u00e9l\u00e8ves ayant particip\u00e9.<\/li>\n<\/ul>\n<h5 class=\"western\"><strong>\u25ba Des ambiances sonores pour les contes<\/strong><\/h5>\n<p class=\"justif\">Sous l&rsquo;impulsion de leur professeur d&rsquo;\u00c9ducation Musicale, Laurence Goicoechea, les \u00e9l\u00e8ves de 6\u00b0A du Coll\u00e8ge Henri Scognamiglio de Morcenx se sont investis dans la cr\u00e9ation d&rsquo;illustrations sonores de leurs douze contes sous forme de bandes annonce. Ce travail de cr\u00e9ation et de montage a \u00e9t\u00e9 en partie rendu possible par l&rsquo;utilisation des tablettes num\u00e9riques fournies par le D\u00e9partement des Landes. Il a \u00e9t\u00e9 pr\u00e9c\u00e9d\u00e9 d&rsquo;une <a href=\"https:\/\/ent2d.ac-bordeaux.fr\/disciplines\/musique\/wp-content\/uploads\/sites\/32\/2019\/12\/La-repr\u00e9sentation-de-la-nature-en-musique-fiche-prof.doc\" target=\"_blank\" rel=\"noopener noreferrer\">s\u00e9quence de cours sur <em>La repr\u00e9sentation de la nature en musique<\/em><\/a> pendant laquelle les \u00e9l\u00e8ves ont pu notamment travailler sur <em>Sud<\/em> de Jean-Claude Risset, ainsi que sur des jeux d&rsquo;\u00e9coute.<\/p>\n<p class=\"justif\">Le tableau ci-dessous permet d&rsquo;acc\u00e9der \u00e0 chacune de ces bandes annonce.<\/p>\n<p class=\"justif\">Elles ont \u00e9galement fait l&rsquo;objet d&rsquo;une pr\u00e9sentation en audioguide sur <a href=\"https:\/\/www.guidigo.com\/Tour\/France\/Morcenx\/Les-conteurs-de-lagune\/TBnRyJKisb8\" target=\"_blank\" rel=\"noopener noreferrer\">Guidigo<\/a>, dont l&rsquo;application mobile permet une immersion plus compl\u00e8te (il est cependant n\u00e9cessaire de cr\u00e9er un compte -gratuit- pour pouvoir t\u00e9l\u00e9charger la pr\u00e9sentation).<\/p>\n<p>&nbsp;<\/p>\n<table>\n<tbody>\n<tr>\n<td width=\"25%\"><a href=\"https:\/\/vimeo.com\/211531017\" target=\"_blank\" rel=\"noopener noreferrer\"><img loading=\"lazy\" decoding=\"async\" class=\"alignright wp-image-1297 size-full\" src=\"https:\/\/ent2d.ac-bordeaux.fr\/disciplines\/musique\/wp-content\/uploads\/sites\/32\/2019\/12\/lagunes01.jpg\" alt=\"\" width=\"250\" height=\"250\" \/><\/a><\/td>\n<td width=\"25%\"><a href=\"https:\/\/vimeo.com\/211531104\" target=\"_blank\" rel=\"noopener noreferrer\"><img loading=\"lazy\" decoding=\"async\" class=\"alignright wp-image-1298 size-full\" src=\"https:\/\/ent2d.ac-bordeaux.fr\/disciplines\/musique\/wp-content\/uploads\/sites\/32\/2019\/12\/lagunes02.jpg\" alt=\"\" width=\"250\" height=\"250\" \/><\/a><\/td>\n<td width=\"25%\"><a href=\"https:\/\/vimeo.com\/211712366\" target=\"_blank\" rel=\"noopener noreferrer\"><img loading=\"lazy\" decoding=\"async\" class=\"alignright wp-image-1299 size-full\" src=\"https:\/\/ent2d.ac-bordeaux.fr\/disciplines\/musique\/wp-content\/uploads\/sites\/32\/2019\/12\/lagunes03.jpg\" alt=\"\" width=\"250\" height=\"250\" \/><\/a><\/td>\n<td width=\"25%\"><a href=\"https:\/\/vimeo.com\/211712798\" target=\"_blank\" rel=\"noopener noreferrer\"><img loading=\"lazy\" decoding=\"async\" class=\"alignright wp-image-1300 size-full\" src=\"https:\/\/ent2d.ac-bordeaux.fr\/disciplines\/musique\/wp-content\/uploads\/sites\/32\/2019\/12\/lagunes04.jpg\" alt=\"\" width=\"250\" height=\"250\" \/><\/a><\/td>\n<\/tr>\n<tr>\n<td width=\"25%\"><a href=\"https:\/\/vimeo.com\/211531163\" target=\"_blank\" rel=\"noopener noreferrer\"><img loading=\"lazy\" decoding=\"async\" class=\"alignright wp-image-1301 size-full\" src=\"https:\/\/ent2d.ac-bordeaux.fr\/disciplines\/musique\/wp-content\/uploads\/sites\/32\/2019\/12\/lagunes05.jpg\" alt=\"\" width=\"250\" height=\"250\" \/><\/a><\/td>\n<td width=\"25%\"><a href=\"https:\/\/vimeo.com\/211531231\" target=\"_blank\" rel=\"noopener noreferrer\"><img loading=\"lazy\" decoding=\"async\" class=\"alignright wp-image-1302 size-full\" src=\"https:\/\/ent2d.ac-bordeaux.fr\/disciplines\/musique\/wp-content\/uploads\/sites\/32\/2019\/12\/lagunes06.jpg\" alt=\"\" width=\"250\" height=\"250\" \/><\/a><\/td>\n<td width=\"25%\"><a href=\"https:\/\/vimeo.com\/211531244\" target=\"_blank\" rel=\"noopener noreferrer\"><img loading=\"lazy\" decoding=\"async\" class=\"alignright wp-image-1303 size-full\" src=\"https:\/\/ent2d.ac-bordeaux.fr\/disciplines\/musique\/wp-content\/uploads\/sites\/32\/2019\/12\/lagunes07.jpg\" alt=\"\" width=\"250\" height=\"250\" \/><\/a><\/td>\n<td width=\"25%\"><a href=\"https:\/\/vimeo.com\/211531310\" target=\"_blank\" rel=\"noopener noreferrer\"><img loading=\"lazy\" decoding=\"async\" class=\"alignright wp-image-1304 size-full\" src=\"https:\/\/ent2d.ac-bordeaux.fr\/disciplines\/musique\/wp-content\/uploads\/sites\/32\/2019\/12\/lagunes08.jpg\" alt=\"\" width=\"250\" height=\"250\" \/><\/a><\/td>\n<\/tr>\n<tr>\n<td width=\"25%\"><a href=\"https:\/\/vimeo.com\/211531335\" target=\"_blank\" rel=\"noopener noreferrer\"><img loading=\"lazy\" decoding=\"async\" class=\"alignright wp-image-1305 size-full\" src=\"https:\/\/ent2d.ac-bordeaux.fr\/disciplines\/musique\/wp-content\/uploads\/sites\/32\/2019\/12\/lagunes09.jpg\" alt=\"\" width=\"250\" height=\"250\" \/><\/a><\/td>\n<td width=\"25%\"><a href=\"https:\/\/vimeo.com\/211531403\" target=\"_blank\" rel=\"noopener noreferrer\"><img loading=\"lazy\" decoding=\"async\" class=\"alignright wp-image-1306 size-full\" src=\"https:\/\/ent2d.ac-bordeaux.fr\/disciplines\/musique\/wp-content\/uploads\/sites\/32\/2019\/12\/lagunes10.jpg\" alt=\"\" width=\"250\" height=\"250\" \/><\/a><\/td>\n<td width=\"25%\"><a href=\"https:\/\/vimeo.com\/211532048\" target=\"_blank\" rel=\"noopener noreferrer\"><img loading=\"lazy\" decoding=\"async\" class=\"alignright wp-image-1307 size-full\" src=\"https:\/\/ent2d.ac-bordeaux.fr\/disciplines\/musique\/wp-content\/uploads\/sites\/32\/2019\/12\/lagunes11.jpg\" alt=\"\" width=\"250\" height=\"250\" \/><\/a><\/td>\n<td width=\"25%\"><a href=\"https:\/\/vimeo.com\/211532023\" target=\"_blank\" rel=\"noopener noreferrer\"><img loading=\"lazy\" decoding=\"async\" class=\"alignright wp-image-1308 size-full\" src=\"https:\/\/ent2d.ac-bordeaux.fr\/disciplines\/musique\/wp-content\/uploads\/sites\/32\/2019\/12\/lagunes12.jpg\" alt=\"\" width=\"250\" height=\"250\" \/><\/a><\/td>\n<\/tr>\n<\/tbody>\n<\/table>\n<p>&nbsp;<\/p>\n<hr \/>\n","protected":false},"excerpt":{"rendered":"<h2>L&rsquo;\u00c9ducation au D\u00e9veloppement Durable sur Eduscol<\/h2>\n<p class=\"justif\">Le d\u00e9veloppement durable est un des d\u00e9fis majeurs du 21\u00e8me si\u00e8cle. Avec la loi de refondation de l&rsquo;\u00e9cole de 2013, cet enseignement transversal fait son entr\u00e9e dans le code de l&rsquo;\u00e9ducation et touche toutes les disciplines, de la maternelle au baccalaur\u00e9at. Acc\u00e9der \u00e0 la page EDD sur Eduscol.<\/p>\n<p> &hellip; <\/p>\n<p><a class=\"more-link block-button\" href=\"https:\/\/ent2d.ac-bordeaux.fr\/disciplines\/musique\/college\/edd-leducation-au-developpement-durable\/\">Lire la Suite &raquo;<\/a><\/p>\n","protected":false},"author":178,"featured_media":0,"parent":27,"menu_order":4,"comment_status":"closed","ping_status":"closed","template":"","meta":{"footnotes":""},"class_list":["post-1290","page","type-page","status-publish","hentry","nodate"],"_links":{"self":[{"href":"https:\/\/ent2d.ac-bordeaux.fr\/disciplines\/musique\/wp-json\/wp\/v2\/pages\/1290","targetHints":{"allow":["GET"]}}],"collection":[{"href":"https:\/\/ent2d.ac-bordeaux.fr\/disciplines\/musique\/wp-json\/wp\/v2\/pages"}],"about":[{"href":"https:\/\/ent2d.ac-bordeaux.fr\/disciplines\/musique\/wp-json\/wp\/v2\/types\/page"}],"author":[{"embeddable":true,"href":"https:\/\/ent2d.ac-bordeaux.fr\/disciplines\/musique\/wp-json\/wp\/v2\/users\/178"}],"replies":[{"embeddable":true,"href":"https:\/\/ent2d.ac-bordeaux.fr\/disciplines\/musique\/wp-json\/wp\/v2\/comments?post=1290"}],"version-history":[{"count":17,"href":"https:\/\/ent2d.ac-bordeaux.fr\/disciplines\/musique\/wp-json\/wp\/v2\/pages\/1290\/revisions"}],"predecessor-version":[{"id":1560,"href":"https:\/\/ent2d.ac-bordeaux.fr\/disciplines\/musique\/wp-json\/wp\/v2\/pages\/1290\/revisions\/1560"}],"up":[{"embeddable":true,"href":"https:\/\/ent2d.ac-bordeaux.fr\/disciplines\/musique\/wp-json\/wp\/v2\/pages\/27"}],"wp:attachment":[{"href":"https:\/\/ent2d.ac-bordeaux.fr\/disciplines\/musique\/wp-json\/wp\/v2\/media?parent=1290"}],"curies":[{"name":"wp","href":"https:\/\/api.w.org\/{rel}","templated":true}]}}