{"id":1259,"date":"2019-11-24T16:09:42","date_gmt":"2019-11-24T15:09:42","guid":{"rendered":"https:\/\/ent2d.ac-bordeaux.fr\/disciplines\/musique\/?page_id=1259"},"modified":"2020-04-28T18:11:09","modified_gmt":"2020-04-28T16:11:09","slug":"seminaire-ian-2019","status":"publish","type":"page","link":"https:\/\/ent2d.ac-bordeaux.fr\/disciplines\/musique\/usages-du-numerique\/seminaire-ian-2019\/","title":{"rendered":"S\u00e9minaire IAN 2019"},"content":{"rendered":"<hr \/>\n<h2><strong>S\u00e9minaire national des professeurs Interlocuteurs Acad\u00e9miques Num\u00e9rique (IAN) en \u00c9ducation musicale et chant choral<\/strong><\/h2>\n<h5>Acad\u00e9mie de Bordeaux \u2013 Jeudi 28 et vendredi 29 novembre 2019<\/h5>\n<p class=\"justif\">Cette ann\u00e9e, le s\u00e9minaire est organis\u00e9 dans l\u2019acad\u00e9mie de Bordeaux\u00a0; il se d\u00e9roulera au lyc\u00e9e Montaigne \u00e0 Bordeaux, lieu \u00e0 la fois central et symbole d\u2019excellence des arts et des lettres.<br \/>\n\u00c0 l\u2019\u00e9chelle nationale, ce temps sur deux jours consistera dans le partage des travaux p\u00e9dagogiques avec usages du num\u00e9rique au cours des apprentissages des \u00e9l\u00e8ves dans la discipline.<br \/>\nCe s\u00e9minaire verra la pr\u00e9sence de\u00a0:<\/p>\n<ul>\n<li>M. Vincent Maestracci, Inspecteur G\u00e9n\u00e9ral Education Sport Recherche (IGESR)<\/li>\n<li class=\"justif\">M. Lionel Delsaux, r\u00e9f\u00e9rent acad\u00e9mique Ressources num\u00e9riques \u00e0 la D\u00e9l\u00e9gation acad\u00e9mique au num\u00e9rique \u00e9ducatif (DANE) de l\u2019acad\u00e9mie de Bordeaux, repr\u00e9sentant M. S\u00e9bastien Gouleau (DAN)<\/li>\n<li class=\"justif\">M. Jean-Marie Caniard, Inspecteur d\u2019acad\u00e9mie &#8211; Inspecteur P\u00e9dagogique R\u00e9gional (IA-IPR)<\/li>\n<\/ul>\n<p class=\"justif\">Plusieurs coll\u00e8gues de notre acad\u00e9mie sont invit\u00e9s \u00e0 participer et \u00e0 intervenir lors de ce s\u00e9minaire\u00a0:<\/p>\n<ul>\n<li class=\"justif\">M. Philippe Guillem, m\u00e9diateur num\u00e9rique et ma\u00eetre formateur en Education Musicale &#8211; Atelier Canop\u00e9 33 de M\u00e9rignac<\/li>\n<li class=\"justif\">M. Eric Boisumeau, conseiller acad\u00e9mique pour les arts et la culture en charge de la musique, du patrimoine et des mus\u00e9es (DAAC du rectorat)<\/li>\n<li class=\"justif\">M. Guillaume Vallet, formateur disciplinaire et professeur d\u2019Education musicale et chant choral au coll\u00e8ge Ducos du Hauron \u00e0 Agen<\/li>\n<li class=\"justif\">M. R\u00e9mi Mass\u00e9, Interlocuteur Acad\u00e9mique Num\u00e9rique (IAN) en Education musicale et chant choral dans l\u2019acad\u00e9mie de Bordeaux, professeur au coll\u00e8ge Jean Monnet \u00e0 Lalinde<\/li>\n<li class=\"justif\">D\u2019autres professeurs d\u2019Education musicale et chant choral de notre acad\u00e9mie qui pourront t\u00e9moigner de leurs pratiques et de leurs projets avec les \u00e9l\u00e8ves.<\/li>\n<\/ul>\n<p class=\"justif\">Au programme de ces journ\u00e9es\u00a0: partages, cr\u00e9ations de s\u00e9quences, ing\u00e9nieries p\u00e9dagogiques pendant deux jours pleins.<\/p>\n<p>Merci pour vos envois de s\u00e9quences p\u00e9dagogiques qui seront pr\u00e9sent\u00e9es. Un r\u00e9sum\u00e9 de ces deux journ\u00e9es sera post\u00e9 sur le site acad\u00e9mique.<\/p>\n<p>R\u00e9mi Mass\u00e9<br \/>\nInterlocuteur Acad\u00e9mique Num\u00e9rique pour l\u2019\u00c9ducation Musicale, acad\u00e9mie de Bordeaux<\/p>\n<h2><strong>Infos pratiques<\/strong><\/h2>\n<h5>La mission des IAN<\/h5>\n<p class=\"justif\">Pour en savoir davantage sur la mission des IAN : consulter le site <a href=\"https:\/\/eduscol.education.fr\/education-musicale\/enseigner\/ressources-et-usages-numeriques\/developpement-des-pratiques-en-academie\/le-reseau-national-des-ian.html\" target=\"_blank\" rel=\"noopener noreferrer\">Eduscol<\/a>.<\/p>\n<h5>Lieu &#8211; Horaires<\/h5>\n<p class=\"justif\">Lyc\u00e9e G\u00e9n\u00e9ral Michel Montaigne &#8211; 226, rue Sainte Catherine &#8211; 33075 Bordeaux<br \/>\njeudi 28 novembre : 10h \u25ba 17h ; vendredi 29 novembre : 9h30 \u25ba 17h<\/p>\n<h5>Se situer &#8211; stationner<\/h5>\n<p class=\"justif\"><a href=\"https:\/\/www.google.com\/maps\/place\/Lyc%C3%A9e+Michel+de+Montaigne\/@44.8338353,-0.5703991,15.25z\/data=!4m5!3m4!1s0x0:0x7ae4afc593f967d1!8m2!3d44.8347754!4d-0.5719808\" target=\"_blank\" rel=\"noopener noreferrer\">Lyc\u00e9e Montaigne<\/a> \u00e0 Bordeaux.<br \/>\nLes <a href=\"https:\/\/www.google.com\/search?safe=strict&amp;client=firefox-b-d&amp;sxsrf=ACYBGNRasi4-Jk79neCMeukHQmpJedEdMw:1574611636921&amp;q=parkings+cours+pr%C3%A8s+du+lyc%C3%A9e+montaigne+bordeaux&amp;npsic=0&amp;rflfq=1&amp;rlha=0&amp;rllag=44832547,-572481,363&amp;tbm=lcl&amp;ved=2ahUKEwjwlJy6nYPmAhWR8uAKHRHGBFoQtgN6BAgLEAQ&amp;tbs=lrf:!1m4!1u3!2m2!3m1!1e1!2m1!1e3!3sIAE,lf:1,lf_ui:3&amp;rldoc=1#rlfi=hd:;si:;mv:[[44.836849738055854,-0.5651592028411869],[44.83167606283707,-0.5778192293914799],null,[44.83426295850595,-0.5714892161163334],17]\" target=\"_blank\" rel=\"noopener noreferrer\">parkings<\/a> de proximit\u00e9.<br \/>\nEn <a href=\"https:\/\/www.infotbm.com\/sites\/default\/files\/medias\/fichiers\/2019-06\/GD_PLAN_TRAM_DEC2018_HD.pdf\" target=\"_blank\" rel=\"noopener noreferrer\">TRAM<\/a> depuis la Gare Saint Jean : Ligne C, jusqu&rsquo;\u00e0 \u00ab\u00a0Porte de Bourgogne\u00a0\u00bb, puis Ligne A (descendre \u00e0 \u00ab\u00a0Sainte Catherine\u00a0\u00bb).<\/p>\n<p>&nbsp;<\/p>\n","protected":false},"excerpt":{"rendered":"<h2>S\u00e9minaire national des professeurs Interlocuteurs Acad\u00e9miques Num\u00e9rique (IAN) en \u00c9ducation musicale et chant choral<\/h2>\n<h5>Acad\u00e9mie de Bordeaux \u2013 Jeudi 28 et vendredi 29 novembre 2019<\/h5>\n<p class=\"justif\">Cette ann\u00e9e, le s\u00e9minaire est organis\u00e9 dans l\u2019acad\u00e9mie de Bordeaux\u00a0; il se d\u00e9roulera au lyc\u00e9e Montaigne \u00e0 Bordeaux, lieu \u00e0 la fois central et symbole d\u2019excellence des arts et &hellip; <\/p>\n<p><a class=\"more-link block-button\" href=\"https:\/\/ent2d.ac-bordeaux.fr\/disciplines\/musique\/usages-du-numerique\/seminaire-ian-2019\/\">Lire la Suite &raquo;<\/a><\/p>\n","protected":false},"author":178,"featured_media":0,"parent":31,"menu_order":1,"comment_status":"closed","ping_status":"closed","template":"","meta":{"footnotes":""},"class_list":["post-1259","page","type-page","status-publish","hentry","nodate"],"_links":{"self":[{"href":"https:\/\/ent2d.ac-bordeaux.fr\/disciplines\/musique\/wp-json\/wp\/v2\/pages\/1259","targetHints":{"allow":["GET"]}}],"collection":[{"href":"https:\/\/ent2d.ac-bordeaux.fr\/disciplines\/musique\/wp-json\/wp\/v2\/pages"}],"about":[{"href":"https:\/\/ent2d.ac-bordeaux.fr\/disciplines\/musique\/wp-json\/wp\/v2\/types\/page"}],"author":[{"embeddable":true,"href":"https:\/\/ent2d.ac-bordeaux.fr\/disciplines\/musique\/wp-json\/wp\/v2\/users\/178"}],"replies":[{"embeddable":true,"href":"https:\/\/ent2d.ac-bordeaux.fr\/disciplines\/musique\/wp-json\/wp\/v2\/comments?post=1259"}],"version-history":[{"count":21,"href":"https:\/\/ent2d.ac-bordeaux.fr\/disciplines\/musique\/wp-json\/wp\/v2\/pages\/1259\/revisions"}],"predecessor-version":[{"id":1283,"href":"https:\/\/ent2d.ac-bordeaux.fr\/disciplines\/musique\/wp-json\/wp\/v2\/pages\/1259\/revisions\/1283"}],"up":[{"embeddable":true,"href":"https:\/\/ent2d.ac-bordeaux.fr\/disciplines\/musique\/wp-json\/wp\/v2\/pages\/31"}],"wp:attachment":[{"href":"https:\/\/ent2d.ac-bordeaux.fr\/disciplines\/musique\/wp-json\/wp\/v2\/media?parent=1259"}],"curies":[{"name":"wp","href":"https:\/\/api.w.org\/{rel}","templated":true}]}}