{"id":383,"date":"2016-06-21T18:46:22","date_gmt":"2016-06-21T16:46:22","guid":{"rendered":"https:\/\/ent2d.ac-bordeaux.fr\/disciplines\/maths-sciences\/?page_id=383"},"modified":"2016-07-17T11:44:22","modified_gmt":"2016-07-17T09:44:22","slug":"pages-securisees","status":"publish","type":"page","link":"https:\/\/ent2d.ac-bordeaux.fr\/disciplines\/maths-sciences\/pages-securisees\/","title":{"rendered":"Pages s\u00e9curis\u00e9es"},"content":{"rendered":"<p>&nbsp;<\/p>\n<p>&nbsp;<\/p>\n<h6 style=\"text-align: center\"><a href=\"https:\/\/ent2d.ac-bordeaux.fr\/disciplines\/maths-sciences\/pages-securisees\/pages-securisees-2\/\">Acc\u00e9der aux pages s\u00e9curis\u00e9es<\/a><\/h6>\n<p>&nbsp;<\/p>\n<p>&nbsp;<\/p>\n<p style=\"text-align: center\">Ces pages sont r\u00e9serv\u00e9 aux personnels de l&rsquo;acad\u00e9mie de bordeaux.<\/p>\n<p style=\"text-align: center\">Pour obtenir un acc\u00e8s \u00e0 ces pages, merci de contacter l&rsquo;administrateur de ce site :<\/p>\n<p style=\"text-align: center\"><a href=\"mailto:vincent.samuel@ac-bordeaux.fr\">vincent.samuel@ac-bordeaux.fr<\/a><\/p>\n<p style=\"text-align: center\">Seules les demandes qui proviennent d&rsquo;une adresse se terminant par \u00ab\u00a0@ac-bordeaux.fr\u00a0\u00bb seront prises en compte.<\/p>\n<p>&nbsp;<\/p>\n","protected":false},"excerpt":{"rendered":"<p>&nbsp; &nbsp; Acc\u00e9der aux pages s\u00e9curis\u00e9es &nbsp; &nbsp; Ces pages sont r\u00e9serv\u00e9 aux personnels de l&rsquo;acad\u00e9mie de bordeaux. Pour obtenir<\/p>\n","protected":false},"author":43,"featured_media":0,"parent":0,"menu_order":0,"comment_status":"closed","ping_status":"closed","template":"","meta":{"_bbp_topic_count":0,"_bbp_reply_count":0,"_bbp_total_topic_count":0,"_bbp_total_reply_count":0,"_bbp_voice_count":0,"_bbp_anonymous_reply_count":0,"_bbp_topic_count_hidden":0,"_bbp_reply_count_hidden":0,"_bbp_forum_subforum_count":0,"footnotes":""},"class_list":["post-383","page","type-page","status-publish","hentry"],"_links":{"self":[{"href":"https:\/\/ent2d.ac-bordeaux.fr\/disciplines\/maths-sciences\/wp-json\/wp\/v2\/pages\/383","targetHints":{"allow":["GET"]}}],"collection":[{"href":"https:\/\/ent2d.ac-bordeaux.fr\/disciplines\/maths-sciences\/wp-json\/wp\/v2\/pages"}],"about":[{"href":"https:\/\/ent2d.ac-bordeaux.fr\/disciplines\/maths-sciences\/wp-json\/wp\/v2\/types\/page"}],"author":[{"embeddable":true,"href":"https:\/\/ent2d.ac-bordeaux.fr\/disciplines\/maths-sciences\/wp-json\/wp\/v2\/users\/43"}],"replies":[{"embeddable":true,"href":"https:\/\/ent2d.ac-bordeaux.fr\/disciplines\/maths-sciences\/wp-json\/wp\/v2\/comments?post=383"}],"version-history":[{"count":10,"href":"https:\/\/ent2d.ac-bordeaux.fr\/disciplines\/maths-sciences\/wp-json\/wp\/v2\/pages\/383\/revisions"}],"predecessor-version":[{"id":1191,"href":"https:\/\/ent2d.ac-bordeaux.fr\/disciplines\/maths-sciences\/wp-json\/wp\/v2\/pages\/383\/revisions\/1191"}],"wp:attachment":[{"href":"https:\/\/ent2d.ac-bordeaux.fr\/disciplines\/maths-sciences\/wp-json\/wp\/v2\/media?parent=383"}],"curies":[{"name":"wp","href":"https:\/\/api.w.org\/{rel}","templated":true}]}}