{"id":1096,"date":"2016-07-16T10:03:26","date_gmt":"2016-07-16T08:03:26","guid":{"rendered":"https:\/\/ent2d.ac-bordeaux.fr\/disciplines\/maths-sciences\/?page_id=1096"},"modified":"2016-07-21T09:46:45","modified_gmt":"2016-07-21T07:46:45","slug":"sites-institutionnels","status":"publish","type":"page","link":"https:\/\/ent2d.ac-bordeaux.fr\/disciplines\/maths-sciences\/sites-institutionnels\/","title":{"rendered":"Sites institutionnels et ressources"},"content":{"rendered":"<h5><\/h5>\n<h6><span style=\"text-decoration: underline;color: #003366\"><strong>Les textes officiels<\/strong><\/span><\/h6>\n<p><a href=\"http:\/\/www.education.gouv.fr\/\" target=\"_blank\">Minist\u00e8re de l&rsquo;\u00e9ducation nationale<br \/>\n<\/a><a href=\"http:\/\/www.education.gouv.fr\/pid285\/le-bulletin-officiel.html\" target=\"_blank\">BO (Bulletin Officiel de l&rsquo;\u00e9ducation national)<\/a><a href=\"http:\/\/www.education.gouv.fr\/\" target=\"_blank\"><br \/>\n<\/a><a href=\"http:\/\/eduscol.education.fr\/\" target=\"_blank\">Eduscol<\/a><\/p>\n<h6><span style=\"color: #003366\"><strong><span style=\"text-decoration: underline\">Des ressources pour enseigner<\/span><\/strong><\/span><\/h6>\n<p><a href=\"https:\/\/www.reseau-canope.fr\/\" target=\"_blank\">R\u00e9seau Canop\u00e9<\/a>\u00a0:\u00a0Le r\u00e9seau de cr\u00e9ation et d&rsquo;accompagnement p\u00e9dagogiques<br \/>\n<a href=\"http:\/\/www.educasources.education.fr\/\">Educasources<\/a>\u00a0: S\u00e9lection de ressources num\u00e9riques en ligne pour les enseignants<\/p>\n<p><a href=\"http:\/\/culturemath.ens.fr\/\" target=\"_blank\">CultureMATH<\/a> :\u00a0Site de ressources math\u00e9matiques pour les enseignants<br \/>\n<a href=\"http:\/\/serge.mehl.free.fr\/\" target=\"_blank\">Chronomath<\/a> :\u00a0<span class=\"forumdesc\">Histoire des math\u00e9matiques<br \/>\n<\/span><a href=\"http:\/\/www.apmep.fr\/\" target=\"_blank\">APMEP<\/a> :\u00a0Association des Professeurs de Math\u00e9matiques de l&rsquo;Enseignement Public<\/p>\n<p><a href=\"http:\/\/www.sesamath.net\/\" target=\"_blank\">Sesamath<\/a> : Les math\u00e9matiques pour tous<br \/>\n<a href=\"http:\/\/maths-sciences.fr\/index.php\" target=\"_blank\">Maths-Sciences.fr<\/a> : De nombreuses productions\u00a0en maths et sciences<\/p>\n<p><a href=\"http:\/\/carredas.free.fr\/\" target=\"_blank\">Math&rsquo;Muse<\/a> :\u00a0Math\u00e9matiques amusantes, \u00e9nigmes&#8230;<br \/>\n<a href=\"http:\/\/www.chatbleu.com\/\" target=\"_blank\">Chat bleu<\/a> :\u00a0Niveau coll\u00e8ge, nombreuses applets Java<\/p>\n<p><a href=\"http:\/\/matoumatheux.ac-rennes.fr\/\" target=\"_blank\">Le Matou Matheux<\/a> : Exercices interactifs et animations en maths du CP \u00e0 la seconde<\/p>\n<p><a href=\"http:\/\/www.walter-fendt.de\/html5\/phfr\/\" target=\"_blank\">Walter Fendt<\/a> : Nombreuses applets Java de sciences<br \/>\n<a href=\"http:\/\/phys.free.fr\/\" target=\"_blank\">La physique c&rsquo;est fantastique<\/a> :\u00a0Site interactif de physique et de chimie<\/p>\n<h6><strong><span style=\"text-decoration: underline\"><span style=\"color: #003366;text-decoration: underline\">P\u00e9dagogie<\/span><\/span><\/strong><\/h6>\n<p><a href=\"http:\/\/www.cafepedagogique.net\/\" target=\"_blank\">Le caf\u00e9 p\u00e9dagogique<\/a> : Toute l&rsquo;actualit\u00e9 p\u00e9dagogique sur internet.<a href=\"http:\/\/francois.muller.free.fr\/diversifier\/\" target=\"_blank\"><br \/>\nDiversifier<\/a> : Un site d&rsquo;auto-formation p\u00e9dagogique en ligne, d\u00e9velopp\u00e9 \u00e0 partir des travaux d&rsquo;Andr\u00e9 de Peretti<br \/>\n<a href=\"http:\/\/mclcm.free.fr\/\">La constante macabre, l&rsquo;\u00e9valuation par contrat de confiance<\/a> : Travaux d&rsquo;Andr\u00e9 Antibi sur l&rsquo;\u00e9valuation<br \/>\n<a href=\"http:\/\/www.cndp.fr\/tenue-de-classe\/\" target=\"_blank\">Tenue de classe<\/a> : La classe c\u00f4t\u00e9 professeur<br \/>\n<a href=\"http:\/\/www.cemea.asso.fr\/\" target=\"_blank\">CEMEA<\/a> : Centre d&rsquo;Entra\u00eenement aux M\u00e9thodes d&rsquo;Education Active.<\/p>\n<h6><span style=\"color: #000080\"><strong><span style=\"text-decoration: underline\">Outils<\/span><\/strong><\/span><\/h6>\n<p><a href=\"https:\/\/www.geogebra.org\/\" target=\"_blank\">GeoGebra.org<\/a> : Le c\u00e9l\u00e8bre logiciel de g\u00e9om\u00e9trie dynamique&#8230; Grapheur et tableur<br \/>\n<a href=\"http:\/\/www.dmaths.org\/\" target=\"_blank\">Dmath<\/a> :\u00a0Editeur d&rsquo;\u00e9quation gratuit pour Open Office<\/p>\n<h6><span style=\"color: #000080\"><strong><span style=\"text-decoration: underline\">S\u00e9curit\u00e9<\/span><\/strong><\/span><\/h6>\n<p class=\"titre_h1_ie6\"><a href=\"http:\/\/ons.education.gouv.fr\" target=\"_blank\">http:\/\/ons.education.gouv.fr<\/a> : L&rsquo;observatoire national de la s\u00e9curit\u00e9 et de l&rsquo;accessibilit\u00e9 des \u00e9tablissements d&rsquo;enseignement<br \/>\n<a href=\"http:\/\/www.inrs.fr\/inrs-pub\/inrs01.nsf\/IntranetObject-accesParReference\/INRS-FR\/$FILE\/fset.html\" target=\"_blank\">INRS<\/a> : Etiquetage des produits chimiques dangereux<\/p>\n<h6 class=\"titre_h1_ie6\"><span style=\"color: #000080\"><strong><span style=\"text-decoration: underline\">Revues et ouvrages scientifiques<\/span><\/strong><\/span><\/h6>\n<p><a href=\"http:\/\/www.tangente-mag.com\/\" target=\"_blank\">Tangente<\/a> :\u00a04 n\u00b0 par an + 4 suppl\u00e9ments \u00a0\u00bb \u00e9ducation \u00ab\u00a0, TANGENTE Jeux : 4 n\u00b0 par an<br \/>\n<a href=\"http:\/\/www.cosinus-mag.com\/\" target=\"_blank\">Cosinus<\/a> :\u00a0Rendre les math\u00e9matiques attrayantes et de montrer leur utilit\u00e9 dans la vie courante&#8230;<br \/>\n<a href=\"http:\/\/www.librairiedesmaths.com\/\" target=\"_blank\">Librairie des maths<\/a> :\u00a0<span style=\"color: #000000\">premi\u00e8re librairie en ligne sp\u00e9cialis\u00e9e dans les math\u00e9matique<br \/>\n<a href=\"http:\/\/www.labosvj.fr\/\" target=\"_blank\">Sciences et vie Junior<\/a> :\u00a04 n\u00b0 par an, des n\u00b0 hors s\u00e9rie, Histoire, BD, d\u00e9coupage, jeux, curiosit\u00e9s&#8230;<br \/>\n<\/span><a href=\"http:\/\/www.cahiers-pedagogiques.com\/\" target=\"_blank\">Les cahiers p\u00e9dagogiques<\/a> : couvrent les champs de l&rsquo;\u00e9ducation, de l&rsquo;enseignement&#8230;<\/p>\n<p class=\"titre_h1_ie6\">\n","protected":false},"excerpt":{"rendered":"<p>Les textes officiels Minist\u00e8re de l&rsquo;\u00e9ducation nationale BO (Bulletin Officiel de l&rsquo;\u00e9ducation national) Eduscol Des ressources pour enseigner R\u00e9seau Canop\u00e9\u00a0:\u00a0Le<\/p>\n","protected":false},"author":43,"featured_media":0,"parent":0,"menu_order":0,"comment_status":"closed","ping_status":"closed","template":"","meta":{"_bbp_topic_count":0,"_bbp_reply_count":0,"_bbp_total_topic_count":0,"_bbp_total_reply_count":0,"_bbp_voice_count":0,"_bbp_anonymous_reply_count":0,"_bbp_topic_count_hidden":0,"_bbp_reply_count_hidden":0,"_bbp_forum_subforum_count":0,"footnotes":""},"class_list":["post-1096","page","type-page","status-publish","hentry"],"_links":{"self":[{"href":"https:\/\/ent2d.ac-bordeaux.fr\/disciplines\/maths-sciences\/wp-json\/wp\/v2\/pages\/1096","targetHints":{"allow":["GET"]}}],"collection":[{"href":"https:\/\/ent2d.ac-bordeaux.fr\/disciplines\/maths-sciences\/wp-json\/wp\/v2\/pages"}],"about":[{"href":"https:\/\/ent2d.ac-bordeaux.fr\/disciplines\/maths-sciences\/wp-json\/wp\/v2\/types\/page"}],"author":[{"embeddable":true,"href":"https:\/\/ent2d.ac-bordeaux.fr\/disciplines\/maths-sciences\/wp-json\/wp\/v2\/users\/43"}],"replies":[{"embeddable":true,"href":"https:\/\/ent2d.ac-bordeaux.fr\/disciplines\/maths-sciences\/wp-json\/wp\/v2\/comments?post=1096"}],"version-history":[{"count":27,"href":"https:\/\/ent2d.ac-bordeaux.fr\/disciplines\/maths-sciences\/wp-json\/wp\/v2\/pages\/1096\/revisions"}],"predecessor-version":[{"id":1529,"href":"https:\/\/ent2d.ac-bordeaux.fr\/disciplines\/maths-sciences\/wp-json\/wp\/v2\/pages\/1096\/revisions\/1529"}],"wp:attachment":[{"href":"https:\/\/ent2d.ac-bordeaux.fr\/disciplines\/maths-sciences\/wp-json\/wp\/v2\/media?parent=1096"}],"curies":[{"name":"wp","href":"https:\/\/api.w.org\/{rel}","templated":true}]}}