{"id":84,"date":"2016-04-19T10:28:38","date_gmt":"2016-04-19T09:28:38","guid":{"rendered":"https:\/\/ent2d.ac-bordeaux.fr\/disciplines\/mathematiques\/?page_id=84"},"modified":"2023-06-07T13:34:26","modified_gmt":"2023-06-07T12:34:26","slug":"bienvenue-sur-la-page-mathematiques-de-lacademie-de-bordeaux","status":"publish","type":"page","link":"https:\/\/ent2d.ac-bordeaux.fr\/disciplines\/mathematiques\/","title":{"rendered":"Bienvenue"},"content":{"rendered":"<p><strong>Vous trouverez sur ce site acad\u00e9mique de math\u00e9matiques des informations et ressources\u00a0 s\u00e9lectionn\u00e9es par <a href=\"https:\/\/ent2d.ac-bordeaux.fr\/disciplines\/mathematiques\/linspection-de-mathematiques\/\">les IA-IPR de l&#8217;acad\u00e9mie de Bordeaux<\/a> \u00e0 destination des enseignants.<\/strong><\/p>\n","protected":false},"excerpt":{"rendered":"<p>Vous trouverez sur ce site acad\u00e9mique de math\u00e9matiques des informations et ressources\u00a0 s\u00e9lectionn\u00e9es par les IA-IPR de l&#8217;acad\u00e9mie de Bordeaux \u00e0 destination des enseignants.<\/p>\n","protected":false},"author":5,"featured_media":0,"parent":0,"menu_order":0,"comment_status":"closed","ping_status":"closed","template":"","meta":{"_bbp_topic_count":0,"_bbp_reply_count":0,"_bbp_total_topic_count":0,"_bbp_total_reply_count":0,"_bbp_voice_count":0,"_bbp_anonymous_reply_count":0,"_bbp_topic_count_hidden":0,"_bbp_reply_count_hidden":0,"_bbp_forum_subforum_count":0,"footnotes":""},"class_list":["post-84","page","type-page","status-publish","hentry","nodate","item-wrap"],"_links":{"self":[{"href":"https:\/\/ent2d.ac-bordeaux.fr\/disciplines\/mathematiques\/wp-json\/wp\/v2\/pages\/84","targetHints":{"allow":["GET"]}}],"collection":[{"href":"https:\/\/ent2d.ac-bordeaux.fr\/disciplines\/mathematiques\/wp-json\/wp\/v2\/pages"}],"about":[{"href":"https:\/\/ent2d.ac-bordeaux.fr\/disciplines\/mathematiques\/wp-json\/wp\/v2\/types\/page"}],"author":[{"embeddable":true,"href":"https:\/\/ent2d.ac-bordeaux.fr\/disciplines\/mathematiques\/wp-json\/wp\/v2\/users\/5"}],"replies":[{"embeddable":true,"href":"https:\/\/ent2d.ac-bordeaux.fr\/disciplines\/mathematiques\/wp-json\/wp\/v2\/comments?post=84"}],"version-history":[{"count":58,"href":"https:\/\/ent2d.ac-bordeaux.fr\/disciplines\/mathematiques\/wp-json\/wp\/v2\/pages\/84\/revisions"}],"predecessor-version":[{"id":8286,"href":"https:\/\/ent2d.ac-bordeaux.fr\/disciplines\/mathematiques\/wp-json\/wp\/v2\/pages\/84\/revisions\/8286"}],"wp:attachment":[{"href":"https:\/\/ent2d.ac-bordeaux.fr\/disciplines\/mathematiques\/wp-json\/wp\/v2\/media?parent=84"}],"curies":[{"name":"wp","href":"https:\/\/api.w.org\/{rel}","templated":true}]}}