{"id":8277,"date":"2023-06-07T13:24:39","date_gmt":"2023-06-07T12:24:39","guid":{"rendered":"https:\/\/ent2d.ac-bordeaux.fr\/disciplines\/mathematiques\/?page_id=8277"},"modified":"2025-10-01T16:14:30","modified_gmt":"2025-10-01T15:14:30","slug":"linspection-de-mathematiques","status":"publish","type":"page","link":"https:\/\/ent2d.ac-bordeaux.fr\/disciplines\/mathematiques\/linspection-de-mathematiques\/","title":{"rendered":"L&#8217;inspection p\u00e9dagogique r\u00e9gionale de math\u00e9matiques"},"content":{"rendered":"\n<ul class=\"wp-block-list\">\n<li><a href=\"mailto:ce.ipr@ac-bordeaux.fr\">Secr\u00e9tariat des corps d\u2019inspection<\/a><\/li>\n\n\n\n<li><strong>Inspectrice g\u00e9n\u00e9rale en responsabilit\u00e9 dans l\u2019acad\u00e9mie<\/strong> : <a href=\"mailto:isabelle.moutoussamy@igesr.gouv.fr\">Isabelle MOUTOUSSAMY<\/a><\/li>\n\n\n\n<li><strong>Inspecteurs d\u2019acad\u00e9mie \u2013 inspecteurs p\u00e9dagogiques r\u00e9gionaux<\/strong> :<\/li>\n<\/ul>\n\n\n\n<p><\/p>\n\n\n\n<figure class=\"wp-block-table\"><table><tbody><tr><td><a href=\"mailto:Felanzino.Augusto@ac-bordeaux.fr\">F\u00e9lanzino AUGUSTO<\/a><\/td><td><a href=\"mailto:christophe.barnet@ac-bordeaux.fr\">Christophe BARNET<\/a><\/td><td><a href=\"mailto:agnes.duranthon@ac-bordeaux.fr\">Agn\u00e8s DURANTHON<\/a><\/td><\/tr><tr><td><a href=\"mailto:Philippe.Janvier@ac-bordeaux.fr\">Philippe JANVIER<\/a><\/td><td><a href=\"mailto:Francis.Petit@ac-bordeaux.fr\">Francis PETIT<\/a><\/td><td><a href=\"mailto:marion.robertou@ac-bordeaux.fr\">Marion ROBERTOU<\/a><\/td><\/tr><\/tbody><\/table><\/figure>\n\n\n\n<p><\/p>\n\n\n\n<ul class=\"wp-block-list\">\n<li><strong>Faisant-fonction IA-IPR<\/strong><\/li>\n<\/ul>\n\n\n\n<figure class=\"wp-block-table\"><table><tbody><tr><td><a href=\"mailto:agnes.villattes@ac-bordeaux.fr\">Agn\u00e8s VILLATTES<\/a><\/td><\/tr><\/tbody><\/table><\/figure>\n\n\n\n<ul class=\"wp-block-list\">\n<li><strong>Charg\u00e9s de mission d&#8217;inspection<\/strong><\/li>\n<\/ul>\n\n\n\n<figure class=\"wp-block-table\"><table><tbody><tr><td><a href=\"mailto:Christophe.Bauzet@ac-bordeaux.fr\">Christophe BAUZET<\/a> <\/td><td><a href=\"mailto:Helene.Da-Silva@ac-bordeaux.fr\">Helena BERGER<\/a><\/td><td><a href=\"mailto:Karine.Chaille@ac-bordeaux.fr\">Karine CHAILLE<\/a><\/td><\/tr><tr><td><a href=\"mailto:Michel.Dezest@ac-bordeaux.fr\">Michel DEZEST<\/a><\/td><td><a href=\"mailto:Nathalie.Felix@ac-bordeaux.fr\">Nathalie FELIX<\/a><\/td><td><a href=\"mailto:Benoit.Lafargue@ac-bordeaux.fr\">Benoit LAFARGUE<\/a><\/td><\/tr><tr><td><a href=\"mailto:sebastien.maimaran@ac-bordeaux.fr\">S\u00e9bastien MAIMARAN<\/a><\/td><td><a href=\"mailto:Quitterie.Marty@ac-bordeaux.fr\">Quitterie MARTY<\/a><\/td><td><a href=\"mailto:Sylvie.Peducasse@ac-bordeaux.fr\">Sylvie PEDUCASSE<\/a><\/td><\/tr><tr><td><a href=\"mailto:benedicte.barrere@ac-bordeaux.fr\">B\u00e9n\u00e9dicte POUTS-<\/a><a href=\"mailto:benedicte.barrere@ac-bordeaux.fr\">BARAILLE<\/a><\/td><td><a href=\"mailto:Baptiste.Siffert@ac-bordeaux.fr\">Baptiste SIFFERT<\/a><\/td><td><\/td><\/tr><\/tbody><\/table><\/figure>\n\n\n\n<p><\/p>\n\n\n\n<p><\/p>\n\n\n\n<p><\/p>\n\n\n\n<p><\/p>\n\n\n\n<p><\/p>\n\n\n\n<p><\/p>\n\n\n\n<p><\/p>\n\n\n\n<p><\/p>\n","protected":false},"excerpt":{"rendered":"<p>F\u00e9lanzino AUGUSTO Christophe BARNET Agn\u00e8s DURANTHON Philippe JANVIER Francis PETIT Marion ROBERTOU Agn\u00e8s VILLATTES Christophe BAUZET Helena BERGER Karine CHAILLE Michel DEZEST Nathalie FELIX Benoit LAFARGUE S\u00e9bastien MAIMARAN Quitterie MARTY Sylvie PEDUCASSE B\u00e9n\u00e9dicte POUTS-BARAILLE Baptiste SIFFERT<\/p>\n","protected":false},"author":3138,"featured_media":0,"parent":0,"menu_order":0,"comment_status":"closed","ping_status":"closed","template":"","meta":{"_bbp_topic_count":0,"_bbp_reply_count":0,"_bbp_total_topic_count":0,"_bbp_total_reply_count":0,"_bbp_voice_count":0,"_bbp_anonymous_reply_count":0,"_bbp_topic_count_hidden":0,"_bbp_reply_count_hidden":0,"_bbp_forum_subforum_count":0,"footnotes":""},"class_list":["post-8277","page","type-page","status-publish","hentry","nodate","item-wrap"],"_links":{"self":[{"href":"https:\/\/ent2d.ac-bordeaux.fr\/disciplines\/mathematiques\/wp-json\/wp\/v2\/pages\/8277","targetHints":{"allow":["GET"]}}],"collection":[{"href":"https:\/\/ent2d.ac-bordeaux.fr\/disciplines\/mathematiques\/wp-json\/wp\/v2\/pages"}],"about":[{"href":"https:\/\/ent2d.ac-bordeaux.fr\/disciplines\/mathematiques\/wp-json\/wp\/v2\/types\/page"}],"author":[{"embeddable":true,"href":"https:\/\/ent2d.ac-bordeaux.fr\/disciplines\/mathematiques\/wp-json\/wp\/v2\/users\/3138"}],"replies":[{"embeddable":true,"href":"https:\/\/ent2d.ac-bordeaux.fr\/disciplines\/mathematiques\/wp-json\/wp\/v2\/comments?post=8277"}],"version-history":[{"count":13,"href":"https:\/\/ent2d.ac-bordeaux.fr\/disciplines\/mathematiques\/wp-json\/wp\/v2\/pages\/8277\/revisions"}],"predecessor-version":[{"id":11268,"href":"https:\/\/ent2d.ac-bordeaux.fr\/disciplines\/mathematiques\/wp-json\/wp\/v2\/pages\/8277\/revisions\/11268"}],"wp:attachment":[{"href":"https:\/\/ent2d.ac-bordeaux.fr\/disciplines\/mathematiques\/wp-json\/wp\/v2\/media?parent=8277"}],"curies":[{"name":"wp","href":"https:\/\/api.w.org\/{rel}","templated":true}]}}