{"id":8170,"date":"2023-05-23T19:26:37","date_gmt":"2023-05-23T18:26:37","guid":{"rendered":"https:\/\/ent2d.ac-bordeaux.fr\/disciplines\/mathematiques\/?page_id=8170"},"modified":"2023-05-23T19:48:30","modified_gmt":"2023-05-23T18:48:30","slug":"les-lettres-edunum-mathematiques","status":"publish","type":"page","link":"https:\/\/ent2d.ac-bordeaux.fr\/disciplines\/mathematiques\/les-lettres-edunum-mathematiques\/","title":{"rendered":"Les Lettres \u00c9duNum Math\u00e9matiques"},"content":{"rendered":"\n<p>Les lettres <em>\u00c9duNum math\u00e9matiques<\/em> sont r\u00e9alis\u00e9es par les experts disciplinaires de la direction du num\u00e9rique pour l\u2019\u00e9ducation, en collaboration avec l\u2019inspection g\u00e9n\u00e9rale de l&#8217;\u00e9ducation, du sport et de la recherche et les interlocuteurs acad\u00e9miques pour le num\u00e9rique.<\/p>\n\n\n\n<p>Mettant en avant l\u2019int\u00e9r\u00eat des ressources et des usages p\u00e9dagogiques en lien avec le num\u00e9rique, elles constituent des sources de r\u00e9flexion et d\u2019enrichissement des pratiques d\u2019enseignement.<\/p>\n\n\n\n<p class=\"has-text-align-center\"><a rel=\"noreferrer noopener\" href=\"https:\/\/eduscol.education.fr\/2631\/lettre-edunum-mathematiques\" target=\"_blank\">En cliquant sur ce lien : Vous pouvez retrouver la derni\u00e8re parution,  vous abonner  ou consulter les Archives<\/a><\/p>\n","protected":false},"excerpt":{"rendered":"<p>Les lettres \u00c9duNum math\u00e9matiques sont r\u00e9alis\u00e9es par les experts disciplinaires de la direction du num\u00e9rique pour l\u2019\u00e9ducation, en collaboration avec l\u2019inspection g\u00e9n\u00e9rale de l&#8217;\u00e9ducation, du sport et de la recherche et les interlocuteurs acad\u00e9miques pour le num\u00e9rique. Mettant en avant l\u2019int\u00e9r\u00eat des ressources et des usages p\u00e9dagogiques en lien avec le num\u00e9rique, elles constituent des &hellip; <\/p>\n<p><a class=\"more-link btn\" href=\"https:\/\/ent2d.ac-bordeaux.fr\/disciplines\/mathematiques\/les-lettres-edunum-mathematiques\/\">Lire la suite<\/a><\/p>\n","protected":false},"author":342,"featured_media":0,"parent":0,"menu_order":0,"comment_status":"closed","ping_status":"closed","template":"","meta":{"_bbp_topic_count":0,"_bbp_reply_count":0,"_bbp_total_topic_count":0,"_bbp_total_reply_count":0,"_bbp_voice_count":0,"_bbp_anonymous_reply_count":0,"_bbp_topic_count_hidden":0,"_bbp_reply_count_hidden":0,"_bbp_forum_subforum_count":0,"footnotes":""},"class_list":["post-8170","page","type-page","status-publish","hentry","nodate","item-wrap"],"_links":{"self":[{"href":"https:\/\/ent2d.ac-bordeaux.fr\/disciplines\/mathematiques\/wp-json\/wp\/v2\/pages\/8170","targetHints":{"allow":["GET"]}}],"collection":[{"href":"https:\/\/ent2d.ac-bordeaux.fr\/disciplines\/mathematiques\/wp-json\/wp\/v2\/pages"}],"about":[{"href":"https:\/\/ent2d.ac-bordeaux.fr\/disciplines\/mathematiques\/wp-json\/wp\/v2\/types\/page"}],"author":[{"embeddable":true,"href":"https:\/\/ent2d.ac-bordeaux.fr\/disciplines\/mathematiques\/wp-json\/wp\/v2\/users\/342"}],"replies":[{"embeddable":true,"href":"https:\/\/ent2d.ac-bordeaux.fr\/disciplines\/mathematiques\/wp-json\/wp\/v2\/comments?post=8170"}],"version-history":[{"count":5,"href":"https:\/\/ent2d.ac-bordeaux.fr\/disciplines\/mathematiques\/wp-json\/wp\/v2\/pages\/8170\/revisions"}],"predecessor-version":[{"id":8185,"href":"https:\/\/ent2d.ac-bordeaux.fr\/disciplines\/mathematiques\/wp-json\/wp\/v2\/pages\/8170\/revisions\/8185"}],"wp:attachment":[{"href":"https:\/\/ent2d.ac-bordeaux.fr\/disciplines\/mathematiques\/wp-json\/wp\/v2\/media?parent=8170"}],"curies":[{"name":"wp","href":"https:\/\/api.w.org\/{rel}","templated":true}]}}