{"id":8073,"date":"2023-05-23T13:46:12","date_gmt":"2023-05-23T12:46:12","guid":{"rendered":"https:\/\/ent2d.ac-bordeaux.fr\/disciplines\/mathematiques\/?page_id=8073"},"modified":"2024-09-24T16:28:31","modified_gmt":"2024-09-24T15:28:31","slug":"pix","status":"publish","type":"page","link":"https:\/\/ent2d.ac-bordeaux.fr\/disciplines\/mathematiques\/pix\/","title":{"rendered":"Pix et comp\u00e9tences num\u00e9riques en math\u00e9matiques : un outil permettant de les travailler et les \u00e9valuer"},"content":{"rendered":"<div class=\"wp-block-image\">\n<figure class=\"alignright\"><img loading=\"lazy\" decoding=\"async\" width=\"300\" height=\"229\" src=\"https:\/\/ent2d.ac-bordeaux.fr\/disciplines\/mathematiques\/wp-content\/uploads\/sites\/3\/2020\/05\/Capture_d\u00e9cran_050920_103930_AM-300x229.jpg\" alt=\"\" class=\"wp-image-5897\" srcset=\"https:\/\/ent2d.ac-bordeaux.fr\/disciplines\/mathematiques\/wp-content\/uploads\/sites\/3\/2020\/05\/Capture_d\u00e9cran_050920_103930_AM-300x229.jpg 300w, https:\/\/ent2d.ac-bordeaux.fr\/disciplines\/mathematiques\/wp-content\/uploads\/sites\/3\/2020\/05\/Capture_d\u00e9cran_050920_103930_AM.jpg 340w\" sizes=\"auto, (max-width: 300px) 100vw, 300px\" \/><\/figure>\n<\/div>\n\n\n<p>PIX est un&nbsp;<strong>service public en ligne et gratuit<\/strong>&nbsp;pour \u00e9valuer le niveau de ma\u00eetrise des connaissances et de comp\u00e9tences num\u00e9riques de chacun tout au long de la vie. N\u2019importe quel citoyen peut&nbsp;<strong>s\u2019inscrire gratuitement<\/strong>&nbsp;sur PIX, avec&nbsp;<strong>une adresse mail<\/strong>&nbsp;pour \u00e9valuer ses comp\u00e9tences num\u00e9riques et les d\u00e9velopper.<\/p>\n\n\n\n<p><strong>La p\u00e9riode de confinement engag\u00e9e depuis le 16 mars 2020 a pu permettre de mettre en valeur les comp\u00e9tences num\u00e9riques de nos \u00e9l\u00e8ves. Pix va pouvoir les accompagner, les \u00e9valuer et \u00e9ventuellement leur proposer une certification.<\/strong><\/p>\n\n\n\n<p>Le site de la DANE&nbsp; pr\u00e9sente&nbsp;<strong><a href=\"https:\/\/dane.ac-bordeaux.fr\/pix-2\/\" target=\"_blank\" rel=\"noreferrer noopener\">Pix et le CRCN<\/a><\/strong>.<\/p>\n\n\n\n<p><strong>Pour d&#8217;\u00e9ventuelles questions et selon vos besoins, vous pouvez \u00e9crire \u00e0 :&nbsp;<\/strong><a href=\"mailto:michel.dezest@ac-bordeaux.fr\">IAN \u2013 Interlocuteur Acad\u00e9mique au Num\u00e9rique<\/a>&nbsp;(Michel Dezest)<\/p>\n\n\n\n<h1 class=\"wp-block-heading\">Pix Orga, au service de notre discipline<\/h1>\n\n\n<div class=\"wp-block-image\">\n<figure class=\"alignright\"><a href=\"https:\/\/orga.pix.fr\/\" target=\"_blank\" rel=\"noreferrer noopener\"><img loading=\"lazy\" decoding=\"async\" width=\"183\" height=\"80\" src=\"https:\/\/ent2d.ac-bordeaux.fr\/disciplines\/mathematiques\/wp-content\/uploads\/sites\/3\/2020\/05\/Capture_d\u00e9cran_050920_103853_AM.jpg\" alt=\"\" class=\"wp-image-5896\" \/><\/a><\/figure>\n<\/div>\n\n\n<p><a rel=\"noreferrer noopener\" href=\"https:\/\/www.orga.pix.fr\" target=\"_blank\"><strong>PIX Orga<\/strong><\/a>&nbsp;est un outil sp\u00e9cialement con\u00e7u pour l\u2019\u00c9ducation Nationale, il permet de cr\u00e9er une campagne de test sur la plateforme selon le p\u00e9rim\u00e8tre de comp\u00e9tences d\u00e9fini, mais \u00e9galement de suivre l\u2019avancement et recueillir les r\u00e9sultats des \u00e9l\u00e8ves. Ce diagnostic s\u2019effectue hors temps de cours.&nbsp;<a href=\"https:\/\/dane.ac-bordeaux.fr\/accompagner-les-eleves-avec-pix-orga\/\" target=\"_blank\" rel=\"noreferrer noopener\">Accompagnement Pix orga et Guide d&#8217;utilisation.<\/a><\/p>\n\n\n\n<p>Des&nbsp;<strong>parcours sp\u00e9cifiques en coll\u00e8ge et lyc\u00e9e propres \u00e0 notre discipline<\/strong>&nbsp;sont \u00e0 signaler, comme par exemple :<\/p>\n\n\n\n<ul class=\"wp-block-list\">\n<li><strong>Maths Cycle 4<\/strong>&nbsp;(code test :&nbsp;<a href=\"https:\/\/app.pix.fr\/campagnes\/ZXYPVW794\/presentation\" target=\"_blank\" rel=\"noreferrer noopener\">ZXYPVW794<\/a>) parcours multi-comp\u00e9tences \u00e9valuant les composantes \u201cnum\u00e9riques\u201d du programme de math\u00e9matiques. Dur\u00e9e : environ 30 min &#8211;&nbsp;<a href=\"https:\/\/ent2d.ac-bordeaux.fr\/disciplines\/mathematiques\/wp-content\/uploads\/sites\/3\/2020\/05\/Parcours-Maths-Cycle-4.pdf\" target=\"_blank\" rel=\"noreferrer noopener\">(pr\u00e9sentation des sujets Pix trait\u00e9s et des liens avec le programme de math\u00e9matiques)<\/a><\/li>\n\n\n\n<li><strong>Parcours Sciences &#8211; 2nde<\/strong>&nbsp;(code test :&nbsp;<a href=\"https:\/\/app.pix.fr\/campagnes\/EHHTEX819\/presentation\" target=\"_blank\" rel=\"noreferrer noopener\">EHHTEX819<\/a>) parcours multi-comp\u00e9tences \u00e9valuant les diff\u00e9rents th\u00e8mes des programmes Sciences.&nbsp; Dur\u00e9e : environ 1 h -(<a href=\"https:\/\/ent2d.ac-bordeaux.fr\/disciplines\/mathematiques\/wp-content\/uploads\/sites\/3\/2020\/05\/Parcours-Sciences-2nde-Lyc\u00e9e-professionnel.pdf\" target=\"_blank\" rel=\"noreferrer noopener\">pr\u00e9sentation des sujets Pix trait\u00e9s et des liens avec les programmes<\/a>)<\/li>\n\n\n\n<li><strong>Enseignement scientifique &#8211; 1\u00e8re<\/strong>&nbsp;(code test :<a href=\"https:\/\/app.pix.fr\/campagnes\/UJQTVD796\/presentation\" target=\"_blank\" rel=\"noreferrer noopener\">UJQTVD796<\/a>) parcours multi-comp\u00e9tences \u00e9valuant les composantes \u201cnum\u00e9riques\u201d du programme d\u2019Enseignement scientifique. Dur\u00e9e: environ 1h -(<a href=\"https:\/\/ent2d.ac-bordeaux.fr\/disciplines\/mathematiques\/wp-content\/uploads\/sites\/3\/2020\/05\/Parcours-Enseignement-scientifique-1\u00e8re.pdf\" target=\"_blank\" rel=\"noreferrer noopener\">pr\u00e9sentation des sujets Pix trait\u00e9s et des liens avec les programmes<\/a>)<\/li>\n\n\n\n<li><em>Retrouver d&#8217;autres parcours, notamment en SNT, en bas de page dans&nbsp;<a href=\"https:\/\/dane.ac-bordeaux.fr\/wp-content\/uploads\/2020\/03\/Parcours-Pix-Orga-Lyce%CC%81e.pdf\" target=\"_blank\" rel=\"noreferrer noopener\">Parcours Pix Orga lyc\u00e9e<\/a><\/em><\/li>\n<\/ul>\n\n\n<div class=\"wp-block-image\">\n<figure class=\"aligncenter\"><a href=\"https:\/\/ent2d.ac-bordeaux.fr\/disciplines\/mathematiques\/wp-content\/uploads\/sites\/3\/2020\/05\/Capture_d\u00e9cran_050920_103651_AM.jpg\"><img loading=\"lazy\" decoding=\"async\" width=\"1024\" height=\"501\" src=\"https:\/\/ent2d.ac-bordeaux.fr\/disciplines\/mathematiques\/wp-content\/uploads\/sites\/3\/2020\/05\/Capture_d\u00e9cran_050920_103651_AM.jpg\" alt=\"\" class=\"wp-image-5893\" srcset=\"https:\/\/ent2d.ac-bordeaux.fr\/disciplines\/mathematiques\/wp-content\/uploads\/sites\/3\/2020\/05\/Capture_d\u00e9cran_050920_103651_AM.jpg 1024w, https:\/\/ent2d.ac-bordeaux.fr\/disciplines\/mathematiques\/wp-content\/uploads\/sites\/3\/2020\/05\/Capture_d\u00e9cran_050920_103651_AM-300x147.jpg 300w, https:\/\/ent2d.ac-bordeaux.fr\/disciplines\/mathematiques\/wp-content\/uploads\/sites\/3\/2020\/05\/Capture_d\u00e9cran_050920_103651_AM-768x375.jpg 768w\" sizes=\"auto, (max-width: 1024px) 100vw, 1024px\" \/><\/a><\/figure>\n<\/div>\n\n\n<p>L&#8217;enseignant dispose, d\u00e8s validation des r\u00e9ponses, d&#8217;un positionnement de&nbsp;<strong>chacun de ses \u00e9l\u00e8ves<\/strong>&nbsp; sur les comp\u00e9tences travaill\u00e9es durant le test. Il a acc\u00e8s \u00e9galement&nbsp;<strong>aux r\u00e9sultats collectifs<\/strong>&nbsp;en fonction des comp\u00e9tences \u00e9valu\u00e9es lors du parcours. Avec l&#8217;onglet analyse, il dispose de<strong>&nbsp;recommandation de sujets \u00e0 travailler<\/strong>. En fonction du r\u00e9f\u00e9rentiel test\u00e9 et des r\u00e9sultats de la campagne, Pix vous recommande des sujets \u00e0 travailler (\u00e0 l&#8217;aide de tutoriel), class\u00e9s par degr\u00e9 de pertinence. Il s&#8217;agit l\u00e0 d&#8217;un outil int\u00e9ressant pour proposer des tests diagnostiques avant d&#8217;aborder, par exemple, une s\u00e9quence sur la programmation ou l&#8217;utilisation du tableur.<\/p>\n\n\n\n<h1 class=\"wp-block-heading\">Ressources propos\u00e9es<a href=\"https:\/\/tinyurl.com\/pixelevecamus\"><\/a><\/h1>\n\n\n\n<figure class=\"wp-block-image size-full is-resized\"><a href=\"https:\/\/view.genially.com\/65242d81c9fdc200112b0c8c\/presentation-pix-lycee-rene-cassin-de-bayonne\" target=\"_blank\" rel=\"noreferrer noopener\"><img loading=\"lazy\" decoding=\"async\" width=\"572\" height=\"321\" src=\"https:\/\/ent2d.ac-bordeaux.fr\/disciplines\/mathematiques\/wp-content\/uploads\/sites\/3\/2024\/09\/Capture_decran_092424_051659_PM.jpg\" alt=\"\" class=\"wp-image-10108\" style=\"width:242px;height:auto\" srcset=\"https:\/\/ent2d.ac-bordeaux.fr\/disciplines\/mathematiques\/wp-content\/uploads\/sites\/3\/2024\/09\/Capture_decran_092424_051659_PM.jpg 572w, https:\/\/ent2d.ac-bordeaux.fr\/disciplines\/mathematiques\/wp-content\/uploads\/sites\/3\/2024\/09\/Capture_decran_092424_051659_PM-300x168.jpg 300w\" sizes=\"auto, (max-width: 572px) 100vw, 572px\" \/><\/a><\/figure>\n\n\n\n<ul class=\"wp-block-list\">\n<li><strong><a href=\"https:\/\/view.genially.com\/65242d81c9fdc200112b0c8c\/presentation-pix-lycee-rene-cassin-de-bayonne\" target=\"_blank\" rel=\"noreferrer noopener\">Expliquer Pix aux \u00e9l\u00e8ves &#8211; Exemple du lyc\u00e9e Ren\u00e9 Cassin \u00e0 Bayonne<\/a><\/strong><\/li>\n\n\n\n<li>Les diff\u00e9rents parcours dans&nbsp; Pix Orga :\n<ul class=\"wp-block-list\">\n<li><a href=\"https:\/\/dane.ac-bordeaux.fr\/wp-content\/uploads\/2020\/03\/Parcours-disciplinaires-colle%CC%80ge.pdf\" target=\"_blank\" rel=\"noreferrer noopener\">Parcours disciplinaires coll\u00e8ge<\/a><\/li>\n\n\n\n<li><a href=\"https:\/\/dane.ac-bordeaux.fr\/wp-content\/uploads\/2020\/03\/Parcours-Pix-Orga-colle%CC%80ge.pdf\" target=\"_blank\" rel=\"noreferrer noopener\">Parcours Pix Orga coll\u00e8ge&nbsp;<\/a><\/li>\n\n\n\n<li><a href=\"https:\/\/dane.ac-bordeaux.fr\/wp-content\/uploads\/2020\/03\/Parcours-disciplinaires-lyce%CC%81e.pdf\" target=\"_blank\" rel=\"noreferrer noopener\">Parcours disciplinaires Lyc\u00e9e<\/a><\/li>\n\n\n\n<li><a href=\"https:\/\/dane.ac-bordeaux.fr\/wp-content\/uploads\/2020\/03\/Parcours-Pix-Orga-Lyce%CC%81e.pdf\" target=\"_blank\" rel=\"noreferrer noopener\">Parcours Pix Orga Lyc\u00e9e<\/a><\/li>\n<\/ul>\n<\/li>\n<\/ul>\n\n\n\n<h2 class=\"wp-block-heading\">Pix+edu<\/h2>\n\n\n\n<p><a href=\"http:\/\/ent2d.ac-bordeaux.fr\/disciplines\/mathematiques\/tutoriels-video-pour-lenseignant-de-la-plateforme-pixedu\/\" data-type=\"URL\" data-id=\"ent2d.ac-bordeaux.fr\/disciplines\/mathematiques\/tutoriels-video-pour-lenseignant-de-la-plateforme-pixedu\/\">Tutoriels vid\u00e9o pour l&#8217;enseignant de la plateforme PIX+EDU<\/a><\/p>\n\n\n\n<p><a href=\"https:\/\/dane.ac-bordeaux.fr\/formations2d-pixedu\/\" target=\"_blank\" rel=\"noreferrer noopener\">Site de la DANE de Bordeaux formations<\/a><\/p>\n","protected":false},"excerpt":{"rendered":"<p>PIX est un&nbsp;service public en ligne et gratuit&nbsp;pour \u00e9valuer le niveau de ma\u00eetrise des connaissances et de comp\u00e9tences num\u00e9riques de chacun tout au long de la vie. N\u2019importe quel citoyen peut&nbsp;s\u2019inscrire gratuitement&nbsp;sur PIX, avec&nbsp;une adresse mail&nbsp;pour \u00e9valuer ses comp\u00e9tences num\u00e9riques et les d\u00e9velopper. La p\u00e9riode de confinement engag\u00e9e depuis le 16 mars 2020 a pu &hellip; <\/p>\n<p><a class=\"more-link btn\" href=\"https:\/\/ent2d.ac-bordeaux.fr\/disciplines\/mathematiques\/pix\/\">Lire la suite<\/a><\/p>\n","protected":false},"author":342,"featured_media":0,"parent":0,"menu_order":0,"comment_status":"closed","ping_status":"closed","template":"","meta":{"_bbp_topic_count":0,"_bbp_reply_count":0,"_bbp_total_topic_count":0,"_bbp_total_reply_count":0,"_bbp_voice_count":0,"_bbp_anonymous_reply_count":0,"_bbp_topic_count_hidden":0,"_bbp_reply_count_hidden":0,"_bbp_forum_subforum_count":0,"footnotes":""},"class_list":["post-8073","page","type-page","status-publish","hentry","nodate","item-wrap"],"_links":{"self":[{"href":"https:\/\/ent2d.ac-bordeaux.fr\/disciplines\/mathematiques\/wp-json\/wp\/v2\/pages\/8073","targetHints":{"allow":["GET"]}}],"collection":[{"href":"https:\/\/ent2d.ac-bordeaux.fr\/disciplines\/mathematiques\/wp-json\/wp\/v2\/pages"}],"about":[{"href":"https:\/\/ent2d.ac-bordeaux.fr\/disciplines\/mathematiques\/wp-json\/wp\/v2\/types\/page"}],"author":[{"embeddable":true,"href":"https:\/\/ent2d.ac-bordeaux.fr\/disciplines\/mathematiques\/wp-json\/wp\/v2\/users\/342"}],"replies":[{"embeddable":true,"href":"https:\/\/ent2d.ac-bordeaux.fr\/disciplines\/mathematiques\/wp-json\/wp\/v2\/comments?post=8073"}],"version-history":[{"count":12,"href":"https:\/\/ent2d.ac-bordeaux.fr\/disciplines\/mathematiques\/wp-json\/wp\/v2\/pages\/8073\/revisions"}],"predecessor-version":[{"id":10111,"href":"https:\/\/ent2d.ac-bordeaux.fr\/disciplines\/mathematiques\/wp-json\/wp\/v2\/pages\/8073\/revisions\/10111"}],"wp:attachment":[{"href":"https:\/\/ent2d.ac-bordeaux.fr\/disciplines\/mathematiques\/wp-json\/wp\/v2\/media?parent=8073"}],"curies":[{"name":"wp","href":"https:\/\/api.w.org\/{rel}","templated":true}]}}