{"id":8042,"date":"2023-05-23T13:32:14","date_gmt":"2023-05-23T12:32:14","guid":{"rendered":"https:\/\/ent2d.ac-bordeaux.fr\/disciplines\/mathematiques\/?page_id=8042"},"modified":"2023-05-23T14:17:38","modified_gmt":"2023-05-23T13:17:38","slug":"textes-et-ressources-nationales-cycle4","status":"publish","type":"page","link":"https:\/\/ent2d.ac-bordeaux.fr\/disciplines\/mathematiques\/college\/textes-et-ressources-nationales-cycle4\/","title":{"rendered":"Textes et ressources nationales &#8211; cycle 4"},"content":{"rendered":"\n<p><\/p>\n\n\n\n<ul class=\"wp-block-list\">\n<li><a href=\"https:\/\/eduscol.education.fr\/139\/le-socle-commun-de-connaissances-de-competences-et-de-culture\" target=\"_blank\" rel=\"noreferrer noopener\">Socle commun de connaissances, de comp\u00e9tences et de culture<\/a><\/li>\n<\/ul>\n\n\n\n<ul class=\"wp-block-list\"><\/ul>\n\n\n\n<ul class=\"wp-block-list\">\n<li><a href=\"https:\/\/eduscol.education.fr\/document\/621\/download\" target=\"_blank\" rel=\"noreferrer noopener\">Programme pour le cycle 4<\/a> <\/li>\n<\/ul>\n\n\n\n<ul class=\"wp-block-list\">\n<li>Des <a href=\"https:\/\/eduscol.education.fr\/document\/14080\/download\" target=\"_blank\" rel=\"noreferrer noopener\">rep\u00e8res annuels de progression pour le cycle 4<\/a><strong> <\/strong>ont \u00e9t\u00e9 publi\u00e9s au BO n\u00b022 du 29 mai 2019. Ces rep\u00e8res offrent \u00ab des r\u00e9f\u00e9rences communes pour que les connaissances, comp\u00e9tences, notions et objets d&#8217;enseignement soient abord\u00e9s de fa\u00e7on \u00e9quilibr\u00e9e tout au long des trois ann\u00e9es de chaque cycle \u00bb.<\/li>\n<\/ul>\n\n\n\n<ul class=\"wp-block-list\">\n<li><\/li>\n<\/ul>\n\n\n\n<ul class=\"wp-block-list\">\n<li><a href=\"https:\/\/ent2d.ac-bordeaux.fr\/disciplines\/mathematiques\/synthese-des-textes-officiels-du-college\/\">Synth\u00e8se des textes officiels de coll\u00e8ge<\/a> : un document unique mettant en relation programmes, rep\u00e8res annuels et attendus de fin d&#8217;ann\u00e9e<\/li>\n\n\n\n<li><a href=\"http:\/\/eduscol.education.fr\/cid101461\/ressources-maths-cycle.html\">Ressources d\u2019accompagnement du programme de math\u00e9matiques (cycle 4)<\/a>, en particulier un guide sur <a href=\"https:\/\/eduscol.education.fr\/document\/13132\/download\" target=\"_blank\" rel=\"noreferrer noopener\">la r\u00e9solution de probl\u00e8mes au coll\u00e8ge<\/a><\/li>\n\n\n\n<li><a href=\"http:\/\/eduscol.education.fr\/cid103803\/evaluer-la-maitrise-du-socle-commun-du-cycle-2-au-cycle-4.htm\" target=\"_blank\" rel=\"noreferrer noopener\">\u00c9valuation du socle commun: documents d&#8217;accompagnement (et descripteurs du niveau 3 de l&#8217;\u00e9chelle)<\/a><\/li>\n<\/ul>\n","protected":false},"excerpt":{"rendered":"","protected":false},"author":35,"featured_media":0,"parent":23,"menu_order":0,"comment_status":"closed","ping_status":"closed","template":"","meta":{"_bbp_topic_count":0,"_bbp_reply_count":0,"_bbp_total_topic_count":0,"_bbp_total_reply_count":0,"_bbp_voice_count":0,"_bbp_anonymous_reply_count":0,"_bbp_topic_count_hidden":0,"_bbp_reply_count_hidden":0,"_bbp_forum_subforum_count":0,"footnotes":""},"class_list":["post-8042","page","type-page","status-publish","hentry","nodate","item-wrap"],"_links":{"self":[{"href":"https:\/\/ent2d.ac-bordeaux.fr\/disciplines\/mathematiques\/wp-json\/wp\/v2\/pages\/8042","targetHints":{"allow":["GET"]}}],"collection":[{"href":"https:\/\/ent2d.ac-bordeaux.fr\/disciplines\/mathematiques\/wp-json\/wp\/v2\/pages"}],"about":[{"href":"https:\/\/ent2d.ac-bordeaux.fr\/disciplines\/mathematiques\/wp-json\/wp\/v2\/types\/page"}],"author":[{"embeddable":true,"href":"https:\/\/ent2d.ac-bordeaux.fr\/disciplines\/mathematiques\/wp-json\/wp\/v2\/users\/35"}],"replies":[{"embeddable":true,"href":"https:\/\/ent2d.ac-bordeaux.fr\/disciplines\/mathematiques\/wp-json\/wp\/v2\/comments?post=8042"}],"version-history":[{"count":6,"href":"https:\/\/ent2d.ac-bordeaux.fr\/disciplines\/mathematiques\/wp-json\/wp\/v2\/pages\/8042\/revisions"}],"predecessor-version":[{"id":8115,"href":"https:\/\/ent2d.ac-bordeaux.fr\/disciplines\/mathematiques\/wp-json\/wp\/v2\/pages\/8042\/revisions\/8115"}],"up":[{"embeddable":true,"href":"https:\/\/ent2d.ac-bordeaux.fr\/disciplines\/mathematiques\/wp-json\/wp\/v2\/pages\/23"}],"wp:attachment":[{"href":"https:\/\/ent2d.ac-bordeaux.fr\/disciplines\/mathematiques\/wp-json\/wp\/v2\/media?parent=8042"}],"curies":[{"name":"wp","href":"https:\/\/api.w.org\/{rel}","templated":true}]}}