{"id":8008,"date":"2023-05-23T12:44:05","date_gmt":"2023-05-23T11:44:05","guid":{"rendered":"https:\/\/ent2d.ac-bordeaux.fr\/disciplines\/mathematiques\/?page_id=8008"},"modified":"2023-05-23T14:16:48","modified_gmt":"2023-05-23T13:16:48","slug":"snt-nsi","status":"publish","type":"page","link":"https:\/\/ent2d.ac-bordeaux.fr\/disciplines\/mathematiques\/snt-nsi\/","title":{"rendered":"SNT-NSI"},"content":{"rendered":"\n<p><\/p>\n\n\n\n<p>La r\u00e9forme du lyc\u00e9e a cr\u00e9\u00e9 de nouveaux enseignements, dans lesquels interviennent de nombreux professeurs de math\u00e9matiques.<\/p>\n\n\n\n<h2 class=\"wp-block-heading\"><a href=\"https:\/\/ent2d.ac-bordeaux.fr\/disciplines\/mathematiques\/snt\/\">Sciences Num\u00e9riques et Technologie (SNT) en 2de <\/a><\/h2>\n\n\n\n<h2 class=\"wp-block-heading\">Num\u00e9rique et Sciences Informatiques (NSI) en cycle terminal<\/h2>\n\n\n\n<p><a rel=\"noreferrer noopener\" href=\"https:\/\/eduscol.education.fr\/2068\/programmes-et-ressources-en-numerique-et-sciences-informatiques-voie-g\" target=\"_blank\">Programmes du cycle terminal<\/a><\/p>\n\n\n\n<p><a href=\"https:\/\/ent2d.ac-bordeaux.fr\/disciplines\/nsi\/\" target=\"_blank\" rel=\"noreferrer noopener\">NSI dans l&#8217;acad\u00e9mie de Bordeaux<\/a><\/p>\n","protected":false},"excerpt":{"rendered":"<p>La r\u00e9forme du lyc\u00e9e a cr\u00e9\u00e9 de nouveaux enseignements, dans lesquels interviennent de nombreux professeurs de math\u00e9matiques. Sciences Num\u00e9riques et Technologie (SNT) en 2de Num\u00e9rique et Sciences Informatiques (NSI) en cycle terminal Programmes du cycle terminal NSI dans l&#8217;acad\u00e9mie de Bordeaux<\/p>\n","protected":false},"author":342,"featured_media":0,"parent":0,"menu_order":0,"comment_status":"closed","ping_status":"closed","template":"","meta":{"_bbp_topic_count":0,"_bbp_reply_count":0,"_bbp_total_topic_count":0,"_bbp_total_reply_count":0,"_bbp_voice_count":0,"_bbp_anonymous_reply_count":0,"_bbp_topic_count_hidden":0,"_bbp_reply_count_hidden":0,"_bbp_forum_subforum_count":0,"footnotes":""},"class_list":["post-8008","page","type-page","status-publish","hentry","nodate","item-wrap"],"_links":{"self":[{"href":"https:\/\/ent2d.ac-bordeaux.fr\/disciplines\/mathematiques\/wp-json\/wp\/v2\/pages\/8008","targetHints":{"allow":["GET"]}}],"collection":[{"href":"https:\/\/ent2d.ac-bordeaux.fr\/disciplines\/mathematiques\/wp-json\/wp\/v2\/pages"}],"about":[{"href":"https:\/\/ent2d.ac-bordeaux.fr\/disciplines\/mathematiques\/wp-json\/wp\/v2\/types\/page"}],"author":[{"embeddable":true,"href":"https:\/\/ent2d.ac-bordeaux.fr\/disciplines\/mathematiques\/wp-json\/wp\/v2\/users\/342"}],"replies":[{"embeddable":true,"href":"https:\/\/ent2d.ac-bordeaux.fr\/disciplines\/mathematiques\/wp-json\/wp\/v2\/comments?post=8008"}],"version-history":[{"count":7,"href":"https:\/\/ent2d.ac-bordeaux.fr\/disciplines\/mathematiques\/wp-json\/wp\/v2\/pages\/8008\/revisions"}],"predecessor-version":[{"id":8119,"href":"https:\/\/ent2d.ac-bordeaux.fr\/disciplines\/mathematiques\/wp-json\/wp\/v2\/pages\/8008\/revisions\/8119"}],"wp:attachment":[{"href":"https:\/\/ent2d.ac-bordeaux.fr\/disciplines\/mathematiques\/wp-json\/wp\/v2\/media?parent=8008"}],"curies":[{"name":"wp","href":"https:\/\/api.w.org\/{rel}","templated":true}]}}