{"id":7987,"date":"2023-05-23T09:17:46","date_gmt":"2023-05-23T08:17:46","guid":{"rendered":"https:\/\/ent2d.ac-bordeaux.fr\/disciplines\/mathematiques\/?page_id=7987"},"modified":"2026-01-23T15:42:12","modified_gmt":"2026-01-23T14:42:12","slug":"cycle-3","status":"publish","type":"page","link":"https:\/\/ent2d.ac-bordeaux.fr\/disciplines\/mathematiques\/cycle-3\/","title":{"rendered":"Cycle 3"},"content":{"rendered":"\n<p><\/p>\n\n\n\n<p><a href=\"https:\/\/ent2d.ac-bordeaux.fr\/disciplines\/mathematiques\/contacts-2\/\" target=\"_blank\" rel=\"noreferrer noopener\">Contacts<\/a><\/p>\n\n\n\n<p><a href=\"https:\/\/ent2d.ac-bordeaux.fr\/disciplines\/mathematiques\/cycle-3\/textes-et-ressources-nationales-cycle-3\/\" target=\"_blank\" rel=\"noreferrer noopener\">Textes et ressources nationales sur le cycle 3<\/a><\/p>\n\n\n\n<p><\/p>\n\n\n\n<h2 class=\"wp-block-heading\"><mark class=\"has-inline-color has-vivid-red-color\">Des ressources th\u00e9matiques.<\/mark><\/h2>\n\n\n\n<p><a rel=\"noreferrer noopener\" href=\"https:\/\/ent2d.ac-bordeaux.fr\/disciplines\/mathematiques\/formation-cycle-3-fractions-et-decimaux\/\" target=\"_blank\">Fractions et nombres d\u00e9cimaux au cycle 3<\/a> <\/p>\n\n\n\n<p><a href=\"https:\/\/ent2d.ac-bordeaux.fr\/disciplines\/mathematiques\/la-differenciation-en-mathematiques\/\" target=\"_blank\" rel=\"noreferrer noopener\">Dispositif de diff\u00e9renciation<\/a><\/p>\n\n\n\n<p><strong>D\u00e9velopper l&#8217;oral en 6\u00e8me<\/strong> : dans Eduscol, de <a rel=\"noreferrer noopener\" href=\"https:\/\/eduscol.education.fr\/226\/francais-cycle-3-le-langage-oral\" target=\"_blank\">nombreux documents<\/a> \u00e0 propos de l&#8217;oral en classe sont disponibles et ils sont utiles pour l&#8217;enseignement des math\u00e9matiques aussi bien que pour les cours de fran\u00e7ais. D&#8217;autres acad\u00e9mies ont produit des documents tr\u00e8s int\u00e9ressants sur l&#8217;oral en math\u00e9matiques. L&#8217;acad\u00e9mie de Versailles a \u00e9dit\u00e9 un guide pratique de l&#8217;oral en maths, t\u00e9l\u00e9chargeable directement \u00e0 partir de <a rel=\"noreferrer noopener\" href=\"https:\/\/euler.ac-versailles.fr\/rubrique196.html\" target=\"_blank\">son site<\/a>, et une grande partie du document de la r\u00e9gion acad\u00e9mique des Hauts de France concerne aussi l&#8217;oral au cycle 3 et au coll\u00e8ge. Vous pouvez le consulter ou le t\u00e9l\u00e9charger <a rel=\"noreferrer noopener\" href=\"http:\/\/mathematiques.discipline.ac-lille.fr\/article?type=Document&amp;url=http:\/\/mathematiques.discipline.ac-lille.fr\/ressources\/l-oral-en-mathematiques\/doc\/doc-lille\/travailler-l2019oral-en-mathematiques\" target=\"_blank\">sur son site<\/a>.<\/p>\n\n\n\n<p><\/p>\n","protected":false},"excerpt":{"rendered":"<p>Contacts Textes et ressources nationales sur le cycle 3 Des ressources th\u00e9matiques. Fractions et nombres d\u00e9cimaux au cycle 3 Dispositif de diff\u00e9renciation D\u00e9velopper l&#8217;oral en 6\u00e8me : dans Eduscol, de nombreux documents \u00e0 propos de l&#8217;oral en classe sont disponibles et ils sont utiles pour l&#8217;enseignement des math\u00e9matiques aussi bien que pour les cours de &hellip; <\/p>\n<p><a class=\"more-link btn\" href=\"https:\/\/ent2d.ac-bordeaux.fr\/disciplines\/mathematiques\/cycle-3\/\">Lire la suite<\/a><\/p>\n","protected":false},"author":2011,"featured_media":0,"parent":0,"menu_order":0,"comment_status":"closed","ping_status":"closed","template":"","meta":{"_bbp_topic_count":0,"_bbp_reply_count":0,"_bbp_total_topic_count":0,"_bbp_total_reply_count":0,"_bbp_voice_count":0,"_bbp_anonymous_reply_count":0,"_bbp_topic_count_hidden":0,"_bbp_reply_count_hidden":0,"_bbp_forum_subforum_count":0,"footnotes":""},"class_list":["post-7987","page","type-page","status-publish","hentry","nodate","item-wrap"],"_links":{"self":[{"href":"https:\/\/ent2d.ac-bordeaux.fr\/disciplines\/mathematiques\/wp-json\/wp\/v2\/pages\/7987","targetHints":{"allow":["GET"]}}],"collection":[{"href":"https:\/\/ent2d.ac-bordeaux.fr\/disciplines\/mathematiques\/wp-json\/wp\/v2\/pages"}],"about":[{"href":"https:\/\/ent2d.ac-bordeaux.fr\/disciplines\/mathematiques\/wp-json\/wp\/v2\/types\/page"}],"author":[{"embeddable":true,"href":"https:\/\/ent2d.ac-bordeaux.fr\/disciplines\/mathematiques\/wp-json\/wp\/v2\/users\/2011"}],"replies":[{"embeddable":true,"href":"https:\/\/ent2d.ac-bordeaux.fr\/disciplines\/mathematiques\/wp-json\/wp\/v2\/comments?post=7987"}],"version-history":[{"count":35,"href":"https:\/\/ent2d.ac-bordeaux.fr\/disciplines\/mathematiques\/wp-json\/wp\/v2\/pages\/7987\/revisions"}],"predecessor-version":[{"id":12314,"href":"https:\/\/ent2d.ac-bordeaux.fr\/disciplines\/mathematiques\/wp-json\/wp\/v2\/pages\/7987\/revisions\/12314"}],"wp:attachment":[{"href":"https:\/\/ent2d.ac-bordeaux.fr\/disciplines\/mathematiques\/wp-json\/wp\/v2\/media?parent=7987"}],"curies":[{"name":"wp","href":"https:\/\/api.w.org\/{rel}","templated":true}]}}