{"id":60,"date":"2016-04-18T22:24:52","date_gmt":"2016-04-18T21:24:52","guid":{"rendered":"https:\/\/ent2d.ac-bordeaux.fr\/disciplines\/mathematiques\/?page_id=60"},"modified":"2023-05-23T13:29:36","modified_gmt":"2023-05-23T12:29:36","slug":"culture-maths","status":"publish","type":"page","link":"https:\/\/ent2d.ac-bordeaux.fr\/disciplines\/mathematiques\/culture-maths\/","title":{"rendered":"Culture math\u00e9matique"},"content":{"rendered":"<h2><\/h2>\n<h2><a href=\"https:\/\/ent2d.ac-bordeaux.fr\/disciplines\/semaine-des-maths\/\">Un site d\u00e9di\u00e9 \u00e0 la semaine des math\u00e9matiques<\/a><\/h2>\n<p>Les concours et \u00e9nigmes sont souvent pour les \u00e9l\u00e8ves une occasion de partager des moments math\u00e9matiques ludiques et motivants. Vous trouverez ici une liste de concours pour tous les go\u00fbts.<\/p>\n<h2><a href=\"https:\/\/ent2d.ac-bordeaux.fr\/disciplines\/mathematiques\/clubs-de-mathematiques\/\">Clubs en liens avec les math\u00e9matiques<\/a><\/h2>\n<p style=\"padding-left: 30px\">Le plan Villani-Torossian a soulign\u00e9 l&#8217;importance des clubs en lien avec les math\u00e9matiques. Nous vous en proposons une cartographie, des ressources utiles, ainsi que les actions mises en place dans l&#8217;acad\u00e9mie.<\/p>\n<h2><a href=\"https:\/\/ent2d.ac-bordeaux.fr\/disciplines\/mathematiques\/semaine-des-mathematiques-2019\/\">M\u00e9tiers des math\u00e9matiques et orientation<\/a><\/h2>\n<p style=\"padding-left: 30px\">Des brochures de l&#8217;Onisep sur les m\u00e9tiers des math\u00e9matiques.<\/p>\n<h2><a href=\"http:\/\/www.mathenjeans.fr\/\">MATh.en.JEANS<\/a><\/h2>\n<p style=\"padding-left: 30px\">Animez un atelier math\u00e9matique dans vos classe, en lien avec un chercheur, et participez avec vos \u00e9l\u00e8ves au congr\u00e8s annuel.<\/p>\n<h2>Quelques liens<\/h2>\n<ul>\n<li><a href=\"http:\/\/www.education.gouv.fr\/cid84398\/strategie-mathematiques.html\">Strat\u00e9gie math\u00e9matiques (d\u00e9cembre 2014)<\/a><\/li>\n<li><a href=\"http:\/\/smf.emath.fr\/content\/rapport-sur-limpact-des-math%C3%A9matiques-dans-l%C3%A9conomie-et-la-soci%C3%A9t%C3%A9-fran%C3%A7aise-2015\">Rapport sur l&#8217;impact des math\u00e9matiques dans l&#8217;\u00e9conomie et la soci\u00e9t\u00e9 fran\u00e7aise 2015<\/a><\/li>\n<li><a href=\"http:\/\/mathematicum.univ-pau.fr\/site\/\">Mathematicum <\/a>: M\u00e9diation math\u00e9matique \u00e0 l&#8217;Universit\u00e9 de Pau et des Pays de l&#8217;Adour<\/li>\n<li><a href=\"http:\/\/www.animath.fr\/\">Association Animath<\/a><\/li>\n<\/ul>\n<ul>\n<li><a href=\"http:\/\/culturemath.ens.fr\/\">CultureMATH <\/a>: site de ressources math\u00e9matiques pour les enseignants<\/li>\n<li><a href=\"http:\/\/images.math.cnrs.fr\/\">Images des math\u00e9matiques<\/a> : site de vulgarisation du CNRS<\/li>\n<li><a href=\"http:\/\/www.micmaths.com\/\">Micmaths<\/a> : Bric-\u00e0-brac math\u00e9matique et ludique de Micka\u00ebl Launay, et <a href=\"https:\/\/www.youtube.com\/user\/Micmaths\">sa chaine youtube<\/a> avec beaucoup de mat\u00e9riel tr\u00e8s int\u00e9ressant<\/li>\n<li><a href=\"http:\/\/www.dimensions-math.org\/Dim_fr.htm\">Dimensions, Une promenade math\u00e9matique<\/a> : Un film pour tout public, t\u00e9l\u00e9chargement gratuit et visionnable en ligne.<\/li>\n<li><a href=\"http:\/\/www.chaos-math.org\/fr\">Chaos<\/a> : Un film tout public, constitu\u00e9 de neuf chapitres de treize minutes chacun. Il traite des syst\u00e8mes dynamiques, de l\u2019effet papillon et de la th\u00e9orie du chaos.<\/li>\n<li><a href=\"http:\/\/smf.emath.fr\/videos_disponibles\">Vid\u00e9os de conf\u00e9rences &#8220;Un texte, un math\u00e9maticien&#8221;<\/a> sur le site de la SMF<\/li>\n<\/ul>\n","protected":false},"excerpt":{"rendered":"<p>Un site d\u00e9di\u00e9 \u00e0 la semaine des math\u00e9matiques Les concours et \u00e9nigmes sont souvent pour les \u00e9l\u00e8ves une occasion de partager des moments math\u00e9matiques ludiques et motivants. Vous trouverez ici une liste de concours pour tous les go\u00fbts. Clubs en liens avec les math\u00e9matiques Le plan Villani-Torossian a soulign\u00e9 l&#8217;importance des clubs en lien avec &hellip; <\/p>\n<p><a class=\"more-link btn\" href=\"https:\/\/ent2d.ac-bordeaux.fr\/disciplines\/mathematiques\/culture-maths\/\">Lire la suite<\/a><\/p>\n","protected":false},"author":5,"featured_media":0,"parent":0,"menu_order":0,"comment_status":"closed","ping_status":"closed","template":"","meta":{"_bbp_topic_count":0,"_bbp_reply_count":0,"_bbp_total_topic_count":0,"_bbp_total_reply_count":0,"_bbp_voice_count":0,"_bbp_anonymous_reply_count":0,"_bbp_topic_count_hidden":0,"_bbp_reply_count_hidden":0,"_bbp_forum_subforum_count":0,"footnotes":""},"class_list":["post-60","page","type-page","status-publish","hentry","nodate","item-wrap"],"_links":{"self":[{"href":"https:\/\/ent2d.ac-bordeaux.fr\/disciplines\/mathematiques\/wp-json\/wp\/v2\/pages\/60","targetHints":{"allow":["GET"]}}],"collection":[{"href":"https:\/\/ent2d.ac-bordeaux.fr\/disciplines\/mathematiques\/wp-json\/wp\/v2\/pages"}],"about":[{"href":"https:\/\/ent2d.ac-bordeaux.fr\/disciplines\/mathematiques\/wp-json\/wp\/v2\/types\/page"}],"author":[{"embeddable":true,"href":"https:\/\/ent2d.ac-bordeaux.fr\/disciplines\/mathematiques\/wp-json\/wp\/v2\/users\/5"}],"replies":[{"embeddable":true,"href":"https:\/\/ent2d.ac-bordeaux.fr\/disciplines\/mathematiques\/wp-json\/wp\/v2\/comments?post=60"}],"version-history":[{"count":21,"href":"https:\/\/ent2d.ac-bordeaux.fr\/disciplines\/mathematiques\/wp-json\/wp\/v2\/pages\/60\/revisions"}],"predecessor-version":[{"id":8058,"href":"https:\/\/ent2d.ac-bordeaux.fr\/disciplines\/mathematiques\/wp-json\/wp\/v2\/pages\/60\/revisions\/8058"}],"wp:attachment":[{"href":"https:\/\/ent2d.ac-bordeaux.fr\/disciplines\/mathematiques\/wp-json\/wp\/v2\/media?parent=60"}],"curies":[{"name":"wp","href":"https:\/\/api.w.org\/{rel}","templated":true}]}}