{"id":58,"date":"2025-11-30T19:44:37","date_gmt":"2025-11-30T18:44:37","guid":{"rendered":"https:\/\/ent2d.ac-bordeaux.fr\/disciplines\/mathematiques\/?page_id=58"},"modified":"2025-12-28T17:21:57","modified_gmt":"2025-12-28T16:21:57","slug":"bts","status":"publish","type":"page","link":"https:\/\/ent2d.ac-bordeaux.fr\/disciplines\/mathematiques\/bts\/","title":{"rendered":"BTS"},"content":{"rendered":"<p>La carte de formation \u00e9volue en BTS, ainsi que les modalit\u00e9s d&#8217;\u00e9valuation. Les documents ci-dessous permettent de clarifier les changements qui concernent les math\u00e9matiques dans les sections de techniciens sup\u00e9rieurs.<\/p>\n<h1>Programmes et r\u00e9f\u00e9rentiels<\/h1>\n<ul>\n<li><a href=\"https:\/\/ent2d.ac-bordeaux.fr\/disciplines\/mathematiques\/lettre-de-rentree-bts-le-point-sur-les-mathematiques-a-la-rentree-2025\/\"><u><strong><span style=\"color: #ff0000\">Le point sur les math\u00e9matiques dans les BTS \u00e0 la rentr\u00e9e 2025 (IGESR)<\/span><\/strong><\/u><\/a> : ce document essentiel r\u00e9pondra \u00e0 la plupart de vos questions. Vous pouvez \u00e9ventuellement consulter aussi ceux des ann\u00e9es <a href=\"https:\/\/ent2d.ac-bordeaux.fr\/disciplines\/mathematiques\/wp-content\/uploads\/sites\/3\/2024\/09\/Lettre_BTS_igesr_math_rentree_2024-2025_version-26-septembre.pdf\">2024<\/a>, <a href=\"https:\/\/ent2d.ac-bordeaux.fr\/disciplines\/mathematiques\/wp-content\/uploads\/sites\/3\/2023\/11\/Lettre_BTS_igesr_math_rentree_2023-2024_reluKZ_reluGrBTS.pdf\">2023<\/a>, <a href=\"https:\/\/ent2d.ac-bordeaux.fr\/disciplines\/mathematiques\/wp-content\/uploads\/sites\/3\/2022\/09\/lettre_BTS_igesr_math_rentree_2022-2023.pdf\">2022<\/a>, <a href=\"https:\/\/ent2d.ac-bordeaux.fr\/disciplines\/mathematiques\/wp-content\/uploads\/sites\/3\/2021\/09\/2021-Lettre-BTS-IGESR-maths.pdf\">2021<\/a>, <a href=\"https:\/\/ent2d.ac-bordeaux.fr\/disciplines\/mathematiques\/wp-content\/uploads\/sites\/3\/2020\/11\/2020-Lettre_BTS_maths.pdf\">2020<\/a>, <a href=\"https:\/\/ent2d.ac-bordeaux.fr\/disciplines\/mathematiques\/wp-content\/uploads\/sites\/3\/2020\/09\/2019-Lettre_BTS_maths.pdf\">2019<\/a>, <a href=\"https:\/\/ent2d.ac-bordeaux.fr\/disciplines\/mathematiques\/wp-content\/uploads\/sites\/3\/2018\/11\/Lettre_BTS_maths_2018.pdf\">2018<\/a>, <a href=\"https:\/\/ent2d.ac-bordeaux.fr\/disciplines\/mathematiques\/wp-content\/uploads\/sites\/3\/2016\/04\/BTS_math_rentree_2017.pdf\">2017<\/a> et <a href=\"https:\/\/ent2d.ac-bordeaux.fr\/disciplines\/mathematiques\/wp-content\/uploads\/sites\/3\/2016\/04\/Le_point_sur_les_mathematiques_dans_les_BTS_a_la_rentree_2016_621928.pdf\" target=\"_blank\" rel=\"noopener noreferrer\">2016<\/a>).<\/li>\n<li><span style=\"color: #ff0000\"><strong>Session 2021<\/strong><\/span> : <a href=\"https:\/\/www.education.gouv.fr\/modalites-d-organisation-de-la-session-exceptionnelle-de-rattrapage-du-bts-323085\">Modalit\u00e9s d&#8217;organisation de la session exceptionnelle de rattrapage du BTS<\/a><\/li>\n<li><a href=\"http:\/\/eduscol.education.fr\/cid96077\/mathematiques-pour-le-superieur.html\">Page Eduscol sur les BTS<\/a>, regroupant les derniers textes et ressources officielles<\/li>\n<li><a href=\"https:\/\/www.sup.adc.education.fr\/btslst\/referentiel\/BTS_ProgrammeMathematiques.pdf\" target=\"_blank\" rel=\"noopener noreferrer\"><strong>Programmes de BTS (Arr\u00eat\u00e9 du 4 juin 2013)<\/strong><\/a>.<br \/>\nLes modules \u00e9crits lors des r\u00e9novations plus r\u00e9centes n&#8217;y figurent pas encore, les voici :<br \/>\n<a href=\"https:\/\/ent2d.ac-bordeaux.fr\/disciplines\/mathematiques\/wp-content\/uploads\/sites\/3\/2021\/09\/BTS-ModuleGeometrie2D.pdf\"><em>G\u00e9om\u00e9trie 2D<\/em><\/a><em>, <a href=\"https:\/\/ent2d.ac-bordeaux.fr\/disciplines\/mathematiques\/wp-content\/uploads\/sites\/3\/2021\/09\/BTS-ModuleGeometrie3D.pdf\">G\u00e9om\u00e9trie 3D<\/a>,\u00a0 <a href=\"https:\/\/ent2d.ac-bordeaux.fr\/disciplines\/mathematiques\/wp-content\/uploads\/sites\/3\/2021\/09\/BTS-ModuleIntroductionBasesDonn\u00e9es.pdf\">Introduction aux Bases de Donn\u00e9es<\/a>, <a href=\"https:\/\/ent2d.ac-bordeaux.fr\/disciplines\/mathematiques\/wp-content\/uploads\/sites\/3\/2021\/09\/BTS-ModuleTFD.pdf\">Transform\u00e9e de Fourrier Discr\u00e8te (TFD)<\/a>, <a href=\"https:\/\/ent2d.ac-bordeaux.fr\/disciplines\/mathematiques\/wp-content\/uploads\/sites\/3\/2021\/09\/BTS-ModuleCalculNumeration.pdf\">Calcul et Numeration<\/a>, <a href=\"https:\/\/ent2d.ac-bordeaux.fr\/disciplines\/mathematiques\/wp-content\/uploads\/sites\/3\/2021\/09\/BTS-ModuleCourbesPlanes.pdf\">Courbes Planes<\/a>, <a href=\"https:\/\/ent2d.ac-bordeaux.fr\/disciplines\/mathematiques\/wp-content\/uploads\/sites\/3\/2021\/09\/BTS-ModuleElementsAlgorithmiqueProgrammation.pdf\">\u00c9l\u00e9ments d&#8217;Algorithmique et Programmation<\/a>, <a href=\"https:\/\/ent2d.ac-bordeaux.fr\/disciplines\/mathematiques\/wp-content\/uploads\/sites\/3\/2021\/09\/BTS-ModuleFonctionsModelisationGeometrique.pdf\">Fonctions et Mod\u00e9lisation G\u00e9om\u00e9trique<\/a><\/em><\/li>\n<li><a href=\"http:\/\/www.pedagogie.ac-nantes.fr\/mathematiques\/textes\/programmes\/info-bts-liste-1001464.kjsp?RH=1160078984984\">Grille synth\u00e9tique des programmes et r\u00e9f\u00e9rentiels par sp\u00e9cialit\u00e9<\/a> (Acad\u00e9mie de Nantes). Ces r\u00e9f\u00e9rentiels sont \u00e9galement publi\u00e9 sur <a href=\"https:\/\/enqdip.sup.adc.education.fr\/bts\/index.htm\">le site de la DGESIP<\/a>.<\/li>\n<li><a href=\"https:\/\/ent2d.ac-bordeaux.fr\/disciplines\/mathematiques\/mise-a-jour-des-groupements-de-specialites-de-bts-pour-lepreuve-ponctuelle-ecrite-en-mathematiques-a-la-session-dexamen-2024\/\" target=\"_blank\" rel=\"noopener\">Groupements de sp\u00e9cialit\u00e9s de BTS pour l&#8217;\u00e9valuation en math\u00e9matiques<\/a><\/li>\n<li><a href=\"https:\/\/www.sup.adc.education.fr\/btslst\/\" target=\"_blank\" rel=\"noopener noreferrer\">BTS: Liste des sp\u00e9cialit\u00e9s et des r\u00e9f\u00e9rentiels disponibles<\/a>: description du fonctionnement de chaque sp\u00e9cialit\u00e9. Ces textes font r\u00e9f\u00e9rence et modifient dans certains cas, par exemple pour le BTS SN, les programmes de 2013.<\/li>\n<li><a href=\"http:\/\/www.enseignementsup-recherche.gouv.fr\/pid20536\/bulletin-officiel.html?cid_bo=94844&amp;cbo=1\">Utilisation des calculatrices \u00e9lectroniques pour les DCG, DSCG, DEC et BTS, \u00e0 compter de la session 2018<\/a><\/li>\n<li><a href=\"http:\/\/www.pedagogie.ac-nantes.fr\/medias\/fichier\/l-enseignement-des-mathematiques-en-bts-document-ressource-academique_1425318716256-pdf?ID_FICHE=381405\">\u00c9volution de l\u2019enseignement des math\u00e9matiques en BTS et \u00e9valuation par CCF<\/a> (Acad\u00e9mie de Nantes): pr\u00e9sentation des objectifs de l&#8217;enseignement en BTS et de la logique du CCF.<\/li>\n<\/ul>\n<h1>Ressources<\/h1>\n<ul>\n<li><a href=\"http:\/\/www-irem.univ-paris13.fr\/site_spip\/spip.php?article1085\">Exemples de CCF en BTS: Brochure de l&#8217;IREM Paris-Nord<\/a>: des sujets (avec corrig\u00e9 et grille de comp\u00e9tences) pour 7 BTS (B\u00e2timent, CG, Maintenance de Syst\u00e8mes, Maintenance de v\u00e9hicules, SIO, Syst\u00e8mes constructifs bois et habitat, SN)<\/li>\n<li><a href=\"http:\/\/www.apmep.asso.fr\/-BTS-178-sujets-\" target=\"_blank\" rel=\"noopener noreferrer\">Annales APMEP<\/a> : les sujets nationaux de BTS depuis 2000, avec certains corrig\u00e9s<\/li>\n<li><a href=\"http:\/\/maths.ac-creteil.fr\/spip.php?article141&amp;lang=fr\">Liaison Bac Pro &#8211; BTS Ac-Cr\u00e9teil<\/a>: des ressources produites par l&#8217;acad\u00e9mie de Cr\u00e9teil visant \u00e0 faciliter l\u2019accueil des bacheliers professionnels<\/li>\n<li><a href=\"https:\/\/euler.ac-versailles.fr\/documents_STS\/index.htm\">BTS Acad\u00e9mie de Versailles<\/a>: des ressources sur les nouveaux programmes, la liaison bac pro-BTS et des exemples de sujets de CCF<\/li>\n<li>BTS Syst\u00e8mes num\u00e9riques : <a href=\"http:\/\/cache.media.eduscol.education.fr\/file\/Mathematiques\/65\/3\/Ressources_maths_BTS_systemes_numeriques_379653.zip\">document d&#8217;accompagnement produit par l&#8217;IGEN sur la Transform\u00e9e de Fourier discr\u00e9te et la transformation en Z<\/a><\/li>\n<li><a href=\"https:\/\/ent2d.ac-bordeaux.fr\/disciplines\/mathematiques\/wp-content\/uploads\/sites\/3\/2018\/11\/2018-BTS-M\u00e9tiers-de-leau-Document-daccompagnement.pdf\">BTS M\u00e9tiers de l&#8217;eau &#8211; Document d&#8217;accompagnement<\/a> explicitant notamment les liens entre le programme de math\u00e9matiques et les autres disciplines<\/li>\n<li><a href=\"http:\/\/www.reseaucerta.org\/sio\/maths\">BTS SIO: Portail et liste de diffusion nationaux<\/a><\/li>\n<\/ul>\n<h1>BTS dans l&#8217;acad\u00e9mie de Bordeaux<\/h1>\n<ul>\n<li><a href=\"https:\/\/ent2d.ac-bordeaux.fr\/disciplines\/mathematiques\/wp-content\/uploads\/sites\/3\/2016\/04\/BTS-ac-bordeaux-en-2015-2016.pdf\">Liste des STS de l&#8217;acad\u00e9mie de Bordeaux comportant des math\u00e9matiques \u2013 ann\u00e9e 2015-2016<\/a>\n<ul>\n<li><\/li>\n<\/ul>\n<\/li>\n<\/ul>\n","protected":false},"excerpt":{"rendered":"<p>La carte de formation \u00e9volue en BTS, ainsi que les modalit\u00e9s d&#8217;\u00e9valuation. Les documents ci-dessous permettent de clarifier les changements qui concernent les math\u00e9matiques dans les sections de techniciens sup\u00e9rieurs. Programmes et r\u00e9f\u00e9rentiels Le point sur les math\u00e9matiques dans les BTS \u00e0 la rentr\u00e9e 2025 (IGESR) : ce document essentiel r\u00e9pondra \u00e0 la plupart de &hellip; <\/p>\n<p><a class=\"more-link btn\" href=\"https:\/\/ent2d.ac-bordeaux.fr\/disciplines\/mathematiques\/bts\/\">Lire la suite<\/a><\/p>\n","protected":false},"author":2065,"featured_media":0,"parent":0,"menu_order":0,"comment_status":"closed","ping_status":"closed","template":"","meta":{"_bbp_topic_count":0,"_bbp_reply_count":0,"_bbp_total_topic_count":0,"_bbp_total_reply_count":0,"_bbp_voice_count":0,"_bbp_anonymous_reply_count":0,"_bbp_topic_count_hidden":0,"_bbp_reply_count_hidden":0,"_bbp_forum_subforum_count":0,"footnotes":""},"class_list":["post-58","page","type-page","status-publish","hentry","nodate","item-wrap"],"_links":{"self":[{"href":"https:\/\/ent2d.ac-bordeaux.fr\/disciplines\/mathematiques\/wp-json\/wp\/v2\/pages\/58","targetHints":{"allow":["GET"]}}],"collection":[{"href":"https:\/\/ent2d.ac-bordeaux.fr\/disciplines\/mathematiques\/wp-json\/wp\/v2\/pages"}],"about":[{"href":"https:\/\/ent2d.ac-bordeaux.fr\/disciplines\/mathematiques\/wp-json\/wp\/v2\/types\/page"}],"author":[{"embeddable":true,"href":"https:\/\/ent2d.ac-bordeaux.fr\/disciplines\/mathematiques\/wp-json\/wp\/v2\/users\/2065"}],"replies":[{"embeddable":true,"href":"https:\/\/ent2d.ac-bordeaux.fr\/disciplines\/mathematiques\/wp-json\/wp\/v2\/comments?post=58"}],"version-history":[{"count":61,"href":"https:\/\/ent2d.ac-bordeaux.fr\/disciplines\/mathematiques\/wp-json\/wp\/v2\/pages\/58\/revisions"}],"predecessor-version":[{"id":11895,"href":"https:\/\/ent2d.ac-bordeaux.fr\/disciplines\/mathematiques\/wp-json\/wp\/v2\/pages\/58\/revisions\/11895"}],"wp:attachment":[{"href":"https:\/\/ent2d.ac-bordeaux.fr\/disciplines\/mathematiques\/wp-json\/wp\/v2\/media?parent=58"}],"curies":[{"name":"wp","href":"https:\/\/api.w.org\/{rel}","templated":true}]}}