{"id":51,"date":"2016-01-01T14:29:57","date_gmt":"2016-01-01T13:29:57","guid":{"rendered":"https:\/\/ent2d.ac-bordeaux.fr\/disciplines\/mathematiques\/?page_id=51"},"modified":"2017-09-07T19:38:41","modified_gmt":"2017-09-07T18:38:41","slug":"mentions-legales","status":"publish","type":"page","link":"https:\/\/ent2d.ac-bordeaux.fr\/disciplines\/mathematiques\/mentions-legales\/","title":{"rendered":"Mentions l\u00e9gales"},"content":{"rendered":"<h2><strong>Editeur<\/strong><\/h2>\n<p>Le rectorat de l\u2019acad\u00e9mie de Bordeaux<br \/>\n5 rue Joseph de Carayon-Latour<br \/>\nCS 81499<br \/>\n33060 Bordeaux Cedex<br \/>\nT\u00e9l\u00e9phone\u00a0: 05 57 57 38 00\u00a0; Fax\u00a0: 05 56 96 29 42<\/p>\n<h2><strong>Directeur de publication<br \/>\n<\/strong><\/h2>\n<p>Les directeurs de la publication sont les IA-IPR de Math\u00e9matiques.<\/p>\n<h2><strong>H\u00e9bergement<br \/>\n<\/strong><\/h2>\n<p>Le site est h\u00e9berg\u00e9 par la Direction des Syst\u00e8mes d&#8217;Information (D.S.I.) de l&#8217;acad\u00e9mie de Bordeaux, 5, rue Joseph de Carayon-Latour, Bordeaux.<\/p>\n","protected":false},"excerpt":{"rendered":"<p>Editeur Le rectorat de l\u2019acad\u00e9mie de Bordeaux 5 rue Joseph de Carayon-Latour CS 81499 33060 Bordeaux Cedex T\u00e9l\u00e9phone\u00a0: 05 57 57 38 00\u00a0; Fax\u00a0: 05 56 96 29 42 Directeur de publication Les directeurs de la publication sont les IA-IPR de Math\u00e9matiques. H\u00e9bergement Le site est h\u00e9berg\u00e9 par la Direction des Syst\u00e8mes d&#8217;Information (D.S.I.) de &hellip; <\/p>\n<p><a class=\"more-link btn\" href=\"https:\/\/ent2d.ac-bordeaux.fr\/disciplines\/mathematiques\/mentions-legales\/\">Lire la suite<\/a><\/p>\n","protected":false},"author":2,"featured_media":0,"parent":0,"menu_order":0,"comment_status":"closed","ping_status":"closed","template":"","meta":{"_bbp_topic_count":0,"_bbp_reply_count":0,"_bbp_total_topic_count":0,"_bbp_total_reply_count":0,"_bbp_voice_count":0,"_bbp_anonymous_reply_count":0,"_bbp_topic_count_hidden":0,"_bbp_reply_count_hidden":0,"_bbp_forum_subforum_count":0,"footnotes":""},"class_list":["post-51","page","type-page","status-publish","hentry","nodate","item-wrap"],"_links":{"self":[{"href":"https:\/\/ent2d.ac-bordeaux.fr\/disciplines\/mathematiques\/wp-json\/wp\/v2\/pages\/51","targetHints":{"allow":["GET"]}}],"collection":[{"href":"https:\/\/ent2d.ac-bordeaux.fr\/disciplines\/mathematiques\/wp-json\/wp\/v2\/pages"}],"about":[{"href":"https:\/\/ent2d.ac-bordeaux.fr\/disciplines\/mathematiques\/wp-json\/wp\/v2\/types\/page"}],"author":[{"embeddable":true,"href":"https:\/\/ent2d.ac-bordeaux.fr\/disciplines\/mathematiques\/wp-json\/wp\/v2\/users\/2"}],"replies":[{"embeddable":true,"href":"https:\/\/ent2d.ac-bordeaux.fr\/disciplines\/mathematiques\/wp-json\/wp\/v2\/comments?post=51"}],"version-history":[{"count":4,"href":"https:\/\/ent2d.ac-bordeaux.fr\/disciplines\/mathematiques\/wp-json\/wp\/v2\/pages\/51\/revisions"}],"predecessor-version":[{"id":3093,"href":"https:\/\/ent2d.ac-bordeaux.fr\/disciplines\/mathematiques\/wp-json\/wp\/v2\/pages\/51\/revisions\/3093"}],"wp:attachment":[{"href":"https:\/\/ent2d.ac-bordeaux.fr\/disciplines\/mathematiques\/wp-json\/wp\/v2\/media?parent=51"}],"curies":[{"name":"wp","href":"https:\/\/api.w.org\/{rel}","templated":true}]}}