{"id":5002,"date":"2019-10-24T21:58:40","date_gmt":"2019-10-24T20:58:40","guid":{"rendered":"https:\/\/ent2d.ac-bordeaux.fr\/disciplines\/mathematiques\/?page_id=5002"},"modified":"2020-03-03T17:49:37","modified_gmt":"2020-03-03T16:49:37","slug":"histoire-des-mathematiques","status":"publish","type":"page","link":"https:\/\/ent2d.ac-bordeaux.fr\/disciplines\/mathematiques\/histoire-des-mathematiques\/","title":{"rendered":"Histoire des math\u00e9matiques"},"content":{"rendered":"<p><strong>L&#8217;objectif est ici de fournir quelques ressources \u00e0 consulter pour faciliter l&#8217;int\u00e9gration de l&#8217;histoire des math\u00e9matiques dans son enseignement, au coll\u00e8ge et au lyc\u00e9e. <\/strong><\/p>\n<p><img loading=\"lazy\" decoding=\"async\" class=\"size-full wp-image-5366 alignright\" src=\"https:\/\/ent2d.ac-bordeaux.fr\/disciplines\/mathematiques\/wp-content\/uploads\/sites\/3\/2020\/03\/Tablette-me\u0301sopotamienne.png\" alt=\"\" width=\"166\" height=\"224\" \/><\/p>\n<h3><strong>1) Les textes officiels<\/strong><\/h3>\n<p>L&#8217;histoire des math\u00e9matiques constitue une rubrique des programmes d&#8217;enseignement des math\u00e9matiques au lyc\u00e9e. On cherche \u00e0 retracer les &#8220;grands moments&#8221; de l&#8217;\u00e9volution des concepts \u00e9tudi\u00e9s. Auparavant, elle peut \u00eatre abord\u00e9e en cycle 3 et cycle 4, notamment lors de croisements entre enseignements.<\/p>\n<p><a href=\"https:\/\/eduscol.education.fr\/cid144119\/mathematiques-bac-2021.html\">Vers les programmes de lyc\u00e9e (Eduscol)<\/a><\/p>\n<h3><strong>2) Ouvrages d\u2019histoire des math\u00e9matiques<\/strong><\/h3>\n<p>Le professeur peut avoir besoin d&#8217;approfondir ses propres connaissances sur l&#8217;histoire des math\u00e9matiques, dans ses grandes lignes ou dans des domaines particuliers. Cet article donne une <a href=\"https:\/\/ent2d.ac-bordeaux.fr\/disciplines\/mathematiques\/wp-admin\/post.php?post=5082&amp;action=edit\">liste non exhaustive d&#8217;ouvrages importants.<\/a><\/p>\n<h3><strong>3) Des liens vers des sites, des vid\u00e9os et des articles de recherche <\/strong><\/h3>\n<p>Nous avons regroup\u00e9 <a href=\"https:\/\/ent2d.ac-bordeaux.fr\/disciplines\/mathematiques\/wp-admin\/post.php?post=5352&amp;action=edit\">quelques liens vers des sites et des documents<\/a> qui peuvent compl\u00e9ter les r\u00e9f\u00e9rences utiles aux professeurs, ou dont des extraits peuvent \u00eatre utilis\u00e9s avec les \u00e9l\u00e8ves.<\/p>\n<p><img loading=\"lazy\" decoding=\"async\" class=\"alignnone size-medium wp-image-5365\" src=\"https:\/\/ent2d.ac-bordeaux.fr\/disciplines\/mathematiques\/wp-content\/uploads\/sites\/3\/2020\/03\/Al-Khwarismi-premie\u0300re-page-189x300.png\" alt=\"\" width=\"189\" height=\"300\" srcset=\"https:\/\/ent2d.ac-bordeaux.fr\/disciplines\/mathematiques\/wp-content\/uploads\/sites\/3\/2020\/03\/Al-Khwarismi-premie\u0300re-page-189x300.png 189w, https:\/\/ent2d.ac-bordeaux.fr\/disciplines\/mathematiques\/wp-content\/uploads\/sites\/3\/2020\/03\/Al-Khwarismi-premie\u0300re-page.png 238w\" sizes=\"auto, (max-width: 189px) 100vw, 189px\" \/><\/p>\n<h3><strong>4) Exemples d&#8217;activit\u00e9s pour la classe et de ressources p\u00e9dagogiques<\/strong><\/h3>\n<p>Cet article s&#8217;enrichira peu \u00e0 peu de <a href=\"https:\/\/ent2d.ac-bordeaux.fr\/disciplines\/mathematiques\/wp-admin\/post.php?post=5350&amp;action=edit\">propositions d&#8217;activit\u00e9s<\/a>. Elles sont pr\u00e9sent\u00e9es pour le professeur et pour les \u00e9l\u00e8ves. Elles s&#8217;accompagnent d&#8217;une bibliographie d&#8217;ouvrages p\u00e9dagogiques dans lesquels l&#8217;histoire des math\u00e9matiques est l&#8217;occasion de d\u00e9couvrir ou travailler des notions des programmes.<\/p>\n<h3><strong>5) Pour trouver des \u00e9ditions de textes d&#8217;origine<\/strong><\/h3>\n<p>Il est possible de trouver beaucoup de textes originaux de math\u00e9maticiens sur internet, par exemple sur les sites suivants :<\/p>\n<p><img loading=\"lazy\" decoding=\"async\" class=\"alignnone size-full wp-image-5367 alignright\" src=\"https:\/\/ent2d.ac-bordeaux.fr\/disciplines\/mathematiques\/wp-content\/uploads\/sites\/3\/2020\/03\/Travaux-mathe\u0301matiques-de-Karl-Weierstrass.png\" alt=\"\" width=\"178\" height=\"248\" \/><\/p>\n<ul>\n<li>La <em>digital mathematics library <\/em>: <a href=\"https:\/\/www.math.uni-bielefeld.de\/~rehmann\/DML\/dml_links.html\">https:\/\/www.math.uni-bielefeld.de\/~rehmann\/DML\/dml_links.html<\/a><\/li>\n<li>Internet Archive : <a href=\"https:\/\/archive.org\/\">https:\/\/archive.org\/<\/a><\/li>\n<li>Le site de la BNF\u00a0: <a href=\"https:\/\/gallica.bnf.fr\/accueil\/fr\/content\/accueil-fr?mode=desktop\">https:\/\/gallica.bnf.fr\/accueil\/fr\/content\/accueil-fr?mode=desktop<\/a><\/li>\n<\/ul>\n<p>&nbsp;<\/p>\n<p>&nbsp;<\/p>\n<p>&nbsp;<\/p>\n<p>&nbsp;<\/p>\n","protected":false},"excerpt":{"rendered":"<p>L&#8217;objectif est ici de fournir quelques ressources \u00e0 consulter pour faciliter l&#8217;int\u00e9gration de l&#8217;histoire des math\u00e9matiques dans son enseignement, au coll\u00e8ge et au lyc\u00e9e. 1) Les textes officiels L&#8217;histoire des math\u00e9matiques constitue une rubrique des programmes d&#8217;enseignement des math\u00e9matiques au lyc\u00e9e. On cherche \u00e0 retracer les &#8220;grands moments&#8221; de l&#8217;\u00e9volution des concepts \u00e9tudi\u00e9s. Auparavant, elle &hellip; <\/p>\n<p><a class=\"more-link btn\" href=\"https:\/\/ent2d.ac-bordeaux.fr\/disciplines\/mathematiques\/histoire-des-mathematiques\/\">Lire la suite<\/a><\/p>\n","protected":false},"author":38,"featured_media":0,"parent":0,"menu_order":0,"comment_status":"closed","ping_status":"closed","template":"","meta":{"_bbp_topic_count":0,"_bbp_reply_count":0,"_bbp_total_topic_count":0,"_bbp_total_reply_count":0,"_bbp_voice_count":0,"_bbp_anonymous_reply_count":0,"_bbp_topic_count_hidden":0,"_bbp_reply_count_hidden":0,"_bbp_forum_subforum_count":0,"footnotes":""},"class_list":["post-5002","page","type-page","status-publish","hentry","nodate","item-wrap"],"_links":{"self":[{"href":"https:\/\/ent2d.ac-bordeaux.fr\/disciplines\/mathematiques\/wp-json\/wp\/v2\/pages\/5002","targetHints":{"allow":["GET"]}}],"collection":[{"href":"https:\/\/ent2d.ac-bordeaux.fr\/disciplines\/mathematiques\/wp-json\/wp\/v2\/pages"}],"about":[{"href":"https:\/\/ent2d.ac-bordeaux.fr\/disciplines\/mathematiques\/wp-json\/wp\/v2\/types\/page"}],"author":[{"embeddable":true,"href":"https:\/\/ent2d.ac-bordeaux.fr\/disciplines\/mathematiques\/wp-json\/wp\/v2\/users\/38"}],"replies":[{"embeddable":true,"href":"https:\/\/ent2d.ac-bordeaux.fr\/disciplines\/mathematiques\/wp-json\/wp\/v2\/comments?post=5002"}],"version-history":[{"count":8,"href":"https:\/\/ent2d.ac-bordeaux.fr\/disciplines\/mathematiques\/wp-json\/wp\/v2\/pages\/5002\/revisions"}],"predecessor-version":[{"id":5370,"href":"https:\/\/ent2d.ac-bordeaux.fr\/disciplines\/mathematiques\/wp-json\/wp\/v2\/pages\/5002\/revisions\/5370"}],"wp:attachment":[{"href":"https:\/\/ent2d.ac-bordeaux.fr\/disciplines\/mathematiques\/wp-json\/wp\/v2\/media?parent=5002"}],"curies":[{"name":"wp","href":"https:\/\/api.w.org\/{rel}","templated":true}]}}