{"id":4744,"date":"2019-09-06T18:35:05","date_gmt":"2019-09-06T17:35:05","guid":{"rendered":"https:\/\/ent2d.ac-bordeaux.fr\/disciplines\/mathematiques\/?page_id=4744"},"modified":"2019-09-06T18:35:05","modified_gmt":"2019-09-06T17:35:05","slug":"formation-a-distance-et-mooc","status":"publish","type":"page","link":"https:\/\/ent2d.ac-bordeaux.fr\/disciplines\/mathematiques\/formation-des-enseignants\/formation-a-distance-et-mooc\/","title":{"rendered":"Formation \u00e0 distance et MOOC"},"content":{"rendered":"<ul>\n<li><strong><a href=\"https:\/\/magistere.education.fr\/ac-bordeaux\/course\/view.php?id=3785\">Formation \u00e0 distance en algorithmique et programmation (coll\u00e8ge)<\/a><\/strong>En compl\u00e9ment des formations en pr\u00e9sentiel, un parcours de formation \u00e0 distance est mis \u00e0 disposition des enseignants. Ce parcours peut \u00eatre suivi en autonomie et en toute libert\u00e9, il contient de nombreuses id\u00e9es et ressources utilisables en classe avec le logiciel Scratch. Pour vous connecter sur la plateforme M@gist\u00e8re et vous inscrire au <a href=\"https:\/\/magistere.education.fr\/ac-bordeaux\/course\/view.php?id=3785\">parcours de formation<\/a>, vous devrez utiliser vos identifiants acad\u00e9miques.<br \/>\n<a href=\"https:\/\/magistere.education.fr\/ac-bordeaux\/course\/view.php?id=3785\"><img loading=\"lazy\" decoding=\"async\" class=\"wp-image-345 aligncenter\" src=\"https:\/\/ent2d.ac-bordeaux.fr\/disciplines\/mathematiques\/wp-content\/uploads\/sites\/3\/2016\/06\/Capture-d%E2%80%99e%CC%81cran-2016-06-10-a%CC%80-14.30.10.png\" alt=\"Capture d\u2019e\u0301cran 2016-06-10 a\u0300 14.30.10\" width=\"482\" height=\"54\" \/><\/a><\/li>\n<li><strong><a href=\"https:\/\/www.fun-mooc.fr\/\">France Universit\u00e9 Num\u00e9rique<\/a><\/strong> : de nombreux MOOC int\u00e9ressants traitant de l&#8217;enseignement, du num\u00e9rique et des math\u00e9matiques tout au long de l&#8217;ann\u00e9e.<br \/>\nPar exemple: <a href=\"https:\/\/www.fun-mooc.fr\/courses\/course-v1:inria+41018+session01\/about\">S&#8217;initier \u00e0 l&#8217;enseignement en Sciences Num\u00e9riques et Technologie (SNT)<\/a>, <a href=\"https:\/\/www.fun-mooc.fr\/courses\/course-v1:inria+41017+session01\/about\">Le robot Thymio comme outil de d\u00e9couverte des sciences du num\u00e9rique<\/a>, Enseigner et Former Avec le Num\u00e9rique (EFAN),\u00a0Enseigner et former avec le num\u00e9rique en math\u00e9matiques, <a href=\"https:\/\/www.fun-mooc.fr\/courses\/course-v1:Canope+80001+session03\/about\">La classe invers\u00e9e \u00e0 l&#8217;\u00e8re du num\u00e9rique<\/a>, <a href=\"https:\/\/www.fun-mooc.fr\/courses\/course-v1:UCA+107001+session01\/about\">Python 3 : des fondamentaux aux concepts avanc\u00e9s du langage<\/a>, \u00c9ducation par la recherche : neurosciences \u00e0 l&#8217;\u00c9cole, Fondamentaux en statistique, Introduction \u00e0 la statistique avec R&#8230;<\/li>\n<li><a href=\"https:\/\/www.schooleducationgateway.eu\/en\/pub\/teacher_academy.htm\"><strong>Schoolnet Education Gateway<\/strong><\/a>: cette plateforme europ\u00e9enne propose \u00e9galement des MOOC sur l&#8217;enseignement des sciences et l&#8217;innovation, par exemple: <a href=\"http:\/\/academy.schooleducationgateway.eu\/en\/web\/moving-to-maths-20-rerun\">Moving to maths 2.0<\/a>.<\/li>\n<\/ul>\n","protected":false},"excerpt":{"rendered":"<p>Formation \u00e0 distance en algorithmique et programmation (coll\u00e8ge)En compl\u00e9ment des formations en pr\u00e9sentiel, un parcours de formation \u00e0 distance est mis \u00e0 disposition des enseignants. Ce parcours peut \u00eatre suivi en autonomie et en toute libert\u00e9, il contient de nombreuses id\u00e9es et ressources utilisables en classe avec le logiciel Scratch. Pour vous connecter sur la &hellip; <\/p>\n<p><a class=\"more-link btn\" href=\"https:\/\/ent2d.ac-bordeaux.fr\/disciplines\/mathematiques\/formation-des-enseignants\/formation-a-distance-et-mooc\/\">Lire la suite<\/a><\/p>\n","protected":false},"author":5,"featured_media":0,"parent":1220,"menu_order":0,"comment_status":"closed","ping_status":"closed","template":"","meta":{"_bbp_topic_count":0,"_bbp_reply_count":0,"_bbp_total_topic_count":0,"_bbp_total_reply_count":0,"_bbp_voice_count":0,"_bbp_anonymous_reply_count":0,"_bbp_topic_count_hidden":0,"_bbp_reply_count_hidden":0,"_bbp_forum_subforum_count":0,"footnotes":""},"class_list":["post-4744","page","type-page","status-publish","hentry","nodate","item-wrap"],"_links":{"self":[{"href":"https:\/\/ent2d.ac-bordeaux.fr\/disciplines\/mathematiques\/wp-json\/wp\/v2\/pages\/4744","targetHints":{"allow":["GET"]}}],"collection":[{"href":"https:\/\/ent2d.ac-bordeaux.fr\/disciplines\/mathematiques\/wp-json\/wp\/v2\/pages"}],"about":[{"href":"https:\/\/ent2d.ac-bordeaux.fr\/disciplines\/mathematiques\/wp-json\/wp\/v2\/types\/page"}],"author":[{"embeddable":true,"href":"https:\/\/ent2d.ac-bordeaux.fr\/disciplines\/mathematiques\/wp-json\/wp\/v2\/users\/5"}],"replies":[{"embeddable":true,"href":"https:\/\/ent2d.ac-bordeaux.fr\/disciplines\/mathematiques\/wp-json\/wp\/v2\/comments?post=4744"}],"version-history":[{"count":1,"href":"https:\/\/ent2d.ac-bordeaux.fr\/disciplines\/mathematiques\/wp-json\/wp\/v2\/pages\/4744\/revisions"}],"predecessor-version":[{"id":4745,"href":"https:\/\/ent2d.ac-bordeaux.fr\/disciplines\/mathematiques\/wp-json\/wp\/v2\/pages\/4744\/revisions\/4745"}],"up":[{"embeddable":true,"href":"https:\/\/ent2d.ac-bordeaux.fr\/disciplines\/mathematiques\/wp-json\/wp\/v2\/pages\/1220"}],"wp:attachment":[{"href":"https:\/\/ent2d.ac-bordeaux.fr\/disciplines\/mathematiques\/wp-json\/wp\/v2\/media?parent=4744"}],"curies":[{"name":"wp","href":"https:\/\/api.w.org\/{rel}","templated":true}]}}