{"id":4181,"date":"2018-12-09T23:27:43","date_gmt":"2018-12-09T22:27:43","guid":{"rendered":"https:\/\/ent2d.ac-bordeaux.fr\/disciplines\/mathematiques\/?page_id=4181"},"modified":"2024-10-01T08:58:40","modified_gmt":"2024-10-01T07:58:40","slug":"laboratoires-de-mathematiques","status":"publish","type":"page","link":"https:\/\/ent2d.ac-bordeaux.fr\/disciplines\/mathematiques\/formation-des-enseignants\/laboratoires-de-mathematiques\/","title":{"rendered":"Laboratoires de math\u00e9matiques"},"content":{"rendered":"<p>Dans le cadre de la mise en \u0153uvre du plan Villani-Torossian, 28 laboratoires de math\u00e9matiques ont \u00e9t\u00e9 implant\u00e9s dans l&#8217;acad\u00e9mie de Bordeaux.<\/p>\n<h1>Laboratoires en lyc\u00e9e<\/h1>\n<p><a href=\"https:\/\/framacarte.org\/fr\/map\/labos-maths_66149#8\/44.502\/-0.038\"><img loading=\"lazy\" decoding=\"async\" class=\"wp-image-7223 size-medium alignright\" src=\"https:\/\/ent2d.ac-bordeaux.fr\/disciplines\/mathematiques\/wp-content\/uploads\/sites\/3\/2022\/10\/carte-labo-230x300.png\" alt=\"\" width=\"230\" height=\"300\" srcset=\"https:\/\/ent2d.ac-bordeaux.fr\/disciplines\/mathematiques\/wp-content\/uploads\/sites\/3\/2022\/10\/carte-labo-230x300.png 230w, https:\/\/ent2d.ac-bordeaux.fr\/disciplines\/mathematiques\/wp-content\/uploads\/sites\/3\/2022\/10\/carte-labo.png 573w\" sizes=\"auto, (max-width: 230px) 100vw, 230px\" \/><\/a><a href=\"https:\/\/ent2d.ac-bordeaux.fr\/disciplines\/mathematiques\/laboratoires-de-mathematiques-appel-a-candidatures-2018\/\">Un appel \u00e0 candidatures en novembre 2018<\/a> a permis de s\u00e9lectionner les 10 projets suivants, qui re\u00e7oivent des financements acad\u00e9miques et s&#8217;engagent \u00e0 respecter la <a href=\"https:\/\/ent2d.ac-bordeaux.fr\/disciplines\/mathematiques\/charte-des-laboratoires-de-mathematiques-academie-de-bordeaux\/\">charte acad\u00e9mique des laboratoires en lyc\u00e9e<\/a>.<\/p>\n<ul>\n<li><a href=\"https:\/\/blogpeda.ac-bordeaux.fr\/labomaths-claveille-perigueux\/\">Lyc\u00e9e Albert Claveille &#8211; PERIGUEUX (24)<\/a><\/li>\n<li><a href=\"https:\/\/blogpeda.ac-bordeaux.fr\/labomath-mainebiran-bergerac\/\">Lyc\u00e9e de Maine de Biran &#8211; BERGERAC (24)<\/a><\/li>\n<li><a href=\"https:\/\/blogpeda.ac-bordeaux.fr\/labomaths-max-linder-libourne\/\">Lyc\u00e9e Max Linder &#8211; LIBOURNE (33)<\/a><\/li>\n<li><a href=\"https:\/\/blogpeda.ac-bordeaux.fr\/labomaths-redon-pauillac\/\">Lyc\u00e9e Odilon Redon &#8211; PAUILLAC (33)<\/a><\/li>\n<li><a href=\"https:\/\/blogpeda.ac-bordeaux.fr\/labomaths-vaclav-havel-begles\/\">Lyc\u00e9e Vaclav Havel &#8211; BEGLES (33)<\/a><\/li>\n<li><a href=\"https:\/\/blogpeda.ac-bordeaux.fr\/labomaths-borda-dax\/\">Lyc\u00e9e de Borda &#8211; DAX (40)<\/a><\/li>\n<li><a href=\"https:\/\/blogpeda.ac-bordeaux.fr\/labomaths-sud-des-landes-tyrosse\/\">Lyc\u00e9e Sud des Landes &#8211; SAINT VINCENT DE TYROSSE (40)<\/a><\/li>\n<li><a href=\"https:\/\/blogpeda.ac-bordeaux.fr\/labomaths-val-de-garonne-marmande\/\">Lyc\u00e9e de la Plasturgie Val De Garonne &#8211; MARMANDE (47)<\/a><\/li>\n<li><a href=\"https:\/\/blogpeda.ac-bordeaux.fr\/labomaths-barthou-pau\/\">Lyc\u00e9e Louis Barthou &#8211; PAU (64)<\/a><\/li>\n<li>Lyc\u00e9e Louis de Foix &#8211; BAYONNE (64)<\/li>\n<\/ul>\n<p>D&#8217;autres \u00e9tablissements peuvent cependant \u00e0 tout moment s&#8217;engager dans la d\u00e9marche de cr\u00e9ation d&#8217;un laboratoire et b\u00e9n\u00e9ficier de la mise en r\u00e9seau et de l&#8217;accompagnement par les IA-IPR.<\/p>\n<h1>Laboratoires en coll\u00e8ge<\/h1>\n<p>Un <a href=\"https:\/\/ent2d.ac-bordeaux.fr\/disciplines\/mathematiques\/laboratoires-de-mathematiques-college-appel-a-candidatures-2020\/\">appel \u00e0 candidatures lanc\u00e9 en octobre 2020<\/a> a permis de lancer 16 laboratoires qui recevront des financements acad\u00e9miques et s&#8217;engagent \u00e0 respecter la <a href=\"https:\/\/ent2d.ac-bordeaux.fr\/disciplines\/mathematiques\/charte-laboratoires-de-mathematiques-college-academie-de-bordeaux\/\">charte acad\u00e9mique des laboratoires en coll\u00e8ge<\/a>.<\/p>\n<ul>\n<li>Coll\u00e8ge Jacques Pr\u00e9vert &#8211; BERGERAC (24)<\/li>\n<li>Coll\u00e8ge Jean Ladignac &#8211; SAINT CYPRIEN (24)<\/li>\n<li>Coll\u00e8ge Michel De Montaigne &#8211; P\u00c9RIGUEUX (24)<\/li>\n<li>Coll\u00e8ge Laure Gatet &#8211; P\u00c9RIGUEUX (24)<\/li>\n<li>Coll\u00e8ge Claude Masse &#8211; AMBARES ET LAGRAVE (33)<\/li>\n<li>Coll\u00e8ge Montaigne &#8211; LORMONT (33)<\/li>\n<li><a href=\"https:\/\/blogpeda.ac-bordeaux.fr\/labomaths-les-dagueys-libourne\/\">Coll\u00e8ge Les Dagueys &#8211; LIBOURNE (33)<\/a><\/li>\n<li><a href=\"https:\/\/blogpeda.ac-bordeaux.fr\/labomath-HenrideNavarre-Coutras\/\">Coll\u00e8ge Henri de Navarre &#8211; COUTRAS (33)<\/a><\/li>\n<li><a href=\"https:\/\/blogpeda.ac-bordeaux.fr\/alienoraquitainecastillonlabataille1\/\">Coll\u00e8ge Ali\u00e9nor d&#8217;Aquitaine &#8211; CASTILLON LA BATAILLE (33)<\/a><\/li>\n<li><a href=\"https:\/\/blogpeda.ac-bordeaux.fr\/labomaths-castelnau-lesparre\/\">Coll\u00e8ge Les Lesques (LESPARRE MEDOC , 33) et Coll\u00e8ge Canterane (CASTELNAU DE MEDOC, 33)<\/a><\/li>\n<li><a href=\"https:\/\/blogpeda.ac-bordeaux.fr\/lms2\/\">Coll\u00e8ge Fran\u00e7ois Mauriac &#8211; ST SYMPHORIEN (33)<\/a><\/li>\n<li><a href=\"https:\/\/blogpeda.ac-bordeaux.fr\/labomaths-la-reole\/\">Coll\u00e8ge Paul Esquinance &#8211; LA REOLE (33)<\/a><\/li>\n<li>Coll\u00e8ge Ausone &#8211; BAZAS (33)<\/li>\n<li>Coll\u00e8ge Victor Louis &#8211; TALENCE (33)<\/li>\n<li><a href=\"https:\/\/blogpeda.ac-bordeaux.fr\/labomaths-labouheyre\/\">Coll\u00e8ge F\u00e9lix Arnaudin &#8211; LABOUHEYRE (40)<\/a><\/li>\n<li>Coll\u00e8ge Anatole France &#8211; VILLENEUVE SUR LOT (47)<\/li>\n<li>Coll\u00e8ge Ducos du Huron &#8211; AGEN (47)<\/li>\n<li><a href=\"https:\/\/blogpeda.ac-bordeaux.fr\/labomaths-irandatz\/\">Coll\u00e8ge Irandatz &#8211; HENDAYE (64)<\/a><\/li>\n<\/ul>\n<h1>Pour en savoir plus<\/h1>\n<ul>\n<li><a href=\"http:\/\/www.education.gouv.fr\/cid126423\/21-mesures-pour-l-enseignement-des-mathematiques.html\">21 mesures pour l&#8217;enseignement des math\u00e9matiques<\/a>: le rapport Villani-Torossian paru en f\u00e9vrier 2018<\/li>\n<li><a href=\"https:\/\/eduscol.education.fr\/1469\/laboratoires-de-mathematiques\">Page Eduscol d\u00e9di\u00e9e aux laboratoires de math\u00e9matiques<\/a><\/li>\n<li><a href=\"https:\/\/eduscol.education.fr\/media\/1483\/download\">Vad\u00e9m\u00e9cum des Laboratoires de Math\u00e9matiques<\/a> et <a href=\"https:\/\/eduscol.education.fr\/media\/4076\/download\">Vad\u00e9m\u00e9cum des Laboratoires en Coll\u00e8ge<\/a>, publi\u00e9s par la mission Villani-Torossian<\/li>\n<li><a href=\"https:\/\/ent2d.ac-bordeaux.fr\/disciplines\/mathematiques\/charte-des-laboratoires-de-mathematiques-academie-de-bordeaux\/\">Charte des Laboratoires de Math\u00e9matiques en LYCEE de l\u2019acad\u00e9mie de Bordeaux<\/a><\/li>\n<li><a href=\"https:\/\/ent2d.ac-bordeaux.fr\/disciplines\/mathematiques\/charte-laboratoires-de-mathematiques-college-academie-de-bordeaux\/\">Charte des Laboratoires de Math\u00e9matiques en COLLEGE de l\u2019acad\u00e9mie de Bordeaux<\/a><\/li>\n<li>labo-maths.fr : Cartographie et contacts de tous les laboratoires (en France et dans les \u00e9tablissements de l&#8217;AEFE)<\/li>\n<\/ul>\n","protected":false},"excerpt":{"rendered":"<p>Dans le cadre de la mise en \u0153uvre du plan Villani-Torossian, 28 laboratoires de math\u00e9matiques ont \u00e9t\u00e9 implant\u00e9s dans l&#8217;acad\u00e9mie de Bordeaux. Laboratoires en lyc\u00e9e Un appel \u00e0 candidatures en novembre 2018 a permis de s\u00e9lectionner les 10 projets suivants, qui re\u00e7oivent des financements acad\u00e9miques et s&#8217;engagent \u00e0 respecter la charte acad\u00e9mique des laboratoires en &hellip; <\/p>\n<p><a class=\"more-link btn\" href=\"https:\/\/ent2d.ac-bordeaux.fr\/disciplines\/mathematiques\/formation-des-enseignants\/laboratoires-de-mathematiques\/\">Lire la suite<\/a><\/p>\n","protected":false},"author":5,"featured_media":0,"parent":1220,"menu_order":0,"comment_status":"closed","ping_status":"closed","template":"","meta":{"_bbp_topic_count":0,"_bbp_reply_count":0,"_bbp_total_topic_count":0,"_bbp_total_reply_count":0,"_bbp_voice_count":0,"_bbp_anonymous_reply_count":0,"_bbp_topic_count_hidden":0,"_bbp_reply_count_hidden":0,"_bbp_forum_subforum_count":0,"footnotes":""},"class_list":["post-4181","page","type-page","status-publish","hentry","nodate","item-wrap"],"_links":{"self":[{"href":"https:\/\/ent2d.ac-bordeaux.fr\/disciplines\/mathematiques\/wp-json\/wp\/v2\/pages\/4181","targetHints":{"allow":["GET"]}}],"collection":[{"href":"https:\/\/ent2d.ac-bordeaux.fr\/disciplines\/mathematiques\/wp-json\/wp\/v2\/pages"}],"about":[{"href":"https:\/\/ent2d.ac-bordeaux.fr\/disciplines\/mathematiques\/wp-json\/wp\/v2\/types\/page"}],"author":[{"embeddable":true,"href":"https:\/\/ent2d.ac-bordeaux.fr\/disciplines\/mathematiques\/wp-json\/wp\/v2\/users\/5"}],"replies":[{"embeddable":true,"href":"https:\/\/ent2d.ac-bordeaux.fr\/disciplines\/mathematiques\/wp-json\/wp\/v2\/comments?post=4181"}],"version-history":[{"count":34,"href":"https:\/\/ent2d.ac-bordeaux.fr\/disciplines\/mathematiques\/wp-json\/wp\/v2\/pages\/4181\/revisions"}],"predecessor-version":[{"id":10142,"href":"https:\/\/ent2d.ac-bordeaux.fr\/disciplines\/mathematiques\/wp-json\/wp\/v2\/pages\/4181\/revisions\/10142"}],"up":[{"embeddable":true,"href":"https:\/\/ent2d.ac-bordeaux.fr\/disciplines\/mathematiques\/wp-json\/wp\/v2\/pages\/1220"}],"wp:attachment":[{"href":"https:\/\/ent2d.ac-bordeaux.fr\/disciplines\/mathematiques\/wp-json\/wp\/v2\/media?parent=4181"}],"curies":[{"name":"wp","href":"https:\/\/api.w.org\/{rel}","templated":true}]}}