{"id":25,"date":"2015-12-12T15:40:19","date_gmt":"2015-12-12T14:40:19","guid":{"rendered":"http:\/\/blogacabdx.ac-bordeaux.fr\/mathematiques\/?page_id=25"},"modified":"2019-09-04T10:02:55","modified_gmt":"2019-09-04T09:02:55","slug":"lycee","status":"publish","type":"page","link":"https:\/\/ent2d.ac-bordeaux.fr\/disciplines\/mathematiques\/lycee\/","title":{"rendered":"Lyc\u00e9e"},"content":{"rendered":"<h1>Contact<\/h1>\n<p align=\"justify\">Pour toute question relative \u00e0 l&#8217;enseignement au lyc\u00e9e, vous pouvez <a href=\"mailto:referentmath02@ac-bordeaux.fr\">contacter un professeur r\u00e9f\u00e9rent<\/a>.<\/p>\n<p align=\"justify\">Les professeurs r\u00e9f\u00e9rents sont d\u00e9sign\u00e9s par les IA-IPR pour animer et nourrir la r\u00e9flexion p\u00e9dagogique dans l&#8217;acad\u00e9mie. Leurs missions sont\u00a0notamment\u00a0de rep\u00e9rer des ressources nationales ou des exemples de productions locales afin de les faire connaitre via le site acad\u00e9mique,\u00a0d&#8217;\u00e9changer avec les professeurs de l&#8217;acad\u00e9mie par courrier \u00e9lectronique et\u00a0d&#8217;animer des stages de formation continue.<\/p>\n<p align=\"justify\">N\u2019h\u00e9sitez pas \u00e0 les contacter pour toute question ou suggestion. Vous pouvez \u00e9galement leur soumettre vos productions (d\u2019activit\u00e9s, de devoirs, de ressources \u2026), que ce soit simplement pour demander leur avis ou en vue de\u00a0les partager avec les professeurs de l&#8217;acad\u00e9mie. Pour le lyc\u00e9e, les professeurs r\u00e9f\u00e9rents sont :<\/p>\n<ul>\n<li><a href=\"mailto:referentmath02@ac-bordeaux.fr\">Beno\u00eet LAFARGUE<\/a> (Lyc\u00e9e Victor Louis &#8211; Talence)<\/li>\n<li><a href=\"mailto:referentmath02@ac-bordeaux.fr\">Sandrine POLLET<\/a> (Lyc\u00e9e Victor Louis &#8211; Talence)<\/li>\n<\/ul>\n<h1>Textes et ressources par niveau<\/h1>\n<h2 style=\"padding-left: 30px\"><a href=\"https:\/\/ent2d.ac-bordeaux.fr\/disciplines\/mathematiques\/lycees\/classe-de-seconde\/\">Classe de Seconde<\/a><\/h2>\n<h2 style=\"padding-left: 30px\"><a href=\"https:\/\/ent2d.ac-bordeaux.fr\/disciplines\/mathematiques\/lycees\/cycle-terminal-voie-generale\/\">Cycle terminal &#8211; voie g\u00e9n\u00e9rale<\/a><\/h2>\n<h2 style=\"padding-left: 30px\"><a href=\"https:\/\/ent2d.ac-bordeaux.fr\/disciplines\/mathematiques\/lycees\/cycle-terminal-voie-technologique\/\">Cycle terminal &#8211; voie technologique<\/a><\/h2>\n<h2 style=\"padding-left: 30px\"><a href=\"http:\/\/www.apmep.asso.fr\/-Annales-Bac-Brevet-BTS-\" target=\"_blank\" rel=\"noopener noreferrer\">Annales APMEP<\/a><\/h2>\n<h1 style=\"text-align: left\">Ressources transversales<\/h1>\n<h2 style=\"padding-left: 30px\"><a href=\"https:\/\/ent2d.ac-bordeaux.fr\/disciplines\/mathematiques\/stages-reforme-du-lycee\/\">Stages acad\u00e9miques 2019 sur la r\u00e9forme du lyc\u00e9e<\/a><\/h2>\n<h2 style=\"padding-left: 30px\"><a href=\"https:\/\/ent2d.ac-bordeaux.fr\/disciplines\/mathematiques\/algorithmique-et-programmation\/\">Algorithmique et programmation<\/a><\/h2>\n<h2 style=\"padding-left: 30px\"><a href=\"https:\/\/ent2d.ac-bordeaux.fr\/disciplines\/mathematiques\/lycee\/mathematiques-en-langue-etrangere-dnl\/\">DNL &#8211; Math\u00e9matiques en langue \u00e9trang\u00e8re<\/a><\/h2>\n<h2 style=\"padding-left: 30px\"><a href=\"https:\/\/ent2d.ac-bordeaux.fr\/disciplines\/mathematiques\/lycee\/laboratoires-de-mathematiques\/\">Laboratoires de math\u00e9matiques<\/a><\/h2>\n<h2 style=\"padding-left: 30px\"><a href=\"http:\/\/cache.media.eduscol.education.fr\/file\/Mathematiques\/90\/0\/Competences_mathematiques_Lycee_282900.pdf\">Les comp\u00e9tences math\u00e9matiques au lyc\u00e9e (Eduscol)<\/a><\/h2>\n<p style=\"text-align: left;padding-left: 60px\">Les m\u00eames comp\u00e9tences sont \u00e0 d\u00e9velopper du coll\u00e8ge au lyc\u00e9e : chercher, mod\u00e9liser, repr\u00e9senter, calculer, raisonner et communiquer.<\/p>\n<h2 style=\"padding-left: 30px\">R\u00e9solution de probl\u00e8mes<\/h2>\n<p style=\"padding-left: 60px\">Les programmes et documents ressources incitent fortement \u00e0 travailler les six comp\u00e9tences math\u00e9matiques au travers de la r\u00e9solution de probl\u00e8mes. Nous vous proposons ici les diaporamas des stages de l&#8217;ann\u00e9e 2015-2016 portant sur les probl\u00e8mes ouverts et leur \u00e9valuation.<\/p>\n<p style=\"padding-left: 60px\"><a href=\"https:\/\/ent2d.ac-bordeaux.fr\/disciplines\/mathematiques\/wp-content\/uploads\/sites\/3\/2016\/06\/Stage-r\u00e9solution-de-probl\u00e8mes.pptx\">Diaporama sur les probl\u00e8mes ouverts<\/a><\/p>\n<p style=\"padding-left: 60px\"><a href=\"https:\/\/ent2d.ac-bordeaux.fr\/disciplines\/mathematiques\/wp-content\/uploads\/sites\/3\/2016\/06\/R\u00e9solution-de-probl\u00e8mes-\u00e9valuation-.pptx\">R\u00e9solution de probl\u00e8mes et \u00e9valuation<\/a><\/p>\n","protected":false},"excerpt":{"rendered":"<p>Contact Pour toute question relative \u00e0 l&#8217;enseignement au lyc\u00e9e, vous pouvez contacter un professeur r\u00e9f\u00e9rent. Les professeurs r\u00e9f\u00e9rents sont d\u00e9sign\u00e9s par les IA-IPR pour animer et nourrir la r\u00e9flexion p\u00e9dagogique dans l&#8217;acad\u00e9mie. Leurs missions sont\u00a0notamment\u00a0de rep\u00e9rer des ressources nationales ou des exemples de productions locales afin de les faire connaitre via le site acad\u00e9mique,\u00a0d&#8217;\u00e9changer avec &hellip; <\/p>\n<p><a class=\"more-link btn\" href=\"https:\/\/ent2d.ac-bordeaux.fr\/disciplines\/mathematiques\/lycee\/\">Lire la suite<\/a><\/p>\n","protected":false},"author":5,"featured_media":0,"parent":0,"menu_order":0,"comment_status":"closed","ping_status":"closed","template":"","meta":{"_bbp_topic_count":0,"_bbp_reply_count":0,"_bbp_total_topic_count":0,"_bbp_total_reply_count":0,"_bbp_voice_count":0,"_bbp_anonymous_reply_count":0,"_bbp_topic_count_hidden":0,"_bbp_reply_count_hidden":0,"_bbp_forum_subforum_count":0,"footnotes":""},"class_list":["post-25","page","type-page","status-publish","hentry","nodate","item-wrap"],"_links":{"self":[{"href":"https:\/\/ent2d.ac-bordeaux.fr\/disciplines\/mathematiques\/wp-json\/wp\/v2\/pages\/25","targetHints":{"allow":["GET"]}}],"collection":[{"href":"https:\/\/ent2d.ac-bordeaux.fr\/disciplines\/mathematiques\/wp-json\/wp\/v2\/pages"}],"about":[{"href":"https:\/\/ent2d.ac-bordeaux.fr\/disciplines\/mathematiques\/wp-json\/wp\/v2\/types\/page"}],"author":[{"embeddable":true,"href":"https:\/\/ent2d.ac-bordeaux.fr\/disciplines\/mathematiques\/wp-json\/wp\/v2\/users\/5"}],"replies":[{"embeddable":true,"href":"https:\/\/ent2d.ac-bordeaux.fr\/disciplines\/mathematiques\/wp-json\/wp\/v2\/comments?post=25"}],"version-history":[{"count":104,"href":"https:\/\/ent2d.ac-bordeaux.fr\/disciplines\/mathematiques\/wp-json\/wp\/v2\/pages\/25\/revisions"}],"predecessor-version":[{"id":8024,"href":"https:\/\/ent2d.ac-bordeaux.fr\/disciplines\/mathematiques\/wp-json\/wp\/v2\/pages\/25\/revisions\/8024"}],"wp:attachment":[{"href":"https:\/\/ent2d.ac-bordeaux.fr\/disciplines\/mathematiques\/wp-json\/wp\/v2\/media?parent=25"}],"curies":[{"name":"wp","href":"https:\/\/api.w.org\/{rel}","templated":true}]}}