{"id":1233,"date":"2016-07-06T17:24:41","date_gmt":"2016-07-06T16:24:41","guid":{"rendered":"https:\/\/ent2d.ac-bordeaux.fr\/disciplines\/mathematiques\/?page_id=1233"},"modified":"2024-11-26T19:25:42","modified_gmt":"2024-11-26T18:25:42","slug":"inspection-pedagogique-regionale","status":"publish","type":"page","link":"https:\/\/ent2d.ac-bordeaux.fr\/disciplines\/mathematiques\/inspection-pedagogique-regionale\/","title":{"rendered":"Textes r\u00e9glementaires : Le m\u00e9tier d&#8217;enseignant"},"content":{"rendered":"<h2><\/h2>\n<ul>\n<li><a href=\"http:\/\/www.education.gouv.fr\/pid25535\/bulletin_officiel.html&amp;cid_bo=87302\">Missions et obligations r\u00e9glementaires de service des enseignants des \u00e9tablissements publics d\u2019enseignement du second degr\u00e9<\/a><\/li>\n<li><a href=\"http:\/\/www.education.gouv.fr\/cid73215\/le-referentiel-de-competences-des-enseignants-au-bo-du-25-juillet-2013.html\">R\u00e9f\u00e9rentiel de comp\u00e9tences des m\u00e9tiers du professorat et de l\u2019\u00e9ducation<\/a><\/li>\n<li><a href=\"https:\/\/www.education.gouv.fr\/rendez-vous-de-carriere-mode-d-emploi-41627\">Rendez-vous de carri\u00e8re: mode d&#8217;emploi<\/a>\u00a0: La r\u00e9forme de l&#8217;\u00e9valuation mise en \u0153uvre \u00e0 la rentr\u00e9e 2017 comprend un accompagnement tout au long du parcours professionnel et des rendez-vous de carri\u00e8re, moments privil\u00e9gi\u00e9s d&#8217;\u00e9change sur les comp\u00e9tences acquises et sur les perspectives d&#8217;\u00e9volution professionnelle.<\/li>\n<li><a href=\"https:\/\/ent2d.ac-bordeaux.fr\/disciplines\/mathematiques\/vademecum-inspection-mathematiques\/\">Vade-mecum de l\u2019inspection individuelle en math\u00e9matiques<\/a> : cet article pr\u00e9sente les \u00e9l\u00e9ments d&#8217;observation par l&#8217;inspecteur lors d&#8217;une inspection ainsi que les documents \u00e0 pr\u00e9parer avant sa venue.<\/li>\n<\/ul>\n","protected":false},"excerpt":{"rendered":"<p>Missions et obligations r\u00e9glementaires de service des enseignants des \u00e9tablissements publics d\u2019enseignement du second degr\u00e9 R\u00e9f\u00e9rentiel de comp\u00e9tences des m\u00e9tiers du professorat et de l\u2019\u00e9ducation Rendez-vous de carri\u00e8re: mode d&#8217;emploi\u00a0: La r\u00e9forme de l&#8217;\u00e9valuation mise en \u0153uvre \u00e0 la rentr\u00e9e 2017 comprend un accompagnement tout au long du parcours professionnel et des rendez-vous de carri\u00e8re, &hellip; <\/p>\n<p><a class=\"more-link btn\" href=\"https:\/\/ent2d.ac-bordeaux.fr\/disciplines\/mathematiques\/inspection-pedagogique-regionale\/\">Lire la suite<\/a><\/p>\n","protected":false},"author":5,"featured_media":0,"parent":0,"menu_order":0,"comment_status":"closed","ping_status":"closed","template":"","meta":{"_bbp_topic_count":0,"_bbp_reply_count":0,"_bbp_total_topic_count":0,"_bbp_total_reply_count":0,"_bbp_voice_count":0,"_bbp_anonymous_reply_count":0,"_bbp_topic_count_hidden":0,"_bbp_reply_count_hidden":0,"_bbp_forum_subforum_count":0,"footnotes":""},"class_list":["post-1233","page","type-page","status-publish","hentry","nodate","item-wrap"],"_links":{"self":[{"href":"https:\/\/ent2d.ac-bordeaux.fr\/disciplines\/mathematiques\/wp-json\/wp\/v2\/pages\/1233","targetHints":{"allow":["GET"]}}],"collection":[{"href":"https:\/\/ent2d.ac-bordeaux.fr\/disciplines\/mathematiques\/wp-json\/wp\/v2\/pages"}],"about":[{"href":"https:\/\/ent2d.ac-bordeaux.fr\/disciplines\/mathematiques\/wp-json\/wp\/v2\/types\/page"}],"author":[{"embeddable":true,"href":"https:\/\/ent2d.ac-bordeaux.fr\/disciplines\/mathematiques\/wp-json\/wp\/v2\/users\/5"}],"replies":[{"embeddable":true,"href":"https:\/\/ent2d.ac-bordeaux.fr\/disciplines\/mathematiques\/wp-json\/wp\/v2\/comments?post=1233"}],"version-history":[{"count":74,"href":"https:\/\/ent2d.ac-bordeaux.fr\/disciplines\/mathematiques\/wp-json\/wp\/v2\/pages\/1233\/revisions"}],"predecessor-version":[{"id":10216,"href":"https:\/\/ent2d.ac-bordeaux.fr\/disciplines\/mathematiques\/wp-json\/wp\/v2\/pages\/1233\/revisions\/10216"}],"wp:attachment":[{"href":"https:\/\/ent2d.ac-bordeaux.fr\/disciplines\/mathematiques\/wp-json\/wp\/v2\/media?parent=1233"}],"curies":[{"name":"wp","href":"https:\/\/api.w.org\/{rel}","templated":true}]}}