{"id":12298,"date":"2026-01-23T14:43:26","date_gmt":"2026-01-23T13:43:26","guid":{"rendered":"https:\/\/ent2d.ac-bordeaux.fr\/disciplines\/mathematiques\/?page_id=12298"},"modified":"2026-01-23T14:43:26","modified_gmt":"2026-01-23T13:43:26","slug":"les-rendez-vous-de-carriere","status":"publish","type":"page","link":"https:\/\/ent2d.ac-bordeaux.fr\/disciplines\/mathematiques\/les-rendez-vous-de-carriere\/","title":{"rendered":"Les rendez-vous de carri\u00e8re"},"content":{"rendered":"\n<p><\/p>\n\n\n\n<ul class=\"wp-block-list\">\n<li><a href=\"#calendrier\">Le calendrier<\/a><br><\/li>\n<\/ul>\n\n\n\n<ul class=\"wp-block-list\">\n<li><a href=\"#guide\">Guide du rendez-vous de carri\u00e8re<br><\/a><\/li>\n<\/ul>\n\n\n\n<ul class=\"wp-block-list\">\n<li><a href=\"#grille\">Grille du compte rendu du rendez-vous de carri\u00e8re<\/a><br><\/li>\n<\/ul>\n\n\n\n<ul class=\"wp-block-list\">\n<li><a href=\"#r\u00e9f\u00e9rence\">Document de r\u00e9f\u00e9rence de l&#8217;entretien<\/a><\/li>\n<\/ul>\n\n\n\n<div style=\"height:100px\" aria-hidden=\"true\" class=\"wp-block-spacer\"><\/div>\n\n\n\n<h2 class=\"wp-block-heading\" id=\"calendrier\"><mark class=\"has-inline-color has-vivid-cyan-blue-color\">Le calendrier<\/mark><\/h2>\n\n\n\n<div data-wp-interactive=\"core\/file\" class=\"wp-block-file\"><object data-wp-bind--hidden=\"!state.hasPdfPreview\" hidden class=\"wp-block-file__embed\" data=\"https:\/\/ent2d.ac-bordeaux.fr\/disciplines\/mathematiques\/wp-content\/uploads\/sites\/3\/2026\/01\/calendrier-du-rendez-vous-de-carri-re-70411.pdf\" type=\"application\/pdf\" style=\"width:100%;height:600px\" aria-label=\"Contenu embarqu\u00e9 Calendrier-du-rendez-vous-de-carri\u00e8re.\"><\/object><a id=\"wp-block-file--media-55e404b1-4027-4017-9164-7350c411729b\" href=\"https:\/\/ent2d.ac-bordeaux.fr\/disciplines\/mathematiques\/wp-content\/uploads\/sites\/3\/2026\/01\/calendrier-du-rendez-vous-de-carri-re-70411.pdf\">Calendrier-du-rendez-vous-de-carri\u00e8re<\/a><\/div>\n\n\n\n<h2 class=\"wp-block-heading\" id=\"guide\"><mark class=\"has-inline-color has-vivid-cyan-blue-color\">Guide du rendez-vous de carri\u00e8re<\/mark><\/h2>\n\n\n\n<div data-wp-interactive=\"core\/file\" class=\"wp-block-file\"><object data-wp-bind--hidden=\"!state.hasPdfPreview\" hidden class=\"wp-block-file__embed\" data=\"https:\/\/ent2d.ac-bordeaux.fr\/disciplines\/mathematiques\/wp-content\/uploads\/sites\/3\/2026\/01\/guide-du-rendez-vous-de-carri-re-des-personnels-enseignants-d-ducation-et-psychologues-de-l-ducation-nationale-48144.pdf\" type=\"application\/pdf\" style=\"width:100%;height:600px\" aria-label=\"Contenu embarqu\u00e9 guide-du-rendez-vous-de-carri-re-des-personnels-enseignants-d-ducation-et-psychologues-de-l-ducation-nationale.\"><\/object><a id=\"wp-block-file--media-0a5fe1dd-62f0-4029-882d-fc7dc39ada07\" href=\"https:\/\/ent2d.ac-bordeaux.fr\/disciplines\/mathematiques\/wp-content\/uploads\/sites\/3\/2026\/01\/guide-du-rendez-vous-de-carri-re-des-personnels-enseignants-d-ducation-et-psychologues-de-l-ducation-nationale-48144.pdf\">guide-du-rendez-vous-de-carri-re-des-personnels-enseignants-d-ducation-et-psychologues-de-l-ducation-nationale<\/a><\/div>\n\n\n\n<h2 class=\"wp-block-heading\" id=\"grille\"><mark class=\"has-inline-color has-vivid-cyan-blue-color\">Grille du compte rendu du rendez-vous de carri\u00e8re<\/mark><\/h2>\n\n\n\n<div data-wp-interactive=\"core\/file\" class=\"wp-block-file\"><object data-wp-bind--hidden=\"!state.hasPdfPreview\" hidden class=\"wp-block-file__embed\" data=\"https:\/\/ent2d.ac-bordeaux.fr\/disciplines\/mathematiques\/wp-content\/uploads\/sites\/3\/2026\/01\/Grille-evaluation-Enseignants.pdf\" type=\"application\/pdf\" style=\"width:100%;height:600px\" aria-label=\"Contenu embarqu\u00e9 Grille compte rendu du rendez-vous de carri\u00e8re.\"><\/object><a id=\"wp-block-file--media-a4e62c71-65cc-4b6f-b4f5-357c21c5b569\" href=\"https:\/\/ent2d.ac-bordeaux.fr\/disciplines\/mathematiques\/wp-content\/uploads\/sites\/3\/2026\/01\/Grille-evaluation-Enseignants.pdf\">Grille compte rendu du rendez-vous de carri\u00e8re<\/a><\/div>\n\n\n\n<h2 class=\"wp-block-heading\" id=\"r\u00e9f\u00e9rence\"><mark class=\"has-inline-color has-vivid-cyan-blue-color\">Document de r\u00e9f\u00e9rence de l&#8217;entretien<\/mark><\/h2>\n\n\n\n<div data-wp-interactive=\"core\/file\" class=\"wp-block-file\"><object data-wp-bind--hidden=\"!state.hasPdfPreview\" hidden class=\"wp-block-file__embed\" data=\"https:\/\/ent2d.ac-bordeaux.fr\/disciplines\/mathematiques\/wp-content\/uploads\/sites\/3\/2026\/01\/document-reference-ppcr.pdf\" type=\"application\/pdf\" style=\"width:100%;height:600px\" aria-label=\"Contenu embarqu\u00e9 document de r\u00e9f\u00e9rence de l&apos;entretien.\"><\/object><a id=\"wp-block-file--media-5e3688ac-0b46-45c7-9001-9fdc76b4e5a6\" href=\"https:\/\/ent2d.ac-bordeaux.fr\/disciplines\/mathematiques\/wp-content\/uploads\/sites\/3\/2026\/01\/document-reference-ppcr.pdf\">document de r\u00e9f\u00e9rence de l&#8217;entretien<\/a><\/div>\n","protected":false},"excerpt":{"rendered":"<p>Le calendrier Guide du rendez-vous de carri\u00e8re Grille du compte rendu du rendez-vous de carri\u00e8re Document de r\u00e9f\u00e9rence de l&#8217;entretien<\/p>\n","protected":false},"author":3138,"featured_media":0,"parent":0,"menu_order":0,"comment_status":"closed","ping_status":"closed","template":"","meta":{"_bbp_topic_count":0,"_bbp_reply_count":0,"_bbp_total_topic_count":0,"_bbp_total_reply_count":0,"_bbp_voice_count":0,"_bbp_anonymous_reply_count":0,"_bbp_topic_count_hidden":0,"_bbp_reply_count_hidden":0,"_bbp_forum_subforum_count":0,"footnotes":""},"class_list":["post-12298","page","type-page","status-publish","hentry","nodate","item-wrap"],"_links":{"self":[{"href":"https:\/\/ent2d.ac-bordeaux.fr\/disciplines\/mathematiques\/wp-json\/wp\/v2\/pages\/12298","targetHints":{"allow":["GET"]}}],"collection":[{"href":"https:\/\/ent2d.ac-bordeaux.fr\/disciplines\/mathematiques\/wp-json\/wp\/v2\/pages"}],"about":[{"href":"https:\/\/ent2d.ac-bordeaux.fr\/disciplines\/mathematiques\/wp-json\/wp\/v2\/types\/page"}],"author":[{"embeddable":true,"href":"https:\/\/ent2d.ac-bordeaux.fr\/disciplines\/mathematiques\/wp-json\/wp\/v2\/users\/3138"}],"replies":[{"embeddable":true,"href":"https:\/\/ent2d.ac-bordeaux.fr\/disciplines\/mathematiques\/wp-json\/wp\/v2\/comments?post=12298"}],"version-history":[{"count":3,"href":"https:\/\/ent2d.ac-bordeaux.fr\/disciplines\/mathematiques\/wp-json\/wp\/v2\/pages\/12298\/revisions"}],"predecessor-version":[{"id":12306,"href":"https:\/\/ent2d.ac-bordeaux.fr\/disciplines\/mathematiques\/wp-json\/wp\/v2\/pages\/12298\/revisions\/12306"}],"wp:attachment":[{"href":"https:\/\/ent2d.ac-bordeaux.fr\/disciplines\/mathematiques\/wp-json\/wp\/v2\/media?parent=12298"}],"curies":[{"name":"wp","href":"https:\/\/api.w.org\/{rel}","templated":true}]}}