{"id":12220,"date":"2026-01-20T23:47:18","date_gmt":"2026-01-20T22:47:18","guid":{"rendered":"https:\/\/ent2d.ac-bordeaux.fr\/disciplines\/mathematiques\/?page_id=12220"},"modified":"2026-01-20T23:51:45","modified_gmt":"2026-01-20T22:51:45","slug":"site-dedie-a-la-culture-mathematique","status":"publish","type":"page","link":"https:\/\/ent2d.ac-bordeaux.fr\/disciplines\/mathematiques\/site-dedie-a-la-culture-mathematique\/","title":{"rendered":"Site d\u00e9di\u00e9 \u00e0 la culture math\u00e9matique"},"content":{"rendered":"\n<h2 class=\"wp-block-heading\"><a href=\"https:\/\/ent2d.ac-bordeaux.fr\/disciplines\/semaine-des-maths\/\"><mark class=\"has-inline-color has-vivid-purple-color\">https:\/\/ent2d.ac-bordeaux.fr\/disciplines\/semaine-des-maths\/<\/mark><\/a><\/h2>\n\n\n\n<div style=\"height:10px\" aria-hidden=\"true\" class=\"wp-block-spacer\"><\/div>\n\n\n\n<figure class=\"wp-block-image size-full\"><img loading=\"lazy\" decoding=\"async\" width=\"1024\" height=\"590\" src=\"https:\/\/ent2d.ac-bordeaux.fr\/disciplines\/mathematiques\/wp-content\/uploads\/sites\/3\/2026\/01\/Sans-titre-4.jpg\" alt=\"\" class=\"wp-image-12221\" srcset=\"https:\/\/ent2d.ac-bordeaux.fr\/disciplines\/mathematiques\/wp-content\/uploads\/sites\/3\/2026\/01\/Sans-titre-4.jpg 1024w, https:\/\/ent2d.ac-bordeaux.fr\/disciplines\/mathematiques\/wp-content\/uploads\/sites\/3\/2026\/01\/Sans-titre-4-300x173.jpg 300w, https:\/\/ent2d.ac-bordeaux.fr\/disciplines\/mathematiques\/wp-content\/uploads\/sites\/3\/2026\/01\/Sans-titre-4-768x443.jpg 768w, https:\/\/ent2d.ac-bordeaux.fr\/disciplines\/mathematiques\/wp-content\/uploads\/sites\/3\/2026\/01\/Sans-titre-4-1536x885.jpg 1536w, https:\/\/ent2d.ac-bordeaux.fr\/disciplines\/mathematiques\/wp-content\/uploads\/sites\/3\/2026\/01\/Sans-titre-4-870x501.jpg 870w\" sizes=\"auto, (max-width: 1024px) 100vw, 1024px\" \/><\/figure>\n\n\n\n<p><\/p>\n\n\n\n<p>Un site acad\u00e9mique enti\u00e8rement d\u00e9di\u00e9 \u00e0 la culture math\u00e9matique :  vous y trouverez des propositions de concours, d&#8217;\u00e9v\u00e8nements et de ressources.<\/p>\n","protected":false},"excerpt":{"rendered":"<p>https:\/\/ent2d.ac-bordeaux.fr\/disciplines\/semaine-des-maths\/ Un site acad\u00e9mique enti\u00e8rement d\u00e9di\u00e9 \u00e0 la culture math\u00e9matique : vous y trouverez des propositions de concours, d&#8217;\u00e9v\u00e8nements et de ressources.<\/p>\n","protected":false},"author":3138,"featured_media":0,"parent":0,"menu_order":0,"comment_status":"closed","ping_status":"closed","template":"","meta":{"_bbp_topic_count":0,"_bbp_reply_count":0,"_bbp_total_topic_count":0,"_bbp_total_reply_count":0,"_bbp_voice_count":0,"_bbp_anonymous_reply_count":0,"_bbp_topic_count_hidden":0,"_bbp_reply_count_hidden":0,"_bbp_forum_subforum_count":0,"footnotes":""},"class_list":["post-12220","page","type-page","status-publish","hentry","nodate","item-wrap"],"_links":{"self":[{"href":"https:\/\/ent2d.ac-bordeaux.fr\/disciplines\/mathematiques\/wp-json\/wp\/v2\/pages\/12220","targetHints":{"allow":["GET"]}}],"collection":[{"href":"https:\/\/ent2d.ac-bordeaux.fr\/disciplines\/mathematiques\/wp-json\/wp\/v2\/pages"}],"about":[{"href":"https:\/\/ent2d.ac-bordeaux.fr\/disciplines\/mathematiques\/wp-json\/wp\/v2\/types\/page"}],"author":[{"embeddable":true,"href":"https:\/\/ent2d.ac-bordeaux.fr\/disciplines\/mathematiques\/wp-json\/wp\/v2\/users\/3138"}],"replies":[{"embeddable":true,"href":"https:\/\/ent2d.ac-bordeaux.fr\/disciplines\/mathematiques\/wp-json\/wp\/v2\/comments?post=12220"}],"version-history":[{"count":5,"href":"https:\/\/ent2d.ac-bordeaux.fr\/disciplines\/mathematiques\/wp-json\/wp\/v2\/pages\/12220\/revisions"}],"predecessor-version":[{"id":12229,"href":"https:\/\/ent2d.ac-bordeaux.fr\/disciplines\/mathematiques\/wp-json\/wp\/v2\/pages\/12220\/revisions\/12229"}],"wp:attachment":[{"href":"https:\/\/ent2d.ac-bordeaux.fr\/disciplines\/mathematiques\/wp-json\/wp\/v2\/media?parent=12220"}],"curies":[{"name":"wp","href":"https:\/\/api.w.org\/{rel}","templated":true}]}}