{"id":12193,"date":"2026-01-19T21:41:36","date_gmt":"2026-01-19T20:41:36","guid":{"rendered":"https:\/\/ent2d.ac-bordeaux.fr\/disciplines\/mathematiques\/?page_id=12193"},"modified":"2026-01-23T21:12:36","modified_gmt":"2026-01-23T20:12:36","slug":"lettres-de-rentree","status":"publish","type":"page","link":"https:\/\/ent2d.ac-bordeaux.fr\/disciplines\/mathematiques\/lettres-de-rentree\/","title":{"rendered":"Lettres de rentr\u00e9e"},"content":{"rendered":"<div class=\"wp-block-image\">\n<figure class=\"aligncenter size-full is-resized\"><img loading=\"lazy\" decoding=\"async\" width=\"262\" height=\"273\" src=\"https:\/\/ent2d.ac-bordeaux.fr\/disciplines\/mathematiques\/wp-content\/uploads\/sites\/3\/2026\/01\/Sans-titre-2.jpg\" alt=\"\" class=\"wp-image-12198\" style=\"width:193px;height:auto\" \/><\/figure>\n<\/div>\n\n\n<h2 class=\"wp-block-heading\"><a href=\"https:\/\/ent2d.ac-bordeaux.fr\/disciplines\/mathematiques\/lettre-de-rentree-2025-2026-des-ia-ipr-de-mathematiques\/\">Lettre de rentr\u00e9e des IA-IPR Maths 2025-2026<\/a><\/h2>\n\n\n\n<h2 class=\"wp-block-heading\"><a href=\"https:\/\/ent2d.ac-bordeaux.fr\/disciplines\/mathematiques\/lettre-de-rentree-bts-le-point-sur-les-mathematiques-a-la-rentree-2025\/\">Lettre de rentr\u00e9e BTS de l&#8217;inspection g\u00e9n\u00e9rale &#8211; rentr\u00e9e 2025<\/a><\/h2>\n","protected":false},"excerpt":{"rendered":"<p>Lettre de rentr\u00e9e des IA-IPR Maths 2025-2026 Lettre de rentr\u00e9e BTS de l&#8217;inspection g\u00e9n\u00e9rale &#8211; rentr\u00e9e 2025<\/p>\n","protected":false},"author":3138,"featured_media":0,"parent":0,"menu_order":0,"comment_status":"closed","ping_status":"closed","template":"","meta":{"_bbp_topic_count":0,"_bbp_reply_count":0,"_bbp_total_topic_count":0,"_bbp_total_reply_count":0,"_bbp_voice_count":0,"_bbp_anonymous_reply_count":0,"_bbp_topic_count_hidden":0,"_bbp_reply_count_hidden":0,"_bbp_forum_subforum_count":0,"footnotes":""},"class_list":["post-12193","page","type-page","status-publish","hentry","nodate","item-wrap"],"_links":{"self":[{"href":"https:\/\/ent2d.ac-bordeaux.fr\/disciplines\/mathematiques\/wp-json\/wp\/v2\/pages\/12193","targetHints":{"allow":["GET"]}}],"collection":[{"href":"https:\/\/ent2d.ac-bordeaux.fr\/disciplines\/mathematiques\/wp-json\/wp\/v2\/pages"}],"about":[{"href":"https:\/\/ent2d.ac-bordeaux.fr\/disciplines\/mathematiques\/wp-json\/wp\/v2\/types\/page"}],"author":[{"embeddable":true,"href":"https:\/\/ent2d.ac-bordeaux.fr\/disciplines\/mathematiques\/wp-json\/wp\/v2\/users\/3138"}],"replies":[{"embeddable":true,"href":"https:\/\/ent2d.ac-bordeaux.fr\/disciplines\/mathematiques\/wp-json\/wp\/v2\/comments?post=12193"}],"version-history":[{"count":2,"href":"https:\/\/ent2d.ac-bordeaux.fr\/disciplines\/mathematiques\/wp-json\/wp\/v2\/pages\/12193\/revisions"}],"predecessor-version":[{"id":12199,"href":"https:\/\/ent2d.ac-bordeaux.fr\/disciplines\/mathematiques\/wp-json\/wp\/v2\/pages\/12193\/revisions\/12199"}],"wp:attachment":[{"href":"https:\/\/ent2d.ac-bordeaux.fr\/disciplines\/mathematiques\/wp-json\/wp\/v2\/media?parent=12193"}],"curies":[{"name":"wp","href":"https:\/\/api.w.org\/{rel}","templated":true}]}}