{"id":11270,"date":"2025-12-12T12:04:53","date_gmt":"2025-12-12T11:04:53","guid":{"rendered":"https:\/\/ent2d.ac-bordeaux.fr\/disciplines\/mathematiques\/?page_id=11270"},"modified":"2025-12-12T12:04:53","modified_gmt":"2025-12-12T11:04:53","slug":"les-formateurs-academiques-de-mathematiques","status":"publish","type":"page","link":"https:\/\/ent2d.ac-bordeaux.fr\/disciplines\/mathematiques\/les-formateurs-academiques-de-mathematiques\/","title":{"rendered":"Les formateurs acad\u00e9miques de math\u00e9matiques"},"content":{"rendered":"\n<p>Pour toute question li\u00e9e \u00e0 la formation et \u00e0 l\u2019accompagnement professionnel, vous pouvez contacter un formateur acad\u00e9mique.<\/p>\n\n\n\n<p>Les formateurs acad\u00e9miques, missionn\u00e9s par les IA-IPR, accompagnent les enseignants de l\u2019acad\u00e9mie : animation de formations, partage de ressources et \u00e9changes par courrier \u00e9lectronique. Leurs coordonn\u00e9es figurent ci-dessous.<\/p>\n\n\n\n<figure class=\"wp-block-table\"><table class=\"has-fixed-layout\"><tbody><tr><td><a href=\"mailto:Delphine.Barbancey@ac-bordeaux.fr\">Delphine BARBANCEY<\/a><a href=\"Delphine.Barbancey@ac-bordeaux.fr\"> <\/a><br>(Coll\u00e8ge Jeanne d&#8217;Albret &#8211; Pau)<\/td><td><a href=\"mailto:Christophe.Bauzet@ac-bordeaux.fr\">Christophe BAUZET<\/a><br>(Lyc\u00e9e Bremontier &#8211; Bordeaux)<\/td><td><a href=\"mailto:Helene.Da-Silva@ac-bordeaux.fr\">Helena BERGER<\/a><br>(Coll\u00e8ge Bourran &#8211; M\u00e9rignac)<\/td><\/tr><tr><td><a href=\"mailto:Aline.Bouget@ac-bordeaux.fr\">Aline BOUGET<\/a><br>(Lyc\u00e9e Vaclav Havel &#8211;<br>B\u00e8gles )<\/td><td><a href=\"mailto:Karine.Chaille@ac-bordeaux.fr\">Karine CHAILLE<\/a><br>(Coll\u00e8ge Anatole France &#8211;<br>Villeneuve sur Lot)<\/td><td><a href=\"mailto:Michel.Dezest@ac-bordeaux.fr\">Michel DEZEST<\/a><br>(Lyc\u00e9e Ren\u00e9 Cassin &#8211; Bayonne)<\/td><\/tr><tr><td><a href=\"mailto:Thomas.Etcheverria@ac-bordeaux.fr\">Thomas ETCHEVERRIA<\/a><br>(Coll\u00e8ge Jean Monnet &#8211; <br>Saint Ciers sur Gironde)<\/td><td><a href=\"mailto:Nathalie.Felix@ac-bordeaux.fr\">Nathalie FELIX<\/a><br>(Coll\u00e8ge Les Dagueys &#8211; Libourne)<\/td><td><a href=\"mailto:alexandra.membrado@ac-bordeaux.fr\">Alexandra LARRIEU<\/a><br>(Coll\u00e8ge Emile Durkheim &#8211; Peujard)<\/td><\/tr><tr><td><a href=\"mailto:Anthony.Leone@ac-bordeaux.fr\">Anthony LEONE<\/a><br>(Coll\u00e8ge Wangari Maatha\u00ef &#8211; <br>Le Pian M\u00e9doc)<\/td><td><a href=\"mailto:Quitterie.Marty@ac-bordeaux.fr\">Quitterie MARTY<\/a><br>(Coll\u00e8ge Paul Esquinance &#8211;<br>La R\u00e9ole)<\/td><td><a href=\"mailto:Fabrice.Melnyk@ac-bordeaux.fr\">Fabrice MELNYK<\/a><br>(Coll\u00e8ge Fran\u00e7ois Mauriac &#8211;<br>Saint Symphorien)<\/td><\/tr><tr><td><a href=\"mailto:benedicte.barrere@ac-bordeaux.fr\">B\u00e9n\u00e9dicte POUTS-BARAILLE<\/a><br>(Coll\u00e8ge d&#8217;Arzacq-Arraziguet)<\/td><td><a href=\"mailto:Laurence.Privat@ac-bordeaux.fr\">Laurence PRIVAT<\/a><br>(Lyc\u00e9e des Graves &#8211; Gradignan)<\/td><td><a href=\"mailto:Benedicte.Puel@ac-bordeaux.fr\">B\u00e9n\u00e9dicte PUEL<\/a><br>(Coll\u00e8ge Jean Rostand &#8211; Capbreton)<\/td><\/tr><tr><td><a href=\"mailto:Nathalie.Teulie@ac-bordeaux.fr\">Nathalie TEULIE<\/a><br>(Lyc\u00e9e Alfred Kastler &#8211; Talence)<\/td><td><\/td><td><\/td><\/tr><\/tbody><\/table><\/figure>\n","protected":false},"excerpt":{"rendered":"<p>Pour toute question li\u00e9e \u00e0 la formation et \u00e0 l\u2019accompagnement professionnel, vous pouvez contacter un formateur acad\u00e9mique. Les formateurs acad\u00e9miques, missionn\u00e9s par les IA-IPR, accompagnent les enseignants de l\u2019acad\u00e9mie : animation de formations, partage de ressources et \u00e9changes par courrier \u00e9lectronique. Leurs coordonn\u00e9es figurent ci-dessous. Delphine BARBANCEY (Coll\u00e8ge Jeanne d&#8217;Albret &#8211; Pau) Christophe BAUZET(Lyc\u00e9e Bremontier &hellip; <\/p>\n<p><a class=\"more-link btn\" href=\"https:\/\/ent2d.ac-bordeaux.fr\/disciplines\/mathematiques\/les-formateurs-academiques-de-mathematiques\/\">Lire la suite<\/a><\/p>\n","protected":false},"author":2712,"featured_media":0,"parent":0,"menu_order":0,"comment_status":"closed","ping_status":"closed","template":"","meta":{"_bbp_topic_count":0,"_bbp_reply_count":0,"_bbp_total_topic_count":0,"_bbp_total_reply_count":0,"_bbp_voice_count":0,"_bbp_anonymous_reply_count":0,"_bbp_topic_count_hidden":0,"_bbp_reply_count_hidden":0,"_bbp_forum_subforum_count":0,"footnotes":""},"class_list":["post-11270","page","type-page","status-publish","hentry","nodate","item-wrap"],"_links":{"self":[{"href":"https:\/\/ent2d.ac-bordeaux.fr\/disciplines\/mathematiques\/wp-json\/wp\/v2\/pages\/11270","targetHints":{"allow":["GET"]}}],"collection":[{"href":"https:\/\/ent2d.ac-bordeaux.fr\/disciplines\/mathematiques\/wp-json\/wp\/v2\/pages"}],"about":[{"href":"https:\/\/ent2d.ac-bordeaux.fr\/disciplines\/mathematiques\/wp-json\/wp\/v2\/types\/page"}],"author":[{"embeddable":true,"href":"https:\/\/ent2d.ac-bordeaux.fr\/disciplines\/mathematiques\/wp-json\/wp\/v2\/users\/2712"}],"replies":[{"embeddable":true,"href":"https:\/\/ent2d.ac-bordeaux.fr\/disciplines\/mathematiques\/wp-json\/wp\/v2\/comments?post=11270"}],"version-history":[{"count":7,"href":"https:\/\/ent2d.ac-bordeaux.fr\/disciplines\/mathematiques\/wp-json\/wp\/v2\/pages\/11270\/revisions"}],"predecessor-version":[{"id":11462,"href":"https:\/\/ent2d.ac-bordeaux.fr\/disciplines\/mathematiques\/wp-json\/wp\/v2\/pages\/11270\/revisions\/11462"}],"wp:attachment":[{"href":"https:\/\/ent2d.ac-bordeaux.fr\/disciplines\/mathematiques\/wp-json\/wp\/v2\/media?parent=11270"}],"curies":[{"name":"wp","href":"https:\/\/api.w.org\/{rel}","templated":true}]}}