{"id":1067,"date":"2016-07-05T23:33:10","date_gmt":"2016-07-05T22:33:10","guid":{"rendered":"https:\/\/ent2d.ac-bordeaux.fr\/disciplines\/mathematiques\/?page_id=1067"},"modified":"2024-09-26T09:08:59","modified_gmt":"2024-09-26T08:08:59","slug":"concours","status":"publish","type":"page","link":"https:\/\/ent2d.ac-bordeaux.fr\/disciplines\/mathematiques\/culture-maths\/concours\/","title":{"rendered":"Concours de math\u00e9matiques"},"content":{"rendered":"\n<p><strong>A l&#8217;occasion de la Semaine des Math\u00e9matiques, pourquoi ne pas inscrire vos \u00e9l\u00e8ves \u00e0 un concours?<br><\/strong>Ces \u00e9preuves permettent aux \u00e9l\u00e8ves de partager des moments math\u00e9matiques ludiques, motivants, dans un contexte festif et dynamique<strong>.<\/strong><\/p>\n\n\n\n<p>Choisissez le concours qui conviendra \u00e0 vos \u00e9l\u00e8ves, vous trouverez en g\u00e9n\u00e9ral sur son site des \u00e9nigmes pour les y pr\u00e9parer (ou \u00e0 utiliser dans d&#8217;autres contextes).<\/p>\n\n\n\n<h2 class=\"wp-block-heading\"><strong><a href=\"https:\/\/ent2d.ac-bordeaux.fr\/disciplines\/semaine-des-maths\/2024\/09\/04\/concours-daffiches-2025\/\">Concours d&#8217;affiche de la Semaine des Maths de l&#8217;acad\u00e9mie de Bordeaux<\/a><\/strong> &#8211; du CM1 \u00e0 la 3<sup>e<\/sup><\/h2>\n\n\n\n<p>Les participants sont invit\u00e9s, dans le cadre d\u2019activit\u00e9s de classe, \u00e0 r\u00e9aliser <strong>une affiche pour la Semaine des Maths ainsi qu\u2019un texte d\u2019une dizaine de lignes<\/strong> explicitant l\u2019interpr\u00e9tation de leur cr\u00e9ation et le lien avec le th\u00e8me \u201cMath\u00e9matiques l&#8217;important c&#8217;est de participer\u201d. L\u2019affiche gagnante servira de support visuel majeur pour promouvoir la Semaine des Math\u00e9matiques dans l&#8217;Acad\u00e9mie de Bordeaux.<\/p>\n\n\n\n<h2 class=\"wp-block-heading\"><a href=\"https:\/\/ent2d.ac-bordeaux.fr\/disciplines\/semaine-des-maths\/2024\/01\/16\/concours-photo-loeil-des-maths\/\">Concours  photo r\u00e9gional &#8220;L&#8217;<\/a><strong><a href=\"https:\/\/ent2d.ac-bordeaux.fr\/disciplines\/semaine-des-maths\/2024\/01\/16\/concours-photo-loeil-des-maths\/\">\u0153il des maths&#8221; dans l&#8217;acad\u00e9mie de Bordeaux<\/a><\/strong><a href=\"https:\/\/ent2d.ac-bordeaux.fr\/disciplines\/semaine-des-maths\/2022\/09\/05\/concours-affiche-2023\/\"><strong> <\/strong> <\/a>&#8211; lyc\u00e9ens<\/h2>\n\n\n\n<p>Les participants sont invit\u00e9s, dans le cadre d\u2019activit\u00e9s de classe, \u00e0 r\u00e9aliser <strong>une photo sur un th\u00e8me donn\u00e9 (le sport en 2024) accompagn\u00e9e d&#8217;un titre exclusivement math\u00e9matique ainsi qu\u2019un texte d\u2019une dizaine de lignes<\/strong> explicitant la d\u00e9marche du candidat. Les photos des laur\u00e9ats seront r\u00e9unies dans exposition itin\u00e9rante et feront l&#8217;objet d&#8217;un livre o\u00f9 chaque photo sera accompagn\u00e9e de leurs l\u00e9gendes relues et augment\u00e9es par les chercheurs des 5 universit\u00e9s partenaires.<\/p>\n\n\n\n<h2 class=\"wp-block-heading\"><a href=\"https:\/\/www.math.u-bordeaux.fr\/IREM\/rallye\/spip.php?article61\" target=\"_blank\" rel=\"noreferrer noopener\"><strong>Rallye math\u00e9matique d&#8217;Aquitaine<\/strong><\/a> : Lundi 17 mars 2025 \u00e0 14h &#8211; pour les 3<sup>\u00e8mes <\/sup>&nbsp;,&nbsp;2<sup>ndes<\/sup>G et&nbsp;2<sup>ndes <\/sup>Pro<\/h2>\n\n\n\n<p>Ce concours permet \u00e0 vos \u00e9l\u00e8ves d&#8217;appr\u00e9hender un effort commun, une gestion et une coh\u00e9sion du groupe. Les probl\u00e8mes propos\u00e9s sont originaux, progressifs en difficult\u00e9, et chacun aura de quoi se creuser les m\u00e9ninges durant 1h30.<br>M\u00eame avec peu de pr\u00e9paration vos \u00e9l\u00e8ves se laisseront prendre par le jeu et l&#8217;enjeu. Animation garantie.<br>Sur <a href=\"https:\/\/www.math.u-bordeaux.fr\/IREM\/rallye\/\">le site<\/a> vous trouverez des sujets corrig\u00e9s pour entrainer vos \u00e9l\u00e8ves.<br><strong>Inscription : <\/strong>fermeture des inscriptions le 31 janvier 2024<\/p>\n\n\n\n<h2 class=\"wp-block-heading\"><strong><a href=\"http:\/\/pedagogie.ac-strasbourg.fr\/mathematiques\/competitions\/course-aux-nombres\/\" target=\"_blank\" rel=\"noreferrer noopener\">La course aux nombres<\/a><\/strong><\/h2>\n\n\n\n<p>Il s&#8217;agit d&#8217;un concours d&#8217;activit\u00e9s mentales portant sur des th\u00e8mes math\u00e9matiques vari\u00e9s. Cette action vise \u00e0 promouvoir des pratiques p\u00e9dagogiques et didactiques qui installent les fondamentaux et d\u00e9veloppent des automatismes. L\u2019\u00e9preuve consiste \u00e0 r\u00e9pondre dans un d\u00e9lai de 9 minutes \u00e0 30 questions d\u2019activit\u00e9s mentales. Ouvert aux \u00e9l\u00e8ves de CP jusqu&#8217;aux&nbsp;classes de&nbsp;BTS. Nombreuses annales. Cette page int\u00e8gre des <a href=\"https:\/\/ent2d.ac-bordeaux.fr\/disciplines\/mathematiques\/formation-college-automatismes-nombres-et-calculs\/\" target=\"_blank\" rel=\"noreferrer noopener\">ressources sur les automatismes<\/a>.<\/p>\n\n\n\n<p>Voici un <a href=\"https:\/\/ent2d.ac-bordeaux.fr\/disciplines\/mathematiques\/diapos-pres-can-2024\/\" target=\"_blank\" rel=\"noreferrer noopener\">diaporama de pr\u00e9sentation<\/a>.<\/p>\n\n\n\n<h2 class=\"wp-block-heading\"><strong><a href=\"http:\/\/maths-msf.site.ac-strasbourg.fr\" target=\"_blank\" rel=\"noreferrer noopener\">Rallye Math\u00e9matiques sans fronti\u00e8res Junior <\/a><\/strong>&#8211; mardi 11 mars 2025 pour les CM2-6<sup>\u00e8mes<\/sup> et jeudi 13 mars 2025 3<sup>\u00e8mes<\/sup>-2<sup>ndes<\/sup><\/h2>\n\n\n\n<p>Dans le m\u00eame esprit que le Rallye d&#8217;Aquitaine, ce concours&nbsp; vous proposera une formule extr\u00eamement ludique et tr\u00e8s appr\u00e9ci\u00e9e par les \u00e9l\u00e8ves. L&#8217;\u00e9preuve dure 50mn. Inscription jusqu&#8217;au 20 d\u00e9cembre 2024.<br><a href=\"https:\/\/maths-msf.site.ac-strasbourg.fr\/MSF_Grands\/Menu_Epr.htm\" target=\"_blank\" rel=\"noreferrer noopener\">Des sujets avec corrig\u00e9s sont disponibles<\/a>.<\/p>\n\n\n\n<h2 class=\"wp-block-heading\"><a href=\"https:\/\/www.education.gouv.fr\/kangourou-des-mathematiques-10016\" target=\"_blank\" rel=\"noreferrer noopener\"><strong>Kangourou des math\u00e9matiques<\/strong><\/a> &#8211; Jeudi 20 mars 2025 &#8211; du CP \u00e0 la Terminale<\/h2>\n\n\n\n<p>L&#8217;inscription \u00e0 ce concours individuel co\u00fbte 3\u20ac par \u00e9l\u00e8ve. Les enseignants favorisent en g\u00e9n\u00e9ral des inscriptions sur la base du volontariat.<br>Les \u00e9nigmes sont progressives, vari\u00e9es et riches. Elles se pr\u00e9sentent sous forme de QCM.<br>Vos \u00e9l\u00e8ves pourraient vous r\u00e9v\u00e9ler des surprises.<br><a href=\"https:\/\/www.mathkang.org\/concours\/insc2025edu.html\" target=\"_blank\" rel=\"noreferrer noopener\">Inscription le plus t\u00f4t possible<\/a><\/p>\n\n\n\n<h2 class=\"wp-block-heading\">Rallye <strong><a href=\"https:\/\/calculatice.ac-lille.fr\/presentation-des-rallyes-2023\/\" target=\"_blank\" rel=\"noreferrer noopener\">Calcul@tice<\/a><\/strong> &#8211; du CP \u00e0 la 3<sup>\u00e8me<\/sup><\/h2>\n\n\n\n<p>Ce concours pr\u00e9sente 5 niveaux d&#8217;\u00e9preuves de calcul mental<\/p>\n\n\n\n<p><strong>Conditions de r\u00e9alisation :<\/strong><\/p>\n\n\n\n<ul class=\"wp-block-list\">\n<li>Le rallye se r\u00e9alise en ligne et par groupe de deux \u00e9l\u00e8ves (inscrit sous un pseudonyme \u2013 voir plus haut)<\/li>\n\n\n\n<li>Pour chaque groupe de deux, le rallye se r\u00e9alise en une seule s\u00e9quence de 30 \u00e0 45 minutes<\/li>\n\n\n\n<li><a href=\"https:\/\/calculatice.ac-lille.fr\/app-eleve\/\">Lien vers l&#8217;application d&#8217;entrainement au calcul<\/a><\/li>\n<\/ul>\n\n\n\n<h2 class=\"wp-block-heading\"><a href=\"https:\/\/www.education.gouv.fr\/les-olympiades-nationales-de-mathematiques-5732\" target=\"_blank\" rel=\"noreferrer noopener\"><strong>Olympiades de math\u00e9matiques<\/strong><\/a> &#8211; Mercredi 19 mars 2025 &#8211; pour les 1<sup>\u00e8res<\/sup><\/h2>\n\n\n\n<p>L&#8217;\u00e9preuve du concours dure 4h. Cl\u00f4ture des inscriptions acad\u00e9miques le 15 f\u00e9vrier 2025<br>L\u00b4inscription se fait aupr\u00e8s des professeurs de math\u00e9matiques.<\/p>\n\n\n\n<ul class=\"wp-block-list\">\n<li><a href=\"https:\/\/ent2d.ac-bordeaux.fr\/disciplines\/mathematiques\/olympiades-academiques-de-mathematiques\/\">Modalit\u00e9s d&#8217;inscription dans l&#8217;acad\u00e9mie de Bordeaux<\/a><\/li>\n\n\n\n<li>Des sujets sur les sites de l&#8217;<a href=\"http:\/\/www.apmep.fr\/-Olympiades\">APMEP<\/a><\/li>\n<\/ul>\n\n\n\n<h2 class=\"wp-block-heading\"><strong><a href=\"http:\/\/www.mathador.fr\/\">Concours Mathador<\/a><\/strong> &#8211; du CE2 \u00e0 la 3\u00e8me<\/h2>\n\n\n\n<p>Chaque semaine, les \u00e9l\u00e8ves participeront \u00e0 une \u00e9preuve de calcul mental de type &#8220;compte est bon&#8221;, \u00e0 r\u00e9aliser en 3 minutes en classe.Chaque \u00e9l\u00e8ve devra proposer sa solution et comptera ses points en fonction des op\u00e9rations utilis\u00e9es. Chaque enseignant indiquera les r\u00e9sultats de ses \u00e9l\u00e8ves en se connectant \u00e0 son interface priv\u00e9e. A l\u2019issue de toutes les \u00e9preuves, la classe qui obtiendra la moyenne la plus \u00e9lev\u00e9e de sa cat\u00e9gorie sera d\u00e9clar\u00e9e gagnante.<br>Possibilit\u00e9 de <a href=\"http:\/\/www.mathador.fr\/chrono.php\">s&#8217;entrainer en ligne<\/a>.<\/p>\n\n\n\n<h2 class=\"wp-block-heading\"><a rel=\"noreferrer noopener\" href=\"https:\/\/ent2d.ac-bordeaux.fr\/disciplines\/semaine-des-maths\/2023\/11\/15\/concours-videodimath\/\" target=\"_blank\">VideoDimaths<\/a><\/h2>\n\n\n\n<p>L\u2019\u00e9dition 2024 du concours cnrs-dgesco VideoDiMath est ouverte. Ce concours concerne tous les \u00e9l\u00e8ves de coll\u00e8ges et lyc\u00e9es. Il est organis\u00e9 par le CNRS dans le cadre du&nbsp;<a rel=\"noreferrer noopener\" href=\"http:\/\/video.math.cnrs.fr\/\" target=\"_blank\">projet vid\u00e9o d&#8217;AuDiMATH<\/a>, avec le soutien du&nbsp;<a rel=\"noreferrer noopener\" href=\"http:\/\/eduscol.education.fr\/cid134651\/concours-videodimath.html\" target=\"_blank\">minist\u00e8re de l&#8217;\u00e9ducation nationale<\/a>.<\/p>\n\n\n\n<p>Il s\u2019agit pour les \u00e9l\u00e8ves de produire une vid\u00e9o de -3mn (hors g\u00e9n\u00e9rique) pour montrer que les math\u00e9matiques sont autour de nous, actuelles et plaisantes, en lien avec d\u2019autres disciplines.<\/p>\n\n\n\n<p>Les inscription sont ouvertes<strong>&nbsp;jusqu\u2019au 20 d\u00e9cembre 2024<\/strong>, d\u00e9p\u00f4t des vid\u00e9os avant<strong>&nbsp;le 18 mars<\/strong>.<\/p>\n\n\n\n<h2 class=\"wp-block-heading\"><a href=\"https:\/\/ent2d.ac-bordeaux.fr\/disciplines\/mathematiques\/concours-general-des-lycees\/\" target=\"_blank\" rel=\"noreferrer noopener\">Concours g\u00e9n\u00e9ral des lyc\u00e9es<\/a> &#8211; Jeudi 20 mars 2025<\/h2>\n\n\n\n<p>Le concours g\u00e9n\u00e9ral des lyc\u00e9es est ouvert aux \u00e9l\u00e8ves des classes de premi\u00e8re et de terminale des lyc\u00e9es d\u2019enseignement public et priv\u00e9.<\/p>\n\n\n\n<p>Le nombre de candidats est limit\u00e9. Les inscriptions seront ouvertes sur l\u2019application Cyclades du&nbsp;<strong>mercredi&nbsp;&#8230; novembre 2024 au vendredi&nbsp;20&nbsp;d\u00e9cembre 2024 minuit (heure de Paris).<\/strong><\/p>\n\n\n\n<p>Afin de pr\u00e9parer les inscriptions sur Cyclades, une fiche de pr\u00e9-inscription est mise \u00e0 disposition sur le portail \u00e9tablissement de Cyclades et sur le site \u00c9duscol sous la rubrique&nbsp;<a rel=\"noreferrer noopener\" href=\"https:\/\/eduscol.education.fr\/1450\/inscription-en-ligne-au-concours-general-des-lycees-cgweb\" target=\"_blank\">\u00ab&nbsp;J\u2019enseigne, Je m\u00e8ne un projet<\/a>&nbsp;<a rel=\"noreferrer noopener\" href=\"https:\/\/eduscol.education.fr\/1450\/inscription-en-ligne-au-concours-general-des-lycees-cgweb\" target=\"_blank\">avec mes \u00e9l\u00e8ves, Concours g\u00e9n\u00e9ral des lyc\u00e9es et des m\u00e9tiers, Inscription au concours g\u00e9n\u00e9ral des<\/a>&nbsp;<a rel=\"noreferrer noopener\" href=\"https:\/\/eduscol.education.fr\/1450\/inscription-en-ligne-au-concours-general-des-lycees-cgweb\" target=\"_blank\">lyc\u00e9es.&nbsp;\u00bb<\/a><\/p>\n\n\n\n<h2 class=\"wp-block-heading\"><a href=\"https:\/\/www.ffjm.org\/fr\/championnat2025\">Championnat international de jeux math\u00e9matiques et logique<\/a><\/h2>\n\n\n\n<p>Le championnat international de jeux math\u00e9matiques et logiques est ouvert aux \u00e9coliers, coll\u00e9giens, lyc\u00e9ens, \u00e9tudiants et adultes. Les \u00e9preuves de ce championnat sont compos\u00e9es d\u2019\u00e9nigmes et de probl\u00e8mes math\u00e9matiques \u00e0 r\u00e9soudre en temps limit\u00e9, sans calculatrice et sans r\u00e9daction attendue (seule la r\u00e9ponse est demand\u00e9e). Les probl\u00e8mes sont vari\u00e9s, m\u00ealant g\u00e9om\u00e9trie, arithm\u00e9tique, espace, grandeurs et mesures\u2026&nbsp;<\/p>\n\n\n\n<ul class=\"wp-block-list\">\n<li><strong>Etape 1 : 1\/4 finales fran\u00e7ais 2024-2025&nbsp;(avant le 31 d\u00e9cembre 2024)<\/strong><\/li>\n<\/ul>\n\n\n\n<p>A partir du 1er&nbsp;octobre 2024, les \u00e9tablissements et les individuels peuvent s&#8217;inscrire en ligne sur l&#8217;application en ligne d\u00e9di\u00e9e au championnat :&nbsp;<a href=\"http:\/\/www.championnat.ffjm.org\" target=\"_blank\" rel=\"noreferrer noopener\">http:\/\/championnat.ffjm.org<\/a><\/p>\n\n\n\n<ul class=\"wp-block-list\">\n<li><strong>Etape 2&nbsp;: 1\/2&nbsp;finales r\u00e9gionales fran\u00e7aises 2025&nbsp;(samedi 15&nbsp;mars 2025&nbsp;de 14h \u00e0 17h &#8211; heure de Paris)<\/strong><\/li>\n<\/ul>\n\n\n\n<ul class=\"wp-block-list\">\n<li><strong>Etape 3&nbsp;: finale nationale&nbsp;fran\u00e7aise (samedi 17&nbsp;mai&nbsp;2025&nbsp;de&nbsp;14h \u00e0 17h)<\/strong><\/li>\n<\/ul>\n\n\n\n<ul class=\"wp-block-list\">\n<li><strong>Etape 4&nbsp;: finale internationale (Tunis, 23-24 ao\u00fbt 2025)<\/strong><\/li>\n<\/ul>\n\n\n\n<p><\/p>\n\n\n\n<p>Un <strong>webinaire de pr\u00e9sentation<\/strong>&nbsp;et de lancement du championnat aura lieu en ligne le <strong>samedi 12 octobre 2023<\/strong>&nbsp;de 14h00 \u00e0 15h00 (\u00e0 l\u2019heure du caf\u00e9). Pour y participer, inscrivez-vous \u00e0 l&#8217;avance : <a href=\"https:\/\/events.teams.microsoft.com\/event\/8c4edba3-5ce0-4a6f-af7d-d976e8794b32@d6910ffd-f30f-41fe-a9ba-c7d77690727d\" target=\"_blank\" rel=\"noreferrer noopener\">https:\/\/events.teams.microsoft.com\/event\/8c4edba3-5ce0-4a6f-af7d-d976e8794b32@d6910ffd-f30f-41fe-a9ba-c7d77690727d<\/a><\/p>\n\n\n\n<p><a href=\"https:\/\/nuage02.apps.education.fr\/index.php\/s\/cbqPyAic53pWPcq\">Pre\u0301sentation comple\u0300te du championnat JM 2024<\/a><\/p>\n\n\n\n<p>Contact : <a href=\"mailto:Yves.Tastet@ac-bordeaux.fr\">Yves.Tastet@ac-bordeaux.fr<\/a><\/p>\n\n\n\n<h1 class=\"wp-block-heading\"><strong>Autres concours<\/strong><\/h1>\n\n\n\n<p>D&#8217;autres concours se d\u00e9roulent en dehors de la semaine des math\u00e9matiques, ils restent n\u00e9anmoins tr\u00e8s int\u00e9ressants pour vos \u00e9l\u00e8ves :<\/p>\n\n\n\n<ul class=\"wp-block-list\">\n<li><strong>Le concours organis\u00e9 par l&#8217;INSEE<\/strong> : <a href=\"https:\/\/www.insee.fr\/fr\/information\/7673508\">Inscriptions<\/a>&nbsp;du 17 octobre au 3 d\u00e9cembre (minuit) <\/li>\n\n\n\n<li><a href=\"http:\/\/castor-informatique.fr\/\" target=\"_blank\" rel=\"noreferrer noopener\"><strong>Le Castor informatique<\/strong> <\/a>est un concours pour les niveaux CM1 jusqu&#8217;\u00e0 la terminale. Il offre une d\u00e9couverte tr\u00e8s accessible de l&#8217;informatique et du num\u00e9rique. Le<a href=\"http:\/\/concours.castor-informatique.fr\/?tab=home\" target=\"_blank\" rel=\"noreferrer noopener\"> site permet de s\u00b4entrainer sur des sujets pass\u00e9s<\/a> pour acqu\u00e9rir une exp\u00e9rience&nbsp; dans ces domaines d\u00e9sormais incontournables.&nbsp; Si vous \u00eates enseignant, <a href=\"http:\/\/coordinateur.castor-informatique.fr\">inscrivez-vous<\/a> d\u00e8s maintenant comme coordinateur.<\/li>\n\n\n\n<li><strong><a href=\"https:\/\/tfjm.org\/\">Le concours TFJM2<\/a> :<\/strong> le Tournoi Fran\u00e7ais des Jeunes Math\u00e9maticiennes et Math\u00e9maticiens existe depuis 2011. Il est organis\u00e9 par <em>Animath<\/em>, en collaboration avec de nombreuses structures d\u2019enseignement sup\u00e9rieur et de recherche. Ce tournoi est&nbsp;<strong>destin\u00e9 aux \u00e9l\u00e8ves de lyc\u00e9e<\/strong>.&nbsp; (<strong>10 janvier 2024<\/strong> : publication des <a href=\"https:\/\/tfjm.org\/les-problemes\/\">probl\u00e8mes,&nbsp;<\/a><strong>17 janvier 2024 <\/strong>: <a href=\"https:\/\/inscription.tfjm.org\/\">ouverture des inscriptions,&nbsp;<\/a><strong>mars 2024 <\/strong>: <strong>cl\u00f4ture<\/strong> des inscriptions, <strong>Avril-Mai 2024<\/strong>:&nbsp; tournois)<\/li>\n\n\n\n<li><a href=\"https:\/\/www.concourspangea.org\/\"><strong>Le concours pangea :<\/strong><\/a> concours national de Math\u00e9matiques. Son but est de faire aimer les math\u00e9matiques aux enfants.<\/li>\n\n\n\n<li><strong><a href=\"https:\/\/algorea.org\/#\/\">Le Concours Algor\u00e9a<\/a><\/strong>, propos\u00e9 au meilleurs participants du concours Castor, invite \u00e0 aller plus loin en se pr\u00e9parant aux \u00e9tapes successives gr\u00e2ce aux ressources fournies.<\/li>\n\n\n\n<li><a href=\"http:\/\/www.concours-alkindi.fr\/#\/\" target=\"_blank\" rel=\"noreferrer noopener\"><strong>Le concours Al-Kindi<\/strong><\/a> porte sur l&#8217;art de d\u00e9crypter les codes secrets. Il a connu un grand succ\u00e8s pour sa premi\u00e8re ann\u00e9e. Il&nbsp; s&#8217;adresse \u00e0 tous les \u00e9l\u00e8ves de 2nde, mais il est aussi ouvert aux \u00e9l\u00e8ves de 4\u00e8me et 3\u00e8me. Les <a href=\"https:\/\/coordinateur.concours-alkindi.fr\/\">inscriptions<\/a> sont ouvertes.<\/li>\n\n\n\n<li><a href=\"http:\/\/www.concours-archimede.com\/les-challengers\/\"><strong>Concours Archim\u00e8de<\/strong><\/a> :  Jeux d&#8217;\u00e9nigmes solidaires pour coll\u00e9giens francophones <\/li>\n\n\n\n<li><strong><a href=\"http:\/\/www.drolesdemaths.org\/index.php\">Dr\u00f4les de maths <\/a><\/strong>(lundi 17 mars 2025 pour les coll\u00e9giens) : concours solidaires pour coll\u00e9giens<\/li>\n<\/ul>\n","protected":false},"excerpt":{"rendered":"<p>A l&#8217;occasion de la Semaine des Math\u00e9matiques, pourquoi ne pas inscrire vos \u00e9l\u00e8ves \u00e0 un concours?Ces \u00e9preuves permettent aux \u00e9l\u00e8ves de partager des moments math\u00e9matiques ludiques, motivants, dans un contexte festif et dynamique. Choisissez le concours qui conviendra \u00e0 vos \u00e9l\u00e8ves, vous trouverez en g\u00e9n\u00e9ral sur son site des \u00e9nigmes pour les y pr\u00e9parer (ou &hellip; <\/p>\n<p><a class=\"more-link btn\" href=\"https:\/\/ent2d.ac-bordeaux.fr\/disciplines\/mathematiques\/culture-maths\/concours\/\">Lire la suite<\/a><\/p>\n","protected":false},"author":5,"featured_media":0,"parent":60,"menu_order":0,"comment_status":"closed","ping_status":"closed","template":"","meta":{"_bbp_topic_count":0,"_bbp_reply_count":0,"_bbp_total_topic_count":0,"_bbp_total_reply_count":0,"_bbp_voice_count":0,"_bbp_anonymous_reply_count":0,"_bbp_topic_count_hidden":0,"_bbp_reply_count_hidden":0,"_bbp_forum_subforum_count":0,"footnotes":""},"class_list":["post-1067","page","type-page","status-publish","hentry","nodate","item-wrap"],"_links":{"self":[{"href":"https:\/\/ent2d.ac-bordeaux.fr\/disciplines\/mathematiques\/wp-json\/wp\/v2\/pages\/1067","targetHints":{"allow":["GET"]}}],"collection":[{"href":"https:\/\/ent2d.ac-bordeaux.fr\/disciplines\/mathematiques\/wp-json\/wp\/v2\/pages"}],"about":[{"href":"https:\/\/ent2d.ac-bordeaux.fr\/disciplines\/mathematiques\/wp-json\/wp\/v2\/types\/page"}],"author":[{"embeddable":true,"href":"https:\/\/ent2d.ac-bordeaux.fr\/disciplines\/mathematiques\/wp-json\/wp\/v2\/users\/5"}],"replies":[{"embeddable":true,"href":"https:\/\/ent2d.ac-bordeaux.fr\/disciplines\/mathematiques\/wp-json\/wp\/v2\/comments?post=1067"}],"version-history":[{"count":41,"href":"https:\/\/ent2d.ac-bordeaux.fr\/disciplines\/mathematiques\/wp-json\/wp\/v2\/pages\/1067\/revisions"}],"predecessor-version":[{"id":11180,"href":"https:\/\/ent2d.ac-bordeaux.fr\/disciplines\/mathematiques\/wp-json\/wp\/v2\/pages\/1067\/revisions\/11180"}],"up":[{"embeddable":true,"href":"https:\/\/ent2d.ac-bordeaux.fr\/disciplines\/mathematiques\/wp-json\/wp\/v2\/pages\/60"}],"wp:attachment":[{"href":"https:\/\/ent2d.ac-bordeaux.fr\/disciplines\/mathematiques\/wp-json\/wp\/v2\/media?parent=1067"}],"curies":[{"name":"wp","href":"https:\/\/api.w.org\/{rel}","templated":true}]}}