{"id":1014,"date":"2016-07-05T18:15:12","date_gmt":"2016-07-05T17:15:12","guid":{"rendered":"https:\/\/ent2d.ac-bordeaux.fr\/disciplines\/mathematiques\/?page_id=1014"},"modified":"2022-03-01T10:42:32","modified_gmt":"2022-03-01T09:42:32","slug":"cycle-terminal-voie-technologique","status":"publish","type":"page","link":"https:\/\/ent2d.ac-bordeaux.fr\/disciplines\/mathematiques\/lycee\/cycle-terminal-voie-technologique\/","title":{"rendered":"Cycle Terminal &#8211; voie technologique"},"content":{"rendered":"<h1>Classe de 1re<\/h1>\n<h2>Programmes et ressources<\/h2>\n<ul>\n<li>Programmes :\n<ul>\n<li><a href=\"https:\/\/cache.media.education.gouv.fr\/file\/SP1-MEN-22-1-2019\/53\/0\/spe630_annexe_1063530.pdf\">Math\u00e9matiques du tronc commun dans la voie technologique<\/a><\/li>\n<li><a href=\"https:\/\/cache.media.education.gouv.fr\/file\/SP1-MEN-22-1-2019\/85\/6\/spe591_annexe2_22-1_1063856.pdf\">Sp\u00e9cialit\u00e9 Physique-Chimie et Math\u00e9matiques en Premi\u00e8re STI2D<\/a><\/li>\n<li><a href=\"https:\/\/cache.media.education.gouv.fr\/file\/SP1-MEN-22-1-2019\/86\/4\/spe645_annexe3_22-1_1063864.pdf\">Sp\u00e9cialit\u00e9 Physique-Chimie et Math\u00e9matiques en Premi\u00e8re STL<\/a><\/li>\n<li><a href=\"https:\/\/eduscol.education.fr\/cid144119\/mathematiques-bac-2021.html\">Page de ressources nationales<\/a> (dont Algorithmique et automatismes)<\/li>\n<\/ul>\n<\/li>\n<li><a href=\"https:\/\/cache.media.eduscol.education.fr\/file\/Mathematiques\/84\/2\/RA19_Lycee_GT_2-1_MATH_Automatismes_1163842.pdf\">Automatismes\u00a0 : ressource nationale<\/a><\/li>\n<li><strong>Priorit\u00e9s p\u00e9dagogiques pour la rentr\u00e9e 2020 en 1re Technologique<\/strong>: <span class=\"css-901oao css-16my406 r-1qd0xha r-ad9z0x r-bcqeeo r-qvutc0\">recommandations et conseils de l\u2019inspection g\u00e9n\u00e9rale pour la prise en charge des \u00e9l\u00e8ves \u00e0 la rentr\u00e9e<\/span>\n<ul>\n<li><a class=\"download\" title=\"Rentree2020 _Maths_Premieere-technologique-tronc-commun (PDF-1.18 Mo-Nouvelle fen\u00eatre)\" href=\"https:\/\/cache.media.eduscol.education.fr\/file\/RS2020-Documents_pedagogiques\/67\/4\/Rentree2020_Maths_Premieere-technologique-tronc-commun_1313674.pdf\" target=\"_blank\" rel=\"noopener noreferrer\">Math\u00e9matiques Tronc Commun, s\u00e9ries STD2A, STHR, STL, STMG, STI2D, ST2S<\/a><\/li>\n<li><a class=\"download\" title=\"Rentree2020 _maths_Premiere-STI2D-STL-spePC-M (PDF-919.55 Ko-Nouvelle fen\u00eatre)\" href=\"https:\/\/cache.media.eduscol.education.fr\/file\/RS2020-Documents_pedagogiques\/67\/6\/Rentree2020_maths_Premiere-STI2D-STL-spePC-M_1313676.pdf\" target=\"_blank\" rel=\"noopener noreferrer\">Math\u00e9matiques, s\u00e9ries STI2D et STL, sp\u00e9cialit\u00e9 physique-chimie et math\u00e9matiques<\/a><\/li>\n<\/ul>\n<\/li>\n<li><a href=\"https:\/\/ent2d.ac-bordeaux.fr\/disciplines\/mathematiques\/stages-reforme-du-lycee\/\">Ressources des stages acad\u00e9miques 2019, avec un atelier sur les automatismes<\/a><\/li>\n<\/ul>\n<h2>Anciens programmes<\/h2>\n<ul>\n<li>Anciens Programmes (en vigueur jusqu&#8217;en 2018-2019):<a href=\"http:\/\/www.education.gouv.fr\/pid25535\/bulletin_officiel.html?cid_bo=59104\" target=\"_blank\" rel=\"noopener noreferrer\"> Premi\u00e8re STMG<\/a>, <a href=\"http:\/\/cache.media.education.gouv.fr\/file\/special_3_MEN\/03\/5\/maths_STD2A_171035.pdf\" target=\"_blank\" rel=\"noopener noreferrer\">Premi\u00e8re ST2A<\/a>, <a href=\"http:\/\/cache.media.education.gouv.fr\/file\/special_3_MEN\/03\/7\/maths_STI2D_STL_171037.pdf\">Premi\u00e8re STI2D-STL<\/a><\/li>\n<li>Ressources nationales : <a href=\"http:\/\/cache.media.eduscol.education.fr\/file\/Mathematiques\/85\/8\/doc-accompagnement-analyse-premiere-final_212858.pdf\">Analyse en 1\u00e8re<\/a>, <a href=\"http:\/\/cache.media.eduscol.education.fr\/file\/Mathematiques\/59\/6\/Ressource_Statistiques_Probabilites_1eres_208596.pdf\">Statistiques et probabilit\u00e9s en 1\u00e8re<\/a>, <a href=\"http:\/\/cache.media.eduscol.education.fr\/file\/Mathematiques\/11\/5\/LyceeGT_ressources_Math_T_proba-stat_207115.pdf\">Probabilit\u00e9s et statistiques en terminale<\/a>, <a href=\"http:\/\/cache.media.eduscol.education.fr\/file\/Mathematiques\/12\/7\/LyceeGT_ressources_MathPC_Mesure_et_incertitudes_218127.pdf\">Mesure et incertitudes<\/a>, <a href=\"http:\/\/eduscol.education.fr\/cid45766\/ressources-pour-faire-la-classe-au-college-et-au-lycee.html\">Ressources interdisciplinaires classe terminale STI2D<\/a>, <a href=\"http:\/\/eduscol.education.fr\/cid45766\/ressources-pour-faire-la-classe-au-college-et-au-lycee.html\">Autres ressources sur Eduscol<\/a><\/li>\n<\/ul>\n<ul>\n<li><a href=\"https:\/\/ent2d.ac-bordeaux.fr\/disciplines\/mathematiques\/stage-nouveaux-programmes-de-premiere\/\">Ressources du stage acad\u00e9mique sur les programmes de premi\u00e8re<\/a><\/li>\n<li><a href=\"https:\/\/ent2d.ac-bordeaux.fr\/disciplines\/mathematiques\/probabilites-echantillonnage-en-classe-de-1re\/\">Ressources acad\u00e9miques Probabilit\u00e9s &#8211; \u00c9chantillonnage en classe de premi\u00e8re<\/a><\/li>\n<li><a href=\"\/\/ent2d.ac-bordeaux.fr\/disciplines\/mathematiques\/algorithmique-et-programmation-en-classe-de-1eres-generale-et-technologique\/\">Algorithmique en classe de premi\u00e8re<\/a><\/li>\n<li>Exemples d\u00e9taill\u00e9s pour les classes de 1\u00e8re STI2D-STL\n<ul class=\"niv1\">\n<li><a href=\"https:\/\/ent2d.ac-bordeaux.fr\/disciplines\/mathematiques\/wp-content\/uploads\/sites\/3\/2017\/10\/Logo.zip\">Logo : probl\u00e8me d&#8217;optimisation avec utilisation du logiciel Geogebra <\/a><\/li>\n<li><a href=\"https:\/\/ent2d.ac-bordeaux.fr\/disciplines\/mathematiques\/wp-content\/uploads\/sites\/3\/2017\/10\/Electricit\u00e9.zip\">\u00c9lectricit\u00e9 : activit\u00e9 en lien avec le professeur de Sciences Physiques <\/a><\/li>\n<li><a href=\"https:\/\/ent2d.ac-bordeaux.fr\/disciplines\/mathematiques\/wp-content\/uploads\/sites\/3\/2017\/10\/R\u00e9servoir-deau.zip\">R\u00e9servoir d&#8217;eau : probl\u00e8me ouvert<\/a><\/li>\n<li><a href=\"https:\/\/ent2d.ac-bordeaux.fr\/disciplines\/mathematiques\/wp-content\/uploads\/sites\/3\/2017\/10\/Optique.zip\">Optique : activit\u00e9 en lien avec le professeur de Sciences Physiques <\/a><\/li>\n<li><a href=\"https:\/\/ent2d.ac-bordeaux.fr\/disciplines\/mathematiques\/wp-content\/uploads\/sites\/3\/2017\/10\/Distance-darr\u00eat.zip\">Distance d&#8217;arr\u00eat : utilisation de calculatrice et\/ou de logiciel de calcul formel<\/a><\/li>\n<li><a href=\"https:\/\/ent2d.ac-bordeaux.fr\/disciplines\/mathematiques\/wp-content\/uploads\/sites\/3\/2017\/10\/Bouteilles-en-plastique.zip\">Bouteilles en plastique : utilisation de calculatrice, du logiciel Algobox et d&#8217;un tableur<\/a><\/li>\n<li><a href=\"https:\/\/ent2d.ac-bordeaux.fr\/disciplines\/mathematiques\/wp-content\/uploads\/sites\/3\/2017\/10\/tremplin-pour_saut_\u00e0_skis.zip\">Tremplin pour saut \u00e0 skis : optimisation d&#8217;une longueur par conjecture puis validation math\u00e9matique<\/a><\/li>\n<\/ul>\n<\/li>\n<\/ul>\n<h1>Classe de Terminale<\/h1>\n<h2>Nouveaux programmes (rentr\u00e9e 2020) et ressources<\/h2>\n<ul>\n<li>Programmes :\n<ul>\n<li><a href=\"https:\/\/cache.media.education.gouv.fr\/file\/SPE8_MENJ_25_7_2019\/91\/4\/spe242_annexe_1158914.pdf\" data-slimstat=\"3\"><strong>Math\u00e9matiques du tronc commun<\/strong> de Tale de la voie technologique<\/a><\/li>\n<li><a href=\"https:\/\/cache.media.education.gouv.fr\/file\/SPE8_MENJ_25_7_2019\/93\/5\/spe261_annexe_1158935.pdf\"><strong>Sp\u00e9cialit\u00e9 Physique-Chimie et Math\u00e9matiques<\/strong> de Tale technologique STI2D<\/a><\/li>\n<li><a href=\"https:\/\/cache.media.education.gouv.fr\/file\/SPE8_MENJ_25_7_2019\/16\/3\/spe260_annexe1_1159163.pdf\"><strong>Sp\u00e9cialit\u00e9 Physique-Chimie et Math\u00e9matiques<\/strong> de Tale technologique STL<\/a><\/li>\n<\/ul>\n<\/li>\n<li><strong>Priorit\u00e9s p\u00e9dagogiques pour la rentr\u00e9e 2020 en Tale Technologique<\/strong>: <span class=\"css-901oao css-16my406 r-1qd0xha r-ad9z0x r-bcqeeo r-qvutc0\">recommandations et conseils de l\u2019inspection g\u00e9n\u00e9rale pour la prise en charge des \u00e9l\u00e8ves \u00e0 la rentr\u00e9e<\/span>\n<ul>\n<li><a class=\"download\" title=\"Rentree2020 _Maths_Terminale-technologique-tronc-commun (PDF-1.15 Mo-Nouvelle fen\u00eatre)\" href=\"https:\/\/cache.media.eduscol.education.fr\/file\/RS2020-Documents_pedagogiques\/67\/0\/Rentree2020_Maths_Terminale-technologique-tronc-commun_1313670.pdf\" target=\"_blank\" rel=\"noopener noreferrer\">Math\u00e9matiques Tronc Commun, s\u00e9ries STD2A, STHR, STL, STMG, STI2D, ST2S\u00a0<\/a><\/li>\n<li><a class=\"download\" title=\"Rentree2020 _Maths_Terminale-STI2D-STL-spePCM (PDF-1.06 Mo-Nouvelle fen\u00eatre)\" href=\"https:\/\/cache.media.eduscol.education.fr\/file\/RS2020-Documents_pedagogiques\/67\/2\/Rentree2020_Maths_Terminale-STI2D-STL-spePCM_1313672.pdf\" target=\"_blank\" rel=\"noopener noreferrer\">Math\u00e9matiques, s\u00e9ries STI2D et STL, sp\u00e9cialit\u00e9 physique-chimie et math\u00e9matiques<\/a><\/li>\n<\/ul>\n<\/li>\n<li><a href=\"https:\/\/ent2d.ac-bordeaux.fr\/disciplines\/mathematiques\/stages-reforme-du-lycee\/\">Ressources des stages acad\u00e9miques 2019, avec un atelier sur les automatismes<\/a><\/li>\n<li>Ressources des stages acad\u00e9miques 2020, avec un atelier d\u00e9di\u00e9 \u00e0 la terminale technologique Tronc Commun (\u00e0 venir lorsque tous les stages se seront d\u00e9roul\u00e9s)<\/li>\n<\/ul>\n<h2>Anciens programmes<\/h2>\n<ul>\n<li>Anciens programmes (en vigueur jusqu&#8217;en 2019-2020) : <a href=\"http:\/\/media.education.gouv.fr\/file\/special_8_men\/98\/4\/mathematiques_S_195984.pdf\" target=\"_blank\" rel=\"noopener noreferrer\">Terminale STMG<\/a>, <a href=\"http:\/\/media.education.gouv.fr\/file\/special_8_men\/98\/6\/mathematiques_STD2A_195986.pdf\">Terminale ST2A (Sp\u00e9cialit\u00e9 Biotechnologies)<\/a>, <a href=\"http:\/\/media.education.gouv.fr\/file\/special_8_men\/98\/0\/mathematique_STI2D_STL_SPCL_195980.pdf\">Terminale STI2D-STL (Sp\u00e9cialit\u00e9 SPCL)<\/a><\/li>\n<li><a href=\"https:\/\/ent2d.ac-bordeaux.fr\/disciplines\/mathematiques\/wp-content\/uploads\/sites\/3\/2017\/10\/Ressources-du-stage-sur-les-nouveaux-programmes-de-terminale.zip\">Ressources du stage de 2011-2012 sur les programmes de terminale<\/a><\/li>\n<li><a href=\"https:\/\/ent2d.ac-bordeaux.fr\/disciplines\/mathematiques\/wp-content\/uploads\/sites\/3\/2017\/10\/Probabilit\u00e9s-Echantillonnage-en-classe-de-terminale.zip\">Probabilit\u00e9s &#8211; \u00c9chantillonnage en classe de terminale<\/a><\/li>\n<li><a href=\"https:\/\/ent2d.ac-bordeaux.fr\/disciplines\/mathematiques\/wp-content\/uploads\/sites\/3\/2020\/09\/Algorithmique-en-classe-de-terminale.zip\">Algorithmique en classe de terminale<\/a><\/li>\n<\/ul>\n<ul class=\"niv1\">\n<li>Exemples d\u00e9taill\u00e9s pour les classes de Terminales STI2D-STL\n<ul class=\"niv1\">\n<li><a href=\"https:\/\/ent2d.ac-bordeaux.fr\/disciplines\/mathematiques\/wp-content\/uploads\/sites\/3\/2017\/10\/Enqu\u00eate-dans-un-lyc\u00e9e.zip\">Enqu\u00eate dans un lyc\u00e9e : Illustration de l&#8217;approximation d&#8217;une loi binomiale par une loi normale &#8211; <i>utilisation du tableur<\/i><\/a><\/li>\n<li><a href=\"https:\/\/ent2d.ac-bordeaux.fr\/disciplines\/mathematiques\/wp-content\/uploads\/sites\/3\/2017\/10\/Dip\u00f4le-passif.zipl\">Dip\u00f4le passif : imp\u00e9dances et admittances complexes (<i>Activit\u00e9 en \u00e9troite collaboration avec le professeur de sciences physiques)<\/i><\/a><\/li>\n<li><a href=\"https:\/\/ent2d.ac-bordeaux.fr\/disciplines\/mathematiques\/wp-content\/uploads\/sites\/3\/2017\/10\/Circuits-RC-et-RL.zip\">Circuits RC et RL : valeur moyenne, valeur efficace, \u00e9quations diff\u00e9rentielles (<i>activit\u00e9 en \u00e9troite collaboration avec le professeur de sciences physiques)<\/i> <\/a><i><\/i><\/li>\n<li><a href=\"https:\/\/ent2d.ac-bordeaux.fr\/disciplines\/mathematiques\/wp-content\/uploads\/sites\/3\/2017\/10\/logaritme_decimal_et_acoustique.zip\">R\u00e9p\u00e9titions d&#8217;un groupe de rock : acoustique, logarithme d\u00e9cimal, mod\u00e9lisation par une suite<\/a><\/li>\n<li><a href=\"https:\/\/ent2d.ac-bordeaux.fr\/disciplines\/mathematiques\/wp-content\/uploads\/sites\/3\/2017\/10\/ph_logarithme_decimal.zip\">Chimie, mesures et calculs de pH : logarithme d\u00e9cimal (<i>Activit\u00e9 en \u00e9troite collaboration avec le professeur de sciences physiques)<\/i><\/a><\/li>\n<li><a href=\"https:\/\/ent2d.ac-bordeaux.fr\/disciplines\/mathematiques\/wp-content\/uploads\/sites\/3\/2017\/10\/Fabrication-de-cl\u00e9s-USB-Prise-de-d\u00e9cision.zip\">Fabrication de cl\u00e9s USB : prise de d\u00e9cision \u00e0 partir d&#8217;un \u00e9chantillon et de l&#8217;intervalle de fluctuation pour rejeter ou non une hypoth\u00e8se sur une proportion<\/a><\/li>\n<li><a href=\"https:\/\/ent2d.ac-bordeaux.fr\/disciplines\/mathematiques\/wp-content\/uploads\/sites\/3\/2017\/10\/Temperature_cumulus.zip\">Temp\u00e9rature de l&#8217;eau d&#8217;un cumulus : aspect graphique, r\u00e9solution d&#8217;une \u00e9quation diff\u00e9rentielle du premier ordre<\/a><\/li>\n<\/ul>\n<\/li>\n<\/ul>\n<h1>Baccalaur\u00e9at et orientation<\/h1>\n<ul>\n<li><a href=\"https:\/\/ent2d.ac-bordeaux.fr\/disciplines\/mathematiques\/programmes-limitatifs-de-mathematiques-pour-le-baccalaureat-2022\/\"><strong><span style=\"color: #ff0000\">Bac : Programmes limitatifs pour l&#8217;\u00e9preuve de sp\u00e9cialit\u00e9 en STI2D et STL \u00e0 partir de la session 2022<\/span><\/strong><\/a><\/li>\n<li><span style=\"color: #ff0000\"><strong><a style=\"color: #ff0000\" href=\"https:\/\/ent2d.ac-bordeaux.fr\/disciplines\/mathematiques\/amenagements-bac-2022\/\">Am\u00e9nagement des \u00e9preuves de math\u00e9matiques du bac 2022<\/a><\/strong><\/span><\/li>\n<li><a href=\"https:\/\/eduscol.education.fr\/document\/5470\/download?attachment\"><strong>Guide de l\u2019\u00e9valuation des apprentissages et des acquis des \u00e9l\u00e8ves dans le cadre de la r\u00e9forme du lyc\u00e9e g\u00e9n\u00e9ral et technologique<\/strong><\/a><\/li>\n<\/ul>\n<ul>\n<li><strong>Grand Oral<\/strong>\n<ul>\n<li><a href=\"https:\/\/eduscol.education.fr\/729\/presentation-du-grand-oral\">Page Eduscol d\u00e9di\u00e9e au Grand Oral<\/a>, avec notamment une <a href=\"https:\/\/eduscol.education.fr\/media\/3420\/download\">Foire Aux Questions<\/a> tr\u00e8s d\u00e9taill\u00e9es et un document ressource de l&#8217;Inspection G\u00e9n\u00e9rale d\u00e9taillant <a href=\"https:\/\/eduscol.education.fr\/media\/3896\/download\">le travail de l&#8217;oral en math\u00e9matiques et des exemples de sujets<\/a><\/li>\n<li><a href=\"https:\/\/magistere.education.fr\/dgesco\/course\/view.php?id=2060\">Parcours M@gist\u00e8re national<\/a> (accessible avec les identifiants acad\u00e9miques)<\/li>\n<li><a href=\"https:\/\/magistere.education.fr\/ac-bordeaux\/course\/view.php?id=10014\">Parcours M@gist\u00e8re acad\u00e9mique<\/a><\/li>\n<li><a href=\"https:\/\/euler.ac-versailles.fr\/article569.html\">Ressources de l&#8217;acad\u00e9mie de Versailles<\/a> (et en particulier <a href=\"https:\/\/euler.ac-versailles.fr\/IMG\/pdf\/pistes-grand-oral-huet-version-sans_programme.pdf\">R\u00e9flexions et pistes pour le Grand Oral en math\u00e9matiques<\/a> et <a href=\"https:\/\/euler.ac-versailles.fr\/IMG\/pdf\/oral_maths.pdf\">Pratiquer l\u2019oral en math\u00e9matiques &#8211; Pistes pour l\u2019\u00e9preuve orale de terminale <\/a>:\u00a0 ces documents aideront les professeurs \u00e0 aiguiller leurs \u00e9l\u00e8ves dans le choix des questions math\u00e9matiques possibles pour le Grand Oral, et \u00e0 constater notamment que la typologie des questions possibles est tr\u00e8s diversifi\u00e9e)<\/li>\n<\/ul>\n<\/li>\n<li><a href=\"https:\/\/ent2d.ac-bordeaux.fr\/disciplines\/mathematiques\/parcoursup-attendus-du-superieur-2019\/\"><strong>Attendus du sup\u00e9rieur dans Parcoursup<\/strong> (BTS, DUT, licences, CPGE)<\/a><\/li>\n<\/ul>\n<h1>R\u00e9solution de probl\u00e8mes<\/h1>\n<ul>\n<li><a href=\"https:\/\/ent2d.ac-bordeaux.fr\/disciplines\/mathematiques\/resolution-de-probleme-au-lycee-stage\/\">Ressources du stage R\u00e9solution de probl\u00e8mes au lyc\u00e9e (2012-2013)<\/a><\/li>\n<li><a href=\"https:\/\/ent2d.ac-bordeaux.fr\/disciplines\/mathematiques\/wp-content\/uploads\/sites\/3\/2017\/10\/R\u00e9solution-de-probl\u00e8mes-au-lyc\u00e9e-2015-2016.zip\">Ressources du stage R\u00e9solution de probl\u00e8mes au lyc\u00e9e (2015-2016)<\/a><\/li>\n<\/ul>\n","protected":false},"excerpt":{"rendered":"<p>Classe de 1re Programmes et ressources Programmes : Math\u00e9matiques du tronc commun dans la voie technologique Sp\u00e9cialit\u00e9 Physique-Chimie et Math\u00e9matiques en Premi\u00e8re STI2D Sp\u00e9cialit\u00e9 Physique-Chimie et Math\u00e9matiques en Premi\u00e8re STL Page de ressources nationales (dont Algorithmique et automatismes) Automatismes\u00a0 : ressource nationale Priorit\u00e9s p\u00e9dagogiques pour la rentr\u00e9e 2020 en 1re Technologique: recommandations et conseils de &hellip; <\/p>\n<p><a class=\"more-link btn\" href=\"https:\/\/ent2d.ac-bordeaux.fr\/disciplines\/mathematiques\/lycee\/cycle-terminal-voie-technologique\/\">Lire la suite<\/a><\/p>\n","protected":false},"author":5,"featured_media":0,"parent":25,"menu_order":0,"comment_status":"closed","ping_status":"closed","template":"","meta":{"_bbp_topic_count":0,"_bbp_reply_count":0,"_bbp_total_topic_count":0,"_bbp_total_reply_count":0,"_bbp_voice_count":0,"_bbp_anonymous_reply_count":0,"_bbp_topic_count_hidden":0,"_bbp_reply_count_hidden":0,"_bbp_forum_subforum_count":0,"footnotes":""},"class_list":["post-1014","page","type-page","status-publish","hentry","nodate","item-wrap"],"_links":{"self":[{"href":"https:\/\/ent2d.ac-bordeaux.fr\/disciplines\/mathematiques\/wp-json\/wp\/v2\/pages\/1014","targetHints":{"allow":["GET"]}}],"collection":[{"href":"https:\/\/ent2d.ac-bordeaux.fr\/disciplines\/mathematiques\/wp-json\/wp\/v2\/pages"}],"about":[{"href":"https:\/\/ent2d.ac-bordeaux.fr\/disciplines\/mathematiques\/wp-json\/wp\/v2\/types\/page"}],"author":[{"embeddable":true,"href":"https:\/\/ent2d.ac-bordeaux.fr\/disciplines\/mathematiques\/wp-json\/wp\/v2\/users\/5"}],"replies":[{"embeddable":true,"href":"https:\/\/ent2d.ac-bordeaux.fr\/disciplines\/mathematiques\/wp-json\/wp\/v2\/comments?post=1014"}],"version-history":[{"count":60,"href":"https:\/\/ent2d.ac-bordeaux.fr\/disciplines\/mathematiques\/wp-json\/wp\/v2\/pages\/1014\/revisions"}],"predecessor-version":[{"id":6955,"href":"https:\/\/ent2d.ac-bordeaux.fr\/disciplines\/mathematiques\/wp-json\/wp\/v2\/pages\/1014\/revisions\/6955"}],"up":[{"embeddable":true,"href":"https:\/\/ent2d.ac-bordeaux.fr\/disciplines\/mathematiques\/wp-json\/wp\/v2\/pages\/25"}],"wp:attachment":[{"href":"https:\/\/ent2d.ac-bordeaux.fr\/disciplines\/mathematiques\/wp-json\/wp\/v2\/media?parent=1014"}],"curies":[{"name":"wp","href":"https:\/\/api.w.org\/{rel}","templated":true}]}}