{"id":1012,"date":"2016-07-05T18:09:01","date_gmt":"2016-07-05T17:09:01","guid":{"rendered":"https:\/\/ent2d.ac-bordeaux.fr\/disciplines\/mathematiques\/?page_id=1012"},"modified":"2022-07-14T15:40:33","modified_gmt":"2022-07-14T14:40:33","slug":"cycle-terminal-voie-generale","status":"publish","type":"page","link":"https:\/\/ent2d.ac-bordeaux.fr\/disciplines\/mathematiques\/lycee\/cycle-terminal-voie-generale\/","title":{"rendered":"Cycle Terminal &#8211; voie g\u00e9n\u00e9rale"},"content":{"rendered":"<p><em>Cette page ne concerne que les enseignements de math\u00e9matiques, l&#8217;<a href=\"https:\/\/ent2d.ac-bordeaux.fr\/disciplines\/mathematiques\/enseignement-scientifique\/\">Enseignement scientifique (tronc commun)<\/a> et l&#8217;enseignement de sp\u00e9cialit\u00e9 <a href=\"https:\/\/ent2d.ac-bordeaux.fr\/disciplines\/mathematiques\/numerique-et-sciences-informatiques-nsi\/\">Num\u00e9rique et Sciences Informatiques (NSI)<\/a>, qui sont assur\u00e9s parfois par des professeurs de math\u00e9matiques, sont trait\u00e9s dans des pages sp\u00e9cifiques.<\/em><\/p>\n<h1>Classe de 1\u00e8re<\/h1>\n<h2>Sp\u00e9cialit\u00e9 Math\u00e9matiques<\/h2>\n<ul>\n<li><a href=\"https:\/\/www.education.gouv.fr\/pid285\/bulletin_officiel.html?cid_bo=138152\">Programme de Sp\u00e9cialit\u00e9 Math\u00e9matiques en Premi\u00e8re G\u00e9n\u00e9rale<\/a> (rentr\u00e9e 2019)<\/li>\n<li><a href=\"https:\/\/eduscol.education.fr\/cid144119\/mathematiques-bac-2021.html\">Page de ressources nationales<\/a> (dont Algorithmique, Raisonnement et d\u00e9monstration, Automatismes, Mod\u00e9liser et repr\u00e9senter)<\/li>\n<li><a href=\"https:\/\/ent2d.ac-bordeaux.fr\/disciplines\/mathematiques\/stages-reforme-du-lycee\/\">Ressources des stages acad\u00e9miques 2019 sur la r\u00e9forme du lyc\u00e9e<\/a><\/li>\n<li><a href=\"https:\/\/www.cned.fr\/le-cned\/services-aux-etablissements-scolaires\/maspemaths-revision-premiere\/\">MaSp\u00e9Maths<\/a>: service num\u00e9rique gratuit de r\u00e9vision propos\u00e9 par le CNED aux lyc\u00e9ens de premi\u00e8re<\/li>\n<li><a href=\"https:\/\/cache.media.eduscol.education.fr\/file\/RS2020-Documents_pedagogiques\/59\/7\/Rentree2020_Maths_Premiere-generale-specialiteV2_1313597.pdf\"><strong>Priorit\u00e9s p\u00e9dagogiques pour la rentr\u00e9e 2020 en 1re G\u00e9n\u00e9rale<\/strong><\/a>: <span class=\"css-901oao css-16my406 r-1qd0xha r-ad9z0x r-bcqeeo r-qvutc0\">recommandations et conseils de l&#8217;inspection g\u00e9n\u00e9rale pour la prise en charge des \u00e9l\u00e8ves \u00e0 la rentr\u00e9e<\/span><\/li>\n<\/ul>\n<h2>Math\u00e9matiques int\u00e9gr\u00e9es \u00e0 l\u2019enseignement scientifique<\/h2>\n<ul>\n<li><a href=\"https:\/\/www.education.gouv.fr\/bo\/22\/Hebdo27\/MENE2218178A.htm\">Programme de math\u00e9matiques int\u00e9gr\u00e9 \u00e0 l&#8217;enseignement scientifique en classe de premi\u00e8re g\u00e9n\u00e9rale<\/a> (rentr\u00e9e 2022)<\/li>\n<li><a href=\"https:\/\/eduscol.education.fr\/1723\/programmes-et-ressources-en-mathematiques-voie-gt#summary-item-2\">Ressources d&#8217;accompagnement sur Eduscol<\/a><\/li>\n<\/ul>\n<h2>Anciens programmes et ressources diverses<strong><br \/>\n<\/strong><\/h2>\n<ul>\n<li>Anciens programmes (en vigueur jusqu&#8217;en 2018-2019) : <a href=\"https:\/\/www.legifrance.gouv.fr\/jo_pdf.do?numJO=0&amp;dateJO=20100828&amp;numTexte=21&amp;pageDebut=15577&amp;pageFin=15587\" target=\"_blank\" rel=\"noopener noreferrer\">Premi\u00e8re S<\/a>,\u00a0<a href=\"https:\/\/www.legifrance.gouv.fr\/jo_pdf.do?numJO=0&amp;dateJO=20100828&amp;numTexte=23&amp;pageDebut=15593&amp;pageFin=15600\" target=\"_blank\" rel=\"noopener noreferrer\"> Premi\u00e8re ES-L<\/a><\/li>\n<li>Ressources nationales : <a href=\"http:\/\/cache.media.eduscol.education.fr\/file\/Mathematiques\/85\/8\/doc-accompagnement-analyse-premiere-final_212858.pdf\">Analyse en 1\u00e8re<\/a>, <a href=\"http:\/\/cache.media.eduscol.education.fr\/file\/Mathematiques\/59\/6\/Ressource_Statistiques_Probabilites_1eres_208596.pdf\">Statistiques et probabilit\u00e9s en 1\u00e8re<\/a> , <a href=\"http:\/\/cache.media.eduscol.education.fr\/file\/Mathematiques\/12\/7\/LyceeGT_ressources_MathPC_Mesure_et_incertitudes_218127.pdf\">Mesure et incertitudes<\/a><\/li>\n<li><a href=\"https:\/\/ent2d.ac-bordeaux.fr\/disciplines\/mathematiques\/exemple-de-progression-1ere-s\/\">Exemple de progression avec des ressources par chapitre en premi\u00e8re S<\/a><\/li>\n<li><a href=\"https:\/\/ent2d.ac-bordeaux.fr\/disciplines\/mathematiques\/probabilites-echantillonnage-en-classe-de-1re\/\">Loi binomiale &#8211; \u00c9chantillonnage en classe de premi\u00e8re<\/a><\/li>\n<li><a href=\"\/\/ent2d.ac-bordeaux.fr\/disciplines\/mathematiques\/algorithmique-et-programmation-en-classe-de-1eres-generale-et-technologique\/\">Algorithmique en classe de premi\u00e8re<\/a><\/li>\n<li><a href=\"https:\/\/ent2d.ac-bordeaux.fr\/disciplines\/mathematiques\/stage-nouveaux-programmes-de-premiere\/\">Ressources du stage acad\u00e9mique sur les programmes de premi\u00e8re<\/a><\/li>\n<li><a href=\"https:\/\/ent2d.ac-bordeaux.fr\/disciplines\/mathematiques\/resolution-de-probleme-au-lycee-stage\/\">R\u00e9solution de probl\u00e8mes au lyc\u00e9e<\/a><\/li>\n<\/ul>\n<h1>Classe de Terminale<\/h1>\n<h2>Nouveaux programmes (rentr\u00e9e 2020)<\/h2>\n<ul>\n<li>Programmes :\n<ul>\n<li><a href=\"https:\/\/cache.media.education.gouv.fr\/file\/SPE8_MENJ_25_7_2019\/90\/7\/spe246_annexe_1158907.pdf\" data-slimstat=\"3\"><strong>Sp\u00e9cialit\u00e9 Math\u00e9matiques<\/strong> de Tale g\u00e9n\u00e9rale<\/a><\/li>\n<li><a href=\"https:\/\/cache.media.education.gouv.fr\/file\/SPE8_MENJ_25_7_2019\/13\/4\/spe265_annexe_1159134.pdf\" data-slimstat=\"3\"><strong>Option Math\u00e9matiques Compl\u00e9mentaires<\/strong><\/a><\/li>\n<li><a href=\"https:\/\/cache.media.education.gouv.fr\/file\/SPE8_MENJ_25_7_2019\/82\/5\/spe264_annexe_1158825.pdf\" data-slimstat=\"3\"><strong>Option Math\u00e9matiques Expertes<\/strong><\/a><\/li>\n<\/ul>\n<\/li>\n<li><strong><a href=\"https:\/\/cache.media.eduscol.education.fr\/file\/RS2020-Documents_pedagogiques\/59\/9\/Rentree2020_Maths_Terminale-generale-specialite-V3_1313599.pdf\">Priorit\u00e9s p\u00e9dagogiques pour la rentr\u00e9e 2020 en Tale G\u00e9n\u00e9rale<\/a><\/strong>: <span class=\"css-901oao css-16my406 r-1qd0xha r-ad9z0x r-bcqeeo r-qvutc0\">recommandations et conseils de l&#8217;inspection g\u00e9n\u00e9rale pour la prise en charge des \u00e9l\u00e8ves \u00e0 la rentr\u00e9e<\/span><\/li>\n<li><strong><a href=\"https:\/\/ent2d.ac-bordeaux.fr\/disciplines\/mathematiques\/option-mathematiques-complementaires\/\">Option Maths Compl\u00e9mentaires : une progression par th\u00e8mes<\/a> <\/strong>(et autres ressources issues des formations acad\u00e9miques 2019-2020)<\/li>\n<\/ul>\n<h2>Anciens programmes et ressources diverses<strong><br \/>\n<\/strong><\/h2>\n<ul>\n<li>Anciens programmes (en vigueur jusqu&#8217;en 2019-2020) : <a href=\"http:\/\/media.education.gouv.fr\/file\/special_8_men\/98\/4\/mathematiques_S_195984.pdf\" target=\"_blank\" rel=\"noopener noreferrer\">Terminale S<\/a>, <a href=\"http:\/\/media.education.gouv.fr\/file\/special_8_men\/98\/2\/mathematiques_ES_L_195982.pdf\" target=\"_blank\" rel=\"noopener noreferrer\">Terminale ES-L<\/a><\/li>\n<li><a href=\"http:\/\/cache.media.eduscol.education.fr\/file\/Mathematiques\/11\/5\/LyceeGT_ressources_Math_T_proba-stat_207115.pdf\">Statistiques et probabilit\u00e9s en Terminale<\/a><\/li>\n<li><a href=\"http:\/\/cache.media.eduscol.education.fr\/file\/Mathematiques\/20\/8\/LyceeGT_ressources_SpeMath_Matrices_218208.pdf\">Enseignement de sp\u00e9cialit\u00e9 en s\u00e9rie S\u00a0 <\/a><\/li>\n<li><a href=\"http:\/\/cache.media.eduscol.education.fr\/file\/Mathematiques\/12\/7\/LyceeGT_ressources_MathPC_Mesure_et_incertitudes_218127.pdf\">Mesure et incertitudes<\/a><\/li>\n<li><a href=\"https:\/\/ent2d.ac-bordeaux.fr\/disciplines\/mathematiques\/wp-content\/uploads\/sites\/3\/2017\/10\/Ressources-du-stage-sur-les-nouveaux-programmes-de-terminale.zip\">Ressources du stage sur les anciens programmes de terminale (2011-2012)<\/a><\/li>\n<li><a href=\"https:\/\/ent2d.ac-bordeaux.fr\/disciplines\/mathematiques\/wp-content\/uploads\/sites\/3\/2017\/10\/Ressources-stage-TS-sp\u00e9-maths.zip\">Ressources du stage sp\u00e9cialit\u00e9 maths de Terminale S\u00a0 (2012-2013)<\/a><\/li>\n<li><a href=\"https:\/\/ent2d.ac-bordeaux.fr\/disciplines\/mathematiques\/wp-content\/uploads\/sites\/3\/2017\/10\/Probabilit\u00e9s-Echantillonnage-en-classe-de-terminale.zip\">Probabilit\u00e9s &#8211; \u00c9chantillonnage en classe de terminale<\/a><\/li>\n<li><a href=\"https:\/\/ent2d.ac-bordeaux.fr\/disciplines\/mathematiques\/wp-content\/uploads\/sites\/3\/2020\/09\/Algorithmique-en-classe-de-terminale.zip\">Algorithmique en classe de terminale<\/a><\/li>\n<li><a href=\"https:\/\/ent2d.ac-bordeaux.fr\/disciplines\/mathematiques\/resolution-de-probleme-au-lycee-stage\/\">R\u00e9solution de probl\u00e8mes au lyc\u00e9e<\/a><\/li>\n<\/ul>\n<h1>Baccalaur\u00e9at et orientation<\/h1>\n<ul>\n<li><a href=\"https:\/\/ent2d.ac-bordeaux.fr\/disciplines\/mathematiques\/programmes-limitatifs-de-mathematiques-pour-le-baccalaureat-2022\/\"><span style=\"color: #ff0000\"><strong>Bac : Programmes limitatifs de math\u00e9matiques au baccalaur\u00e9at \u00e0 partir de 2022<\/strong><\/span><\/a><\/li>\n<\/ul>\n<ul>\n<li><span style=\"color: #ff0000\"><strong><a style=\"color: #ff0000\" href=\"https:\/\/ent2d.ac-bordeaux.fr\/disciplines\/mathematiques\/amenagements-bac-2022\/\">Am\u00e9nagements des \u00e9preuves de math\u00e9matiques du bac 2022<\/a><\/strong><\/span><\/li>\n<li><a href=\"https:\/\/eduscol.education.fr\/document\/5470\/download?attachment\"><strong>Guide de l\u2019\u00e9valuation des apprentissages et des acquis des \u00e9l\u00e8ves dans le cadre de la r\u00e9forme du lyc\u00e9e g\u00e9n\u00e9ral et technologique<\/strong><\/a><\/li>\n<\/ul>\n<ul>\n<li><span style=\"color: #ff0000\"><strong>Grand Oral<\/strong><\/span>\n<ul>\n<li><a href=\"https:\/\/eduscol.education.fr\/729\/presentation-du-grand-oral\">Page Eduscol d\u00e9di\u00e9e au Grand Oral<\/a>, avec notamment une <a href=\"https:\/\/eduscol.education.fr\/media\/3420\/download\">Foire Aux Questions<\/a> tr\u00e8s d\u00e9taill\u00e9es et un document ressource de l&#8217;Inspection G\u00e9n\u00e9rale d\u00e9taillant <a href=\"https:\/\/eduscol.education.fr\/media\/3896\/download\">le travail de l&#8217;oral en math\u00e9matiques et des exemples de sujets<\/a><\/li>\n<li><a href=\"https:\/\/magistere.education.fr\/dgesco\/course\/view.php?id=2060\">Parcours M@gist\u00e8re national<\/a> (accessible avec les identifiants acad\u00e9miques)<\/li>\n<li><a href=\"https:\/\/magistere.education.fr\/ac-bordeaux\/course\/view.php?id=10014\">Parcours M@gist\u00e8re acad\u00e9mique<\/a><\/li>\n<li><a href=\"https:\/\/euler.ac-versailles.fr\/article569.html\">Ressources de l&#8217;acad\u00e9mie de Versailles<\/a> (et en particulier <a href=\"https:\/\/euler.ac-versailles.fr\/IMG\/pdf\/pistes-grand-oral-huet-version-sans_programme.pdf\">R\u00e9flexions et pistes pour le Grand Oral en math\u00e9matiques<\/a> et <a href=\"https:\/\/euler.ac-versailles.fr\/IMG\/pdf\/oral_maths.pdf\">Pratiquer l\u2019oral en math\u00e9matiques &#8211; Pistes pour l\u2019\u00e9preuve orale de terminale <\/a>:\u00a0 ces documents aideront les professeurs \u00e0 aiguiller leurs \u00e9l\u00e8ves dans le choix des questions math\u00e9matiques possibles pour le Grand Oral, et \u00e0 constater notamment que la typologie des questions possibles est tr\u00e8s diversifi\u00e9e)<\/li>\n<\/ul>\n<\/li>\n<li><a href=\"https:\/\/ent2d.ac-bordeaux.fr\/disciplines\/mathematiques\/parcoursup-attendus-du-superieur-2019\/\"><strong>Attendus du sup\u00e9rieur dans Parcoursup<\/strong> (BTS, DUT, licences, CPGE)<\/a><\/li>\n<\/ul>\n<h1>R\u00e9solution de probl\u00e8mes<\/h1>\n<ul>\n<li><a href=\"https:\/\/ent2d.ac-bordeaux.fr\/disciplines\/mathematiques\/resolution-de-probleme-au-lycee-stage\/\">Ressources du stage R\u00e9solution de probl\u00e8mes au lyc\u00e9e (2012-2013)<\/a><\/li>\n<li><a href=\"https:\/\/ent2d.ac-bordeaux.fr\/disciplines\/mathematiques\/wp-content\/uploads\/sites\/3\/2017\/10\/R\u00e9solution-de-probl\u00e8mes-au-lyc\u00e9e-2015-2016.zip\">Ressources du stage R\u00e9solution de probl\u00e8mes au lyc\u00e9e (2015-2016)<\/a><\/li>\n<\/ul>\n","protected":false},"excerpt":{"rendered":"<p>Cette page ne concerne que les enseignements de math\u00e9matiques, l&#8217;Enseignement scientifique (tronc commun) et l&#8217;enseignement de sp\u00e9cialit\u00e9 Num\u00e9rique et Sciences Informatiques (NSI), qui sont assur\u00e9s parfois par des professeurs de math\u00e9matiques, sont trait\u00e9s dans des pages sp\u00e9cifiques. Classe de 1\u00e8re Sp\u00e9cialit\u00e9 Math\u00e9matiques Programme de Sp\u00e9cialit\u00e9 Math\u00e9matiques en Premi\u00e8re G\u00e9n\u00e9rale (rentr\u00e9e 2019) Page de ressources nationales &hellip; <\/p>\n<p><a class=\"more-link btn\" href=\"https:\/\/ent2d.ac-bordeaux.fr\/disciplines\/mathematiques\/lycee\/cycle-terminal-voie-generale\/\">Lire la suite<\/a><\/p>\n","protected":false},"author":5,"featured_media":0,"parent":25,"menu_order":0,"comment_status":"closed","ping_status":"closed","template":"","meta":{"_bbp_topic_count":0,"_bbp_reply_count":0,"_bbp_total_topic_count":0,"_bbp_total_reply_count":0,"_bbp_voice_count":0,"_bbp_anonymous_reply_count":0,"_bbp_topic_count_hidden":0,"_bbp_reply_count_hidden":0,"_bbp_forum_subforum_count":0,"footnotes":""},"class_list":["post-1012","page","type-page","status-publish","hentry","nodate","item-wrap"],"_links":{"self":[{"href":"https:\/\/ent2d.ac-bordeaux.fr\/disciplines\/mathematiques\/wp-json\/wp\/v2\/pages\/1012","targetHints":{"allow":["GET"]}}],"collection":[{"href":"https:\/\/ent2d.ac-bordeaux.fr\/disciplines\/mathematiques\/wp-json\/wp\/v2\/pages"}],"about":[{"href":"https:\/\/ent2d.ac-bordeaux.fr\/disciplines\/mathematiques\/wp-json\/wp\/v2\/types\/page"}],"author":[{"embeddable":true,"href":"https:\/\/ent2d.ac-bordeaux.fr\/disciplines\/mathematiques\/wp-json\/wp\/v2\/users\/5"}],"replies":[{"embeddable":true,"href":"https:\/\/ent2d.ac-bordeaux.fr\/disciplines\/mathematiques\/wp-json\/wp\/v2\/comments?post=1012"}],"version-history":[{"count":72,"href":"https:\/\/ent2d.ac-bordeaux.fr\/disciplines\/mathematiques\/wp-json\/wp\/v2\/pages\/1012\/revisions"}],"predecessor-version":[{"id":7090,"href":"https:\/\/ent2d.ac-bordeaux.fr\/disciplines\/mathematiques\/wp-json\/wp\/v2\/pages\/1012\/revisions\/7090"}],"up":[{"embeddable":true,"href":"https:\/\/ent2d.ac-bordeaux.fr\/disciplines\/mathematiques\/wp-json\/wp\/v2\/pages\/25"}],"wp:attachment":[{"href":"https:\/\/ent2d.ac-bordeaux.fr\/disciplines\/mathematiques\/wp-json\/wp\/v2\/media?parent=1012"}],"curies":[{"name":"wp","href":"https:\/\/api.w.org\/{rel}","templated":true}]}}