{"id":1010,"date":"2016-07-05T18:02:22","date_gmt":"2016-07-05T17:02:22","guid":{"rendered":"https:\/\/ent2d.ac-bordeaux.fr\/disciplines\/mathematiques\/?page_id=1010"},"modified":"2020-09-05T21:02:17","modified_gmt":"2020-09-05T20:02:17","slug":"classe-de-seconde","status":"publish","type":"page","link":"https:\/\/ent2d.ac-bordeaux.fr\/disciplines\/mathematiques\/lycee\/classe-de-seconde\/","title":{"rendered":"Classe de Seconde"},"content":{"rendered":"<h1>Programmes et ressources<\/h1>\r\n<ul>\r\n<li><a href=\"https:\/\/ent2d.ac-bordeaux.fr\/disciplines\/mathematiques\/wp-content\/uploads\/sites\/3\/2019\/09\/BO-programme-maths-2nde-2019.pdf\">Programmes de math\u00e9matiques de 2nde \u00e0 partir de la rentr\u00e9e 2019<\/a><\/li>\r\n<li><a href=\"https:\/\/cache.media.education.gouv.fr\/file\/SP1-MEN-22-1-2019\/51\/1\/spe644_annexe_1063511.pdf\">Programme de seconde STHR<\/a><\/li>\r\n<li><a href=\"https:\/\/eduscol.education.fr\/cid144119\/mathematiques-bac-2021.html\">Page de ressources nationales<\/a> (dont <a href=\"https:\/\/cache.media.eduscol.education.fr\/file\/Mathematiques\/34\/0\/RA19_Lycee_GT_2-1_MATH_preambule-algorithmique-programmation_1172340.pdf\">Algorithmique<\/a>, <a href=\"https:\/\/cache.media.eduscol.education.fr\/file\/Mathematiques\/84\/2\/RA19_Lycee_GT_2-1_MATH_Automatismes_1163842.pdf\">Automatismes<\/a> et <a href=\"https:\/\/cache.media.eduscol.education.fr\/file\/Mathematiques\/07\/0\/RA19_Lycee_GT_2_MATH_Raisonnement_Demonstration_1171070.pdf\">Raisonnement et d\u00e9monstration<\/a>)<\/li>\r\n<li><a href=\"https:\/\/cache.media.eduscol.education.fr\/file\/RS2020-Documents_pedagogiques\/59\/4\/Rentree2020_Maths_Seconde-GTV5_1313594.pdf\"><strong>Priorit\u00e9s p\u00e9dagogiques pour la rentr\u00e9e 2020 en 2nde GT<\/strong><\/a>: <span class=\"css-901oao css-16my406 r-1qd0xha r-ad9z0x r-bcqeeo r-qvutc0\">recommandations et conseils de l\u2019inspection g\u00e9n\u00e9rale pour la prise en charge des \u00e9l\u00e8ves \u00e0 la rentr\u00e9e<\/span><\/li>\r\n<li><a href=\"http:\/\/cache.media.eduscol.education.fr\/file\/Mathematiques\/73\/3\/Algorithmique_et_programmation_787733.pdf\">Algorithmique et programmation : Ressource nationale <\/a><a href=\"http:\/\/cache.media.eduscol.education.fr\/file\/Mathematiques\/73\/3\/Algorithmique_et_programmation_787733.pdf\">(juin 2017)<\/a><\/li>\r\n<li><a href=\"https:\/\/ent2d.ac-bordeaux.fr\/disciplines\/mathematiques\/algorithmique-en-classe-de-seconde\/\">Algorithmique et programmation en 2nde<\/a> : ressources acad\u00e9miques<\/li>\r\n<li><a href=\"https:\/\/cache.media.eduscol.education.fr\/file\/Mathematiques\/84\/2\/RA19_Lycee_GT_2-1_MATH_Automatismes_1163842.pdf\">Automatismes\u00a0 : ressource nationale<\/a><\/li>\r\n<li><a href=\"https:\/\/ent2d.ac-bordeaux.fr\/disciplines\/mathematiques\/exemple-de-progression-de-seconde-programmes-2019\/\"><strong>Proposition acad\u00e9mique de progression li\u00e9e aux programmes de 2de<\/strong><\/a><\/li>\r\n<li><a href=\"https:\/\/ent2d.ac-bordeaux.fr\/disciplines\/mathematiques\/stages-reforme-du-lycee\/\"><strong>Ressources des stages acad\u00e9miques 2019 sur la r\u00e9forme du lyc\u00e9e<\/strong><\/a><\/li>\r\n<li><a href=\"https:\/\/ent2d.ac-bordeaux.fr\/disciplines\/mathematiques\/snt\/\">Sciences Num\u00e9riques et Technologie (SNT)<\/a> : page acad\u00e9mique d\u00e9di\u00e9e \u00e0 cet enseignement.<\/li>\r\n<li><a href=\"https:\/\/eduscol.education.fr\/cid142313\/tests-de-positionnement-de-seconde-2019-2020.html\">Tests de positionnement nationaux de d\u00e9but de 2de: des outils pour les professeurs<\/a><\/li>\r\n<li><a href=\"https:\/\/ent2d.ac-bordeaux.fr\/disciplines\/mathematiques\/parcoursup-attendus-du-superieur-2019\/\">Les attendus du sup\u00e9rieur<\/a> : utiles pour le choix des sp\u00e9cialit\u00e9s de Premi\u00e8re<\/li>\r\n<li><a href=\"https:\/\/ent2d.ac-bordeaux.fr\/disciplines\/mathematiques\/2nde-problemes-transversaux\/\">Probl\u00e8mes transversaux<\/a>: des exemples vari\u00e9s de probl\u00e8mes de diff\u00e9rentes natures (modules de logique, probl\u00e8mes ouverts, conjecture\/validation gr\u00e2ce aux TICE, etc&#8230;)<\/li>\r\n<\/ul>\r\n<h1>Anciens programmes<\/h1>\r\n<ul>\r\n<li><a href=\"http:\/\/www.education.gouv.fr\/pid285\/bulletin_officiel.html?cid_bo=115984\">Anciens Programmes de math\u00e9matiques de seconde (jusqu&#8217;en 2017-2018)<\/a><\/li>\r\n<li><a href=\"https:\/\/ent2d.ac-bordeaux.fr\/disciplines\/mathematiques\/wp-content\/uploads\/sites\/3\/2017\/09\/proposition_progression-2nde-20-septembre-site.pdf\">Ancienne progression acad\u00e9mique li\u00e9e aux programmes jusqu&#8217;en 2018, avec des ressources par chapitre<\/a><\/li>\r\n<li>Ressources nationales: <a href=\"http:\/\/cache.media.eduscol.education.fr\/file\/Programmes\/17\/9\/Doc_ressource_proba-stats_109179.pdf\">Statistiques-Probabilit\u00e9s<\/a>, <a href=\"http:\/\/cache.media.eduscol.education.fr\/file\/Programmes\/18\/1\/Doc_ressource_fonctions_109181.pdf\">Fonctions<\/a>, <a href=\"http:\/\/cache.media.eduscol.education.fr\/file\/Programmes\/18\/0\/Doc_ressource_raisonnement_109180.pdf\">Notations et raisonnement math\u00e9matique<\/a><\/li>\r\n<li>M\u00e9thodes et Pratiques Scientiiques (MPS) :<a href=\"http:\/\/media.education.gouv.fr\/file\/special_4\/74\/9\/methodes_pratiques_scientifiques_143749.pdf\"> Ancien programme de M.P.S.<\/a> et <a href=\"http:\/\/eduscol.education.fr\/cid52256\/ressources-methodes-pratiques-scientifiques.html\">Documents ressources sur Eduscol<\/a><\/li>\r\n<li><a href=\"https:\/\/ent2d.ac-bordeaux.fr\/disciplines\/mathematiques\/wp-content\/uploads\/sites\/3\/2017\/10\/Ressources-du-stage-Continuit\u00e9-coll\u00e8ge-lyc\u00e9e.zip\">Ressources du stage Continuit\u00e9 coll\u00e8ge-lyc\u00e9e (2016-2017)<\/a><\/li>\r\n<\/ul>\r\n","protected":false},"excerpt":{"rendered":"<p>Programmes et ressources Programmes de math\u00e9matiques de 2nde \u00e0 partir de la rentr\u00e9e 2019 Programme de seconde STHR Page de ressources nationales (dont Algorithmique, Automatismes et Raisonnement et d\u00e9monstration) Priorit\u00e9s p\u00e9dagogiques pour la rentr\u00e9e 2020 en 2nde GT: recommandations et conseils de l\u2019inspection g\u00e9n\u00e9rale pour la prise en charge des \u00e9l\u00e8ves \u00e0 la rentr\u00e9e Algorithmique &hellip; <\/p>\n<p><a class=\"more-link btn\" href=\"https:\/\/ent2d.ac-bordeaux.fr\/disciplines\/mathematiques\/lycee\/classe-de-seconde\/\">Lire la suite<\/a><\/p>\n","protected":false},"author":5,"featured_media":0,"parent":25,"menu_order":0,"comment_status":"closed","ping_status":"closed","template":"","meta":{"_bbp_topic_count":0,"_bbp_reply_count":0,"_bbp_total_topic_count":0,"_bbp_total_reply_count":0,"_bbp_voice_count":0,"_bbp_anonymous_reply_count":0,"_bbp_topic_count_hidden":0,"_bbp_reply_count_hidden":0,"_bbp_forum_subforum_count":0,"footnotes":""},"class_list":["post-1010","page","type-page","status-publish","hentry","nodate","item-wrap"],"_links":{"self":[{"href":"https:\/\/ent2d.ac-bordeaux.fr\/disciplines\/mathematiques\/wp-json\/wp\/v2\/pages\/1010","targetHints":{"allow":["GET"]}}],"collection":[{"href":"https:\/\/ent2d.ac-bordeaux.fr\/disciplines\/mathematiques\/wp-json\/wp\/v2\/pages"}],"about":[{"href":"https:\/\/ent2d.ac-bordeaux.fr\/disciplines\/mathematiques\/wp-json\/wp\/v2\/types\/page"}],"author":[{"embeddable":true,"href":"https:\/\/ent2d.ac-bordeaux.fr\/disciplines\/mathematiques\/wp-json\/wp\/v2\/users\/5"}],"replies":[{"embeddable":true,"href":"https:\/\/ent2d.ac-bordeaux.fr\/disciplines\/mathematiques\/wp-json\/wp\/v2\/comments?post=1010"}],"version-history":[{"count":53,"href":"https:\/\/ent2d.ac-bordeaux.fr\/disciplines\/mathematiques\/wp-json\/wp\/v2\/pages\/1010\/revisions"}],"predecessor-version":[{"id":6335,"href":"https:\/\/ent2d.ac-bordeaux.fr\/disciplines\/mathematiques\/wp-json\/wp\/v2\/pages\/1010\/revisions\/6335"}],"up":[{"embeddable":true,"href":"https:\/\/ent2d.ac-bordeaux.fr\/disciplines\/mathematiques\/wp-json\/wp\/v2\/pages\/25"}],"wp:attachment":[{"href":"https:\/\/ent2d.ac-bordeaux.fr\/disciplines\/mathematiques\/wp-json\/wp\/v2\/media?parent=1010"}],"curies":[{"name":"wp","href":"https:\/\/api.w.org\/{rel}","templated":true}]}}