{"id":7349,"date":"2022-10-30T19:38:40","date_gmt":"2022-10-30T18:38:40","guid":{"rendered":"https:\/\/ent2d.ac-bordeaux.fr\/disciplines\/matematikak-euskaraz\/?page_id=7349"},"modified":"2024-11-07T12:16:08","modified_gmt":"2024-11-07T11:16:08","slug":"brebeta","status":"publish","type":"page","link":"https:\/\/ent2d.ac-bordeaux.fr\/disciplines\/matematikak-euskaraz\/brebeta\/","title":{"rendered":"Brebeta gaiak &#8211; 3.a"},"content":{"rendered":"<p>Brebeta gai ofizial eskuragarrien zerrenda:<\/p>\n<table>\n<tbody>\n<tr>\n<td style=\"text-align: center;vertical-align: middle\"><\/td>\n<td style=\"text-align: center;vertical-align: middle\"><strong>Ekaineko<\/strong> sail <strong>orokorra<\/strong><\/td>\n<td style=\"text-align: center;vertical-align: middle\"><strong>Ekaineko<\/strong> <strong>lanbide<\/strong> saila<\/td>\n<td style=\"text-align: center;vertical-align: middle\"><strong>Iraileko<\/strong> sail <strong>orokorra<\/strong><\/td>\n<\/tr>\n<tr>\n<td style=\"vertical-align: middle\"><strong>2024<\/strong>koa<\/td>\n<td style=\"text-align: center;vertical-align: middle\"><a href=\"https:\/\/ent2d.ac-bordeaux.fr\/disciplines\/matematikak-euskaraz\/wp-content\/uploads\/sites\/73\/2024\/07\/24GENMATMEAG1-LRBA-Eskanatua.pdf\"><img loading=\"lazy\" decoding=\"async\" class=\"aligncenter size-full wp-image-9510\" src=\"https:\/\/ent2d.ac-bordeaux.fr\/disciplines\/matematikak-euskaraz\/wp-content\/uploads\/sites\/73\/2024\/06\/PDF.png\" alt=\"\" width=\"45\" height=\"53\" \/><\/a><\/td>\n<td style=\"text-align: center;vertical-align: middle\">\u00d8<\/td>\n<td style=\"text-align: center;vertical-align: middle\">\u00d8<\/td>\n<\/tr>\n<tr>\n<td style=\"vertical-align: middle\"><strong>2023<\/strong>koak<\/td>\n<td style=\"text-align: center;vertical-align: middle\"><a href=\"https:\/\/ent2d.ac-bordeaux.fr\/disciplines\/matematikak-euskaraz\/wp-content\/uploads\/sites\/73\/2024\/07\/23GENMATMEAG1-LRBA-Eskanatua.pdf\"><img loading=\"lazy\" decoding=\"async\" class=\"aligncenter size-full wp-image-9510\" src=\"https:\/\/ent2d.ac-bordeaux.fr\/disciplines\/matematikak-euskaraz\/wp-content\/uploads\/sites\/73\/2024\/06\/PDF.png\" alt=\"\" width=\"45\" height=\"53\" \/><\/a><\/td>\n<td style=\"text-align: center;vertical-align: middle\"><a href=\"https:\/\/ent2d.ac-bordeaux.fr\/disciplines\/matematikak-euskaraz\/wp-content\/uploads\/sites\/73\/2024\/07\/23PROMATMEAG1-LRBA-Eskanatua.pdf\"><img loading=\"lazy\" decoding=\"async\" class=\"aligncenter size-full wp-image-9510\" src=\"https:\/\/ent2d.ac-bordeaux.fr\/disciplines\/matematikak-euskaraz\/wp-content\/uploads\/sites\/73\/2024\/06\/PDF.png\" alt=\"\" width=\"45\" height=\"53\" \/><\/a><\/td>\n<td style=\"text-align: center;vertical-align: middle\">\u00d8<\/td>\n<\/tr>\n<tr>\n<td style=\"vertical-align: middle\"><strong>2022<\/strong>koa<\/td>\n<td style=\"text-align: center;vertical-align: middle\"><a href=\"https:\/\/ent2d.ac-bordeaux.fr\/disciplines\/matematikak-euskaraz\/wp-content\/uploads\/sites\/73\/2024\/07\/22GENMATMEAG1-LRBA-Eskanatua.pdf\"><img loading=\"lazy\" decoding=\"async\" class=\"aligncenter size-full wp-image-9510\" src=\"https:\/\/ent2d.ac-bordeaux.fr\/disciplines\/matematikak-euskaraz\/wp-content\/uploads\/sites\/73\/2024\/06\/PDF.png\" alt=\"\" width=\"45\" height=\"53\" \/><\/a><\/td>\n<td style=\"text-align: center;vertical-align: middle\">\u00d8<\/td>\n<td style=\"text-align: center;vertical-align: middle\">\u00d8<\/td>\n<\/tr>\n<tr>\n<td style=\"vertical-align: middle\"><strong>2021<\/strong>ekoa<\/td>\n<td style=\"text-align: center;vertical-align: middle\"><a href=\"https:\/\/ent2d.ac-bordeaux.fr\/disciplines\/matematikak-euskaraz\/wp-content\/uploads\/sites\/73\/2024\/07\/21GENMATMEAG1-LRBA-Eskanatua.pdf\"><img loading=\"lazy\" decoding=\"async\" class=\"aligncenter size-full wp-image-9510\" src=\"https:\/\/ent2d.ac-bordeaux.fr\/disciplines\/matematikak-euskaraz\/wp-content\/uploads\/sites\/73\/2024\/06\/PDF.png\" alt=\"\" width=\"45\" height=\"53\" \/><\/a><\/td>\n<td style=\"text-align: center;vertical-align: middle\">\u00d8<\/td>\n<td style=\"text-align: center;vertical-align: middle\">\u00d8<\/td>\n<\/tr>\n<tr>\n<td style=\"vertical-align: middle\"><strong>2020<\/strong>koa<\/td>\n<td style=\"text-align: center;vertical-align: middle\">Ezeztatua<\/td>\n<td style=\"text-align: center;vertical-align: middle\">Ezeztatua<\/td>\n<td style=\"text-align: center;vertical-align: middle\">Ezeztatua<\/td>\n<\/tr>\n<tr>\n<td style=\"vertical-align: middle\"><strong>2019<\/strong>koak<\/td>\n<td style=\"text-align: center;vertical-align: middle\"><a href=\"https:\/\/ent2d.ac-bordeaux.fr\/disciplines\/matematikak-euskaraz\/wp-content\/uploads\/sites\/73\/2022\/10\/19GENMATMEAG1_LRBA.pdf\" target=\"_blank\" rel=\"noopener\"><img loading=\"lazy\" decoding=\"async\" class=\"aligncenter size-full wp-image-9510\" src=\"https:\/\/ent2d.ac-bordeaux.fr\/disciplines\/matematikak-euskaraz\/wp-content\/uploads\/sites\/73\/2024\/06\/PDF.png\" alt=\"\" width=\"45\" height=\"53\" \/><\/a><\/td>\n<td style=\"text-align: center;vertical-align: middle\">\u00d8<\/td>\n<td style=\"text-align: center;vertical-align: middle\"><a href=\"https:\/\/ent2d.ac-bordeaux.fr\/disciplines\/matematikak-euskaraz\/wp-content\/uploads\/sites\/73\/2022\/10\/19GENMATMEAG3-LRBA.pdf\" target=\"_blank\" rel=\"noopener\"><img loading=\"lazy\" decoding=\"async\" class=\"aligncenter size-full wp-image-9510\" src=\"https:\/\/ent2d.ac-bordeaux.fr\/disciplines\/matematikak-euskaraz\/wp-content\/uploads\/sites\/73\/2024\/06\/PDF.png\" alt=\"\" width=\"45\" height=\"53\" \/><\/a><\/td>\n<\/tr>\n<tr>\n<td style=\"vertical-align: middle\"><strong>2018<\/strong>koak<\/td>\n<td style=\"text-align: center;vertical-align: middle\"><a href=\"https:\/\/ent2d.ac-bordeaux.fr\/disciplines\/matematikak-euskaraz\/wp-content\/uploads\/sites\/73\/2022\/10\/18GENMATMEAG1_LRBA_z.pdf\" target=\"_blank\" rel=\"noopener\"><img loading=\"lazy\" decoding=\"async\" class=\"aligncenter size-full wp-image-9510\" src=\"https:\/\/ent2d.ac-bordeaux.fr\/disciplines\/matematikak-euskaraz\/wp-content\/uploads\/sites\/73\/2024\/06\/PDF.png\" alt=\"\" width=\"45\" height=\"53\" \/><\/a><\/td>\n<td style=\"text-align: center;vertical-align: middle\"><a href=\"https:\/\/ent2d.ac-bordeaux.fr\/disciplines\/matematikak-euskaraz\/wp-content\/uploads\/sites\/73\/2022\/10\/18PROMATMEAG1-LRBA.pdf\" target=\"_blank\" rel=\"noopener\"><img loading=\"lazy\" decoding=\"async\" class=\"aligncenter size-full wp-image-9510\" src=\"https:\/\/ent2d.ac-bordeaux.fr\/disciplines\/matematikak-euskaraz\/wp-content\/uploads\/sites\/73\/2024\/06\/PDF.png\" alt=\"\" width=\"45\" height=\"53\" \/><\/a><\/td>\n<td style=\"text-align: center;vertical-align: middle\">\u00d8<\/td>\n<\/tr>\n<\/tbody>\n<\/table>\n<p style=\"text-align: right\"><em>(milesker Garikoitz Mujika-Zubiarraini gai anitz atxiki, atzeman eta eskaneatzeagatik!)<\/em><\/p>\n","protected":false},"excerpt":{"rendered":"<p>Brebeta gai ofizial eskuragarrien zerrenda: Ekaineko sail orokorra Ekaineko lanbide saila Iraileko sail orokorra 2024koa \u00d8 \u00d8 2023koak \u00d8 2022koa \u00d8 \u00d8 2021ekoa \u00d8 \u00d8 2020koa Ezeztatua Ezeztatua Ezeztatua 2019koak \u00d8 2018koak \u00d8 (milesker Garikoitz Mujika-Zubiarraini gai anitz atxiki, atzeman eta eskaneatzeagatik!)<\/p>\n","protected":false},"author":637,"featured_media":0,"parent":0,"menu_order":0,"comment_status":"closed","ping_status":"closed","template":"","meta":{"footnotes":""},"class_list":["post-7349","page","type-page","status-publish","hentry","nodate","item-wrap"],"_links":{"self":[{"href":"https:\/\/ent2d.ac-bordeaux.fr\/disciplines\/matematikak-euskaraz\/wp-json\/wp\/v2\/pages\/7349","targetHints":{"allow":["GET"]}}],"collection":[{"href":"https:\/\/ent2d.ac-bordeaux.fr\/disciplines\/matematikak-euskaraz\/wp-json\/wp\/v2\/pages"}],"about":[{"href":"https:\/\/ent2d.ac-bordeaux.fr\/disciplines\/matematikak-euskaraz\/wp-json\/wp\/v2\/types\/page"}],"author":[{"embeddable":true,"href":"https:\/\/ent2d.ac-bordeaux.fr\/disciplines\/matematikak-euskaraz\/wp-json\/wp\/v2\/users\/637"}],"replies":[{"embeddable":true,"href":"https:\/\/ent2d.ac-bordeaux.fr\/disciplines\/matematikak-euskaraz\/wp-json\/wp\/v2\/comments?post=7349"}],"version-history":[{"count":41,"href":"https:\/\/ent2d.ac-bordeaux.fr\/disciplines\/matematikak-euskaraz\/wp-json\/wp\/v2\/pages\/7349\/revisions"}],"predecessor-version":[{"id":9667,"href":"https:\/\/ent2d.ac-bordeaux.fr\/disciplines\/matematikak-euskaraz\/wp-json\/wp\/v2\/pages\/7349\/revisions\/9667"}],"wp:attachment":[{"href":"https:\/\/ent2d.ac-bordeaux.fr\/disciplines\/matematikak-euskaraz\/wp-json\/wp\/v2\/media?parent=7349"}],"curies":[{"name":"wp","href":"https:\/\/api.w.org\/{rel}","templated":true}]}}