{"id":7306,"date":"2022-10-30T09:02:22","date_gmt":"2022-10-30T08:02:22","guid":{"rendered":"https:\/\/ent2d.ac-bordeaux.fr\/disciplines\/matematikak-euskaraz\/?page_id=7306"},"modified":"2022-10-30T20:08:54","modified_gmt":"2022-10-30T19:08:54","slug":"legezko-aipamenak","status":"publish","type":"page","link":"https:\/\/ent2d.ac-bordeaux.fr\/disciplines\/matematikak-euskaraz\/legezko-aipamenak\/","title":{"rendered":"Legezko aipamenak"},"content":{"rendered":"<p><a id=\"EUS\" name=\"EUS\"><\/a><\/p>\n<p style=\"text-align: right\"><a href=\"#FR\"><strong>Version fran\u00e7aise<\/strong> de ces mentions l\u00e9gales<\/a><\/p>\n<p><strong>Editorea<\/strong><br \/>\nBordeleko akademiaren errektore etxea<br \/>\nCarayon-Latour karika, 5<br \/>\nCS 81499<br \/>\n33060 BORDELE Cedex<br \/>\nTel : 05 57 57 38 00 ; Fax : 05 56 96 29 42<\/p>\n<p><strong>Argitalpen arduraduna<\/strong><br \/>\nAgn\u00e8s Duranthon : Matematikako akademiako ikuskaria, eskualdeko ikuskari pedagogikoa.<\/p>\n<p><strong>Aterpetzailea<\/strong><br \/>\nBordeleko akademiaren Informazio Sistemen Zuzendaritzak (D.S.I.) webguneari ostatu eman dio,<br \/>\nCarayon-Latour karika, 5, Bordele.<\/p>\n<p><a id=\"FR\" name=\"FR\"><\/a><\/p>\n<p style=\"text-align: right\"><a href=\"#EUS\">Legezko aipamen horien <strong>euskarazko itzulpena<\/strong><\/a><\/p>\n<p><strong>Editeur<\/strong><br \/>\nLe rectorat de l\u2019acad\u00e9mie de Bordeaux<br \/>\n5 rue Joseph de Carayon-Latour<br \/>\nCS 81499<br \/>\n33060 Bordeaux Cedex<br \/>\nT\u00e9l\u00e9phone : 05 57 57 38 00 ; Fax : 05 56 96 29 42<\/p>\n<p><strong>Directrice de publication<\/strong><br \/>\nAgn\u00e8s Duranthon : IA-IPR de Math\u00e9matiques.<\/p>\n<p><strong>H\u00e9bergement<\/strong><br \/>\nLe site est h\u00e9berg\u00e9 par la Direction des Syst\u00e8mes d\u2019Information (D.S.I.) de l\u2019acad\u00e9mie de Bordeaux, 5, rue Joseph de Carayon-Latour, Bordeaux.<\/p>\n","protected":false},"excerpt":{"rendered":"<p>Version fran\u00e7aise de ces mentions l\u00e9gales Editorea Bordeleko akademiaren errektore etxea Carayon-Latour karika, 5 CS 81499 33060 BORDELE Cedex Tel : 05 57 57 38 00 ; Fax : 05 56 96 29 42 Argitalpen arduraduna Agn\u00e8s Duranthon : Matematikako akademiako ikuskaria, eskualdeko ikuskari pedagogikoa. Aterpetzailea Bordeleko akademiaren Informazio Sistemen Zuzendaritzak (D.S.I.) webguneari ostatu eman &hellip; <\/p>\n<p><a class=\"more-link btn\" href=\"https:\/\/ent2d.ac-bordeaux.fr\/disciplines\/matematikak-euskaraz\/legezko-aipamenak\/\">Lire la suite<\/a><\/p>\n","protected":false},"author":637,"featured_media":0,"parent":0,"menu_order":0,"comment_status":"closed","ping_status":"closed","template":"","meta":{"footnotes":""},"class_list":["post-7306","page","type-page","status-publish","hentry","nodate","item-wrap"],"_links":{"self":[{"href":"https:\/\/ent2d.ac-bordeaux.fr\/disciplines\/matematikak-euskaraz\/wp-json\/wp\/v2\/pages\/7306","targetHints":{"allow":["GET"]}}],"collection":[{"href":"https:\/\/ent2d.ac-bordeaux.fr\/disciplines\/matematikak-euskaraz\/wp-json\/wp\/v2\/pages"}],"about":[{"href":"https:\/\/ent2d.ac-bordeaux.fr\/disciplines\/matematikak-euskaraz\/wp-json\/wp\/v2\/types\/page"}],"author":[{"embeddable":true,"href":"https:\/\/ent2d.ac-bordeaux.fr\/disciplines\/matematikak-euskaraz\/wp-json\/wp\/v2\/users\/637"}],"replies":[{"embeddable":true,"href":"https:\/\/ent2d.ac-bordeaux.fr\/disciplines\/matematikak-euskaraz\/wp-json\/wp\/v2\/comments?post=7306"}],"version-history":[{"count":9,"href":"https:\/\/ent2d.ac-bordeaux.fr\/disciplines\/matematikak-euskaraz\/wp-json\/wp\/v2\/pages\/7306\/revisions"}],"predecessor-version":[{"id":7363,"href":"https:\/\/ent2d.ac-bordeaux.fr\/disciplines\/matematikak-euskaraz\/wp-json\/wp\/v2\/pages\/7306\/revisions\/7363"}],"wp:attachment":[{"href":"https:\/\/ent2d.ac-bordeaux.fr\/disciplines\/matematikak-euskaraz\/wp-json\/wp\/v2\/media?parent=7306"}],"curies":[{"name":"wp","href":"https:\/\/api.w.org\/{rel}","templated":true}]}}