{"id":90,"date":"2017-06-29T17:50:23","date_gmt":"2017-06-29T15:50:23","guid":{"rendered":"https:\/\/ent2d.ac-bordeaux.fr\/disciplines\/maintenance\/?page_id=90"},"modified":"2018-01-21T17:04:43","modified_gmt":"2018-01-21T16:04:43","slug":"les-travaux-en-hauteur","status":"publish","type":"page","link":"https:\/\/ent2d.ac-bordeaux.fr\/disciplines\/maintenance\/prevention-securite\/les-travaux-en-hauteur\/","title":{"rendered":"Les travaux en hauteur"},"content":{"rendered":"<h4>Nos \u00e9l\u00e8ves dans leurs activit\u00e9s peuvent \u00eatre amen\u00e9s \u00e0 effectuer des action relier \u00e0 cette habilitation. Cette habilitation n&rsquo;est pas une obligation d\u00e9finie par le r\u00e9f\u00e9rentiel de Bac pro MEI.<\/h4>\n<h4><span id=\"ctl00_cphContentLeft_ViewRubrique1_lblRubriqueContent\">Un centre est actuellement en capacit\u00e9 \u00e0 effectuer cette formation :<br \/>\n&#8211; <a href=\"http:\/\/webetab.ac-bordeaux.fr\/Etablissement\/LpChardeuilCoulaures\/#\">Lyc\u00e9e des m\u00e9tiers du b\u00e2timent\u00a0 Chardeuil &#8211; Coulaures<br \/>\n<\/a><br \/>\nLa recommandation propos\u00e9e par la CNAM est la suivante :<br \/>\n<a href=\"https:\/\/ent2d.ac-bordeaux.fr\/disciplines\/maintenance\/wp-content\/uploads\/sites\/21\/2018\/01\/r\u00e9glementation.zip\">&#8211; Recommandation R408 &#8211; \u00c9chafaudage<\/a><\/span><\/h4>\n","protected":false},"excerpt":{"rendered":"<p>Nos \u00e9l\u00e8ves dans leurs activit\u00e9s peuvent \u00eatre amen\u00e9s \u00e0 effectuer des action relier \u00e0 cette habilitation. Cette habilitation n&rsquo;est pas une obligation d\u00e9finie par le r\u00e9f\u00e9rentiel de Bac pro MEI. Un centre est actuellement en capacit\u00e9 \u00e0 effectuer cette formation : &#8211; Lyc\u00e9e des m\u00e9tiers du b\u00e2timent\u00a0 Chardeuil &#8211; Coulaures La recommandation propos\u00e9e par la &hellip; <\/p>\n<p><a class=\"more-link block-button\" href=\"https:\/\/ent2d.ac-bordeaux.fr\/disciplines\/maintenance\/prevention-securite\/les-travaux-en-hauteur\/\">Lire la Suite &raquo;<\/a><\/p>\n","protected":false},"author":95,"featured_media":0,"parent":29,"menu_order":0,"comment_status":"closed","ping_status":"closed","template":"","meta":{"footnotes":""},"class_list":["post-90","page","type-page","status-publish","hentry","nodate"],"_links":{"self":[{"href":"https:\/\/ent2d.ac-bordeaux.fr\/disciplines\/maintenance\/wp-json\/wp\/v2\/pages\/90","targetHints":{"allow":["GET"]}}],"collection":[{"href":"https:\/\/ent2d.ac-bordeaux.fr\/disciplines\/maintenance\/wp-json\/wp\/v2\/pages"}],"about":[{"href":"https:\/\/ent2d.ac-bordeaux.fr\/disciplines\/maintenance\/wp-json\/wp\/v2\/types\/page"}],"author":[{"embeddable":true,"href":"https:\/\/ent2d.ac-bordeaux.fr\/disciplines\/maintenance\/wp-json\/wp\/v2\/users\/95"}],"replies":[{"embeddable":true,"href":"https:\/\/ent2d.ac-bordeaux.fr\/disciplines\/maintenance\/wp-json\/wp\/v2\/comments?post=90"}],"version-history":[{"count":4,"href":"https:\/\/ent2d.ac-bordeaux.fr\/disciplines\/maintenance\/wp-json\/wp\/v2\/pages\/90\/revisions"}],"predecessor-version":[{"id":343,"href":"https:\/\/ent2d.ac-bordeaux.fr\/disciplines\/maintenance\/wp-json\/wp\/v2\/pages\/90\/revisions\/343"}],"up":[{"embeddable":true,"href":"https:\/\/ent2d.ac-bordeaux.fr\/disciplines\/maintenance\/wp-json\/wp\/v2\/pages\/29"}],"wp:attachment":[{"href":"https:\/\/ent2d.ac-bordeaux.fr\/disciplines\/maintenance\/wp-json\/wp\/v2\/media?parent=90"}],"curies":[{"name":"wp","href":"https:\/\/api.w.org\/{rel}","templated":true}]}}