{"id":88,"date":"2017-06-29T17:49:44","date_gmt":"2017-06-29T15:49:44","guid":{"rendered":"https:\/\/ent2d.ac-bordeaux.fr\/disciplines\/maintenance\/?page_id=88"},"modified":"2017-07-02T18:12:56","modified_gmt":"2017-07-02T16:12:56","slug":"les-ponts-roulants","status":"publish","type":"page","link":"https:\/\/ent2d.ac-bordeaux.fr\/disciplines\/maintenance\/prevention-securite\/les-ponts-roulants\/","title":{"rendered":"Les ponts roulants"},"content":{"rendered":"<h4>L&rsquo;utilisation des ponts roulants est valid\u00e9e par une recommandation sp\u00e9cifique de la CNAM. Bien que non obligatoire dans nos formations, elle peut constituer pour nos \u00e9l\u00e8ves un \u00e9l\u00e9ment suppl\u00e9mentaire pour leur CV.<\/h4>\n<p>Deux \u00e9tablissements poss\u00e8dent \u00e0 ce jour un pont roulant et peuvent constituer des lieux de formations pour nos \u00e9l\u00e8ves :<\/p>\n<h4>\u00a0\u00a0\u00a0\u00a0\u00a0\u00a0 &#8211; <a href=\"http:\/\/webetab.ac-bordeaux.fr\/Etablissement\/LpECombesBegles\/\">LP E Combes &#8211; B\u00e8gles<\/a><br \/>\n&#8211; <a href=\"http:\/\/webetab.ac-bordeaux.fr\/Etablissement\/LPJTarisPeyrehorade\/index.htm\">Lyc\u00e9e des m\u00e9tiers\u00a0de l&rsquo;A\u00e9ronautique \u00a0J Taris &#8211; Peyrehorade.<\/a><\/h4>\n<p>La fiche de recommandation sur l&rsquo;utilisation des ponts roulants est la suivante :<\/p>\n<p>&#8211; <a href=\"http:\/\/disciplines.ac-bordeaux.fr\/maintenance\/uploads\/rubriques\/7\/file\/R423.pdf\">Recommandation R423<\/a><\/p>\n","protected":false},"excerpt":{"rendered":"<p>L&rsquo;utilisation des ponts roulants est valid\u00e9e par une recommandation sp\u00e9cifique de la CNAM. Bien que non obligatoire dans nos formations, elle peut constituer pour nos \u00e9l\u00e8ves un \u00e9l\u00e9ment suppl\u00e9mentaire pour leur CV. Deux \u00e9tablissements poss\u00e8dent \u00e0 ce jour un pont roulant et peuvent constituer des lieux de formations pour nos \u00e9l\u00e8ves : \u00a0\u00a0\u00a0\u00a0\u00a0\u00a0 &#8211; LP &hellip; <\/p>\n<p><a class=\"more-link block-button\" href=\"https:\/\/ent2d.ac-bordeaux.fr\/disciplines\/maintenance\/prevention-securite\/les-ponts-roulants\/\">Lire la Suite &raquo;<\/a><\/p>\n","protected":false},"author":95,"featured_media":0,"parent":29,"menu_order":0,"comment_status":"closed","ping_status":"closed","template":"","meta":{"footnotes":""},"class_list":["post-88","page","type-page","status-publish","hentry","nodate"],"_links":{"self":[{"href":"https:\/\/ent2d.ac-bordeaux.fr\/disciplines\/maintenance\/wp-json\/wp\/v2\/pages\/88","targetHints":{"allow":["GET"]}}],"collection":[{"href":"https:\/\/ent2d.ac-bordeaux.fr\/disciplines\/maintenance\/wp-json\/wp\/v2\/pages"}],"about":[{"href":"https:\/\/ent2d.ac-bordeaux.fr\/disciplines\/maintenance\/wp-json\/wp\/v2\/types\/page"}],"author":[{"embeddable":true,"href":"https:\/\/ent2d.ac-bordeaux.fr\/disciplines\/maintenance\/wp-json\/wp\/v2\/users\/95"}],"replies":[{"embeddable":true,"href":"https:\/\/ent2d.ac-bordeaux.fr\/disciplines\/maintenance\/wp-json\/wp\/v2\/comments?post=88"}],"version-history":[{"count":3,"href":"https:\/\/ent2d.ac-bordeaux.fr\/disciplines\/maintenance\/wp-json\/wp\/v2\/pages\/88\/revisions"}],"predecessor-version":[{"id":189,"href":"https:\/\/ent2d.ac-bordeaux.fr\/disciplines\/maintenance\/wp-json\/wp\/v2\/pages\/88\/revisions\/189"}],"up":[{"embeddable":true,"href":"https:\/\/ent2d.ac-bordeaux.fr\/disciplines\/maintenance\/wp-json\/wp\/v2\/pages\/29"}],"wp:attachment":[{"href":"https:\/\/ent2d.ac-bordeaux.fr\/disciplines\/maintenance\/wp-json\/wp\/v2\/media?parent=88"}],"curies":[{"name":"wp","href":"https:\/\/api.w.org\/{rel}","templated":true}]}}