{"id":86,"date":"2017-06-29T17:49:09","date_gmt":"2017-06-29T15:49:09","guid":{"rendered":"https:\/\/ent2d.ac-bordeaux.fr\/disciplines\/maintenance\/?page_id=86"},"modified":"2020-10-18T17:08:24","modified_gmt":"2020-10-18T15:08:24","slug":"habilitation-electrique","status":"publish","type":"page","link":"https:\/\/ent2d.ac-bordeaux.fr\/disciplines\/maintenance\/prevention-securite\/habilitation-electrique\/","title":{"rendered":"Habilitations \u00e9lectriques"},"content":{"rendered":"<h3 id=\"yui_3_17_2_1_1590044349914_186\"><span style=\"color: #800000\"><b>Webinaire sur la formation \u00e0 habilitation \u00e9lectrique<\/b><\/span><\/h3>\n<p><iframe loading=\"lazy\" title=\"Webinaire - Habilitation \u00e9lectrique : comment choisir le symbole d&#039;habilitation ?\" width=\"500\" height=\"281\" src=\"https:\/\/www.youtube.com\/embed\/whl-jx7-XrQ?feature=oembed\" frameborder=\"0\" allow=\"accelerometer; autoplay; clipboard-write; encrypted-media; gyroscope; picture-in-picture; web-share\" referrerpolicy=\"strict-origin-when-cross-origin\" allowfullscreen><\/iframe><\/p>\n\n\n<h5 class=\"wp-block-heading\"> ATTENTION &#8211; Une erreur s&rsquo;est gliss\u00e9e sur la vid\u00e9o entre la minute  37&rsquo;26\u00a0\u00bb et 39&rsquo;04\u00a0\u00bb : \u00a0\u00bb La personne habilit\u00e9e symbole BE ou HE Man\u0153uvre est une personne QUALIFIEE, habilit\u00e9e et d\u00e9sign\u00e9e par son employeur (cf. 4.5.2.7 de la norme NF C 18-510)\u00a0\u00bb. <\/h5>\n\n\n\n<h4 class=\"wp-block-heading\"><strong>T\u00c9L\u00c9CHARGEMENT :<\/strong><\/h4>\n\n\n\n<h4 class=\"wp-block-heading\"><a href=\"https:\/\/eduscol.education.fr\/sti\/ressources_techniques\/habilitation-electrique-referentiel-de-formation-juillet-2020#fichiers-liens\">Habilitation \u00e9lectrique : r\u00e9f\u00e9rentiel de formation<\/a> (M\u00e0J juillet 2020)<\/h4>\n\n\n\n<h4 class=\"wp-block-heading\"><a href=\"http:\/\/www.inrs.fr\/\">INRS: Sant\u00e9 et s\u00e9curit\u00e9 au travail<\/a><\/h4>\n\n\n\n<h5 class=\"wp-block-heading\"><strong>T\u00e9l\u00e9charger ci-dessous :<\/strong><\/h5>\n\n\n\n<ul class=\"wp-block-list\"><li> <a href=\"http:\/\/www.inrs.fr\/dms\/inrs\/CataloguePapier\/ED\/TI-ED-6127\/ed6127.pdf\">Document de synth\u00e8se sur l&rsquo;habilitation \u00e9lectrique,<\/a> en particulier sur la formation des \u00e9lectriciens \u00e0 l&rsquo;habilitation et le cadre r\u00e9glementaire existant. <\/li><li> <a href=\"http:\/\/www.inrs.fr\/dms\/inrs\/CataloguePapier\/ED\/TI-ED-6177\/ed6177.pdf\">Travailler en s\u00e9curit\u00e9 face au risque \u00e9lectrique<\/a> : pensez \u00e0 identifier le risque \u00e9lectrique lors de vos op\u00e9rations ! <\/li><\/ul>\n","protected":false},"excerpt":{"rendered":"<p>Webinaire sur la formation \u00e0 habilitation \u00e9lectrique ATTENTION &#8211; Une erreur s&rsquo;est gliss\u00e9e sur la vid\u00e9o entre la minute 37&rsquo;26\u00a0\u00bb et 39&rsquo;04\u00a0\u00bb : \u00a0\u00bb La personne habilit\u00e9e symbole BE ou HE Man\u0153uvre est une personne QUALIFIEE, habilit\u00e9e et d\u00e9sign\u00e9e par son employeur (cf. 4.5.2.7 de la norme NF C 18-510)\u00a0\u00bb. T\u00c9L\u00c9CHARGEMENT : Habilitation \u00e9lectrique : &hellip; <\/p>\n<p><a class=\"more-link block-button\" href=\"https:\/\/ent2d.ac-bordeaux.fr\/disciplines\/maintenance\/prevention-securite\/habilitation-electrique\/\">Lire la Suite &raquo;<\/a><\/p>\n","protected":false},"author":95,"featured_media":0,"parent":29,"menu_order":0,"comment_status":"closed","ping_status":"closed","template":"","meta":{"footnotes":""},"class_list":["post-86","page","type-page","status-publish","hentry","nodate"],"_links":{"self":[{"href":"https:\/\/ent2d.ac-bordeaux.fr\/disciplines\/maintenance\/wp-json\/wp\/v2\/pages\/86","targetHints":{"allow":["GET"]}}],"collection":[{"href":"https:\/\/ent2d.ac-bordeaux.fr\/disciplines\/maintenance\/wp-json\/wp\/v2\/pages"}],"about":[{"href":"https:\/\/ent2d.ac-bordeaux.fr\/disciplines\/maintenance\/wp-json\/wp\/v2\/types\/page"}],"author":[{"embeddable":true,"href":"https:\/\/ent2d.ac-bordeaux.fr\/disciplines\/maintenance\/wp-json\/wp\/v2\/users\/95"}],"replies":[{"embeddable":true,"href":"https:\/\/ent2d.ac-bordeaux.fr\/disciplines\/maintenance\/wp-json\/wp\/v2\/comments?post=86"}],"version-history":[{"count":10,"href":"https:\/\/ent2d.ac-bordeaux.fr\/disciplines\/maintenance\/wp-json\/wp\/v2\/pages\/86\/revisions"}],"predecessor-version":[{"id":464,"href":"https:\/\/ent2d.ac-bordeaux.fr\/disciplines\/maintenance\/wp-json\/wp\/v2\/pages\/86\/revisions\/464"}],"up":[{"embeddable":true,"href":"https:\/\/ent2d.ac-bordeaux.fr\/disciplines\/maintenance\/wp-json\/wp\/v2\/pages\/29"}],"wp:attachment":[{"href":"https:\/\/ent2d.ac-bordeaux.fr\/disciplines\/maintenance\/wp-json\/wp\/v2\/media?parent=86"}],"curies":[{"name":"wp","href":"https:\/\/api.w.org\/{rel}","templated":true}]}}