{"id":66,"date":"2017-06-29T16:57:01","date_gmt":"2017-06-29T14:57:01","guid":{"rendered":"https:\/\/ent2d.ac-bordeaux.fr\/disciplines\/maintenance\/?page_id=66"},"modified":"2017-06-29T16:57:01","modified_gmt":"2017-06-29T14:57:01","slug":"onisep","status":"publish","type":"page","link":"https:\/\/ent2d.ac-bordeaux.fr\/disciplines\/maintenance\/orientation\/onisep\/","title":{"rendered":"ONISEP"},"content":{"rendered":"<h3 class=\"r\"><a href=\"https:\/\/oniseptv.onisep.fr\/video\/bac-pro-maintenance-des-equipements-industriels\">Onisep TV : La Web TV sur les m\u00e9tiers et les formations<\/a><\/h3>\n<h4 class=\"navHorizontal\"><span id=\"ctl00_cphContentLeft_ViewRubrique1_lblRubriqueContent\"><span class=\"st\">Plate-forme vid\u00e9o de l&rsquo;<em>Onisep<\/em>, films sur les m\u00e9tiers, les formations, reportages, t\u00e9moignages de professionnels et d&rsquo;\u00e9l\u00e8ves au travail et en cours d&rsquo;\u00e9tudes.<\/span><\/span><\/h4>\n","protected":false},"excerpt":{"rendered":"<p>Onisep TV : La Web TV sur les m\u00e9tiers et les formations Plate-forme vid\u00e9o de l&rsquo;Onisep, films sur les m\u00e9tiers, les formations, reportages, t\u00e9moignages de professionnels et d&rsquo;\u00e9l\u00e8ves au travail et en cours d&rsquo;\u00e9tudes.<\/p>\n","protected":false},"author":95,"featured_media":0,"parent":27,"menu_order":0,"comment_status":"closed","ping_status":"closed","template":"","meta":{"footnotes":""},"class_list":["post-66","page","type-page","status-publish","hentry","nodate"],"_links":{"self":[{"href":"https:\/\/ent2d.ac-bordeaux.fr\/disciplines\/maintenance\/wp-json\/wp\/v2\/pages\/66","targetHints":{"allow":["GET"]}}],"collection":[{"href":"https:\/\/ent2d.ac-bordeaux.fr\/disciplines\/maintenance\/wp-json\/wp\/v2\/pages"}],"about":[{"href":"https:\/\/ent2d.ac-bordeaux.fr\/disciplines\/maintenance\/wp-json\/wp\/v2\/types\/page"}],"author":[{"embeddable":true,"href":"https:\/\/ent2d.ac-bordeaux.fr\/disciplines\/maintenance\/wp-json\/wp\/v2\/users\/95"}],"replies":[{"embeddable":true,"href":"https:\/\/ent2d.ac-bordeaux.fr\/disciplines\/maintenance\/wp-json\/wp\/v2\/comments?post=66"}],"version-history":[{"count":1,"href":"https:\/\/ent2d.ac-bordeaux.fr\/disciplines\/maintenance\/wp-json\/wp\/v2\/pages\/66\/revisions"}],"predecessor-version":[{"id":67,"href":"https:\/\/ent2d.ac-bordeaux.fr\/disciplines\/maintenance\/wp-json\/wp\/v2\/pages\/66\/revisions\/67"}],"up":[{"embeddable":true,"href":"https:\/\/ent2d.ac-bordeaux.fr\/disciplines\/maintenance\/wp-json\/wp\/v2\/pages\/27"}],"wp:attachment":[{"href":"https:\/\/ent2d.ac-bordeaux.fr\/disciplines\/maintenance\/wp-json\/wp\/v2\/media?parent=66"}],"curies":[{"name":"wp","href":"https:\/\/api.w.org\/{rel}","templated":true}]}}