{"id":639,"date":"2025-09-23T18:59:10","date_gmt":"2025-09-23T16:59:10","guid":{"rendered":"https:\/\/ent2d.ac-bordeaux.fr\/disciplines\/maintenance\/?page_id=639"},"modified":"2025-09-24T14:22:57","modified_gmt":"2025-09-24T12:22:57","slug":"nouveau-decret-modificatif-de-la-certification-du-bac-pro-mscp-applicable-a-la-session-2027","status":"publish","type":"page","link":"https:\/\/ent2d.ac-bordeaux.fr\/disciplines\/maintenance\/bac-pro-mei\/nouveau-decret-modificatif-de-la-certification-du-bac-pro-mscp-applicable-a-la-session-2027\/","title":{"rendered":"Nouveau d\u00e9cret modificatif de la certification du Bac Pro MSCP applicable \u00e0 la session 2027"},"content":{"rendered":"\n<p>Arr\u00eat\u00e9 du 11 f\u00e9vrier 2025 modifiant l\u2019arr\u00eat\u00e9 du 9 d\u00e9cembre 2020 modifi\u00e9 portant cr\u00e9ation de la<br>sp\u00e9cialit\u00e9 \u00ab maintenance des syst\u00e8mes de production connect\u00e9s \u00bb de baccalaur\u00e9at professionnel et fixant ses modalit\u00e9s de d\u00e9livrance.<\/p>\n\n\n\n<div class=\"wp-block-file\"><a id=\"wp-block-file--media-6483fad2-4228-4b80-be11-c91869016b0a\" href=\"https:\/\/ent2d.ac-bordeaux.fr\/disciplines\/maintenance\/wp-content\/uploads\/sites\/21\/2025\/09\/JO-11-02-2025-Arre\u0302te\u0301_modif_certification-bac-pro-MSPC.pdf\" target=\"_blank\" rel=\"noreferrer noopener\">JO-11-02-2025-Arre\u0302te\u0301_modif_certification-bac-pro-MSPC<\/a><a href=\"https:\/\/ent2d.ac-bordeaux.fr\/disciplines\/maintenance\/wp-content\/uploads\/sites\/21\/2025\/09\/JO-11-02-2025-Arre\u0302te\u0301_modif_certification-bac-pro-MSPC.pdf\" class=\"wp-block-file__button wp-element-button\" download aria-describedby=\"wp-block-file--media-6483fad2-4228-4b80-be11-c91869016b0a\">T\u00e9l\u00e9charger<\/a><\/div>\n","protected":false},"excerpt":{"rendered":"<p>Arr\u00eat\u00e9 du 11 f\u00e9vrier 2025 modifiant l\u2019arr\u00eat\u00e9 du 9 d\u00e9cembre 2020 modifi\u00e9 portant cr\u00e9ation de lasp\u00e9cialit\u00e9 \u00ab maintenance des syst\u00e8mes de production connect\u00e9s \u00bb de baccalaur\u00e9at professionnel et fixant ses modalit\u00e9s de d\u00e9livrance.<\/p>\n","protected":false},"author":95,"featured_media":647,"parent":275,"menu_order":0,"comment_status":"closed","ping_status":"closed","template":"","meta":{"footnotes":""},"class_list":["post-639","page","type-page","status-publish","has-post-thumbnail","hentry","nodate"],"_links":{"self":[{"href":"https:\/\/ent2d.ac-bordeaux.fr\/disciplines\/maintenance\/wp-json\/wp\/v2\/pages\/639","targetHints":{"allow":["GET"]}}],"collection":[{"href":"https:\/\/ent2d.ac-bordeaux.fr\/disciplines\/maintenance\/wp-json\/wp\/v2\/pages"}],"about":[{"href":"https:\/\/ent2d.ac-bordeaux.fr\/disciplines\/maintenance\/wp-json\/wp\/v2\/types\/page"}],"author":[{"embeddable":true,"href":"https:\/\/ent2d.ac-bordeaux.fr\/disciplines\/maintenance\/wp-json\/wp\/v2\/users\/95"}],"replies":[{"embeddable":true,"href":"https:\/\/ent2d.ac-bordeaux.fr\/disciplines\/maintenance\/wp-json\/wp\/v2\/comments?post=639"}],"version-history":[{"count":4,"href":"https:\/\/ent2d.ac-bordeaux.fr\/disciplines\/maintenance\/wp-json\/wp\/v2\/pages\/639\/revisions"}],"predecessor-version":[{"id":645,"href":"https:\/\/ent2d.ac-bordeaux.fr\/disciplines\/maintenance\/wp-json\/wp\/v2\/pages\/639\/revisions\/645"}],"up":[{"embeddable":true,"href":"https:\/\/ent2d.ac-bordeaux.fr\/disciplines\/maintenance\/wp-json\/wp\/v2\/pages\/275"}],"wp:featuredmedia":[{"embeddable":true,"href":"https:\/\/ent2d.ac-bordeaux.fr\/disciplines\/maintenance\/wp-json\/wp\/v2\/media\/647"}],"wp:attachment":[{"href":"https:\/\/ent2d.ac-bordeaux.fr\/disciplines\/maintenance\/wp-json\/wp\/v2\/media?parent=639"}],"curies":[{"name":"wp","href":"https:\/\/api.w.org\/{rel}","templated":true}]}}