{"id":631,"date":"2024-08-27T11:26:33","date_gmt":"2024-08-27T09:26:33","guid":{"rendered":"https:\/\/ent2d.ac-bordeaux.fr\/disciplines\/maintenance\/?page_id=631"},"modified":"2024-08-27T11:26:33","modified_gmt":"2024-08-27T09:26:33","slug":"bac-pro-procedes-de-la-chimie-de-leau-et-des-papiers-cartons-pcepc","status":"publish","type":"page","link":"https:\/\/ent2d.ac-bordeaux.fr\/disciplines\/maintenance\/bac-pro-procedes-de-la-chimie-de-leau-et-des-papiers-cartons-pcepc\/","title":{"rendered":"Bac Pro Proc\u00e9d\u00e9s de la Chimie, de l\u2019Eau et des Papiers Cartons &#8211; PCEPC"},"content":{"rendered":"\n<ul class=\"wp-block-list\">\n<li><a href=\"https:\/\/eduscol.education.fr\/sti\/formations\/bac-pro\/bac-pro-procedes-de-la-chimie-de-leau-et-des-papiers-cartons-pcepc#presentation\"><strong>Pr\u00e9sentation<\/strong><\/a><\/li>\n\n\n\n<li><a href=\"https:\/\/eduscol.education.fr\/sti\/formations\/bac-pro\/bac-pro-procedes-de-la-chimie-de-leau-et-des-papiers-cartons-pcepc#formation\" target=\"_blank\" rel=\"noreferrer noopener\"><strong>Formation<\/strong><\/a><\/li>\n\n\n\n<li><a href=\"https:\/\/eduscol.education.fr\/sti\/formations\/bac-pro\/bac-pro-procedes-de-la-chimie-de-leau-et-des-papiers-cartons-pcepc#pfmp\" target=\"_blank\" rel=\"noreferrer noopener\"><strong>PFMP<\/strong><\/a><\/li>\n\n\n\n<li><a href=\"https:\/\/eduscol.education.fr\/sti\/formations\/bac-pro\/bac-pro-procedes-de-la-chimie-de-leau-et-des-papiers-cartons-pcepc#certification\" target=\"_blank\" rel=\"noreferrer noopener\"><strong>Certification<\/strong><\/a><\/li>\n\n\n\n<li><a href=\"https:\/\/eduscol.education.fr\/sti\/formations\/bac-pro\/bac-pro-procedes-de-la-chimie-de-leau-et-des-papiers-cartons-pcepc#ressources-savoirs\" target=\"_blank\" rel=\"noreferrer noopener\"><strong>Ressources par savoirs<\/strong><\/a><\/li>\n\n\n\n<li><a href=\"https:\/\/eduscol.education.fr\/sti\/formations\/bac-pro\/bac-pro-procedes-de-la-chimie-de-leau-et-des-papiers-cartons-pcepc#ressources-activites-pro\" target=\"_blank\" rel=\"noreferrer noopener\"><strong>Ressources par activit\u00e9s professionnelles<\/strong><\/a><\/li>\n<\/ul>\n\n\n\n<p>Le titulaire de la sp\u00e9cialit\u00e9 Proc\u00e9d\u00e9s de la chimie, de l\u2019eau et des papiers-cartons de baccalaur\u00e9at&nbsp;professionnel est un technicien charg\u00e9 principalement de conduire une installation ou un \u00e9quipement&nbsp;dans le domaine de la fabrication ou le traitement physique, chimique, biochimique ou biologique de la&nbsp;mati\u00e8re.<\/p>\n\n\n\n<p>Les entreprises de ce domaine professionnel repr\u00e9sentent une grande diversit\u00e9 de produits et de services (production, distribution,&nbsp;traitement et d\u00e9pollution des eaux, \u00e9nergies, &#8230;) ; certains secteurs sont en expansion notamment ceux&nbsp;en lien avec le d\u00e9veloppement durable, les m\u00e9tiers \u00ab verts \u00bb, l\u2019innovation, les biotechnologies, les agroressources,\u2026&nbsp;.<\/p>\n","protected":false},"excerpt":{"rendered":"<p>Le titulaire de la sp\u00e9cialit\u00e9 Proc\u00e9d\u00e9s de la chimie, de l\u2019eau et des papiers-cartons de baccalaur\u00e9at&nbsp;professionnel est un technicien charg\u00e9 principalement de conduire une installation ou un \u00e9quipement&nbsp;dans le domaine de la fabrication ou le traitement physique, chimique, biochimique ou biologique de la&nbsp;mati\u00e8re. Les entreprises de ce domaine professionnel repr\u00e9sentent une grande diversit\u00e9 de produits &hellip; <\/p>\n<p><a class=\"more-link block-button\" href=\"https:\/\/ent2d.ac-bordeaux.fr\/disciplines\/maintenance\/bac-pro-procedes-de-la-chimie-de-leau-et-des-papiers-cartons-pcepc\/\">Lire la Suite &raquo;<\/a><\/p>\n","protected":false},"author":95,"featured_media":0,"parent":0,"menu_order":0,"comment_status":"closed","ping_status":"closed","template":"","meta":{"footnotes":""},"class_list":["post-631","page","type-page","status-publish","hentry","nodate"],"_links":{"self":[{"href":"https:\/\/ent2d.ac-bordeaux.fr\/disciplines\/maintenance\/wp-json\/wp\/v2\/pages\/631","targetHints":{"allow":["GET"]}}],"collection":[{"href":"https:\/\/ent2d.ac-bordeaux.fr\/disciplines\/maintenance\/wp-json\/wp\/v2\/pages"}],"about":[{"href":"https:\/\/ent2d.ac-bordeaux.fr\/disciplines\/maintenance\/wp-json\/wp\/v2\/types\/page"}],"author":[{"embeddable":true,"href":"https:\/\/ent2d.ac-bordeaux.fr\/disciplines\/maintenance\/wp-json\/wp\/v2\/users\/95"}],"replies":[{"embeddable":true,"href":"https:\/\/ent2d.ac-bordeaux.fr\/disciplines\/maintenance\/wp-json\/wp\/v2\/comments?post=631"}],"version-history":[{"count":1,"href":"https:\/\/ent2d.ac-bordeaux.fr\/disciplines\/maintenance\/wp-json\/wp\/v2\/pages\/631\/revisions"}],"predecessor-version":[{"id":632,"href":"https:\/\/ent2d.ac-bordeaux.fr\/disciplines\/maintenance\/wp-json\/wp\/v2\/pages\/631\/revisions\/632"}],"wp:attachment":[{"href":"https:\/\/ent2d.ac-bordeaux.fr\/disciplines\/maintenance\/wp-json\/wp\/v2\/media?parent=631"}],"curies":[{"name":"wp","href":"https:\/\/api.w.org\/{rel}","templated":true}]}}