{"id":593,"date":"2024-08-27T09:32:24","date_gmt":"2024-08-27T07:32:24","guid":{"rendered":"https:\/\/ent2d.ac-bordeaux.fr\/disciplines\/maintenance\/?page_id=593"},"modified":"2024-08-27T09:57:54","modified_gmt":"2024-08-27T07:57:54","slug":"coloration-des-diplomes-professionnels","status":"publish","type":"page","link":"https:\/\/ent2d.ac-bordeaux.fr\/disciplines\/maintenance\/orientation\/coloration-des-diplomes-professionnels\/","title":{"rendered":"Coloration des dipl\u00f4mes professionnels"},"content":{"rendered":"\n<p>(<a href=\"https:\/\/ent2d.ac-bordeaux.fr\/disciplines\/electrotechnique\/wp-admin\/post.php?post=570&amp;action=edit\">Modifier Page<\/a>)<\/p>\n\n\n\n<p><strong>1.1 Objectifs<\/strong><\/p>\n\n\n\n<p><strong>Une certification, un dipl\u00f4me professionnel peut concerner plusieurs secteurs professionnels, plusieurs contextes d\u2019activit\u00e9 et une grande diversit\u00e9 d\u2019Entreprises<\/strong>. De ce fait des approfondissements, des adaptations des r\u00e9f\u00e9rentiels peuvent \u00eatre n\u00e9cessaires pour mieux r\u00e9pondre aux besoins en comp\u00e9tences d\u2019acteurs particuliers du monde \u00e9conomique (niveau local ou national).<\/p>\n\n\n\n<p><mark><strong>R\u00e9ponse aux besoins du march\u00e9 du travail et \u00e0 son \u00e9volutio<\/strong><\/mark><mark>n<\/mark><\/p>\n\n\n\n<p><strong>1.2. Principes<\/strong> \u2013 La coloration<\/p>\n\n\n\n<ul class=\"wp-block-list\">\n<li>s\u2019inscrit obligatoirement dans le r\u00e9f\u00e9rentiel et les programmes du dipl\u00f4me<\/li>\n\n\n\n<li>doit r\u00e9pondre \u00e0 un besoin sp\u00e9cifique et identifi\u00e9 d\u2019une entreprise, d\u2019une fili\u00e8re professionnelle ou d\u2019un territoire \u00e9conomique<\/li>\n\n\n\n<li>constitue un r\u00e9el fil conducteur entre les comp\u00e9tences professionnelles vis\u00e9s avec les partenaires professionnels et les situations d\u2019apprentissage \u00e9labor\u00e9es en formation<\/li>\n\n\n\n<li>ancre les p\u00e9riodes de formation en milieu professionnel dans cette dynamique des comp\u00e9tences \u00e0 acqu\u00e9rir dans le cadre de la coloration<\/li>\n<\/ul>\n\n\n\n<p><strong>1.3. Modalit\u00e9s \u2013 On colore<\/strong><\/p>\n\n\n\n<ul class=\"wp-block-list\">\n<li>tout ou une partie de la classe<\/li>\n\n\n\n<li>sur des heures \u00e0 effectifs r\u00e9duits, d\u00e9doublements &nbsp;<\/li>\n\n\n\n<li>tout ou une partie du cycle de formation (1 \u00e0 3 ans) &nbsp;<\/li>\n\n\n\n<li>en pensant la progressivit\u00e9 sur le cycle de formation<\/li>\n\n\n\n<li>sur la dur\u00e9e ou sur un temps limit\u00e9 en fonction des besoins<\/li>\n<\/ul>\n\n\n\n<p>On parle parfois de l\u2019ordre de 20% du r\u00e9f\u00e9rentiel qui sera \u00ab&nbsp;color\u00e9&nbsp;\u00bb.<\/p>\n\n\n\n<p><strong>LES BAC PRO MSPC COLORES<\/strong><\/p>\n\n\n\n<figure class=\"wp-block-table\"><table><tbody><tr><td rowspan=\"2\">Dordogne (24)<\/td><td>Lyc\u00e9e professionnel Pr\u00e9 de Cordy &#8211; Sarlat<\/td><td>Robotique<\/td><\/tr><tr><td>Lyc\u00e9e professionnel Arnaut Daniel &#8211; Rib\u00e9rac<\/td><td>Marine Nationale<\/td><\/tr><tr><td rowspan=\"4\">Gironde (33)<\/td><td>Lyc\u00e9e professionnel Charles P\u00e9guy \u2013 Eysines<\/td><td>Ascensoriste<\/td><\/tr><tr><td>Lyc\u00e9e polyvalent Jean Monnet &#8211; Libourne<\/td><td>Nucl\u00e9aire<\/td><\/tr><tr><td>Lyc\u00e9e professionnel Philippe Cousteau \u2013 St Andr\u00e9 de Cubzac<\/td><td>Nucl\u00e9aire<\/td><\/tr><tr><td>Lyc\u00e9e professionnel Jacques Brel \u2013 Lyc\u00e9e des m\u00e9tiers de l\u2019industrie et de l\u2019optique<\/td><td>Marine Nationale et arm\u00e9e de terre<\/td><\/tr><tr><td>Lot-et-Garonne (47)<\/td><td>Lyc\u00e9e professionnel Porte du Lot \u2013 Lyc\u00e9e des m\u00e9tiers de la maintenance et des travaux publics<\/td><td>Arm\u00e9e de terre<\/td><\/tr><\/tbody><\/table><\/figure>\n","protected":false},"excerpt":{"rendered":"<p>(Modifier Page) 1.1 Objectifs Une certification, un dipl\u00f4me professionnel peut concerner plusieurs secteurs professionnels, plusieurs contextes d\u2019activit\u00e9 et une grande diversit\u00e9 d\u2019Entreprises. De ce fait des approfondissements, des adaptations des r\u00e9f\u00e9rentiels peuvent \u00eatre n\u00e9cessaires pour mieux r\u00e9pondre aux besoins en comp\u00e9tences d\u2019acteurs particuliers du monde \u00e9conomique (niveau local ou national). R\u00e9ponse aux besoins du march\u00e9 &hellip; <\/p>\n<p><a class=\"more-link block-button\" href=\"https:\/\/ent2d.ac-bordeaux.fr\/disciplines\/maintenance\/orientation\/coloration-des-diplomes-professionnels\/\">Lire la Suite &raquo;<\/a><\/p>\n","protected":false},"author":95,"featured_media":0,"parent":27,"menu_order":0,"comment_status":"closed","ping_status":"closed","template":"","meta":{"footnotes":""},"class_list":["post-593","page","type-page","status-publish","hentry","nodate"],"_links":{"self":[{"href":"https:\/\/ent2d.ac-bordeaux.fr\/disciplines\/maintenance\/wp-json\/wp\/v2\/pages\/593","targetHints":{"allow":["GET"]}}],"collection":[{"href":"https:\/\/ent2d.ac-bordeaux.fr\/disciplines\/maintenance\/wp-json\/wp\/v2\/pages"}],"about":[{"href":"https:\/\/ent2d.ac-bordeaux.fr\/disciplines\/maintenance\/wp-json\/wp\/v2\/types\/page"}],"author":[{"embeddable":true,"href":"https:\/\/ent2d.ac-bordeaux.fr\/disciplines\/maintenance\/wp-json\/wp\/v2\/users\/95"}],"replies":[{"embeddable":true,"href":"https:\/\/ent2d.ac-bordeaux.fr\/disciplines\/maintenance\/wp-json\/wp\/v2\/comments?post=593"}],"version-history":[{"count":4,"href":"https:\/\/ent2d.ac-bordeaux.fr\/disciplines\/maintenance\/wp-json\/wp\/v2\/pages\/593\/revisions"}],"predecessor-version":[{"id":598,"href":"https:\/\/ent2d.ac-bordeaux.fr\/disciplines\/maintenance\/wp-json\/wp\/v2\/pages\/593\/revisions\/598"}],"up":[{"embeddable":true,"href":"https:\/\/ent2d.ac-bordeaux.fr\/disciplines\/maintenance\/wp-json\/wp\/v2\/pages\/27"}],"wp:attachment":[{"href":"https:\/\/ent2d.ac-bordeaux.fr\/disciplines\/maintenance\/wp-json\/wp\/v2\/media?parent=593"}],"curies":[{"name":"wp","href":"https:\/\/api.w.org\/{rel}","templated":true}]}}