{"id":587,"date":"2024-08-27T09:25:17","date_gmt":"2024-08-27T07:25:17","guid":{"rendered":"https:\/\/ent2d.ac-bordeaux.fr\/disciplines\/maintenance\/?page_id=587"},"modified":"2024-08-27T10:24:49","modified_gmt":"2024-08-27T08:24:49","slug":"la-seconde-bac-pro-famille-des-metiers","status":"publish","type":"page","link":"https:\/\/ent2d.ac-bordeaux.fr\/disciplines\/maintenance\/orientation\/la-seconde-bac-pro-famille-des-metiers\/","title":{"rendered":"La seconde bac pro famille des m\u00e9tiers du pilotage et de la maintenance des installations automatis\u00e9es (PMIA)"},"content":{"rendered":"\n<p>(<a href=\"https:\/\/ent2d.ac-bordeaux.fr\/disciplines\/electrotechnique\/wp-admin\/post.php?post=573&amp;action=edit\">Modifier Page<\/a>)<\/p>\n\n\n\n<ul class=\"wp-block-list\">\n<li><a href=\"https:\/\/eduscol.education.fr\/sti\/formations\/bac-pro\/seconde-professionnelle-metiers-du-pilotage-et-de-la-maintenance-des#presentation\"><strong>Pr\u00e9sentation<\/strong><\/a><\/li>\n\n\n\n<li><a href=\"https:\/\/eduscol.education.fr\/sti\/formations\/bac-pro\/seconde-professionnelle-metiers-du-pilotage-et-de-la-maintenance-des#formation\" target=\"_blank\" rel=\"noreferrer noopener\"><strong>Formation<\/strong><\/a><\/li>\n\n\n\n<li><a href=\"https:\/\/eduscol.education.fr\/sti\/formations\/bac-pro\/seconde-professionnelle-metiers-du-pilotage-et-de-la-maintenance-des#liens\" target=\"_blank\" rel=\"noreferrer noopener\"><strong>Liens<\/strong><\/a><\/li>\n<\/ul>\n\n\n\n<h4 class=\"wp-block-heading\">Le secteur du pilotage et de la maintenance des installations automatis\u00e9es<\/h4>\n\n\n\n<p>Le secteur du pilotage et de la maintenance des installations automatis\u00e9es regroupe tous les&nbsp;m\u00e9tiers qui interviennent individuellement ou conjointement sur des installations (des lignes,&nbsp;des syst\u00e8mes) de production dans les domaines suivants :<\/p>\n\n\n\n<ul class=\"wp-block-list\">\n<li>Industries de la chimie (m\u00e9dicament, parfumerie, cosm\u00e9tique, p\u00e9trole, p\u00e9trochimie \u2026) ;<\/li>\n\n\n\n<li>Industries de fabrication, de transformation de papier-carton ;<\/li>\n\n\n\n<li>Industries des \u00e9nergies (renouvelables, nucl\u00e9aires\u2026) ;<\/li>\n\n\n\n<li>Industries agroalimentaires ;<\/li>\n\n\n\n<li>Industries de production et de transformation des m\u00e9taux, la sid\u00e9rurgie ;<\/li>\n\n\n\n<li>Industries automobiles ;<\/li>\n\n\n\n<li>Industries du textile, cuirs et peaux, la c\u00e9ramique ;<\/li>\n\n\n\n<li>Industries de transformation et de valorisation des d\u00e9chets ;<\/li>\n\n\n\n<li>Collecte et traitement d&rsquo;eaux industrielles, potables, r\u00e9siduaires urbaines, pluviales et&nbsp;industrielles.<\/li>\n<\/ul>\n\n\n\n<p>\u00c0 noter toutefois une sp\u00e9cificit\u00e9 concernant les scieries (de toutes tailles) qui r\u00e9alisent des&nbsp;produits de construction ou de seconde transformation, en particulier celles dont l&rsquo;activit\u00e9 est&nbsp;compl\u00e9t\u00e9e par la fabrication industrielle de produits divers (palettes, emballages, parquets,&nbsp;charpente rabot\u00e9e\u2026).<\/p>\n\n\n\n<p>Quel que soit l\u2019environnement (industrie, chimie, eau, p\u00e2tes, papiers cartons, scierie\u2026), les apprenants seront amen\u00e9s \u00e0 mettre en \u0153uvre des activit\u00e9s (conduire, piloter, maintenir\u2026) sur&nbsp;des syst\u00e8mes pluritechnologiques produisant ou transformant des produits diff\u00e9rents.<\/p>\n\n\n\n<h3 class=\"wp-block-heading\">\u00a0<\/h3>\n\n\n<div class=\"wp-block-image\">\n<figure class=\"aligncenter size-full is-resized\"><img loading=\"lazy\" decoding=\"async\" width=\"854\" height=\"568\" src=\"https:\/\/ent2d.ac-bordeaux.fr\/disciplines\/maintenance\/wp-content\/uploads\/sites\/21\/2024\/08\/image.png\" alt=\"\" class=\"wp-image-600\" style=\"width:612px;height:auto\" srcset=\"https:\/\/ent2d.ac-bordeaux.fr\/disciplines\/maintenance\/wp-content\/uploads\/sites\/21\/2024\/08\/image.png 854w, https:\/\/ent2d.ac-bordeaux.fr\/disciplines\/maintenance\/wp-content\/uploads\/sites\/21\/2024\/08\/image-300x200.png 300w, https:\/\/ent2d.ac-bordeaux.fr\/disciplines\/maintenance\/wp-content\/uploads\/sites\/21\/2024\/08\/image-768x511.png 768w\" sizes=\"auto, (max-width: 854px) 100vw, 854px\" \/><\/figure>\n<\/div>\n\n\n<h3 class=\"wp-block-heading\"><br><a href=\"https:\/\/eduscol.education.fr\/document\/6174\/download\" target=\"_blank\" rel=\"noreferrer noopener\">RESSOURCES POUR LA CLASSE DE SECONDE PROFESSIONNELLE MPMIA<\/a><\/h3>\n","protected":false},"excerpt":{"rendered":"<p>(Modifier Page) Le secteur du pilotage et de la maintenance des installations automatis\u00e9es Le secteur du pilotage et de la maintenance des installations automatis\u00e9es regroupe tous les&nbsp;m\u00e9tiers qui interviennent individuellement ou conjointement sur des installations (des lignes,&nbsp;des syst\u00e8mes) de production dans les domaines suivants : \u00c0 noter toutefois une sp\u00e9cificit\u00e9 concernant les scieries (de toutes &hellip; <\/p>\n<p><a class=\"more-link block-button\" href=\"https:\/\/ent2d.ac-bordeaux.fr\/disciplines\/maintenance\/orientation\/la-seconde-bac-pro-famille-des-metiers\/\">Lire la Suite &raquo;<\/a><\/p>\n","protected":false},"author":95,"featured_media":0,"parent":27,"menu_order":0,"comment_status":"closed","ping_status":"closed","template":"","meta":{"footnotes":""},"class_list":["post-587","page","type-page","status-publish","hentry","nodate"],"_links":{"self":[{"href":"https:\/\/ent2d.ac-bordeaux.fr\/disciplines\/maintenance\/wp-json\/wp\/v2\/pages\/587","targetHints":{"allow":["GET"]}}],"collection":[{"href":"https:\/\/ent2d.ac-bordeaux.fr\/disciplines\/maintenance\/wp-json\/wp\/v2\/pages"}],"about":[{"href":"https:\/\/ent2d.ac-bordeaux.fr\/disciplines\/maintenance\/wp-json\/wp\/v2\/types\/page"}],"author":[{"embeddable":true,"href":"https:\/\/ent2d.ac-bordeaux.fr\/disciplines\/maintenance\/wp-json\/wp\/v2\/users\/95"}],"replies":[{"embeddable":true,"href":"https:\/\/ent2d.ac-bordeaux.fr\/disciplines\/maintenance\/wp-json\/wp\/v2\/comments?post=587"}],"version-history":[{"count":4,"href":"https:\/\/ent2d.ac-bordeaux.fr\/disciplines\/maintenance\/wp-json\/wp\/v2\/pages\/587\/revisions"}],"predecessor-version":[{"id":602,"href":"https:\/\/ent2d.ac-bordeaux.fr\/disciplines\/maintenance\/wp-json\/wp\/v2\/pages\/587\/revisions\/602"}],"up":[{"embeddable":true,"href":"https:\/\/ent2d.ac-bordeaux.fr\/disciplines\/maintenance\/wp-json\/wp\/v2\/pages\/27"}],"wp:attachment":[{"href":"https:\/\/ent2d.ac-bordeaux.fr\/disciplines\/maintenance\/wp-json\/wp\/v2\/media?parent=587"}],"curies":[{"name":"wp","href":"https:\/\/api.w.org\/{rel}","templated":true}]}}