{"id":525,"date":"2020-12-18T18:37:01","date_gmt":"2020-12-18T17:37:01","guid":{"rendered":"https:\/\/ent2d.ac-bordeaux.fr\/disciplines\/maintenance\/?page_id=525"},"modified":"2022-07-26T11:15:17","modified_gmt":"2022-07-26T09:15:17","slug":"decouvrez-les-lieux-de-formation-dans-lacademie-de-bordeaux","status":"publish","type":"page","link":"https:\/\/ent2d.ac-bordeaux.fr\/disciplines\/maintenance\/orientation\/decouvrez-les-lieux-de-formation-dans-lacademie-de-bordeaux\/","title":{"rendered":"D\u00e9couvrez les lieux de formation dans l&rsquo;acad\u00e9mie de Bordeaux &#8211; BAC PRO MSPC &#8211; PCEPC &#8211; PLP"},"content":{"rendered":"\n<figure class=\"wp-block-table is-style-stripes\"><table><tbody><tr><td>BAC PRO MAINTENANCE DES SYST\u00c8MES DE PRODUCTION CONNECTES<\/td><\/tr><tr><td><\/td><td><\/td><td><\/td><td><\/td><td><\/td><\/tr><tr><td>Dordogne (24)<\/td><td>lyc\u00e9e d&rsquo;enseignement professionnel<\/td><td>public<\/td><td>SARLAT-LA-CANEDA<\/td><td>Lyc\u00e9e professionnel Pr\u00e9 de Cordy<\/td><\/tr><tr><td>&nbsp;<\/td><td>lyc\u00e9e d&rsquo;enseignement professionnel<\/td><td>public<\/td><td>RIBERAC<\/td><td>Lyc\u00e9e professionnel Arnaut Daniel<\/td><\/tr><tr><td>Gironde (33)<\/td><td>lyc\u00e9e d&rsquo;enseignement professionnel<\/td><td>public<\/td><td>EYSINES<\/td><td>Lyc\u00e9e professionnel Charles P\u00e9guy &#8211; Lyc\u00e9e des m\u00e9tiers de l&rsquo;industrie et de l&rsquo;artisanat<\/td><\/tr><tr><td>&nbsp;<\/td><td>lyc\u00e9e d&rsquo;enseignement professionnel<\/td><td>public<\/td><td>LANGON<\/td><td>Lyc\u00e9e professionnel Sud Gironde &#8211; Lyc\u00e9e des m\u00e9tiers de l&rsquo;industrie et de l&rsquo;habitat du Sud-Gironde<\/td><\/tr><tr><td>&nbsp;<\/td><td>lyc\u00e9e d&rsquo;enseignement g\u00e9n\u00e9ral et technologique<\/td><td>public<\/td><td>LIBOURNE<\/td><td>Lyc\u00e9e polyvalent Jean Monnet<\/td><\/tr><tr><td>&nbsp;<\/td><td>lyc\u00e9e d&rsquo;enseignement professionnel<\/td><td>priv\u00e9 sous contrat<\/td><td>SAINT-MEDARD-DE-GUIZIERES<\/td><td>Lyc\u00e9e professionnel priv\u00e9 Jeanne d&rsquo;Arc<\/td><\/tr><tr><td>&nbsp;<\/td><td>lyc\u00e9e d&rsquo;enseignement professionnel<\/td><td>public<\/td><td>SAINT-ANDRE-DE-CUBZAC<\/td><td>Lyc\u00e9e professionnel Philippe Cousteau<\/td><\/tr><tr><td>&nbsp;<\/td><td>lyc\u00e9e d&rsquo;enseignement professionnel<\/td><td>public<\/td><td>LORMONT<\/td><td>Lyc\u00e9e professionnel Jacques Brel &#8211; Lyc\u00e9e des m\u00e9tiers de l&rsquo;industrie et de l&rsquo;optique<\/td><\/tr><tr><td>&nbsp;<\/td><td>lyc\u00e9e d&rsquo;enseignement professionnel<\/td><td>priv\u00e9 sous contrat<\/td><td>BLANQUEFORT<\/td><td>Lyc\u00e9e professionnel priv\u00e9 Saint Joseph<\/td><\/tr><tr><td>Landes (40)<\/td><td>lyc\u00e9e d&rsquo;enseignement professionnel<\/td><td>public<\/td><td>PARENTIS-EN-BORN<\/td><td>Lyc\u00e9e professionnel des Grands Lacs &#8211; Lyc\u00e9e des m\u00e9tiers des Grands Lacs<\/td><\/tr><tr><td>Lot-et-Garonne (47)<\/td><td>lyc\u00e9e d&rsquo;enseignement professionnel<\/td><td>public<\/td><td>CLAIRAC<\/td><td>Lyc\u00e9e professionnel Porte du Lot &#8211; Lyc\u00e9e des m\u00e9tiers de la maintenance et des travaux publics<\/td><\/tr><tr><td>Pyr\u00e9n\u00e9es-Atlantiques (64)<\/td><td>lyc\u00e9e d&rsquo;enseignement professionnel<\/td><td>public<\/td><td>OLORON-SAINTE-MARIE<\/td><td>Lyc\u00e9e professionnel Guynemer &#8211; Lyc\u00e9e des m\u00e9tiers de l&rsquo;industrie et du num\u00e9rique<\/td><\/tr><tr><td>Pyr\u00e9n\u00e9es-Atlantiques (64)<\/td><td>lyc\u00e9e d&rsquo;enseignement professionnel<\/td><td>public<\/td><td>ORTHEZ<\/td><td>Lyc\u00e9e professionnel Moli\u00e8re &#8211; Lyc\u00e9e des m\u00e9tiers d&rsquo;Orthez au service des entreprises et des personnes<\/td><\/tr><tr><td>Pyr\u00e9n\u00e9es-Atlantiques (64)<\/td><td>lyc\u00e9e d&rsquo;enseignement professionnel<\/td><td>priv\u00e9 sous contrat<\/td><td>HASPARREN<\/td><td>Lyc\u00e9e professionnel priv\u00e9 Saint Joseph &#8211; Lyc\u00e9e des m\u00e9tiers des sciences et techniques industrielles<\/td><\/tr><tr><td>Pyr\u00e9n\u00e9es-Atlantiques (64)<\/td><td>lyc\u00e9e d&rsquo;enseignement professionnel<\/td><td>priv\u00e9 sous contrat<\/td><td>PAU<\/td><td>Lyc\u00e9e professionnel priv\u00e9 Immacul\u00e9e-Conception Beau Fr\u00eane &#8211; Lyc\u00e9e des m\u00e9tiers de la maintenance et de l&rsquo;industrie<\/td><\/tr><\/tbody><\/table><\/figure>\n\n\n\n<figure class=\"wp-block-table\"><table><tbody><tr><td>BAC PRO DES PROCEDES DE LA CHIME, DE L&rsquo;EAU ET DES PAPIERS-CARTONS<\/td><\/tr><tr><td>Dordogne (24)<\/td><td>lyc\u00e9e d&rsquo;enseignement professionnel<\/td><td>public<\/td><td>BERGERAC<\/td><td>Lyc\u00e9e professionnel H\u00e9l\u00e8ne Duc &#8211; Lyc\u00e9e des m\u00e9tiers Sud P\u00e9rigord<\/td><\/tr><tr><td>Gironde (33)<\/td><td>lyc\u00e9e d&rsquo;enseignement professionnel<\/td><td>public<\/td><td>MERIGNAC<\/td><td>Lyc\u00e9e professionnel Marcel Dassault<\/td><\/tr><tr><td>Pyr\u00e9n\u00e9es-Atlantiques (64)<\/td><td>lyc\u00e9e d&rsquo;enseignement professionnel<\/td><td>public<\/td><td>MOURENX<\/td><td>Lyc\u00e9e professionnel Pierre et Marie Curie<\/td><\/tr><\/tbody><\/table><\/figure>\n\n\n\n<figure class=\"wp-block-table\"><table><tbody><tr><td>BAC PRO PILOTE DES LIGNES DE PRODUCTION<\/td><\/tr><tr><td>Gironde (33)<\/td><td>lyc\u00e9e d&rsquo;enseignement professionnel<\/td><td>public<\/td><td>PAUILLAC<\/td><td>Lyc\u00e9e professionnel Odilon Redon<\/td><\/tr><tr><td>Gironde (33)<\/td><td>lyc\u00e9e d&rsquo;enseignement professionnel<\/td><td>public<\/td><td>PESSAC<\/td><td>Lyc\u00e9e professionnel Philadelphe de Gerde<\/td><\/tr><\/tbody><\/table><\/figure>\n","protected":false},"excerpt":{"rendered":"<p>BAC PRO MAINTENANCE DES SYST\u00c8MES DE PRODUCTION CONNECTES Dordogne (24) lyc\u00e9e d&rsquo;enseignement professionnel public SARLAT-LA-CANEDA Lyc\u00e9e professionnel Pr\u00e9 de Cordy &nbsp; lyc\u00e9e d&rsquo;enseignement professionnel public RIBERAC Lyc\u00e9e professionnel Arnaut Daniel Gironde (33) lyc\u00e9e d&rsquo;enseignement professionnel public EYSINES Lyc\u00e9e professionnel Charles P\u00e9guy &#8211; Lyc\u00e9e des m\u00e9tiers de l&rsquo;industrie et de l&rsquo;artisanat &nbsp; lyc\u00e9e d&rsquo;enseignement professionnel public &hellip; <\/p>\n<p><a class=\"more-link block-button\" href=\"https:\/\/ent2d.ac-bordeaux.fr\/disciplines\/maintenance\/orientation\/decouvrez-les-lieux-de-formation-dans-lacademie-de-bordeaux\/\">Lire la Suite &raquo;<\/a><\/p>\n","protected":false},"author":95,"featured_media":0,"parent":27,"menu_order":0,"comment_status":"closed","ping_status":"closed","template":"","meta":{"footnotes":""},"class_list":["post-525","page","type-page","status-publish","hentry","nodate"],"_links":{"self":[{"href":"https:\/\/ent2d.ac-bordeaux.fr\/disciplines\/maintenance\/wp-json\/wp\/v2\/pages\/525","targetHints":{"allow":["GET"]}}],"collection":[{"href":"https:\/\/ent2d.ac-bordeaux.fr\/disciplines\/maintenance\/wp-json\/wp\/v2\/pages"}],"about":[{"href":"https:\/\/ent2d.ac-bordeaux.fr\/disciplines\/maintenance\/wp-json\/wp\/v2\/types\/page"}],"author":[{"embeddable":true,"href":"https:\/\/ent2d.ac-bordeaux.fr\/disciplines\/maintenance\/wp-json\/wp\/v2\/users\/95"}],"replies":[{"embeddable":true,"href":"https:\/\/ent2d.ac-bordeaux.fr\/disciplines\/maintenance\/wp-json\/wp\/v2\/comments?post=525"}],"version-history":[{"count":4,"href":"https:\/\/ent2d.ac-bordeaux.fr\/disciplines\/maintenance\/wp-json\/wp\/v2\/pages\/525\/revisions"}],"predecessor-version":[{"id":557,"href":"https:\/\/ent2d.ac-bordeaux.fr\/disciplines\/maintenance\/wp-json\/wp\/v2\/pages\/525\/revisions\/557"}],"up":[{"embeddable":true,"href":"https:\/\/ent2d.ac-bordeaux.fr\/disciplines\/maintenance\/wp-json\/wp\/v2\/pages\/27"}],"wp:attachment":[{"href":"https:\/\/ent2d.ac-bordeaux.fr\/disciplines\/maintenance\/wp-json\/wp\/v2\/media?parent=525"}],"curies":[{"name":"wp","href":"https:\/\/api.w.org\/{rel}","templated":true}]}}