{"id":436,"date":"2020-05-21T09:35:43","date_gmt":"2020-05-21T07:35:43","guid":{"rendered":"https:\/\/ent2d.ac-bordeaux.fr\/disciplines\/maintenance\/?page_id=436"},"modified":"2020-05-21T09:39:19","modified_gmt":"2020-05-21T07:39:19","slug":"436-2","status":"publish","type":"page","link":"https:\/\/ent2d.ac-bordeaux.fr\/disciplines\/maintenance\/prevention-securite\/436-2\/","title":{"rendered":"Audiovisuel vise \u00e0 sensibiliser aux risques d&rsquo;accident \u00e9lectrique"},"content":{"rendered":"\n<h4 class=\"wp-block-heading\" id=\"titrePage\"><strong>Attention ! Basse tension<\/strong><\/h4>\n\n\n\n<figure class=\"wp-block-embed-youtube wp-block-embed is-type-video is-provider-youtube wp-embed-aspect-4-3 wp-has-aspect-ratio\"><div class=\"wp-block-embed__wrapper\">\nhttps:\/\/youtu.be\/KSQJwVu-bzI\n<\/div><\/figure>\n\n\n\n<h5 class=\"wp-block-heading\">Cet audiovisuel vise \u00e0 sensibiliser aux risques d&rsquo;accident \u00e9lectrique, et \u00e0 expliquer comment s&rsquo;en prot\u00e9ger.<br>Une\n fiction met en sc\u00e8ne un accident du travail, 2 modules donnent les \ninformations de base sur l&rsquo;\u00e9lectricit\u00e9 et ses effets sur le corps \nhumain, et un troisi\u00e8me explique les principes de base de la pr\u00e9vention \nde l&rsquo;accident \u00e9lectrique. <br><br>Il d\u00e9bute par la reconstitution d&rsquo;un \naccident. Henri doit percer quelques trous mais la g\u00e2chette de sa \nperceuse ne fonctionne plus. Son coll\u00e8gue, Enzo, lui sugg\u00e8re de changer \nson mat\u00e9riel et le met, en vain, en garde contre les dangers de \nl&rsquo;\u00e9lectricit\u00e9. Alors qu&rsquo;il s&rsquo;appr\u00eate \u00e0 monter sur une \u00e9chelle \nm\u00e9tallique, Henri re\u00e7oit une d\u00e9charge \u00e9lectrique. La prise de terre \nn&rsquo;\u00e9tait pas raccord\u00e9e&#8230;<br>Le module 1, \u00ab\u00a0Le courant \u00e9lectrique, un risque invisible\u00a0\u00bb, rappelle les notions de base sur ce qu&rsquo;est le courant \u00e9lectrique. <br>Le\n module 2, \u00ab\u00a0Les effets sur le corps humain\u00a0\u00bb, explique les causes de \nl&rsquo;accident d&rsquo;Henri et les gestes de premier secours \u00e0 adopter. Viennent \nensuite d&rsquo;autres cas : un plombier, un chauffagiste et autres victimes \nd&rsquo;accidents.<br>Le module 3, \u00ab\u00a0La pr\u00e9vention\u00a0\u00bb, rappelle que la s\u00e9curit\u00e9 \npasse par le respect de la r\u00e9glementation, la v\u00e9rification p\u00e9riodique du\n mat\u00e9riel, la qualit\u00e9 de l&rsquo;installation et l&rsquo;organisation du travail.<br><\/h5>\n","protected":false},"excerpt":{"rendered":"<p>Attention ! Basse tension Cet audiovisuel vise \u00e0 sensibiliser aux risques d&rsquo;accident \u00e9lectrique, et \u00e0 expliquer comment s&rsquo;en prot\u00e9ger.Une fiction met en sc\u00e8ne un accident du travail, 2 modules donnent les informations de base sur l&rsquo;\u00e9lectricit\u00e9 et ses effets sur le corps humain, et un troisi\u00e8me explique les principes de base de la pr\u00e9vention de &hellip; <\/p>\n<p><a class=\"more-link block-button\" href=\"https:\/\/ent2d.ac-bordeaux.fr\/disciplines\/maintenance\/prevention-securite\/436-2\/\">Lire la Suite &raquo;<\/a><\/p>\n","protected":false},"author":95,"featured_media":0,"parent":29,"menu_order":0,"comment_status":"closed","ping_status":"closed","template":"","meta":{"footnotes":""},"class_list":["post-436","page","type-page","status-publish","hentry","nodate"],"_links":{"self":[{"href":"https:\/\/ent2d.ac-bordeaux.fr\/disciplines\/maintenance\/wp-json\/wp\/v2\/pages\/436","targetHints":{"allow":["GET"]}}],"collection":[{"href":"https:\/\/ent2d.ac-bordeaux.fr\/disciplines\/maintenance\/wp-json\/wp\/v2\/pages"}],"about":[{"href":"https:\/\/ent2d.ac-bordeaux.fr\/disciplines\/maintenance\/wp-json\/wp\/v2\/types\/page"}],"author":[{"embeddable":true,"href":"https:\/\/ent2d.ac-bordeaux.fr\/disciplines\/maintenance\/wp-json\/wp\/v2\/users\/95"}],"replies":[{"embeddable":true,"href":"https:\/\/ent2d.ac-bordeaux.fr\/disciplines\/maintenance\/wp-json\/wp\/v2\/comments?post=436"}],"version-history":[{"count":2,"href":"https:\/\/ent2d.ac-bordeaux.fr\/disciplines\/maintenance\/wp-json\/wp\/v2\/pages\/436\/revisions"}],"predecessor-version":[{"id":438,"href":"https:\/\/ent2d.ac-bordeaux.fr\/disciplines\/maintenance\/wp-json\/wp\/v2\/pages\/436\/revisions\/438"}],"up":[{"embeddable":true,"href":"https:\/\/ent2d.ac-bordeaux.fr\/disciplines\/maintenance\/wp-json\/wp\/v2\/pages\/29"}],"wp:attachment":[{"href":"https:\/\/ent2d.ac-bordeaux.fr\/disciplines\/maintenance\/wp-json\/wp\/v2\/media?parent=436"}],"curies":[{"name":"wp","href":"https:\/\/api.w.org\/{rel}","templated":true}]}}