{"id":418,"date":"2019-04-10T17:28:22","date_gmt":"2019-04-10T15:28:22","guid":{"rendered":"https:\/\/ent2d.ac-bordeaux.fr\/disciplines\/maintenance\/?page_id=418"},"modified":"2019-04-10T17:34:14","modified_gmt":"2019-04-10T15:34:14","slug":"lp-odilon-redon-cap-cip-bac-pro-plp","status":"publish","type":"page","link":"https:\/\/ent2d.ac-bordeaux.fr\/disciplines\/maintenance\/bac-pro-plp\/lp-odilon-redon-cap-cip-bac-pro-plp\/","title":{"rendered":"LP ODILON REDON &#8211; CAP CIP \/ BAC PRO PLP"},"content":{"rendered":"\n<p><em>Apr\u00e8s la  ligne de production modulaire de conditionnement de pots et flacons, le  plateau Technique du P\u00f4le de Conduite et de Pilotage Industriel du lyc\u00e9e  professionnel Odilon Redon de Pauillac, poursuit son \u00e9volution, et  s\u2019enrichit d\u2019une ligne industrielle de production et de conditionnement  de savonnettes et de savons liquides.<\/em><\/p>\n\n\n\n<figure class=\"wp-block-image\"><img loading=\"lazy\" decoding=\"async\" width=\"1024\" height=\"709\" src=\"https:\/\/ent2d.ac-bordeaux.fr\/disciplines\/maintenance\/wp-content\/uploads\/sites\/21\/2019\/04\/produflex-5-1-1024x709.jpg\" alt=\"\" class=\"wp-image-412\" srcset=\"https:\/\/ent2d.ac-bordeaux.fr\/disciplines\/maintenance\/wp-content\/uploads\/sites\/21\/2019\/04\/produflex-5-1-1024x709.jpg 1024w, https:\/\/ent2d.ac-bordeaux.fr\/disciplines\/maintenance\/wp-content\/uploads\/sites\/21\/2019\/04\/produflex-5-1-300x208.jpg 300w, https:\/\/ent2d.ac-bordeaux.fr\/disciplines\/maintenance\/wp-content\/uploads\/sites\/21\/2019\/04\/produflex-5-1-768x532.jpg 768w, https:\/\/ent2d.ac-bordeaux.fr\/disciplines\/maintenance\/wp-content\/uploads\/sites\/21\/2019\/04\/produflex-5-1.jpg 1744w\" sizes=\"auto, (max-width: 1024px) 100vw, 1024px\" \/><\/figure>\n\n\n\n<ul class=\"wp-block-gallery columns-3 is-cropped wp-block-gallery-1 is-layout-flex wp-block-gallery-is-layout-flex\"><li class=\"blocks-gallery-item\"><figure><img loading=\"lazy\" decoding=\"async\" width=\"1024\" height=\"641\" src=\"https:\/\/ent2d.ac-bordeaux.fr\/disciplines\/maintenance\/wp-content\/uploads\/sites\/21\/2019\/04\/produflex-1-1-1024x641.jpg\" alt=\"\" data-id=\"415\" data-link=\"https:\/\/ent2d.ac-bordeaux.fr\/disciplines\/maintenance\/produflex-1-2\/\" class=\"wp-image-415\" srcset=\"https:\/\/ent2d.ac-bordeaux.fr\/disciplines\/maintenance\/wp-content\/uploads\/sites\/21\/2019\/04\/produflex-1-1-1024x641.jpg 1024w, https:\/\/ent2d.ac-bordeaux.fr\/disciplines\/maintenance\/wp-content\/uploads\/sites\/21\/2019\/04\/produflex-1-1-300x188.jpg 300w, https:\/\/ent2d.ac-bordeaux.fr\/disciplines\/maintenance\/wp-content\/uploads\/sites\/21\/2019\/04\/produflex-1-1-768x481.jpg 768w, https:\/\/ent2d.ac-bordeaux.fr\/disciplines\/maintenance\/wp-content\/uploads\/sites\/21\/2019\/04\/produflex-1-1.jpg 1803w\" sizes=\"auto, (max-width: 1024px) 100vw, 1024px\" \/><\/figure><\/li><li class=\"blocks-gallery-item\"><figure><img loading=\"lazy\" decoding=\"async\" width=\"1024\" height=\"683\" src=\"https:\/\/ent2d.ac-bordeaux.fr\/disciplines\/maintenance\/wp-content\/uploads\/sites\/21\/2019\/04\/produflex-7-1-1024x683.jpg\" alt=\"\" data-id=\"414\" data-link=\"https:\/\/ent2d.ac-bordeaux.fr\/disciplines\/maintenance\/produflex-7-2\/\" class=\"wp-image-414\" srcset=\"https:\/\/ent2d.ac-bordeaux.fr\/disciplines\/maintenance\/wp-content\/uploads\/sites\/21\/2019\/04\/produflex-7-1-1024x683.jpg 1024w, https:\/\/ent2d.ac-bordeaux.fr\/disciplines\/maintenance\/wp-content\/uploads\/sites\/21\/2019\/04\/produflex-7-1-300x200.jpg 300w, https:\/\/ent2d.ac-bordeaux.fr\/disciplines\/maintenance\/wp-content\/uploads\/sites\/21\/2019\/04\/produflex-7-1-768x512.jpg 768w, https:\/\/ent2d.ac-bordeaux.fr\/disciplines\/maintenance\/wp-content\/uploads\/sites\/21\/2019\/04\/produflex-7-1.jpg 1788w\" sizes=\"auto, (max-width: 1024px) 100vw, 1024px\" \/><\/figure><\/li><li class=\"blocks-gallery-item\"><figure><img loading=\"lazy\" decoding=\"async\" width=\"1024\" height=\"680\" src=\"https:\/\/ent2d.ac-bordeaux.fr\/disciplines\/maintenance\/wp-content\/uploads\/sites\/21\/2019\/04\/produflex-6-1-1024x680.jpg\" alt=\"\" data-id=\"413\" data-link=\"https:\/\/ent2d.ac-bordeaux.fr\/disciplines\/maintenance\/produflex-6-2\/\" class=\"wp-image-413\" srcset=\"https:\/\/ent2d.ac-bordeaux.fr\/disciplines\/maintenance\/wp-content\/uploads\/sites\/21\/2019\/04\/produflex-6-1-1024x680.jpg 1024w, https:\/\/ent2d.ac-bordeaux.fr\/disciplines\/maintenance\/wp-content\/uploads\/sites\/21\/2019\/04\/produflex-6-1-300x199.jpg 300w, https:\/\/ent2d.ac-bordeaux.fr\/disciplines\/maintenance\/wp-content\/uploads\/sites\/21\/2019\/04\/produflex-6-1-768x510.jpg 768w, https:\/\/ent2d.ac-bordeaux.fr\/disciplines\/maintenance\/wp-content\/uploads\/sites\/21\/2019\/04\/produflex-6-1.jpg 1920w\" sizes=\"auto, (max-width: 1024px) 100vw, 1024px\" \/><\/figure><\/li><li class=\"blocks-gallery-item\"><figure><img loading=\"lazy\" decoding=\"async\" width=\"1024\" height=\"709\" src=\"https:\/\/ent2d.ac-bordeaux.fr\/disciplines\/maintenance\/wp-content\/uploads\/sites\/21\/2019\/04\/produflex-5-1-1024x709.jpg\" alt=\"\" data-id=\"412\" data-link=\"https:\/\/ent2d.ac-bordeaux.fr\/disciplines\/maintenance\/produflex-5-2\/\" class=\"wp-image-412\" srcset=\"https:\/\/ent2d.ac-bordeaux.fr\/disciplines\/maintenance\/wp-content\/uploads\/sites\/21\/2019\/04\/produflex-5-1-1024x709.jpg 1024w, https:\/\/ent2d.ac-bordeaux.fr\/disciplines\/maintenance\/wp-content\/uploads\/sites\/21\/2019\/04\/produflex-5-1-300x208.jpg 300w, https:\/\/ent2d.ac-bordeaux.fr\/disciplines\/maintenance\/wp-content\/uploads\/sites\/21\/2019\/04\/produflex-5-1-768x532.jpg 768w, https:\/\/ent2d.ac-bordeaux.fr\/disciplines\/maintenance\/wp-content\/uploads\/sites\/21\/2019\/04\/produflex-5-1.jpg 1744w\" sizes=\"auto, (max-width: 1024px) 100vw, 1024px\" \/><\/figure><\/li><li class=\"blocks-gallery-item\"><figure><img loading=\"lazy\" decoding=\"async\" width=\"1024\" height=\"768\" src=\"https:\/\/ent2d.ac-bordeaux.fr\/disciplines\/maintenance\/wp-content\/uploads\/sites\/21\/2019\/04\/produflex-4-1-1024x768.jpg\" alt=\"\" data-id=\"411\" data-link=\"https:\/\/ent2d.ac-bordeaux.fr\/disciplines\/maintenance\/produflex-4-2\/\" class=\"wp-image-411\" srcset=\"https:\/\/ent2d.ac-bordeaux.fr\/disciplines\/maintenance\/wp-content\/uploads\/sites\/21\/2019\/04\/produflex-4-1-1024x768.jpg 1024w, https:\/\/ent2d.ac-bordeaux.fr\/disciplines\/maintenance\/wp-content\/uploads\/sites\/21\/2019\/04\/produflex-4-1-300x225.jpg 300w, https:\/\/ent2d.ac-bordeaux.fr\/disciplines\/maintenance\/wp-content\/uploads\/sites\/21\/2019\/04\/produflex-4-1-768x576.jpg 768w, https:\/\/ent2d.ac-bordeaux.fr\/disciplines\/maintenance\/wp-content\/uploads\/sites\/21\/2019\/04\/produflex-4-1.jpg 1920w\" sizes=\"auto, (max-width: 1024px) 100vw, 1024px\" \/><\/figure><\/li><li class=\"blocks-gallery-item\"><figure><img loading=\"lazy\" decoding=\"async\" width=\"1024\" height=\"768\" src=\"https:\/\/ent2d.ac-bordeaux.fr\/disciplines\/maintenance\/wp-content\/uploads\/sites\/21\/2019\/04\/produflex-4-1024x768.jpg\" alt=\"\" data-id=\"405\" data-link=\"https:\/\/ent2d.ac-bordeaux.fr\/disciplines\/maintenance\/2019\/04\/10\/lp-odilon-redon-bac-pro-plp\/produflex-4\/\" class=\"wp-image-405\" srcset=\"https:\/\/ent2d.ac-bordeaux.fr\/disciplines\/maintenance\/wp-content\/uploads\/sites\/21\/2019\/04\/produflex-4-1024x768.jpg 1024w, https:\/\/ent2d.ac-bordeaux.fr\/disciplines\/maintenance\/wp-content\/uploads\/sites\/21\/2019\/04\/produflex-4-300x225.jpg 300w, https:\/\/ent2d.ac-bordeaux.fr\/disciplines\/maintenance\/wp-content\/uploads\/sites\/21\/2019\/04\/produflex-4-768x576.jpg 768w, https:\/\/ent2d.ac-bordeaux.fr\/disciplines\/maintenance\/wp-content\/uploads\/sites\/21\/2019\/04\/produflex-4.jpg 1920w\" sizes=\"auto, (max-width: 1024px) 100vw, 1024px\" \/><\/figure><\/li><li class=\"blocks-gallery-item\"><figure><img loading=\"lazy\" decoding=\"async\" width=\"1024\" height=\"709\" src=\"https:\/\/ent2d.ac-bordeaux.fr\/disciplines\/maintenance\/wp-content\/uploads\/sites\/21\/2019\/04\/produflex-5-1024x709.jpg\" alt=\"\" data-id=\"406\" data-link=\"https:\/\/ent2d.ac-bordeaux.fr\/disciplines\/maintenance\/2019\/04\/10\/lp-odilon-redon-bac-pro-plp\/produflex-5\/\" class=\"wp-image-406\" srcset=\"https:\/\/ent2d.ac-bordeaux.fr\/disciplines\/maintenance\/wp-content\/uploads\/sites\/21\/2019\/04\/produflex-5-1024x709.jpg 1024w, https:\/\/ent2d.ac-bordeaux.fr\/disciplines\/maintenance\/wp-content\/uploads\/sites\/21\/2019\/04\/produflex-5-300x208.jpg 300w, https:\/\/ent2d.ac-bordeaux.fr\/disciplines\/maintenance\/wp-content\/uploads\/sites\/21\/2019\/04\/produflex-5-768x532.jpg 768w, https:\/\/ent2d.ac-bordeaux.fr\/disciplines\/maintenance\/wp-content\/uploads\/sites\/21\/2019\/04\/produflex-5.jpg 1744w\" sizes=\"auto, (max-width: 1024px) 100vw, 1024px\" \/><\/figure><\/li><li class=\"blocks-gallery-item\"><figure><img loading=\"lazy\" decoding=\"async\" width=\"1024\" height=\"343\" src=\"https:\/\/ent2d.ac-bordeaux.fr\/disciplines\/maintenance\/wp-content\/uploads\/sites\/21\/2019\/04\/produflex-2-1024x343.jpg\" alt=\"\" data-id=\"403\" data-link=\"https:\/\/ent2d.ac-bordeaux.fr\/disciplines\/maintenance\/2019\/04\/10\/lp-odilon-redon-bac-pro-plp\/produflex-2\/\" class=\"wp-image-403\" srcset=\"https:\/\/ent2d.ac-bordeaux.fr\/disciplines\/maintenance\/wp-content\/uploads\/sites\/21\/2019\/04\/produflex-2-1024x343.jpg 1024w, https:\/\/ent2d.ac-bordeaux.fr\/disciplines\/maintenance\/wp-content\/uploads\/sites\/21\/2019\/04\/produflex-2-300x101.jpg 300w, https:\/\/ent2d.ac-bordeaux.fr\/disciplines\/maintenance\/wp-content\/uploads\/sites\/21\/2019\/04\/produflex-2-768x258.jpg 768w\" sizes=\"auto, (max-width: 1024px) 100vw, 1024px\" \/><\/figure><\/li><li class=\"blocks-gallery-item\"><figure><img loading=\"lazy\" decoding=\"async\" width=\"1024\" height=\"641\" src=\"https:\/\/ent2d.ac-bordeaux.fr\/disciplines\/maintenance\/wp-content\/uploads\/sites\/21\/2019\/04\/produflex-1-1024x641.jpg\" alt=\"\" data-id=\"402\" data-link=\"https:\/\/ent2d.ac-bordeaux.fr\/disciplines\/maintenance\/2019\/04\/10\/lp-odilon-redon-bac-pro-plp\/produflex-1\/\" class=\"wp-image-402\" srcset=\"https:\/\/ent2d.ac-bordeaux.fr\/disciplines\/maintenance\/wp-content\/uploads\/sites\/21\/2019\/04\/produflex-1-1024x641.jpg 1024w, https:\/\/ent2d.ac-bordeaux.fr\/disciplines\/maintenance\/wp-content\/uploads\/sites\/21\/2019\/04\/produflex-1-300x188.jpg 300w, https:\/\/ent2d.ac-bordeaux.fr\/disciplines\/maintenance\/wp-content\/uploads\/sites\/21\/2019\/04\/produflex-1-768x481.jpg 768w, https:\/\/ent2d.ac-bordeaux.fr\/disciplines\/maintenance\/wp-content\/uploads\/sites\/21\/2019\/04\/produflex-1.jpg 1803w\" sizes=\"auto, (max-width: 1024px) 100vw, 1024px\" \/><\/figure><\/li><\/ul>\n","protected":false},"excerpt":{"rendered":"<p>Apr\u00e8s la ligne de production modulaire de conditionnement de pots et flacons, le plateau Technique du P\u00f4le de Conduite et de Pilotage Industriel du lyc\u00e9e professionnel Odilon Redon de Pauillac, poursuit son \u00e9volution, et s\u2019enrichit d\u2019une ligne industrielle de production et de conditionnement de savonnettes et de savons liquides.<\/p>\n","protected":false},"author":95,"featured_media":417,"parent":276,"menu_order":0,"comment_status":"closed","ping_status":"closed","template":"","meta":{"footnotes":""},"class_list":["post-418","page","type-page","status-publish","has-post-thumbnail","hentry","nodate"],"_links":{"self":[{"href":"https:\/\/ent2d.ac-bordeaux.fr\/disciplines\/maintenance\/wp-json\/wp\/v2\/pages\/418","targetHints":{"allow":["GET"]}}],"collection":[{"href":"https:\/\/ent2d.ac-bordeaux.fr\/disciplines\/maintenance\/wp-json\/wp\/v2\/pages"}],"about":[{"href":"https:\/\/ent2d.ac-bordeaux.fr\/disciplines\/maintenance\/wp-json\/wp\/v2\/types\/page"}],"author":[{"embeddable":true,"href":"https:\/\/ent2d.ac-bordeaux.fr\/disciplines\/maintenance\/wp-json\/wp\/v2\/users\/95"}],"replies":[{"embeddable":true,"href":"https:\/\/ent2d.ac-bordeaux.fr\/disciplines\/maintenance\/wp-json\/wp\/v2\/comments?post=418"}],"version-history":[{"count":1,"href":"https:\/\/ent2d.ac-bordeaux.fr\/disciplines\/maintenance\/wp-json\/wp\/v2\/pages\/418\/revisions"}],"predecessor-version":[{"id":419,"href":"https:\/\/ent2d.ac-bordeaux.fr\/disciplines\/maintenance\/wp-json\/wp\/v2\/pages\/418\/revisions\/419"}],"up":[{"embeddable":true,"href":"https:\/\/ent2d.ac-bordeaux.fr\/disciplines\/maintenance\/wp-json\/wp\/v2\/pages\/276"}],"wp:featuredmedia":[{"embeddable":true,"href":"https:\/\/ent2d.ac-bordeaux.fr\/disciplines\/maintenance\/wp-json\/wp\/v2\/media\/417"}],"wp:attachment":[{"href":"https:\/\/ent2d.ac-bordeaux.fr\/disciplines\/maintenance\/wp-json\/wp\/v2\/media?parent=418"}],"curies":[{"name":"wp","href":"https:\/\/api.w.org\/{rel}","templated":true}]}}