{"id":352,"date":"2018-01-21T17:43:58","date_gmt":"2018-01-21T16:43:58","guid":{"rendered":"https:\/\/ent2d.ac-bordeaux.fr\/disciplines\/maintenance\/?page_id=352"},"modified":"2018-01-21T17:49:29","modified_gmt":"2018-01-21T16:49:29","slug":"periodes-de-formation-en-milieu-professionnel","status":"publish","type":"page","link":"https:\/\/ent2d.ac-bordeaux.fr\/disciplines\/maintenance\/periodes-de-formation-en-milieu-professionnel\/","title":{"rendered":"P\u00e9riodes de formation en milieu professionnel"},"content":{"rendered":"<h1><span class=\"contenu_titre_non_image\"><img loading=\"lazy\" decoding=\"async\" class=\"aligncenter size-medium wp-image-212\" src=\"https:\/\/ent2d.ac-bordeaux.fr\/disciplines\/maintenance\/wp-content\/uploads\/sites\/21\/2017\/07\/eduscol-300x62.jpg\" alt=\"\" width=\"300\" height=\"62\" srcset=\"https:\/\/ent2d.ac-bordeaux.fr\/disciplines\/maintenance\/wp-content\/uploads\/sites\/21\/2017\/07\/eduscol-300x62.jpg 300w, https:\/\/ent2d.ac-bordeaux.fr\/disciplines\/maintenance\/wp-content\/uploads\/sites\/21\/2017\/07\/eduscol.jpg 466w\" sizes=\"auto, (max-width: 300px) 100vw, 300px\" \/><\/span><\/h1>\n<div class=\"content-default\">\n<div class=\"sommaire-ed2 overflow-hidden margin-bottom-10\">\n<div class=\"float-left width-50pc\">\n<ul class=\"puce-arrow2\">\n<li><strong><a href=\"http:\/\/eduscol.education.fr\/cid47128\/pfmp-stages.html#lien0\">D\u00e9finition, objectifs et dur\u00e9e<\/a><\/strong><\/li>\n<li><strong><a href=\"http:\/\/eduscol.education.fr\/cid47128\/pfmp-stages.html#lien1\">Convention de stage<\/a><\/strong><\/li>\n<li><strong><a href=\"http:\/\/eduscol.education.fr\/cid47128\/pfmp-stages.html#lien2\">Pr\u00e9paration, suivi et exploitation p\u00e9dagogique<\/a><\/strong><\/li>\n<\/ul>\n<\/div>\n<div class=\"float-left width-50pc\">\n<ul class=\"puce-arrow2\">\n<li><strong><a href=\"http:\/\/eduscol.education.fr\/cid47128\/pfmp-stages.html#lien3\">Indemnisation des frais<\/a><\/strong><\/li>\n<li><strong><a href=\"http:\/\/eduscol.education.fr\/cid47128\/pfmp-stages.html#lien4\">Gratification des PFMP<\/a><\/strong><\/li>\n<li><strong><a href=\"http:\/\/eduscol.education.fr\/cid47128\/pfmp-stages.html#lien5\">Textes de r\u00e9f\u00e9rence<\/a><\/strong><\/li>\n<li>Organisation et accompagnement des p\u00e9riodes de formation en milieu professionnel<br \/>\n<h5>NOR : MENE1608407C circulaire n\u00b0 2016-053 du 29-3-2016 MENESR &#8211; DGESCO A2-2 : <a href=\"https:\/\/ent2d.ac-bordeaux.fr\/disciplines\/electrotechnique\/pfmp\/n13-du-31-mars-2016\/\" rel=\"attachment wp-att-314\"><strong>BO du n\u00b013 du 31 mars 2016<\/strong><\/a><\/h5>\n<\/li>\n<\/ul>\n<\/div>\n<\/div>\n<\/div>\n","protected":false},"excerpt":{"rendered":"<p>D\u00e9finition, objectifs et dur\u00e9e Convention de stage Pr\u00e9paration, suivi et exploitation p\u00e9dagogique Indemnisation des frais Gratification des PFMP Textes de r\u00e9f\u00e9rence Organisation et accompagnement des p\u00e9riodes de formation en milieu professionnel NOR : MENE1608407C circulaire n\u00b0 2016-053 du 29-3-2016 MENESR &#8211; DGESCO A2-2 : BO du n\u00b013 du 31 mars 2016<\/p>\n","protected":false},"author":95,"featured_media":0,"parent":0,"menu_order":0,"comment_status":"closed","ping_status":"closed","template":"template-onecolumn.php","meta":{"footnotes":""},"class_list":["post-352","page","type-page","status-publish","hentry","nodate"],"_links":{"self":[{"href":"https:\/\/ent2d.ac-bordeaux.fr\/disciplines\/maintenance\/wp-json\/wp\/v2\/pages\/352","targetHints":{"allow":["GET"]}}],"collection":[{"href":"https:\/\/ent2d.ac-bordeaux.fr\/disciplines\/maintenance\/wp-json\/wp\/v2\/pages"}],"about":[{"href":"https:\/\/ent2d.ac-bordeaux.fr\/disciplines\/maintenance\/wp-json\/wp\/v2\/types\/page"}],"author":[{"embeddable":true,"href":"https:\/\/ent2d.ac-bordeaux.fr\/disciplines\/maintenance\/wp-json\/wp\/v2\/users\/95"}],"replies":[{"embeddable":true,"href":"https:\/\/ent2d.ac-bordeaux.fr\/disciplines\/maintenance\/wp-json\/wp\/v2\/comments?post=352"}],"version-history":[{"count":3,"href":"https:\/\/ent2d.ac-bordeaux.fr\/disciplines\/maintenance\/wp-json\/wp\/v2\/pages\/352\/revisions"}],"predecessor-version":[{"id":357,"href":"https:\/\/ent2d.ac-bordeaux.fr\/disciplines\/maintenance\/wp-json\/wp\/v2\/pages\/352\/revisions\/357"}],"wp:attachment":[{"href":"https:\/\/ent2d.ac-bordeaux.fr\/disciplines\/maintenance\/wp-json\/wp\/v2\/media?parent=352"}],"curies":[{"name":"wp","href":"https:\/\/api.w.org\/{rel}","templated":true}]}}