{"id":33,"date":"2017-06-29T16:08:46","date_gmt":"2017-06-29T14:08:46","guid":{"rendered":"https:\/\/ent2d.ac-bordeaux.fr\/disciplines\/maintenance\/?page_id=33"},"modified":"2024-08-27T11:09:51","modified_gmt":"2024-08-27T09:09:51","slug":"formations","status":"publish","type":"page","link":"https:\/\/ent2d.ac-bordeaux.fr\/disciplines\/maintenance\/se-former-et-innover\/formations\/","title":{"rendered":"Formations"},"content":{"rendered":"\n<h1 class=\"wp-block-heading\">M@gist\u00e8re<\/h1>\n\n\n\n<p><a href=\"https:\/\/magistere.education.fr\/\">https:\/\/magistere.education.fr\/<\/a><\/p>\n\n\n<div class=\"wp-block-image\">\n<figure class=\"aligncenter size-full\"><img loading=\"lazy\" decoding=\"async\" width=\"185\" height=\"160\" src=\"https:\/\/ent2d.ac-bordeaux.fr\/disciplines\/maintenance\/wp-content\/uploads\/sites\/21\/2024\/08\/image-3.png\" alt=\"\" class=\"wp-image-621\" \/><\/figure>\n<\/div>\n\n\n<h4 class=\"wp-block-heading\">Espace d\u00e9di\u00e9 aux enseignants de lyc\u00e9e professionnel intervenants dans la fili\u00e8re maintenance industrielle, pilotage de lignes de production et des proc\u00e9d\u00e9s de la chimie, de l&rsquo;eau, papiers et cartons.<\/h4>\n\n\n\n<p><strong>L\u2019objectif de cet espace est de partager les informations li\u00e9es aux r\u00e9f\u00e9rentiels et de mutualiser les ressources de l\u2019acad\u00e9mie et de vous proposer des formations hybrides.<\/strong><\/p>\n\n\n\n<p><strong>&nbsp;Les enseignants doivent pouvoir :<\/strong><\/p>\n\n\n\n<p><strong>\u00a0\u00a0\u00a0\u00a0\u00a0\u2013 t\u00e9l\u00e9charger des ressources, des documents\u00a0p\u00e9dagogiques et techniques ;<br>\u00a0\u00a0\u00a0\u00a0 \u2013 consulter des ressources r\u00e9glementaires ;<br>\u00a0\u00a0\u00a0\u00a0 \u2013 \u00e9changer et se former.<\/strong><\/p>\n\n\n<h4><img loading=\"lazy\" decoding=\"async\" class=\"wp-image-84 alignright\" src=\"https:\/\/ent2d.ac-bordeaux.fr\/disciplines\/maintenance\/wp-content\/uploads\/sites\/21\/2017\/06\/schneider-300x154.png\" alt=\"\" width=\"170\" height=\"87\" srcset=\"https:\/\/ent2d.ac-bordeaux.fr\/disciplines\/maintenance\/wp-content\/uploads\/sites\/21\/2017\/06\/schneider-300x154.png 300w, https:\/\/ent2d.ac-bordeaux.fr\/disciplines\/maintenance\/wp-content\/uploads\/sites\/21\/2017\/06\/schneider.png 313w\" sizes=\"auto, (max-width: 170px) 100vw, 170px\" \/><\/h4>\n<h4 id=\"yui_3_17_2_1_1590048080220_989\"><b id=\"yui_3_17_2_1_1590048080220_988\"><span id=\"yui_3_17_2_1_1590048080220_987\" class=\"\">Webinar : Ecostruxure Control Expert | Schneider Electric<\/span><\/b><\/h4>\n<div>23 avril 2020<\/div>\n<div>Dur\u00e9e : 32 minutes<\/div>\n<p><span dir=\"auto\">D\u00e9couvrir et effectuer des d\u00e9veloppements simples \u00e0 l&rsquo;aide de l&rsquo;application EcoStruxure Control Expert (ex-Unity Pro). Param\u00e9trer le logiciel, cr\u00e9er un projet, \u00e9crire un programme simple, transf\u00e9rer un programme, tester un programme.<\/span><\/p>\n\n\n<figure class=\"wp-block-embed alignleft is-type-video is-provider-youtube wp-block-embed-youtube wp-embed-aspect-16-9 wp-has-aspect-ratio\"><div class=\"wp-block-embed__wrapper\">\n<iframe loading=\"lazy\" title=\"Ecostruxure Control Expert | Schneider Electric\" width=\"500\" height=\"281\" src=\"https:\/\/www.youtube.com\/embed\/L-176rIu2S4?feature=oembed\" frameborder=\"0\" allow=\"accelerometer; autoplay; clipboard-write; encrypted-media; gyroscope; picture-in-picture; web-share\" referrerpolicy=\"strict-origin-when-cross-origin\" allowfullscreen><\/iframe>\n<\/div><\/figure>\n","protected":false},"excerpt":{"rendered":"<p>M@gist\u00e8re https:\/\/magistere.education.fr\/ Espace d\u00e9di\u00e9 aux enseignants de lyc\u00e9e professionnel intervenants dans la fili\u00e8re maintenance industrielle, pilotage de lignes de production et des proc\u00e9d\u00e9s de la chimie, de l&rsquo;eau, papiers et cartons. L\u2019objectif de cet espace est de partager les informations li\u00e9es aux r\u00e9f\u00e9rentiels et de mutualiser les ressources de l\u2019acad\u00e9mie et de vous proposer des &hellip; <\/p>\n<p><a class=\"more-link block-button\" href=\"https:\/\/ent2d.ac-bordeaux.fr\/disciplines\/maintenance\/se-former-et-innover\/formations\/\">Lire la Suite &raquo;<\/a><\/p>\n","protected":false},"author":95,"featured_media":0,"parent":346,"menu_order":0,"comment_status":"closed","ping_status":"closed","template":"","meta":{"footnotes":""},"class_list":["post-33","page","type-page","status-publish","hentry","nodate"],"_links":{"self":[{"href":"https:\/\/ent2d.ac-bordeaux.fr\/disciplines\/maintenance\/wp-json\/wp\/v2\/pages\/33","targetHints":{"allow":["GET"]}}],"collection":[{"href":"https:\/\/ent2d.ac-bordeaux.fr\/disciplines\/maintenance\/wp-json\/wp\/v2\/pages"}],"about":[{"href":"https:\/\/ent2d.ac-bordeaux.fr\/disciplines\/maintenance\/wp-json\/wp\/v2\/types\/page"}],"author":[{"embeddable":true,"href":"https:\/\/ent2d.ac-bordeaux.fr\/disciplines\/maintenance\/wp-json\/wp\/v2\/users\/95"}],"replies":[{"embeddable":true,"href":"https:\/\/ent2d.ac-bordeaux.fr\/disciplines\/maintenance\/wp-json\/wp\/v2\/comments?post=33"}],"version-history":[{"count":11,"href":"https:\/\/ent2d.ac-bordeaux.fr\/disciplines\/maintenance\/wp-json\/wp\/v2\/pages\/33\/revisions"}],"predecessor-version":[{"id":622,"href":"https:\/\/ent2d.ac-bordeaux.fr\/disciplines\/maintenance\/wp-json\/wp\/v2\/pages\/33\/revisions\/622"}],"up":[{"embeddable":true,"href":"https:\/\/ent2d.ac-bordeaux.fr\/disciplines\/maintenance\/wp-json\/wp\/v2\/pages\/346"}],"wp:attachment":[{"href":"https:\/\/ent2d.ac-bordeaux.fr\/disciplines\/maintenance\/wp-json\/wp\/v2\/media?parent=33"}],"curies":[{"name":"wp","href":"https:\/\/api.w.org\/{rel}","templated":true}]}}