{"id":326,"date":"2017-12-03T16:23:21","date_gmt":"2017-12-03T15:23:21","guid":{"rendered":"https:\/\/ent2d.ac-bordeaux.fr\/disciplines\/maintenance\/?page_id=326"},"modified":"2017-12-03T16:23:21","modified_gmt":"2017-12-03T15:23:21","slug":"lent-cerise-pro-sti-tiin-est-disponible","status":"publish","type":"page","link":"https:\/\/ent2d.ac-bordeaux.fr\/disciplines\/maintenance\/bac-pro-tiin\/lent-cerise-pro-sti-tiin-est-disponible\/","title":{"rendered":"L&rsquo;ENT Cerise Pro STI TIIN est disponible&#8230;"},"content":{"rendered":"<h3>L&rsquo;ENT Cerise Pro STI TIIN est disponible. Un guide d&rsquo;accompagnement sera mis en ligne prochainement.<\/h3>\n<h3>Pour en savoir plus, <strong><a href=\"https:\/\/preview.idcontact.com\/preview.php?a33b41240c-1d20843437e0f\">cliquez ici<\/a><\/strong><\/h3>\n<p><img loading=\"lazy\" decoding=\"async\" class=\"size-medium wp-image-132 aligncenter\" src=\"https:\/\/ent2d.ac-bordeaux.fr\/disciplines\/maintenance\/wp-content\/uploads\/sites\/21\/2017\/06\/cerise-300x133.jpg\" alt=\"\" width=\"300\" height=\"133\" srcset=\"https:\/\/ent2d.ac-bordeaux.fr\/disciplines\/maintenance\/wp-content\/uploads\/sites\/21\/2017\/06\/cerise-300x133.jpg 300w, https:\/\/ent2d.ac-bordeaux.fr\/disciplines\/maintenance\/wp-content\/uploads\/sites\/21\/2017\/06\/cerise-768x339.jpg 768w, https:\/\/ent2d.ac-bordeaux.fr\/disciplines\/maintenance\/wp-content\/uploads\/sites\/21\/2017\/06\/cerise-1024x452.jpg 1024w, https:\/\/ent2d.ac-bordeaux.fr\/disciplines\/maintenance\/wp-content\/uploads\/sites\/21\/2017\/06\/cerise.jpg 1324w\" sizes=\"auto, (max-width: 300px) 100vw, 300px\" \/><\/p>\n<h5><strong>Cet outil permettra \u00e0 l\u2019enseignant(e) de :<\/strong><\/h5>\n<ul>\n<li class=\"level1\">\n<h5 class=\"li\">cr\u00e9er des sc\u00e9narios p\u00e9dagogiques, qui seront mutualis\u00e9s avec l&rsquo;\u00e9quipe enseignante de l&rsquo;\u00e9tablissement<\/h5>\n<\/li>\n<li class=\"level1\">\n<h5 class=\"li\">cr\u00e9er des situations de formation issues de ces sc\u00e9narios p\u00e9dagogiques (qu&rsquo;il en soit ou non l&rsquo;auteur)<\/h5>\n<\/li>\n<li class=\"level1\">\n<h5 class=\"li\">pour une situation de formation, \u00e9valuer le niveau de r\u00e9ussite des apprenants sur les crit\u00e8res d&rsquo;\u00e9valuation des comp\u00e9tences choisies<\/h5>\n<\/li>\n<li class=\"level1\">\n<h5 class=\"li\">suivre \u00e0 distance l&rsquo;activit\u00e9 des apprenants en entreprise, \u00e9laborer des bilans entreprise et les \u00e9valuer<\/h5>\n<\/li>\n<li class=\"level1\">\n<h5 class=\"li\">formaliser et suivre les acquisitions des apprenants en \u00e9tablissement et en entreprise (livret de comp\u00e9tences num\u00e9rique)<\/h5>\n<\/li>\n<li class=\"level1\">\n<h5 class=\"li\">\u00e9laborer des bilans de comp\u00e9tences et suivre graphiquement les acquisitions des apprenants<\/h5>\n<\/li>\n<li class=\"level1\">\n<h5 class=\"li\">g\u00e9n\u00e9rer des attestations de comp\u00e9tences professionnelles acquises<\/h5>\n<\/li>\n<\/ul>\n<h5><strong>Dans C Pro STI pour le Bac Pro TIIN, l&rsquo;apprenant pourra :<\/strong><\/h5>\n<ul>\n<li class=\"level1\">\n<h5 class=\"li\">Consulter les \u00e9valuations saisies par les enseignants ;<\/h5>\n<\/li>\n<li class=\"level1\">\n<h5 class=\"li\">G\u00e9rer son portfolio \u00ab\u00a0Activit\u00e9s en entreprise\u00a0\u00bb, notamment en saisissant des fiches activit\u00e9s en entreprise ;<\/h5>\n<\/li>\n<li class=\"level1\">\n<h5 class=\"li\">Suivre l&rsquo;\u00e9volution de l&rsquo;acquisition de ses comp\u00e9tences via son tableau de bord ;<\/h5>\n<\/li>\n<li class=\"level1\">\n<h5 class=\"li\">Consulter les bilans de comp\u00e9tences r\u00e9alis\u00e9s par les enseignants au cours de l&rsquo;ann\u00e9e.<\/h5>\n<\/li>\n<\/ul>\n<p>&nbsp;<\/p>\n","protected":false},"excerpt":{"rendered":"<p>L&rsquo;ENT Cerise Pro STI TIIN est disponible. Un guide d&rsquo;accompagnement sera mis en ligne prochainement. Pour en savoir plus, cliquez ici Cet outil permettra \u00e0 l\u2019enseignant(e) de : cr\u00e9er des sc\u00e9narios p\u00e9dagogiques, qui seront mutualis\u00e9s avec l&rsquo;\u00e9quipe enseignante de l&rsquo;\u00e9tablissement cr\u00e9er des situations de formation issues de ces sc\u00e9narios p\u00e9dagogiques (qu&rsquo;il en soit ou non &hellip; <\/p>\n<p><a class=\"more-link block-button\" href=\"https:\/\/ent2d.ac-bordeaux.fr\/disciplines\/maintenance\/bac-pro-tiin\/lent-cerise-pro-sti-tiin-est-disponible\/\">Lire la Suite &raquo;<\/a><\/p>\n","protected":false},"author":95,"featured_media":0,"parent":277,"menu_order":0,"comment_status":"closed","ping_status":"closed","template":"","meta":{"footnotes":""},"class_list":["post-326","page","type-page","status-publish","hentry","nodate"],"_links":{"self":[{"href":"https:\/\/ent2d.ac-bordeaux.fr\/disciplines\/maintenance\/wp-json\/wp\/v2\/pages\/326","targetHints":{"allow":["GET"]}}],"collection":[{"href":"https:\/\/ent2d.ac-bordeaux.fr\/disciplines\/maintenance\/wp-json\/wp\/v2\/pages"}],"about":[{"href":"https:\/\/ent2d.ac-bordeaux.fr\/disciplines\/maintenance\/wp-json\/wp\/v2\/types\/page"}],"author":[{"embeddable":true,"href":"https:\/\/ent2d.ac-bordeaux.fr\/disciplines\/maintenance\/wp-json\/wp\/v2\/users\/95"}],"replies":[{"embeddable":true,"href":"https:\/\/ent2d.ac-bordeaux.fr\/disciplines\/maintenance\/wp-json\/wp\/v2\/comments?post=326"}],"version-history":[{"count":1,"href":"https:\/\/ent2d.ac-bordeaux.fr\/disciplines\/maintenance\/wp-json\/wp\/v2\/pages\/326\/revisions"}],"predecessor-version":[{"id":327,"href":"https:\/\/ent2d.ac-bordeaux.fr\/disciplines\/maintenance\/wp-json\/wp\/v2\/pages\/326\/revisions\/327"}],"up":[{"embeddable":true,"href":"https:\/\/ent2d.ac-bordeaux.fr\/disciplines\/maintenance\/wp-json\/wp\/v2\/pages\/277"}],"wp:attachment":[{"href":"https:\/\/ent2d.ac-bordeaux.fr\/disciplines\/maintenance\/wp-json\/wp\/v2\/media?parent=326"}],"curies":[{"name":"wp","href":"https:\/\/api.w.org\/{rel}","templated":true}]}}